{"id":10038,"date":"2026-02-20T17:32:40","date_gmt":"2026-02-20T16:32:40","guid":{"rendered":"https:\/\/rawa-ruska-union-nationale.fr\/?page_id=10038"},"modified":"2026-02-21T15:39:30","modified_gmt":"2026-02-21T14:39:30","slug":"documents-soubrenic","status":"publish","type":"page","link":"https:\/\/rawa-ruska-union-nationale.fr\/index.php\/documents-soubrenic\/","title":{"rendered":"Documents Soubrenie"},"content":{"rendered":"\n<p class=\"has-text-align-center wp-block-paragraph\"><strong>Archives personnelle de Patrick Pellerin, <\/strong><br><strong>ex-journaliste du Journal d&#8217;Elbeuf et membre de la Soci\u00e9t\u00e9 de l&#8217;Histoire d&#8217;Elbeuf.<\/strong><\/p>\n\n\n\n<figure class=\"wp-block-image size-large\"><img loading=\"lazy\" decoding=\"async\" width=\"1024\" height=\"678\" src=\"https:\/\/rawa-ruska-union-nationale.fr\/wp-content\/uploads\/2026\/02\/AS-Fenelon-1933-1934-1024x678.jpeg\" alt=\"\" class=\"wp-image-10036\" srcset=\"https:\/\/rawa-ruska-union-nationale.fr\/wp-content\/uploads\/2026\/02\/AS-Fenelon-1933-1934-1024x678.jpeg 1024w, https:\/\/rawa-ruska-union-nationale.fr\/wp-content\/uploads\/2026\/02\/AS-Fenelon-1933-1934-300x199.jpeg 300w, https:\/\/rawa-ruska-union-nationale.fr\/wp-content\/uploads\/2026\/02\/AS-Fenelon-1933-1934-768x509.jpeg 768w, https:\/\/rawa-ruska-union-nationale.fr\/wp-content\/uploads\/2026\/02\/AS-Fenelon-1933-1934-600x398.jpeg 600w, https:\/\/rawa-ruska-union-nationale.fr\/wp-content\/uploads\/2026\/02\/AS-Fenelon-1933-1934.jpeg 1280w\" sizes=\"auto, (max-width: 767px) 89vw, (max-width: 1000px) 54vw, (max-width: 1071px) 543px, 580px\" \/><\/figure>\n\n\n\n<p class=\"wp-block-paragraph\">\u00c9quipe de football du lyc\u00e9e F\u00e9nelon : Soubrenie comme joueur<\/p>\n\n\n\n<p class=\"wp-block-paragraph\"><\/p>\n\n\n\n<p class=\"wp-block-paragraph\"><\/p>\n\n\n\n<figure class=\"wp-block-image size-large\"><img loading=\"lazy\" decoding=\"async\" width=\"1024\" height=\"704\" src=\"https:\/\/rawa-ruska-union-nationale.fr\/wp-content\/uploads\/2026\/02\/CASAE-Premiere-1934-1935-1024x704.jpeg\" alt=\"\" class=\"wp-image-10037\" srcset=\"https:\/\/rawa-ruska-union-nationale.fr\/wp-content\/uploads\/2026\/02\/CASAE-Premiere-1934-1935-1024x704.jpeg 1024w, https:\/\/rawa-ruska-union-nationale.fr\/wp-content\/uploads\/2026\/02\/CASAE-Premiere-1934-1935-300x206.jpeg 300w, https:\/\/rawa-ruska-union-nationale.fr\/wp-content\/uploads\/2026\/02\/CASAE-Premiere-1934-1935-768x528.jpeg 768w, https:\/\/rawa-ruska-union-nationale.fr\/wp-content\/uploads\/2026\/02\/CASAE-Premiere-1934-1935-600x413.jpeg 600w, https:\/\/rawa-ruska-union-nationale.fr\/wp-content\/uploads\/2026\/02\/CASAE-Premiere-1934-1935.jpeg 1280w\" sizes=\"auto, (max-width: 767px) 89vw, (max-width: 1000px) 54vw, (max-width: 1071px) 543px, 580px\" \/><\/figure>\n\n\n\n<p class=\"has-text-align-center wp-block-paragraph\">CASAE.1934-1935 \u00e9quipe premi\u00e8re (Division d&#8217;Honneur)<br>CASAE\u00a0 = Club Athl\u00e9tique Saint-Aubin Esp\u00e9rance, n\u00e9 en 1933 de la fusion du CASA (Club Athl\u00e9tique Saint-Aubinois) et du FCEE (Football Club Esp\u00e9rance Elbeuf).<\/p>\n\n\n\n<p class=\"has-text-align-center wp-block-paragraph\">Soubrenie  est en haut \u00e0 droite avec la pipe. <\/p>\n\n\n\n<p class=\"wp-block-paragraph\"><\/p>\n","protected":false},"excerpt":{"rendered":"<p>Archives personnelle de Patrick Pellerin, ex-journaliste du Journal d&#8217;Elbeuf et membre de la Soci\u00e9t\u00e9 de l&#8217;Histoire d&#8217;Elbeuf. \u00c9quipe de football du lyc\u00e9e F\u00e9nelon : Soubrenie comme joueur CASAE.1934-1935 \u00e9quipe premi\u00e8re (Division d&#8217;Honneur)CASAE\u00a0 = Club Athl\u00e9tique Saint-Aubin Esp\u00e9rance, n\u00e9 en 1933 de la fusion du CASA (Club Athl\u00e9tique Saint-Aubinois) et du FCEE (Football Club Esp\u00e9rance Elbeuf). &hellip; <\/p>\n<p class=\"link-more\"><a href=\"https:\/\/rawa-ruska-union-nationale.fr\/index.php\/documents-soubrenic\/\" class=\"more-link\">Continuer la lecture<span class=\"screen-reader-text\"> de &laquo;&nbsp;Documents Soubrenie&nbsp;&raquo;<\/span><\/a><\/p>\n","protected":false},"author":1,"featured_media":0,"parent":0,"menu_order":0,"comment_status":"closed","ping_status":"closed","template":"","meta":{"_bbp_topic_count":0,"_bbp_reply_count":0,"_bbp_total_topic_count":0,"_bbp_total_reply_count":0,"_bbp_voice_count":0,"_bbp_anonymous_reply_count":0,"_bbp_topic_count_hidden":0,"_bbp_reply_count_hidden":0,"_bbp_forum_subforum_count":0,"_crdt_document":"","two_page_speed":[],"footnotes":""},"class_list":["post-10038","page","type-page","status-publish","hentry"],"_links":{"self":[{"href":"https:\/\/rawa-ruska-union-nationale.fr\/index.php\/wp-json\/wp\/v2\/pages\/10038","targetHints":{"allow":["GET"]}}],"collection":[{"href":"https:\/\/rawa-ruska-union-nationale.fr\/index.php\/wp-json\/wp\/v2\/pages"}],"about":[{"href":"https:\/\/rawa-ruska-union-nationale.fr\/index.php\/wp-json\/wp\/v2\/types\/page"}],"author":[{"embeddable":true,"href":"https:\/\/rawa-ruska-union-nationale.fr\/index.php\/wp-json\/wp\/v2\/users\/1"}],"replies":[{"embeddable":true,"href":"https:\/\/rawa-ruska-union-nationale.fr\/index.php\/wp-json\/wp\/v2\/comments?post=10038"}],"version-history":[{"count":3,"href":"https:\/\/rawa-ruska-union-nationale.fr\/index.php\/wp-json\/wp\/v2\/pages\/10038\/revisions"}],"predecessor-version":[{"id":10048,"href":"https:\/\/rawa-ruska-union-nationale.fr\/index.php\/wp-json\/wp\/v2\/pages\/10038\/revisions\/10048"}],"wp:attachment":[{"href":"https:\/\/rawa-ruska-union-nationale.fr\/index.php\/wp-json\/wp\/v2\/media?parent=10038"}],"curies":[{"name":"wp","href":"https:\/\/api.w.org\/{rel}","templated":true}]}}