{"id":103,"date":"2018-12-27T18:22:04","date_gmt":"2018-12-27T17:22:04","guid":{"rendered":"http:\/\/rawa-ruska-union-nationale.fr\/?page_id=103"},"modified":"2022-03-15T18:37:37","modified_gmt":"2022-03-15T17:37:37","slug":"histoire-memoire-2-rawa-ruska","status":"publish","type":"page","link":"https:\/\/rawa-ruska-union-nationale.fr\/index.php\/histoire-memoire-2-rawa-ruska\/","title":{"rendered":"Situation de Rawa Ruska &#038; Chronologie"},"content":{"rendered":"<h1><span id=\"Rawa-Ruska\"><span style=\"color: #3366ff;\"><strong>Rawa-Ruska en Galicie<\/strong><\/span><br \/>\n<\/span><\/h1>\n<p>RAWA-RUSKA (aujourd\u2019hui RAVA-RUSSKAYA) est une localit\u00e9 situ\u00e9e en Galicie, sur le territoire de l\u2019Ukraine, ex-r\u00e9publique sovi\u00e9tique de l\u2019U.R.S.S.<\/p>\n<p>La r\u00e9gion fut annex\u00e9e \u00e0 la Pologne par le trait\u00e9 de Riga, en 1921, et r\u00e9cup\u00e9r\u00e9e par l\u2019U.R.S.S. lors de l\u2019invasion de la Pologne par ses troupes, le 17 septembre 1939. Un pl\u00e9biscite donnait alors 91% des voix en faveur du retour de ce territoire \u00e0 l\u2019U.R.S.S.<\/p>\n<p>Le 28 septembre 1939, un trait\u00e9 germano-russe officialisa le partage de la Pologne entre l\u2019Allemagne et l\u2019U.R.S.S., apr\u00e8s la capitulation de Varsovie (27.09.39). Ceci mit fin \u00e0 la campagne de Pologne de 1939.<\/p>\n<p>Le 8 octobre 1939 (D\u00e9cret d\u2019Hitler \u2013 Reichgesetzblatt), le IIIe Reich annexa les provinces occidentales de la zone occup\u00e9e par ses troupes et organisa les autres provinces en \u00ab General Gouvernement \u00bb (D\u00e9cret du 12.10.1939). La Pologne est ray\u00e9e de la carte.<\/p>\n<p>Le 22 juin 1941, l\u2019Allemagne ouvre les hostilit\u00e9s contre la Russie et d\u00e9clenche une offensive contre les positions russes. De violents combats se d\u00e9roulent sur la r\u00e9cente fronti\u00e8re, sur l\u2019axe Jaroslaw-Przemilz, \u00e0 une cinquantaine de kilom\u00e8tres \u00e0 l\u2019ouest de Rawa-Ruska.<\/p>\n<p>Vu l&#8217;absence de r\u00e9action diplomatique \u00e9trang\u00e8re, cette ville, sise dans une province rattach\u00e9e \u00e0 l\u2019U.R.S.S en septembre 1939, s&#8217;est trouv\u00e9e\u00a0 \u00abde facto \u00bb en territoire sovi\u00e9tique. Elle \u00e9tait situ\u00e9e dans une \u00ab zone op\u00e9rationnelle \u00bb d\u2019un conflit distinct de celui qui avait provoqu\u00e9 la captivit\u00e9 des prisonniers de guerre fran\u00e7ais. L\u2019\u00e9tat de si\u00e8ge permanent r\u00e9gnait dans cette zone. De l\u00e0 les cons\u00e9quences :<\/p>\n<ul>\n<li>\u00ab que le feu est ouvert \u00e0 vue sur toute personne suspecte\u2026 \u00bb,<\/li>\n<li>\u00ab que tout militaire ennemi captur\u00e9 sur ce territoire est imm\u00e9diatement pass\u00e9 par les armes\u2026 \u00bb,<\/li>\n<li>Il donnait \u00e0 l\u2019ennemi \u00ab\u00a0la possibilit\u00e9 d\u2019exterminer \u00e0 chaque instant tout prisonnier de guerre\u00a0\u00bb.<\/li>\n<\/ul>\n<p>D\u00e8s juin 1941, les Allemands avaient \u00e9tabli, sur tout le territoire conquis, des camps de prisonniers de guerre pour les Russes. Ce furent les fameux camps de la s\u00e9rie 300, appartenant au Wehrkreis (circonscription militaire) XXI, chef-lieu Posen (aujourd\u2019hui Poznan).<\/p>\n<p>Dans ce conflit germano-russe, o\u00f9 l\u2019un des bellig\u00e9rants, l\u2019U.R.S.S., n\u2019avait pas adh\u00e9r\u00e9 \u00e0 la Convention de Gen\u00e8ve, la Commission de contr\u00f4le du Comit\u00e9 International de la Croix-Rouge ne fut pas autoris\u00e9e \u00e0 visiter ces camps qui ne lui avaient m\u00eame pas \u00e9t\u00e9 signal\u00e9s. Des exactions sans nom y furent commises.<\/p>\n<p>Les Prisonniers de guerre russes y p\u00e9rirent par milliers, par la famine, le manque d\u2019hygi\u00e8ne et les mauvais traitements\u2026<\/p>\n<ul>\n<li>35 000 morts au camp 336,<\/li>\n<li>130 000 morts au camp 350,<\/li>\n<li>124 000 morts au camp 340.<\/li>\n<\/ul>\n<p>Au 325 (Rawa-Ruska cr\u00e9\u00e9 en juin 1941), 18 \u00e0 20 000 prisonniers russes p\u00e9rirent, dans des conditions \u00e9pouvantables, durant les cinq premiers mois. Un second contingent de 4 000 pr\u00e9c\u00e9da les Fran\u00e7ais de quatre mois ; il ne devait en survivre que 400 ! Les prisonniers fran\u00e7ais ont pris la \u00ab succession \u00bb des prisonniers russes, dans les m\u00eames conditions !<\/p>\n<p>D\u00e8s octobre 1939, les nazis avaient \u00e9tabli, sur le territoire de la Pologne, du \u00ab General Gouvernement \u00bb, un vaste syst\u00e8me de camps de concentration. La plupart furent appel\u00e9s, par les Allemands eux-m\u00eames, des \u00ab Vernichtungslager \u00bb (camp d\u2019extermination) : Lublin-Majdanek, Chelmno, Auschwitz-Birkenau, Sobibor, Tr\u00e9blinka, Belzec, Bialo-Podliaska, etc.<\/p>\n<p>Ce \u00ab\u00a0General Gouvernement\u00a0\u00bb \u00e9tait plac\u00e9 sous les ordres d\u2019un gouverneur g\u00e9n\u00e9ral, le Docteur Frank, qui a d\u00e9clar\u00e9 au proc\u00e8s de Nuremberg \u00ab\u00a0que toute cette r\u00e9gion devait \u00eatre consid\u00e9r\u00e9e comme un camp d\u2019extermination\u00a0\u00bb !<\/p>\n<p>Cette zone \u00e9tait divis\u00e9e en plusieurs districts : Varsovie, Cracovie, Radom, Lublin\u2026<\/p>\n<p>Les responsables de ces districts \u00e9taient ma\u00eetres absolus et n\u2019avaient \u00e0 rendre compte qu\u2019au Docteur Frank. Celui-ci \u00e9tait le repr\u00e9sentant direct du F\u00fchrer. En sa personne, s\u2019incarnait la comp\u00e9tence de tous les ministres du Reich (cf. article paru dans le journal \u00ab Krakauer Zeitung \u00bb du 20.10.41, du Dr Sperl). Il exer\u00e7ait, entre autres, sous le contr\u00f4le du Mar\u00e9chal Goering, les fonctions de Commissaire de la D\u00e9fense imp\u00e9riale, et sous le contr\u00f4le du Reichf\u00fchrer des S.S. Himmler, les fonctions de Chef de la S.S. et de la Police.<\/p>\n<p>Dans le courant de 1942, le district de Galicie, sur le territoire duquel se trouvait Rawa-Ruska, a \u00e9t\u00e9 rattach\u00e9 au \u00ab\u00a0General Gouvernement\u00a0\u00bb.\u00a0Mais les Allemands y avaient \u00e9tabli auparavant un immense \u00ab\u00a0Judenkreiss\u00a0\u00bb, zone d\u2019extermination des Juifs, Etat \u00e0 part, bien limit\u00e9, particuli\u00e8rement surveill\u00e9.<\/p>\n<p>Rappelons que Hitler avait d\u00e9cid\u00e9 d\u2019appliquer aux Juifs la \u00ab\u00a0solution finale\u00a0\u00bb c\u2019est-\u00e0-dire l\u2019extermination. Le 20 janvier 1942, la conf\u00e9rence de Wannsee d\u00e9finit les modalit\u00e9s d\u2019application de la \u00ab\u00a0solution finale de la question juive\u00a0\u00bb (Endl\u00f6sung der Judenfrage) pour toute l\u2019Europe. Des millions de femmes, d\u2019enfants et d\u2019hommes rafl\u00e9s et intern\u00e9s dans tous les pays occup\u00e9s seront transf\u00e9r\u00e9s vers des camps d\u2019extermination : Auschwitz II (Birkenau), Belzec, Maidanek, Kulmhof (Chelmno), Sobibor, Treblinka.<\/p>\n<p>A l\u2019arriv\u00e9e des Fran\u00e7ais \u00e0 Rawa-Ruska, la localit\u00e9 comptait encore 9 000 habitants. En janvier 1943, il n\u2019en restait plus que 3 000 !<\/p>\n<p>A Lemberg (Lwow), le tiers de la population a \u00e9t\u00e9 massacr\u00e9. Dans la province, pr\u00e8s de 700 000 personnes, hommes, femmes, enfants, ont \u00e9t\u00e9 extermin\u00e9es.<\/p>\n<p>Il n\u2019est pas douteux que cette situation, que cette atmosph\u00e8re, aient profond\u00e9ment atteint le psychique de tous ceux qui ont v\u00e9cu dans cette r\u00e9gion et qu\u2019ils en aient \u00e9t\u00e9 profond\u00e9ment \u00ab\u00a0choqu\u00e9s\u00a0\u00bb.<\/p>\n<p>Rawa-Ruska se trouvait dans une zone enti\u00e8rement contr\u00f4l\u00e9e par la R.S.H.A. (Reichssicherheitshauptamt \u2013 Office Central de la S\u00e9curit\u00e9 du Reich).<\/p>\n<p>Une commission d\u2019enqu\u00eate sovi\u00e9tique a \u00e9tabli un\u00a0<a href=\"http:\/\/rawa.zara.paris\/?page_id=317\" data-slimstat=\"5\">rapport terrifiant dat\u00e9 des 24-30 septembre 1944 dont nous reproduisons le texte officiel int\u00e9gral traduit du russe<\/a>\u00a0.<\/p>\n<p>Ce rapport montre bien le contexte dans lequel se trouvaient les prisonniers de Rawa-Ruska et de ses kommandos de travail dans ce \u00ab judenkreis \u00bb, cette immense zone d\u2019extermination de Juifs, rattach\u00e9 au G\u00e9n\u00e9ral \u2013 Gouvernement o\u00f9 les camps \u00e9taient, pour la quasi totalit\u00e9, des camps d\u2019extermination (vernichtungslager) \u2013 Treblinka, Lublin, Majdanek, Chelmno, Auschwitz-Birkenau, Sobidor, Biala-Podliaska, Belzec \u00e0 19 kilom\u00e8tres de Rawa Ruska etc\u2026 Les autres \u00e9tant des camps de transit vers ces camps de la mort.<\/p>\n<h2><span style=\"color: #3366ff;\"><strong><span id=\"Chronologie_du_camp_etablie_par_Michel_Bussiere\">Chronologie du camp<\/span><\/strong><\/span><\/h2>\n<p>Cette chronologie a \u00e9t\u00e9 \u00e9tablie par Michel Bussi\u00e8re<\/p>\n<p><strong>12 mars 1921<\/strong>\u00a0: Trait\u00e9 de Riga, la Galicie ukrainienne est annex\u00e9e \u00e0 la Pologne.<\/p>\n<h3><span style=\"color: #3366ff;\"><strong>1939<\/strong><\/span><\/h3>\n<p><strong>23 ao\u00fbt 1939<\/strong> : pacte germano-sovi\u00e9tique.<br \/>\n<strong>1er septembre 1939<\/strong>\u00a0: les troupes allemandes envahissent la Pologne.<br \/>\n<strong>3 septembre 1939<\/strong> : la France d\u00e9clare la guerre \u00e0 l\u2019Allemagne.<br \/>\n<strong>17 septembre 1939<\/strong> : l\u2019URSS envahit la Pologne et r\u00e9cup\u00e8re la Galicie.<br \/>\n<strong>28 septembre 1939<\/strong>\u00a0: un trait\u00e9 germano-sovi\u00e9tique officialise le partage de la Pologne entre l\u2019Allemagne et l\u2019URSS qui reprend l\u2019Ukraine.<br \/>\n<strong>8 octobre 1939<\/strong> : d\u00e9cret rattachant la Pologne occidentale \u00e0 l\u2019Allemagne et cr\u00e9ant le \u00a0\u00bb General Gouvernement \u00a0\u00bb de Pologne.<br \/>\n<strong>Courant octobre<\/strong>\u00a0: cr\u00e9ation des premiers camps de concentration dans l\u2019ex-Pologne.<\/p>\n<h3><span style=\"color: #3366ff;\"><strong>1940<\/strong><\/span><\/h3>\n<p><strong>10 mai 1940<\/strong> : offensive allemande en Hollande et Belgique, bombardement des a\u00e9rodromes fran\u00e7ais.<br \/>\n<strong>13-15 mai 1940<\/strong> : perc\u00e9e des Allemands en Ardennes.<br \/>\n<strong>21 mai\u00a0\u2013 4 juin 1940<\/strong> : retraite de Dunkerque.<br \/>\n<strong>5-11 juin<\/strong> : bataille de la Somme et de l\u2019Aisne.<br \/>\n<strong>10 juin 1940<\/strong> : intervention italienne.<br \/>\n<strong>18 juin 1940<\/strong> : appel du g\u00e9n\u00e9ral de Gaulle \u00e0 Londres.<br \/>\n<strong>22 juin 1940<\/strong> : armistice franco-allemand.<br \/>\n<strong>27 septembre 1940<\/strong> : pacte tripartite entre l\u2019Allemagne, l\u2019Italie et le Japon.<\/p>\n<h3><span style=\"color: #3366ff;\"><strong>1941<\/strong><\/span><\/h3>\n<p><strong>22 juin 1941<\/strong> : offensive allemande contre l\u2019URSS.<br \/>\n<strong>courant juillet<\/strong> : cr\u00e9ation du fronstalag 325 pour les prisonniers sovi\u00e9tiques.<\/p>\n<p>La Galicie devient une zone de conflit, en \u00e9tat de si\u00e8ge permanent.<\/p>\n<p><strong>20 octobre 1941<\/strong> : journal \u00a0\u00bb Krakauer Zeitung \u00a0\u00bb article du Dr Sperl sur les pouvoirs du Dr Franck, Gouverneur g\u00e9n\u00e9ral de la Pologne.<br \/>\n<strong>7 d\u00e9cembre 1941<\/strong> : attaque japonaise sur Pearl-Harbor.<\/p>\n<h3><span style=\"color: #3366ff;\"><strong>1942<\/strong><\/span><\/h3>\n<p><strong>20 janvier 1942<\/strong> : la conf\u00e9rence de Wannsee d\u00e9finit les modalit\u00e9s d\u2019application de la\u00a0 &#8220;solution finale de la question juive \u00bb.<br \/>\n<strong>courant 1942<\/strong> : le district de Galicie est rattach\u00e9 au G\u00e9n\u00e9ral Gouvernement de Pologne dirig\u00e9 par le Dr Franck, repr\u00e9sentant direct du F\u00fchrer.<br \/>\n<strong>21 mars 1942<\/strong> : un ordre de l\u2019OKW de Berlin pr\u00e9voit le transfert \u00e0 Rawa-Ruska de tous les prisonniers de guerre fran\u00e7ais et belges \u00e9vad\u00e9s et repris depuis le 1er avril 1942, refusant de travailler ou particuli\u00e8rement soup\u00e7onn\u00e9s de pr\u00e9parer une \u00e9vasion.<br \/>\n<strong>13 avril 1942<\/strong> : arriv\u00e9e du 1er convoi \u00e0 Rawa Ruska en provenance de Duren VIH Limburg XII A.<\/p>\n<p>La ville de Rawa Ruska compte 9 000 habitants en avril 1942.<\/p>\n<p><strong>Commencement avril 1942<\/strong>\u00a0: les m\u00e9decins officiers fran\u00e7ais isra\u00e9lites d\u00e9port\u00e9s \u00e0 Rawa Ruska \u00e9taient en place : ZARA, BADER, BENICHOU, BENZAKEN, BERL, CAHEN-PASCHOUD, MOSCOVICI, TEPFER, VASSILLE, Pharmacien : NATHAN.<\/p>\n<p><strong>13 avril 1942<\/strong>\u00a0: le chef de camp allemand est l\u2019oberlieutenant Hoffman<br \/>\n<strong>Courant avril 1942<\/strong>\u00a0: les chefs de camp fran\u00e7ais sont DURANDIN, l\u2019adjudant CHARLES, DECONINCK, FREBOUR; VIGNES est l\u2019homme de confiance.<br \/>\n<strong>20 avril 1942<\/strong> : premier d\u00e9c\u00e8s : Pierre GAUDY.<br \/>\n<strong>29 avril 1942<\/strong> : deuxi\u00e8me d\u00e9c\u00e8s : Armand DUVAL.<br \/>\n<strong>5 mai 1942<\/strong> : arriv\u00e9e du 2\u00e8me convoi Duren VIH Limbourg XII A suivi de deux autres convois.<\/p>\n<p><strong>JUIN<\/strong><\/p>\n<p>Arriv\u00e9e de deux ou trois convois<\/p>\n<ul>\n<li><strong>d\u00e9but juin 1942<\/strong> : environ 10 000 hommes sont entass\u00e9s.<\/li>\n<li>chef de camp allemand : RITTMEISTER FOURNIER dit TOM MIX.<\/li>\n<\/ul>\n<p><strong>7 juin 1942<\/strong> : 1800 hommes sont conduits \u00e0 Tarnopol par le train.<br \/>\n<strong>fin juin 1942<\/strong>, l\u2019homme de confiance VIGNES est remplac\u00e9 par MERCIER (avocat de Blois).<\/p>\n<p>L\u2019ouverture du camp est officiellement notifi\u00e9e \u00e0 la Croix-Rouge.<\/p>\n<p><strong>JUILLET<\/strong><\/p>\n<p>Arriv\u00e9e des convois : 15\/17, 21 juillet 1942<br \/>\n<strong>14 juillet 1942\u00a0<\/strong>: d\u00e9fil\u00e9 militaire avec les prisonniers qui rendent les honneurs au drapeau fran\u00e7ais, provoquant la fureur de Tomix.<br \/>\n<strong>17 juillet 1942\u00a0<\/strong>: d\u00e9part des sous-officiers r\u00e9fractaires pour Koberzyn block III.<br \/>\n<strong>courant juillet 1942<\/strong> : extermination des Juifs dans le ghetto de Tarnopol.<\/p>\n<p><strong>AOUT<\/strong><\/p>\n<p>Arriv\u00e9e de nouveaux convois.<br \/>\n<strong>8 ou 9 ao\u00fbt 1942<\/strong> : \u00e9vasion du m\u00e9decin LANUSSE.<br \/>\n<strong>11 ou 12 ao\u00fbt 1942<\/strong> : LAVESQUE, matricule 63464 est abattu en gare de Tarnopol.<br \/>\n<strong>16 ao\u00fbt 1942<\/strong> : visite de la Croix-Rouge \u00e0 Rawa Ruska.<\/p>\n<p><strong>Fin ao\u00fbt 1942:<\/strong><\/p>\n<ul>\n<li>Cr\u00e9ation du th\u00e9\u00e2tre et des lieux de culte \u00e0 Rawa Ruska \u00e0 la suite de la visite d\u2019une d\u00e9l\u00e9gation de la Croix Rouge internationale.<\/li>\n<li>Extermination des Juifs dans le ghetto de Tarnapol.<\/li>\n<li>R\u00e9pression au camp de ZLOCZOW.<\/li>\n<\/ul>\n<p><strong>SEPTEMBRE<\/strong><\/p>\n<p>Arriv\u00e9e de nouveaux convois.<br \/>\n<strong>5 septembre 1942\u00a0<\/strong>: l\u2019aviation russe largue quelques bombes pr\u00e8s du camp, nous apprenons que le 19 ao\u00fbt, le d\u00e9barquement \u00e0 Dieppe \u00e0 \u00e9chou\u00e9<br \/>\n<strong>Fin septembre 1942<\/strong>\u00a0: chef de camp allemand : major CRONE MAYER<\/p>\n<p><strong>OCTOBRE<\/strong><\/p>\n<p>Arriv\u00e9e des convois les 9 et 27 octobre 1942<br \/>\n<strong>28 au 31 octobre 1942<\/strong>\u00a0: premiers d\u00e9parts directs vers l\u2019Allemagne II A, II B, II C, II D, III A, III B (dans les kommandos ou BAU BAT disciplinaire).<br \/>\nL\u2019homme de confiance MERCIER, parti dans ces convois, est remplac\u00e9 par THIEBAULT.<\/p>\n<p><strong>NOVEMBRE<\/strong><\/p>\n<p>Arriv\u00e9e des convois les 6 et 15 novembre 1942.<br \/>\nPendant tout le mois, d\u00e9parts directs vers l\u2019Allemagne aux m\u00eames motifs qu\u2019en octobre.<br \/>\n<strong>19 novembre 1942<\/strong> : contre-attaque russe et d\u00e9but de la bataille de Stalingrad.<\/p>\n<p><strong>D\u00c9CEMBRE<\/strong><\/p>\n<p>Arriv\u00e9e des convois les 2, 5\/6, 8\/9 et 14\/15 d\u00e9cembre 1942<br \/>\n<strong>Le 1er d\u00e9cembre 1942<\/strong>\u00a0: convoi XII A<br \/>\n<strong>3 d\u00e9cembre 1942<\/strong>\u00a0: Stryj<br \/>\n<strong>15 d\u00e9cembre 1942<\/strong>\u00a0: Lemberg<br \/>\n<strong>12, 13, 28 d\u00e9cembre 1942<\/strong>\u00a0: II C, II E, III A, III B<br \/>\n<strong>Fin 1942<\/strong>\u00a0: rumeur de transfert du stalag 325 \u00e0 Lemberg (Lwow en polonais)<\/p>\n<h3><span style=\"color: #3366ff;\"><strong>1943<\/strong><\/span><\/h3>\n<p><strong>JANVIER<\/strong><\/p>\n<p>Arriv\u00e9e des convois les 2, 5 ou 6, 8 ou 9, 14 ou 15 janvier 1943<br \/>\n<strong>19 janvier 1943<\/strong>\u00a0: dissolution du camp 325 de Rawa Ruska ; les effectifs restants sont dirig\u00e9s sur Lemberg (citadelle)<br \/>\n<strong>28 janvier 1943<\/strong>\u00a0: fermeture du camp par le dernier d\u00e9tachement transf\u00e9r\u00e9 \u00e0 Lemberg (Lwow)<br \/>\n<strong>29 janvier 1943<\/strong>\u00a0: arriv\u00e9e \u00e0 Lemberg<br \/>\nLa ville de Rawa Ruska ne compte plus que 3000 habitants<br \/>\nBilan : 24 000 hommes environ ont \u00e9t\u00e9 convoy\u00e9s sur Rawa Ruska<\/p>\n<p><strong>FEVRIER<\/strong><\/p>\n<p><strong>2 f\u00e9vrier 1943<\/strong>\u00a0: reddition de Von Paulus \u00e0 Stalingrad<\/p>\n<p><strong>JUILLET<\/strong><\/p>\n<p><strong>5 juillet 1943<\/strong>\u00a0: offensive allemande sur Koursk<br \/>\n<strong>courant juillet 1943<\/strong>\u00a0: d\u00e9but de la marche au Dniepr de l\u2019arm\u00e9e sovi\u00e9tique<\/p>\n<p><strong>SEPTEMBRE<\/strong><\/p>\n<p><strong>29 septembre 1943<\/strong>\u00a0: transfert du stalag 325 de Lemberg \u00e0 Stryj<br \/>\n<strong>30 septembre 1943<\/strong>\u00a0: arriv\u00e9e \u00e0 Stryj<\/p>\n<p><strong>NOVEMBRE<\/strong><\/p>\n<p><strong>6 novembre 1943<\/strong>\u00a0: reprise de Kiev<\/p>\n<h3><span style=\"color: #3366ff;\"><strong>1944<\/strong><\/span><\/h3>\n<p><strong>13 janvier 1944<\/strong>\u00a0: dissolution du stalag 325 \u00e0 Stryj et retour en Allemagne<br \/>\n<strong>10 avril 1944<\/strong>\u00a0: reprise d\u2019Odessa<\/p>\n<h3><span style=\"color: #3366ff;\"><strong>1945<\/strong><\/span><\/h3>\n<p><strong>4 janvier 1945<\/strong>\u00a0: journal \u00a0\u00bb Soviet War News Weekly \u00a0\u00bb recueil de t\u00e9moignages sur le camp en dehors du service international des recherches d\u2019Arolsen (40 ans)<br \/>\n<strong>12 janvier 1945<\/strong>\u00a0: attaque sovi\u00e9tique sur le front est<br \/>\n<strong>17 janvier 1945<\/strong>\u00a0: prise de Varsovie<br \/>\n<strong>25 avril 1945<\/strong>\u00a0: Berlin est encercl\u00e9e<br \/>\n<strong>1er mai 1945<\/strong>\u00a0: suicide de Hitler<br \/>\n<strong>2 mai 1945<\/strong>\u00a0: capitulation de Berlin<br \/>\n<strong>8 juin 1945<\/strong>\u00a0: capitulation de l\u2019Allemagne sans condition devant Eisenhower \u00e0 Reims et le 9 mai 1945 devant Joukov \u00e0 Berlin<br \/>\n<strong>Juin\/Juillet 1945<\/strong>\u00a0: n\u00b0 6\/7 des \u00a0\u00bb Cahiers de Traits \u00a0\u00bb (Edition des Trois Collines, Paris-Gen\u00e8ve) enqu\u00eate dans la r\u00e9gion de Lwow.<\/p>\n","protected":false},"excerpt":{"rendered":"<p>Rawa-Ruska en Galicie RAWA-RUSKA (aujourd\u2019hui RAVA-RUSSKAYA) est une localit\u00e9 situ\u00e9e en Galicie, sur le territoire de l\u2019Ukraine, ex-r\u00e9publique sovi\u00e9tique de l\u2019U.R.S.S. La r\u00e9gion fut annex\u00e9e \u00e0 la Pologne par le trait\u00e9 de Riga, en 1921, et r\u00e9cup\u00e9r\u00e9e par l\u2019U.R.S.S. lors de l\u2019invasion de la Pologne par ses troupes, le 17 septembre 1939. Un pl\u00e9biscite donnait &hellip; <\/p>\n<p class=\"link-more\"><a href=\"https:\/\/rawa-ruska-union-nationale.fr\/index.php\/histoire-memoire-2-rawa-ruska\/\" class=\"more-link\">Continuer la lecture<span class=\"screen-reader-text\"> de &laquo;&nbsp;Situation de Rawa Ruska &#038; Chronologie&nbsp;&raquo;<\/span><\/a><\/p>\n","protected":false},"author":1,"featured_media":0,"parent":0,"menu_order":71,"comment_status":"closed","ping_status":"closed","template":"","meta":{"_bbp_topic_count":0,"_bbp_reply_count":0,"_bbp_total_topic_count":0,"_bbp_total_reply_count":0,"_bbp_voice_count":0,"_bbp_anonymous_reply_count":0,"_bbp_topic_count_hidden":0,"_bbp_reply_count_hidden":0,"_bbp_forum_subforum_count":0,"_crdt_document":"","two_page_speed":[],"footnotes":""},"class_list":["post-103","page","type-page","status-publish","hentry"],"_links":{"self":[{"href":"https:\/\/rawa-ruska-union-nationale.fr\/index.php\/wp-json\/wp\/v2\/pages\/103","targetHints":{"allow":["GET"]}}],"collection":[{"href":"https:\/\/rawa-ruska-union-nationale.fr\/index.php\/wp-json\/wp\/v2\/pages"}],"about":[{"href":"https:\/\/rawa-ruska-union-nationale.fr\/index.php\/wp-json\/wp\/v2\/types\/page"}],"author":[{"embeddable":true,"href":"https:\/\/rawa-ruska-union-nationale.fr\/index.php\/wp-json\/wp\/v2\/users\/1"}],"replies":[{"embeddable":true,"href":"https:\/\/rawa-ruska-union-nationale.fr\/index.php\/wp-json\/wp\/v2\/comments?post=103"}],"version-history":[{"count":16,"href":"https:\/\/rawa-ruska-union-nationale.fr\/index.php\/wp-json\/wp\/v2\/pages\/103\/revisions"}],"predecessor-version":[{"id":5302,"href":"https:\/\/rawa-ruska-union-nationale.fr\/index.php\/wp-json\/wp\/v2\/pages\/103\/revisions\/5302"}],"wp:attachment":[{"href":"https:\/\/rawa-ruska-union-nationale.fr\/index.php\/wp-json\/wp\/v2\/media?parent=103"}],"curies":[{"name":"wp","href":"https:\/\/api.w.org\/{rel}","templated":true}]}}