{"id":109,"date":"2018-12-27T18:45:51","date_gmt":"2018-12-27T17:45:51","guid":{"rendered":"http:\/\/rawa-ruska-union-nationale.fr\/?page_id=109"},"modified":"2022-03-15T19:21:14","modified_gmt":"2022-03-15T18:21:14","slug":"histoire-memoire-5-description","status":"publish","type":"page","link":"https:\/\/rawa-ruska-union-nationale.fr\/index.php\/histoire-memoire-5-description\/","title":{"rendered":"Le stalag 325 de Rawa"},"content":{"rendered":"<div class=\"mceTemp\"><\/div>\n<div class=\"mceTemp\"><\/div>\n<p>Voil\u00e0 c&#8217;\u00e9tait le 13 avril 1942. Le premier convoi \u00e9tait arriv\u00e9 \u00e0 Rawa. D&#8217;autres allaient suivre et nos p\u00e8res s&#8217;y trouvaient. &#8220;Ceux de Rawa-Ruska&#8221; apr\u00e8s des &#8220;indisciplines&#8221; commises dans leur camp d&#8217;origine sont sortis des zones couvertes par la Convention de Gen\u00e8ve hors des lois prot\u00e9geant les prisonniers de guerre.<\/p>\n<p>C&#8217;est cette histoire qui est ici reprise et organis\u00e9e autour de quelques th\u00e9matiques. Elles permettent de se faire une bonne id\u00e9e de ce qu&#8217;a \u00e9t\u00e9 la captivit\u00e9 de nos p\u00e8res.<\/p>\n<p>Que ces quelques contenus vous permettent de poursuivre votre connaissance de cette p\u00e9riode de la Seconde guerre mondiale et de mener peut \u00eatre quelques r\u00e9flexions sur ce qu&#8217;a \u00e9t\u00e9 la vie de nos &#8220;Anciens&#8221; et de comprendre le sens de leurs actions de r\u00e9sistance.<\/p>\n<div class=\"mceTemp\"><\/div>\n<p>&nbsp;<\/p>\n<p>&nbsp;<\/p>\n<p>&nbsp;<\/p>\n<p>&nbsp;<\/p>\n<p>&nbsp;<\/p>\n<p>&nbsp;<\/p>\n<p style=\"text-align: center;\">\n","protected":false},"excerpt":{"rendered":"<p>Voil\u00e0 c&#8217;\u00e9tait le 13 avril 1942. Le premier convoi \u00e9tait arriv\u00e9 \u00e0 Rawa. D&#8217;autres allaient suivre et nos p\u00e8res s&#8217;y trouvaient. &#8220;Ceux de Rawa-Ruska&#8221; apr\u00e8s des &#8220;indisciplines&#8221; commises dans leur camp d&#8217;origine sont sortis des zones couvertes par la Convention de Gen\u00e8ve hors des lois prot\u00e9geant les prisonniers de guerre. C&#8217;est cette histoire qui est &hellip; <\/p>\n<p class=\"link-more\"><a href=\"https:\/\/rawa-ruska-union-nationale.fr\/index.php\/histoire-memoire-5-description\/\" class=\"more-link\">Continuer la lecture<span class=\"screen-reader-text\"> de &laquo;&nbsp;Le stalag 325 de Rawa&nbsp;&raquo;<\/span><\/a><\/p>\n","protected":false},"author":1,"featured_media":0,"parent":0,"menu_order":69,"comment_status":"closed","ping_status":"closed","template":"","meta":{"_bbp_topic_count":0,"_bbp_reply_count":0,"_bbp_total_topic_count":0,"_bbp_total_reply_count":0,"_bbp_voice_count":0,"_bbp_anonymous_reply_count":0,"_bbp_topic_count_hidden":0,"_bbp_reply_count_hidden":0,"_bbp_forum_subforum_count":0,"_crdt_document":"","two_page_speed":[],"footnotes":""},"class_list":["post-109","page","type-page","status-publish","hentry"],"_links":{"self":[{"href":"https:\/\/rawa-ruska-union-nationale.fr\/index.php\/wp-json\/wp\/v2\/pages\/109","targetHints":{"allow":["GET"]}}],"collection":[{"href":"https:\/\/rawa-ruska-union-nationale.fr\/index.php\/wp-json\/wp\/v2\/pages"}],"about":[{"href":"https:\/\/rawa-ruska-union-nationale.fr\/index.php\/wp-json\/wp\/v2\/types\/page"}],"author":[{"embeddable":true,"href":"https:\/\/rawa-ruska-union-nationale.fr\/index.php\/wp-json\/wp\/v2\/users\/1"}],"replies":[{"embeddable":true,"href":"https:\/\/rawa-ruska-union-nationale.fr\/index.php\/wp-json\/wp\/v2\/comments?post=109"}],"version-history":[{"count":13,"href":"https:\/\/rawa-ruska-union-nationale.fr\/index.php\/wp-json\/wp\/v2\/pages\/109\/revisions"}],"predecessor-version":[{"id":5310,"href":"https:\/\/rawa-ruska-union-nationale.fr\/index.php\/wp-json\/wp\/v2\/pages\/109\/revisions\/5310"}],"wp:attachment":[{"href":"https:\/\/rawa-ruska-union-nationale.fr\/index.php\/wp-json\/wp\/v2\/media?parent=109"}],"curies":[{"name":"wp","href":"https:\/\/api.w.org\/{rel}","templated":true}]}}