{"id":1112,"date":"2020-03-01T20:25:36","date_gmt":"2020-03-01T19:25:36","guid":{"rendered":"http:\/\/rawa-ruska-union-nationale.fr\/?page_id=1112"},"modified":"2020-03-15T12:32:42","modified_gmt":"2020-03-15T11:32:42","slug":"t-fouilloux","status":"publish","type":"page","link":"https:\/\/rawa-ruska-union-nationale.fr\/index.php\/t-fouilloux\/","title":{"rendered":"T &#8211; Fouilloux"},"content":{"rendered":"<h4 style=\"text-align: center;\"><strong>Fouilloux Guy<\/strong><\/h4>\n<p><a href=\"http:\/\/rawa-ruska-union-nationale.fr\/wp-content\/uploads\/2020\/02\/fouilloux.jpg\"><img loading=\"lazy\" decoding=\"async\" class=\"aligncenter wp-image-1114 size-thumbnail\" src=\"http:\/\/rawa-ruska-union-nationale.fr\/wp-content\/uploads\/2020\/02\/fouilloux-150x150.jpg\" alt=\"\" width=\"150\" height=\"150\" srcset=\"https:\/\/rawa-ruska-union-nationale.fr\/wp-content\/uploads\/2020\/02\/fouilloux-150x150.jpg 150w, https:\/\/rawa-ruska-union-nationale.fr\/wp-content\/uploads\/2020\/02\/fouilloux-100x100.jpg 100w\" sizes=\"auto, (max-width: 150px) 100vw, 150px\" \/><\/a><\/p>\n<p class=\"western\" align=\"right\"><span style=\"font-family: Arial, sans-serif;\"><i>Extraits de Envols n\u00b0294 \u2013 2\u00b0 semestre 2018<\/i><\/span><\/p>\n<p class=\"western\"><span style=\"font-family: Arial, sans-serif;\">Le 22 Avril 2018, Guy Fouilloux a f\u00eat\u00e9 joyeusement ses 102 ans. <\/span><\/p>\n<p class=\"western\"><span style=\"font-family: Arial, sans-serif;\">Il s\u2019\u00e9tait engag\u00e9 dans l\u2019arm\u00e9e en 1934. <\/span><span style=\"font-family: Arial, sans-serif;\">Fait prisonnier apr\u00e8s la d\u00e9b\u00e2cle il est envoy\u00e9 en Allemagne \u00e0 Grafenw\u00f4hr, il <\/span><span style=\"font-family: Arial, sans-serif;\">tentera deux \u00e9vasions : \u00abC\u2019\u00e9tait mon devoir\u00bb. Repris \u00e0 chaque fois il sera <\/span><span style=\"font-family: Arial, sans-serif;\">envoy\u00e9 en Sil\u00e9sie, puis \u00e0 Lwow en Ukraine et enfin \u00e0 Kobierzin en Pologne. <\/span><\/p>\n<p class=\"western\"><span style=\"font-family: Arial, sans-serif;\">A chaque fois le r\u00e9gime se durcit. <\/span><\/p>\n<p class=\"western\"><span style=\"font-family: Arial, sans-serif;\">A l\u2019arriv\u00e9e de l\u2019arm\u00e9e sovi\u00e9tique, il terminera la guerre en Autriche. A la lib\u00e9ration des camps par les Am\u00e9ricains et les Fran\u00e7ais, le 28 Mai 1945, il p\u00e8se 33kg pour 1,73m<\/span><\/p>\n","protected":false},"excerpt":{"rendered":"<p>Fouilloux Guy Extraits de Envols n\u00b0294 \u2013 2\u00b0 semestre 2018 Le 22 Avril 2018, Guy Fouilloux a f\u00eat\u00e9 joyeusement ses 102 ans. Il s\u2019\u00e9tait engag\u00e9 dans l\u2019arm\u00e9e en 1934. Fait prisonnier apr\u00e8s la d\u00e9b\u00e2cle il est envoy\u00e9 en Allemagne \u00e0 Grafenw\u00f4hr, il tentera deux \u00e9vasions : \u00abC\u2019\u00e9tait mon devoir\u00bb. Repris \u00e0 chaque fois il sera &hellip; <\/p>\n<p class=\"link-more\"><a href=\"https:\/\/rawa-ruska-union-nationale.fr\/index.php\/t-fouilloux\/\" class=\"more-link\">Continuer la lecture<span class=\"screen-reader-text\"> de &laquo;&nbsp;T &#8211; Fouilloux&nbsp;&raquo;<\/span><\/a><\/p>\n","protected":false},"author":1,"featured_media":0,"parent":0,"menu_order":42,"comment_status":"closed","ping_status":"closed","template":"","meta":{"_bbp_topic_count":0,"_bbp_reply_count":0,"_bbp_total_topic_count":0,"_bbp_total_reply_count":0,"_bbp_voice_count":0,"_bbp_anonymous_reply_count":0,"_bbp_topic_count_hidden":0,"_bbp_reply_count_hidden":0,"_bbp_forum_subforum_count":0,"_crdt_document":"","two_page_speed":[],"footnotes":""},"class_list":["post-1112","page","type-page","status-publish","hentry"],"_links":{"self":[{"href":"https:\/\/rawa-ruska-union-nationale.fr\/index.php\/wp-json\/wp\/v2\/pages\/1112","targetHints":{"allow":["GET"]}}],"collection":[{"href":"https:\/\/rawa-ruska-union-nationale.fr\/index.php\/wp-json\/wp\/v2\/pages"}],"about":[{"href":"https:\/\/rawa-ruska-union-nationale.fr\/index.php\/wp-json\/wp\/v2\/types\/page"}],"author":[{"embeddable":true,"href":"https:\/\/rawa-ruska-union-nationale.fr\/index.php\/wp-json\/wp\/v2\/users\/1"}],"replies":[{"embeddable":true,"href":"https:\/\/rawa-ruska-union-nationale.fr\/index.php\/wp-json\/wp\/v2\/comments?post=1112"}],"version-history":[{"count":7,"href":"https:\/\/rawa-ruska-union-nationale.fr\/index.php\/wp-json\/wp\/v2\/pages\/1112\/revisions"}],"predecessor-version":[{"id":1523,"href":"https:\/\/rawa-ruska-union-nationale.fr\/index.php\/wp-json\/wp\/v2\/pages\/1112\/revisions\/1523"}],"wp:attachment":[{"href":"https:\/\/rawa-ruska-union-nationale.fr\/index.php\/wp-json\/wp\/v2\/media?parent=1112"}],"curies":[{"name":"wp","href":"https:\/\/api.w.org\/{rel}","templated":true}]}}