{"id":1136,"date":"2020-03-01T20:41:33","date_gmt":"2020-03-01T19:41:33","guid":{"rendered":"http:\/\/rawa-ruska-union-nationale.fr\/?page_id=1136"},"modified":"2020-03-15T12:20:00","modified_gmt":"2020-03-15T11:20:00","slug":"t-lavergne","status":"publish","type":"page","link":"https:\/\/rawa-ruska-union-nationale.fr\/index.php\/t-lavergne\/","title":{"rendered":"T &#8211; Lavergne"},"content":{"rendered":"<h4 class=\"western\" align=\"center\"><span style=\"color: #004494;\"><span style=\"font-family: Arial, sans-serif;\"><b>Georges LAVERGNE <\/b><\/span><\/span><\/h4>\n<p align=\"center\"><a href=\"http:\/\/rawa-ruska-union-nationale.fr\/wp-content\/uploads\/2020\/03\/lavergne-scaled.jpg\"><img loading=\"lazy\" decoding=\"async\" class=\"aligncenter wp-image-1137 size-thumbnail\" src=\"http:\/\/rawa-ruska-union-nationale.fr\/wp-content\/uploads\/2020\/03\/lavergne-150x150.jpg\" alt=\"\" width=\"150\" height=\"150\" srcset=\"https:\/\/rawa-ruska-union-nationale.fr\/wp-content\/uploads\/2020\/03\/lavergne-150x150.jpg 150w, https:\/\/rawa-ruska-union-nationale.fr\/wp-content\/uploads\/2020\/03\/lavergne-100x100.jpg 100w\" sizes=\"auto, (max-width: 150px) 100vw, 150px\" \/><\/a><\/p>\n<p class=\"western\" style=\"text-align: right;\" align=\"justify\"><span style=\"font-family: Arial, sans-serif;\"><i>\u00a0 Donn\u00e9es fournies par sa fille Claudine<\/i><\/span><\/p>\n<p class=\"western\" align=\"justify\"><span style=\"font-family: Arial, sans-serif;\">N\u00e9 le 28 juin 1919 \u00e0 Calviac (Lot)<\/span><\/p>\n<p><span style=\"font-family: Arial, sans-serif;\">Engag\u00e9 volontaire pour 3 ans le 27 mars 39 au 146\u00b0 R.I.F \u00e0 Metz (2\u00b0 Bat)<br \/><\/span><span style=\"font-family: Arial, sans-serif;\"><em>le 25 ao\u00fbt 39<\/em> au 156\u00b0 R.IF \u00e0 Metz (3\u00b0 Bat.) garnison au camp de Zimming.<br \/><\/span><span style=\"font-family: Arial, sans-serif;\"><em>du 8 au 20 sept 39<\/em> participe aux combats de la Sarre dans la for\u00eat de Warndt.<br \/><\/span><span style=\"font-family: Arial, sans-serif;\">Fait prisonnier \u00e0 Corcieux (Vosges) le 25-06-40<br \/><\/span><span style=\"font-family: Arial, sans-serif;\">Intern\u00e9 au stalag VI F \u00e0 Bocholt Kdo 102 &#8211; matricule 29 623 VIF.<br \/><\/span><span style=\"font-family: Arial, sans-serif;\"><em>21-08-41:<\/em> premi\u00e8re tentative d\u2019\u00e9vasion, \u00e9chec.<br \/><\/span><span style=\"font-family: Arial, sans-serif;\">Conduit au stalag VI G Arnoldsweiller pr\u00e8s de D\u00fcren (20 <span style=\"color: #000000;\">j<\/span><\/span><span style=\"color: #000000;\"><span style=\"font-family: Arial, sans-serif;\">ours <\/span><\/span><span style=\"font-family: Arial, sans-serif;\">de cellule) <\/span><span style=\"font-family: Arial, sans-serif;\">puis <span style=\"color: #000000;\">K<\/span><\/span><span style=\"color: #000000;\"><span style=\"font-family: Arial, sans-serif;\">omman<\/span><\/span><span style=\"font-family: Arial, sans-serif;\"><span style=\"color: #000000;\">do<\/span> disciplinaire N\u00b033 de Duisbourg \u2013Miederich qui deviendra N\u00b0 1906 <\/span><span style=\"color: #ff0000;\"><span style=\"font-family: Arial, sans-serif;\">S<\/span><\/span><span style=\"font-family: Arial, sans-serif;\">talag VI J de Krefeld.<br \/><\/span><span style=\"font-family: Arial, sans-serif;\"><em>23-03-1943:<\/em> 2\u00e8me tentative d\u2019\u00e9vasion, \u00e9chec.<br \/><\/span><span style=\"font-family: Arial, sans-serif;\">Conduit au <\/span><span style=\"color: #ff0000;\"><span style=\"font-family: Arial, sans-serif;\">S<\/span><\/span><span style=\"font-family: Arial, sans-serif;\">talag XII A de Limburg en baraque disciplinaire puis au <\/span><span style=\"color: #ff0000;\"><span style=\"font-family: Arial, sans-serif;\">S<\/span><\/span><span style=\"font-family: Arial, sans-serif;\">talag Arnoldsweiller d\u00e9pendant du VI G de Bonn.<br \/><\/span><span style=\"font-family: Arial, sans-serif;\">Transf\u00e9r\u00e9 \u00e0 RAWA-RUSKA en wagons \u00e0 bestiaux du 16-06-1943 au 09-04-44 : stalag 325 &#8211; LEMBERG, KOBIERZYN (<span style=\"color: #000000;\">K<\/span><\/span><span style=\"color: #000000;\"><span style=\"font-family: Arial, sans-serif;\">omman<\/span><\/span><span style=\"font-family: Arial, sans-serif;\"><span style=\"color: #000000;\">do<\/span> Mi\u00e9lec)<br \/><\/span><span style=\"font-family: Arial, sans-serif;\"><em>16-04-44 :<\/em> Intern\u00e9 au stalag XI A Altengrabow <span style=\"color: #000000;\">K<\/span><\/span><span style=\"color: #000000;\"><span style=\"font-family: Arial, sans-serif;\">ommand<\/span><\/span><span style=\"font-family: Arial, sans-serif;\"><span style=\"color: #000000;\">o<\/span> 102\/2 Bodendorf<br \/><\/span><span style=\"font-family: Arial, sans-serif;\"><em>Juin\/juillet 44:<\/em> intern\u00e9 au <\/span><span style=\"color: #ff0000;\"><span style=\"font-family: Arial, sans-serif;\">S<\/span><\/span><span style=\"font-family: Arial, sans-serif;\">talag XI B de Fallingbostel<br \/><\/span><span style=\"font-family: Arial, sans-serif;\"><em>Fin juillet 44 :<\/em> 3\u00e8me tentative d\u2019\u00e9vasion, \u00e9chec.<br \/><\/span><span style=\"font-family: Arial, sans-serif;\">Renvoy\u00e9 au <\/span><span style=\"color: #ff0000;\"><span style=\"font-family: Arial, sans-serif;\">S<\/span><\/span><span style=\"font-family: Arial, sans-serif;\">talag VI B au <span style=\"color: #000000;\">K<\/span><\/span><span style=\"color: #000000;\"><span style=\"font-family: Arial, sans-serif;\">omman<\/span><\/span><span style=\"font-family: Arial, sans-serif;\"><span style=\"color: #000000;\">do<\/span> 1906 de Northeim.<br \/><\/span><span style=\"font-family: Arial, sans-serif;\">Lib\u00e9r\u00e9 par les troupes am\u00e9ricaines le 10 avril 1945<br \/><\/span><span style=\"font-family: Arial, sans-serif;\"><em>Rapatri\u00e9 le 25 mai 1945<\/em> au Centre de Boulay<br \/><\/span><span style=\"font-family: Arial, sans-serif;\"><em>D\u00e9mobilis\u00e9 le 26 juin 1945<\/em> \u00e0 Cahors<br \/><\/span><span style=\"font-family: Arial, sans-serif;\"><em>Arriv\u00e9e chez les siens le 28 juin 45<\/em> le jour de ses 26 ans apr\u00e8s 6 ans et 3 mois d\u2019absence<\/span><\/p>\n<p align=\"justify\">Chevalier de la L\u00e9gion d\u2019Honneur<\/p>\n","protected":false},"excerpt":{"rendered":"<p>Georges LAVERGNE \u00a0 Donn\u00e9es fournies par sa fille Claudine N\u00e9 le 28 juin 1919 \u00e0 Calviac (Lot) Engag\u00e9 volontaire pour 3 ans le 27 mars 39 au 146\u00b0 R.I.F \u00e0 Metz (2\u00b0 Bat)le 25 ao\u00fbt 39 au 156\u00b0 R.IF \u00e0 Metz (3\u00b0 Bat.) garnison au camp de Zimming.du 8 au 20 sept 39 participe aux &hellip; <\/p>\n<p class=\"link-more\"><a href=\"https:\/\/rawa-ruska-union-nationale.fr\/index.php\/t-lavergne\/\" class=\"more-link\">Continuer la lecture<span class=\"screen-reader-text\"> de &laquo;&nbsp;T &#8211; Lavergne&nbsp;&raquo;<\/span><\/a><\/p>\n","protected":false},"author":1,"featured_media":0,"parent":0,"menu_order":40,"comment_status":"closed","ping_status":"closed","template":"","meta":{"_bbp_topic_count":0,"_bbp_reply_count":0,"_bbp_total_topic_count":0,"_bbp_total_reply_count":0,"_bbp_voice_count":0,"_bbp_anonymous_reply_count":0,"_bbp_topic_count_hidden":0,"_bbp_reply_count_hidden":0,"_bbp_forum_subforum_count":0,"_crdt_document":"","two_page_speed":[],"footnotes":""},"class_list":["post-1136","page","type-page","status-publish","hentry"],"_links":{"self":[{"href":"https:\/\/rawa-ruska-union-nationale.fr\/index.php\/wp-json\/wp\/v2\/pages\/1136","targetHints":{"allow":["GET"]}}],"collection":[{"href":"https:\/\/rawa-ruska-union-nationale.fr\/index.php\/wp-json\/wp\/v2\/pages"}],"about":[{"href":"https:\/\/rawa-ruska-union-nationale.fr\/index.php\/wp-json\/wp\/v2\/types\/page"}],"author":[{"embeddable":true,"href":"https:\/\/rawa-ruska-union-nationale.fr\/index.php\/wp-json\/wp\/v2\/users\/1"}],"replies":[{"embeddable":true,"href":"https:\/\/rawa-ruska-union-nationale.fr\/index.php\/wp-json\/wp\/v2\/comments?post=1136"}],"version-history":[{"count":7,"href":"https:\/\/rawa-ruska-union-nationale.fr\/index.php\/wp-json\/wp\/v2\/pages\/1136\/revisions"}],"predecessor-version":[{"id":1520,"href":"https:\/\/rawa-ruska-union-nationale.fr\/index.php\/wp-json\/wp\/v2\/pages\/1136\/revisions\/1520"}],"wp:attachment":[{"href":"https:\/\/rawa-ruska-union-nationale.fr\/index.php\/wp-json\/wp\/v2\/media?parent=1136"}],"curies":[{"name":"wp","href":"https:\/\/api.w.org\/{rel}","templated":true}]}}