{"id":1145,"date":"2020-03-01T19:28:14","date_gmt":"2020-03-01T18:28:14","guid":{"rendered":"http:\/\/rawa-ruska-union-nationale.fr\/?page_id=1145"},"modified":"2020-03-14T22:38:28","modified_gmt":"2020-03-14T21:38:28","slug":"t-serviere","status":"publish","type":"page","link":"https:\/\/rawa-ruska-union-nationale.fr\/index.php\/t-serviere\/","title":{"rendered":"T &#8211; Servi\u00e8re"},"content":{"rendered":"<p class=\"western\" align=\"center\"><span style=\"color: #004494;\"><span style=\"font-family: Arial, sans-serif;\"><b>Andr\u00e9 SERVIERE<\/b><\/span><\/span><\/p>\r\n<p style=\"text-align: right;\" align=\"justify\"><span style=\"font-family: Arial, sans-serif;\"><i>Donn\u00e9es fournies par Dominique Colombier<br \/>Cote(s)<br \/>SHD, Vincennes GR 16 P 546498<br \/>SHD, Vincennes GR 16 P 546504<br \/>Famille r\u00e9sistance d\u00e9port\u00e9s et intern\u00e9s de la r\u00e9sistance (DIR)<br \/><\/i><\/span><\/p>\r\n<p align=\"justify\">\u00a0<\/p>\r\n<p class=\"western\" align=\"justify\"><span style=\"color: #32414d;\"><span style=\"font-family: Arial, sans-serif;\"><b>N\u00e9 le 03-07-1918 \u00e0 Paris 14e arrondissement (75 &#8211; Paris (ex Seine), France)<\/b><\/span><\/span><\/p>\r\n<p class=\"western\" align=\"justify\"><span style=\"font-family: Arial, sans-serif;\">\u00a0<\/span><\/p>\r\n<p class=\"western\" align=\"justify\"><span style=\"color: #12212e;\"><span style=\"font-family: Arial, sans-serif;\">\u00a0<\/span><\/span><\/p>\r\n<a class=\"maxbutton-24 maxbutton maxbutton-retour-t\" target=\"_blank\" title=\"&lt; RETOUR\" rel=\"noopener\" href=\"http:\/\/rawa-ruska-union-nationale.fr\/index.php\/temoignages\/\"><span class='mb-text'>&lt; Retour<\/span><\/a>","protected":false},"excerpt":{"rendered":"<p>Andr\u00e9 SERVIERE Donn\u00e9es fournies par Dominique ColombierCote(s)SHD, Vincennes GR 16 P 546498SHD, Vincennes GR 16 P 546504Famille r\u00e9sistance d\u00e9port\u00e9s et intern\u00e9s de la r\u00e9sistance (DIR) \u00a0 N\u00e9 le 03-07-1918 \u00e0 Paris 14e arrondissement (75 &#8211; Paris (ex Seine), France) \u00a0 \u00a0<\/p>\n","protected":false},"author":1,"featured_media":0,"parent":0,"menu_order":46,"comment_status":"closed","ping_status":"closed","template":"","meta":{"_bbp_topic_count":0,"_bbp_reply_count":0,"_bbp_total_topic_count":0,"_bbp_total_reply_count":0,"_bbp_voice_count":0,"_bbp_anonymous_reply_count":0,"_bbp_topic_count_hidden":0,"_bbp_reply_count_hidden":0,"_bbp_forum_subforum_count":0,"_crdt_document":"","two_page_speed":[],"footnotes":""},"class_list":["post-1145","page","type-page","status-publish","hentry"],"_links":{"self":[{"href":"https:\/\/rawa-ruska-union-nationale.fr\/index.php\/wp-json\/wp\/v2\/pages\/1145","targetHints":{"allow":["GET"]}}],"collection":[{"href":"https:\/\/rawa-ruska-union-nationale.fr\/index.php\/wp-json\/wp\/v2\/pages"}],"about":[{"href":"https:\/\/rawa-ruska-union-nationale.fr\/index.php\/wp-json\/wp\/v2\/types\/page"}],"author":[{"embeddable":true,"href":"https:\/\/rawa-ruska-union-nationale.fr\/index.php\/wp-json\/wp\/v2\/users\/1"}],"replies":[{"embeddable":true,"href":"https:\/\/rawa-ruska-union-nationale.fr\/index.php\/wp-json\/wp\/v2\/comments?post=1145"}],"version-history":[{"count":3,"href":"https:\/\/rawa-ruska-union-nationale.fr\/index.php\/wp-json\/wp\/v2\/pages\/1145\/revisions"}],"predecessor-version":[{"id":1236,"href":"https:\/\/rawa-ruska-union-nationale.fr\/index.php\/wp-json\/wp\/v2\/pages\/1145\/revisions\/1236"}],"wp:attachment":[{"href":"https:\/\/rawa-ruska-union-nationale.fr\/index.php\/wp-json\/wp\/v2\/media?parent=1145"}],"curies":[{"name":"wp","href":"https:\/\/api.w.org\/{rel}","templated":true}]}}