{"id":1147,"date":"2020-03-01T19:20:35","date_gmt":"2020-03-01T18:20:35","guid":{"rendered":"http:\/\/rawa-ruska-union-nationale.fr\/?page_id=1147"},"modified":"2023-11-22T22:09:13","modified_gmt":"2023-11-22T21:09:13","slug":"t-vieu","status":"publish","type":"page","link":"https:\/\/rawa-ruska-union-nationale.fr\/index.php\/t-vieu\/","title":{"rendered":"Documents Vieu"},"content":{"rendered":"<h4 class=\"western\" align=\"center\"><span style=\"color: #004494;\"><span style=\"font-family: Arial, sans-serif;\"><span style=\"font-size: medium;\">Raymond VIEU<\/span><\/span><\/span><\/h4>\n<p style=\"text-align: right;\" align=\"justify\"><i>Donn\u00e9es fournies par Dominique Colombier<br \/>\n<\/i><\/p>\n<p class=\"western\" style=\"text-align: right;\" align=\"justify\"><em>Famille r\u00e9sistance d\u00e9port\u00e9s et intern\u00e9s de la r\u00e9sistance (DIR)<\/em><br \/>\n<em>Statut intern\u00e9 r\u00e9sistant<\/em><br \/>\n<em>Cote(s)<\/em><br \/>\n<em>SHD Vincennes GR 16 P 593634<\/em><br \/>\n<em>SHD Caen SHD\/ AC 21 P 688578<\/em><i>\u00a0<\/i><\/p>\n<p style=\"text-align: right;\" align=\"justify\"><i>Voir ses r\u00e9cits d\u2019\u00e9vasion dans l\u2019Envols n\u00b0 291 \u2013 1er semestre 2017<\/i><\/p>\n<h4 class=\"western\" align=\"justify\"><span style=\"color: #32414d;\"><span style=\"font-family: Arial, sans-serif;\">N\u00e9 le14-01-1921 \u00e0 Narbonne (11 &#8211; Aude, France)<\/span><\/span><\/h4>\n<p class=\"western\" align=\"justify\"><span style=\"font-family: Arial, sans-serif;\"><u>Donn\u00e9es militaires<br \/>\n<\/u><\/span><span style=\"font-family: Arial, sans-serif;\">Certification de validation des services n\u00b0 54357 du 23\/06\/1977<br \/>\n<\/span><span style=\"font-family: Arial, sans-serif;\">Carte d\u2019intern\u00e9 r\u00e9sistant n\u00b0 121231894 du 14\/11\/1961<br \/>\n<\/span><span style=\"font-family: Arial, sans-serif;\">Intern\u00e9 du 10\/05\/1943 au 06\/04\/1944<\/span><\/p>\n<p class=\"western\" align=\"justify\"><span style=\"font-family: Arial, sans-serif;\">classe 1941, recrut\u00e9 \u00e0 Toulouse, 10<\/span><sup><span style=\"font-family: Arial, sans-serif;\">\u00e8me <\/span><\/sup><span style=\"font-family: Arial, sans-serif;\"> RACT<br \/>\n<\/span><span style=\"font-family: Arial, sans-serif;\">Engag\u00e9 volontaire pour 5 ans au 10<\/span><sup><span style=\"font-family: Arial, sans-serif;\">\u00e8me<\/span><\/sup><span style=\"font-family: Arial, sans-serif;\"> R\u00e9giment d\u2019Artillerie Coloniale le 03\/07\/1939<br \/>\n<\/span><span style=\"font-family: Arial, sans-serif;\">CD 02\/09\/39 au 30\/06\/1940<br \/>\n<\/span><span style=\"font-family: Arial, sans-serif;\">CS du 21\/06\/1940 au 27\/05\/1945<\/span><\/p>\n<p class=\"western\" align=\"justify\"><span style=\"font-family: Arial, sans-serif;\"><u>R\u00e9sum\u00e9 de l\u2019activit\u00e9 militaire du 10\/06\/1940 \u00e0 la date d\u2019arrestation<\/u><\/span><\/p>\n<p class=\"western\" align=\"justify\"><span style=\"font-family: Arial, sans-serif;\">Retour <\/span><span style=\"color: #ff0000;\"><span style=\"font-family: Arial, sans-serif;\">d<\/span><\/span><span style=\"font-family: Arial, sans-serif;\">\u2019exp\u00e9dition de Norv\u00e8ge au sein du 2<\/span><sup><span style=\"font-family: Arial, sans-serif;\">\u00e8me<\/span><\/sup><span style=\"font-family: Arial, sans-serif;\"> GAAC (corps extrait du 10<\/span><sup><span style=\"font-family: Arial, sans-serif;\">\u00e8me<\/span><\/sup><span style=\"font-family: Arial, sans-serif;\"> RACT) d\u00e9barqu\u00e9 \u00e0 Brest le 18\/06\/1940,<\/span> <span style=\"font-family: Arial, sans-serif;\">fait prisonnier \u00e0 Pleneuf le 21\/06\/1940<\/span><\/p>\n<p class=\"western\" align=\"justify\"><span style=\"font-family: Arial, sans-serif;\">Transfert \u00e0 Co\u00ebtquidan et Compi\u00e8gne matricule 47245 fin juin 1940 au 08\/01\/1941<\/span><\/p>\n<p class=\"western\" align=\"justify\"><span style=\"font-family: Arial, sans-serif;\">D\u00e9port\u00e9 en Allemagne et intern\u00e9 \u00e0 Lemberg (stalag XIIA) le 12\/01\/1941<\/span><\/p>\n<p class=\"western\" align=\"justify\"><span style=\"font-family: Arial, sans-serif;\">1<\/span><sup><span style=\"font-family: Arial, sans-serif;\">\u00e8re<\/span><\/sup><span style=\"font-family: Arial, sans-serif;\"> \u00e9vasion le 29\/03\/1942<\/span>, <span style=\"font-family: Arial, sans-serif;\">2<\/span><sup><span style=\"font-family: Arial, sans-serif;\">\u00e8me<\/span><\/sup><span style=\"font-family: Arial, sans-serif;\"> \u00e9vasion le 6\/09\/1942<\/span>, <span style=\"font-family: Arial, sans-serif;\">3<\/span><sup><span style=\"font-family: Arial, sans-serif;\">\u00e8me<\/span><\/sup><span style=\"font-family: Arial, sans-serif;\"> \u00e9vasion le 28\/11\/1942<\/span><\/p>\n<p class=\"western\" align=\"justify\"><span style=\"font-family: Arial, sans-serif;\">Stalag XIIA \u00e9vad\u00e9 le 28\/11\/1942 d\u2019une corv\u00e9e en dehors du camp, puis, refus de travail, sabotages, repris et transf\u00e9r\u00e9 et de ce fait d\u00e9port\u00e9 \u00e0 Lemberg (sous stalag RAWA-RUSKA) le 16\/05\/1943<\/span><\/p>\n<p class=\"western\" align=\"justify\"><span style=\"font-family: Arial, sans-serif;\">Retour Allemagne en mars 1944<\/span>, <span style=\"font-family: Arial, sans-serif;\">dirig\u00e9 vers Bad-Freienwalde-sur-Oder<br \/>\n<\/span><span style=\"font-family: Arial, sans-serif;\">4<\/span><sup><span style=\"font-family: Arial, sans-serif;\">\u00e8me<\/span><\/sup><span style=\"font-family: Arial, sans-serif;\"> \u00e9vasion le 05\/11\/1944<br \/>\n<\/span><span style=\"font-family: Arial, sans-serif;\">Repris en territoire danois le 28 ou 29 \/12\/1944<\/span>, <span style=\"font-family: Arial, sans-serif;\">intern\u00e9 au stalag XA le 02\/12\/1944 sous le n\u00b047245 <\/span><\/p>\n<p class=\"western\" align=\"justify\"><span style=\"font-family: Arial, sans-serif;\">Rapatri\u00e9 le 28\/05\/1944<br \/>\n<\/span><span style=\"font-family: Arial, sans-serif;\">D\u00e9mobilis\u00e9 par le centre de d\u00e9mobilisation de Carcassonne le 05\/07\/1945<br \/>\n<\/span><span style=\"font-family: Arial, sans-serif;\">Ray\u00e9 des contr\u00f4les de l\u2019arm\u00e9e active le 27\/06\/1945<\/span><\/p>\n<p class=\"western\" align=\"justify\"><span style=\"color: #12212e;\"><span style=\"font-family: Arial, sans-serif;\"><u>Citations<\/u><\/span><\/span><span style=\"color: #12212e;\"><span style=\"font-family: Arial, sans-serif;\">\u00a0: m\u00e9daille comm\u00e9morative fran\u00e7aise de la guerre 39\/45 avec barrettes BK () et France (pour les op\u00e9rations entre le 3 septembre 1939 et le 25 juin 1940) d\u00e9cret n\u00b0 46\u00a0127 du 21\/05\/1946 et n\u00b0 53740 du 11\/08\/1952.<\/span><\/span><\/p>\n<p class=\"western\" align=\"justify\"><span style=\"font-family: Arial, sans-serif;\">Raymond a fait carri\u00e8re \u00e0 la SNCF jusqu\u2019en 1976<\/span><\/p>\n","protected":false},"excerpt":{"rendered":"<p>Raymond VIEU Donn\u00e9es fournies par Dominique Colombier Famille r\u00e9sistance d\u00e9port\u00e9s et intern\u00e9s de la r\u00e9sistance (DIR) Statut intern\u00e9 r\u00e9sistant Cote(s) SHD Vincennes GR 16 P 593634 SHD Caen SHD\/ AC 21 P 688578\u00a0 Voir ses r\u00e9cits d\u2019\u00e9vasion dans l\u2019Envols n\u00b0 291 \u2013 1er semestre 2017 N\u00e9 le14-01-1921 \u00e0 Narbonne (11 &#8211; Aude, France) Donn\u00e9es militaires &hellip; <\/p>\n<p class=\"link-more\"><a href=\"https:\/\/rawa-ruska-union-nationale.fr\/index.php\/t-vieu\/\" class=\"more-link\">Continuer la lecture<span class=\"screen-reader-text\"> de &laquo;&nbsp;Documents Vieu&nbsp;&raquo;<\/span><\/a><\/p>\n","protected":false},"author":1,"featured_media":0,"parent":0,"menu_order":47,"comment_status":"closed","ping_status":"closed","template":"","meta":{"_bbp_topic_count":0,"_bbp_reply_count":0,"_bbp_total_topic_count":0,"_bbp_total_reply_count":0,"_bbp_voice_count":0,"_bbp_anonymous_reply_count":0,"_bbp_topic_count_hidden":0,"_bbp_reply_count_hidden":0,"_bbp_forum_subforum_count":0,"_crdt_document":"","two_page_speed":[],"footnotes":""},"class_list":["post-1147","page","type-page","status-publish","hentry"],"_links":{"self":[{"href":"https:\/\/rawa-ruska-union-nationale.fr\/index.php\/wp-json\/wp\/v2\/pages\/1147","targetHints":{"allow":["GET"]}}],"collection":[{"href":"https:\/\/rawa-ruska-union-nationale.fr\/index.php\/wp-json\/wp\/v2\/pages"}],"about":[{"href":"https:\/\/rawa-ruska-union-nationale.fr\/index.php\/wp-json\/wp\/v2\/types\/page"}],"author":[{"embeddable":true,"href":"https:\/\/rawa-ruska-union-nationale.fr\/index.php\/wp-json\/wp\/v2\/users\/1"}],"replies":[{"embeddable":true,"href":"https:\/\/rawa-ruska-union-nationale.fr\/index.php\/wp-json\/wp\/v2\/comments?post=1147"}],"version-history":[{"count":6,"href":"https:\/\/rawa-ruska-union-nationale.fr\/index.php\/wp-json\/wp\/v2\/pages\/1147\/revisions"}],"predecessor-version":[{"id":8126,"href":"https:\/\/rawa-ruska-union-nationale.fr\/index.php\/wp-json\/wp\/v2\/pages\/1147\/revisions\/8126"}],"wp:attachment":[{"href":"https:\/\/rawa-ruska-union-nationale.fr\/index.php\/wp-json\/wp\/v2\/media?parent=1147"}],"curies":[{"name":"wp","href":"https:\/\/api.w.org\/{rel}","templated":true}]}}