{"id":1241,"date":"2020-03-02T16:32:33","date_gmt":"2020-03-02T15:32:33","guid":{"rendered":"http:\/\/rawa-ruska-union-nationale.fr\/?page_id=1241"},"modified":"2025-11-17T22:21:07","modified_gmt":"2025-11-17T21:21:07","slug":"envols","status":"publish","type":"page","link":"https:\/\/rawa-ruska-union-nationale.fr\/index.php\/envols\/","title":{"rendered":"Envols"},"content":{"rendered":"\r\n<p class=\"has-text-align-center wp-block-paragraph\"><em><strong>Feuilletez les Envols<\/strong><\/em><br \/>(du 294 au 305)<\/p>\r\n\r\n\r\n<p><iframe loading=\"lazy\" src=\"\/\/v.calameo.com\/library\/?type=account&amp;id=6185231&amp;rows=1&amp;sortBy=latestPublished&amp;theme=wood&amp;bgColor=&amp;thumbSize=large&amp;showTitle=true&amp;showShadow=true&amp;showGloss=true&amp;showInfo=account&amp;linkTo=view&amp;linkTarget=_blank\" width=\"100%\" height=\"240\" frameborder=\"0\" allowfullscreen=\"allowfullscreen\"><\/iframe><\/p>\n\r\n\r\n\r\n<p class=\"wp-block-paragraph\">&nbsp;<\/p>\r\n\r\n\r\n\r\n<p class=\"wp-block-paragraph\">&nbsp;<\/p>\r\n\r\n\r\n\r\n<p class=\"wp-block-paragraph\">&nbsp;<\/p>\r\n\r\n\r\n\r\n<p class=\"has-text-align-center wp-block-paragraph\"><strong><em>Extraits d&#8217;Envols publi\u00e9s pour l&#8217;anniversaire des 42 &#8211; 82<\/em><\/strong><\/p>\r\n\r\n\r\n\r\n<p class=\"has-text-align-center wp-block-paragraph\">Rapport Nuremberg<\/p>\r\n\r\n\r\n<a href=\"https:\/\/rawa-ruska-union-nationale.fr\/wp-content\/uploads\/2020\/04\/Rapport_nuremberg.pdf\" class=\"pdfemb-viewer\" style=\"\" data-width=\"max\" data-height=\"max\" data-toolbar=\"both\" data-toolbar-fixed=\"on\">Rapport_nuremberg<\/a>\r\n<p class=\"wp-block-pdfemb-pdf-embedder-viewer\">\u00a0<\/p>\r\n\r\n\r\n\r\n<p class=\"has-text-align-center wp-block-paragraph\">Rapport sovi\u00e9tique<\/p>\r\n\r\n\r\n<a href=\"https:\/\/rawa-ruska-union-nationale.fr\/wp-content\/uploads\/2020\/04\/rapport_sovietique.pdf\" class=\"pdfemb-viewer\" style=\"\" data-width=\"max\" data-height=\"max\" data-toolbar=\"both\" data-toolbar-fixed=\"on\">rapport_sovietique<\/a>\r\n<p class=\"wp-block-pdfemb-pdf-embedder-viewer\">\u00a0<\/p>\r\n\r\n\r\n\r\n<p class=\"has-text-align-center wp-block-paragraph\">Couverture du num\u00e9ro 42 &#8211; 82<\/p>\r\n\r\n\r\n<a href=\"https:\/\/rawa-ruska-union-nationale.fr\/wp-content\/uploads\/2020\/04\/histoire_1_2.pdf\" class=\"pdfemb-viewer\" style=\"\" data-width=\"max\" data-height=\"max\" data-toolbar=\"both\" data-toolbar-fixed=\"on\">histoire_1_2<\/a>\r\n<p class=\"wp-block-pdfemb-pdf-embedder-viewer\">\u00a0<\/p>\r\n\r\n\r\n\r\n<p class=\"has-text-align-center wp-block-paragraph\">Suite de l&#8217;histoire de Rawa reprise dans ce num\u00e9ro<\/p>\r\n\r\n\r\n<a href=\"https:\/\/rawa-ruska-union-nationale.fr\/wp-content\/uploads\/2020\/04\/histoire_suite.pdf\" class=\"pdfemb-viewer\" style=\"\" data-width=\"max\" data-height=\"max\" data-toolbar=\"both\" data-toolbar-fixed=\"on\">histoire_suite<\/a>\r\n<p class=\"wp-block-pdfemb-pdf-embedder-viewer\">\u00a0<\/p>\r\n\r\n\r\n\r\n<p class=\"has-text-align-center wp-block-paragraph\">Aspects m\u00e9dicaux, artistiques&#8230;<\/p>\r\n\r\n\r\n<a href=\"https:\/\/rawa-ruska-union-nationale.fr\/wp-content\/uploads\/2020\/04\/Autre_art.pdf\" class=\"pdfemb-viewer\" style=\"\" data-width=\"max\" data-height=\"max\" data-toolbar=\"both\" data-toolbar-fixed=\"on\">Autre_art<\/a>\r\n<p class=\"wp-block-pdfemb-pdf-embedder-viewer\">\u00a0<\/p>\r\n","protected":false},"excerpt":{"rendered":"<p>Feuilletez les Envols(du 294 au 305) &nbsp; &nbsp; &nbsp; Extraits d&#8217;Envols publi\u00e9s pour l&#8217;anniversaire des 42 &#8211; 82 Rapport Nuremberg Rapport sovi\u00e9tique Couverture du num\u00e9ro 42 &#8211; 82 Suite de l&#8217;histoire de Rawa reprise dans ce num\u00e9ro Aspects m\u00e9dicaux, artistiques&#8230;<\/p>\n","protected":false},"author":1,"featured_media":0,"parent":0,"menu_order":37,"comment_status":"closed","ping_status":"closed","template":"","meta":{"_bbp_topic_count":0,"_bbp_reply_count":0,"_bbp_total_topic_count":0,"_bbp_total_reply_count":0,"_bbp_voice_count":0,"_bbp_anonymous_reply_count":0,"_bbp_topic_count_hidden":0,"_bbp_reply_count_hidden":0,"_bbp_forum_subforum_count":0,"_crdt_document":"","two_page_speed":[],"footnotes":""},"class_list":["post-1241","page","type-page","status-publish","hentry"],"_links":{"self":[{"href":"https:\/\/rawa-ruska-union-nationale.fr\/index.php\/wp-json\/wp\/v2\/pages\/1241","targetHints":{"allow":["GET"]}}],"collection":[{"href":"https:\/\/rawa-ruska-union-nationale.fr\/index.php\/wp-json\/wp\/v2\/pages"}],"about":[{"href":"https:\/\/rawa-ruska-union-nationale.fr\/index.php\/wp-json\/wp\/v2\/types\/page"}],"author":[{"embeddable":true,"href":"https:\/\/rawa-ruska-union-nationale.fr\/index.php\/wp-json\/wp\/v2\/users\/1"}],"replies":[{"embeddable":true,"href":"https:\/\/rawa-ruska-union-nationale.fr\/index.php\/wp-json\/wp\/v2\/comments?post=1241"}],"version-history":[{"count":77,"href":"https:\/\/rawa-ruska-union-nationale.fr\/index.php\/wp-json\/wp\/v2\/pages\/1241\/revisions"}],"predecessor-version":[{"id":9805,"href":"https:\/\/rawa-ruska-union-nationale.fr\/index.php\/wp-json\/wp\/v2\/pages\/1241\/revisions\/9805"}],"wp:attachment":[{"href":"https:\/\/rawa-ruska-union-nationale.fr\/index.php\/wp-json\/wp\/v2\/media?parent=1241"}],"curies":[{"name":"wp","href":"https:\/\/api.w.org\/{rel}","templated":true}]}}