{"id":1256,"date":"2020-03-03T15:13:32","date_gmt":"2020-03-03T14:13:32","guid":{"rendered":"http:\/\/rawa-ruska-union-nationale.fr\/?page_id=1256"},"modified":"2023-01-16T21:38:59","modified_gmt":"2023-01-16T20:38:59","slug":"groupe-recherche","status":"publish","type":"page","link":"https:\/\/rawa-ruska-union-nationale.fr\/index.php\/groupe-recherche\/","title":{"rendered":"Questions d&#8217;histoire"},"content":{"rendered":"\r\n<p class=\"wp-block-paragraph\">Cette rubrique est \u00e0 votre disposition. Elle proposera r\u00e9guli\u00e8rement des articles int\u00e9ressants du point de vue de l&#8217;histoire. L&#8217;objectif est d&#8217;intialiser des commentaires, des discussions et pourquoi pas amener d&#8217;autres contenus. Bref fournir de la mati\u00e8re sur des questions pour lesquelles les donn\u00e9es manquent.<\/p>\r\n\r\n\r\n\r\n<h3 class=\"has-text-align-center\"><strong><em>Origines juridiques du statut d&#8217;intern\u00e9-r\u00e9sistant<\/em><\/strong><br \/>publi\u00e9 le 31\/08\/2020<\/h3>\r\n\r\n\r\n\r\n<p class=\"wp-block-paragraph\"><\/p>\r\n\r\n\r\n\r\n<p class=\"wp-block-paragraph\">&nbsp;<\/p>\r\n\r\n\r\n\r\n<h3 class=\"has-text-align-center\"><strong><em>\u00c9volutions historiques de l&#8217;Union Nationale de Rawa-Ruska<\/em><\/strong><br \/>publi\u00e9 le 31\/08\/2020<\/h3>\r\n<p class=\"wp-block-paragraph\"><\/p>\r\n<h3 style=\"text-align: left;\"><strong><em>\u00c9volutions de l&#8217;Union nationale &#8211; revue des JO<\/em><\/strong><\/h3>\r\n\r\n<p>&nbsp;<\/p>\r\n<p class=\"has-text-align-center\">\r\n\r\n<\/p>\r\n<p class=\"wp-block-paragraph\">&nbsp;<\/p>\r\n<p class=\"has-text-align-center\"><\/p>\r\n<p>&nbsp;<\/p>","protected":false},"excerpt":{"rendered":"<p>Cette rubrique est \u00e0 votre disposition. Elle proposera r\u00e9guli\u00e8rement des articles int\u00e9ressants du point de vue de l&#8217;histoire. L&#8217;objectif est d&#8217;intialiser des commentaires, des discussions et pourquoi pas amener d&#8217;autres contenus. Bref fournir de la mati\u00e8re sur des questions pour lesquelles les donn\u00e9es manquent. Origines juridiques du statut d&#8217;intern\u00e9-r\u00e9sistantpubli\u00e9 le 31\/08\/2020 &nbsp; \u00c9volutions historiques de &hellip; <\/p>\n<p class=\"link-more\"><a href=\"https:\/\/rawa-ruska-union-nationale.fr\/index.php\/groupe-recherche\/\" class=\"more-link\">Continuer la lecture<span class=\"screen-reader-text\"> de &laquo;&nbsp;Questions d&#8217;histoire&nbsp;&raquo;<\/span><\/a><\/p>\n","protected":false},"author":1,"featured_media":0,"parent":0,"menu_order":35,"comment_status":"closed","ping_status":"closed","template":"","meta":{"_bbp_topic_count":0,"_bbp_reply_count":0,"_bbp_total_topic_count":0,"_bbp_total_reply_count":0,"_bbp_voice_count":0,"_bbp_anonymous_reply_count":0,"_bbp_topic_count_hidden":0,"_bbp_reply_count_hidden":0,"_bbp_forum_subforum_count":0,"_crdt_document":"","two_page_speed":[],"footnotes":""},"class_list":["post-1256","page","type-page","status-publish","hentry"],"_links":{"self":[{"href":"https:\/\/rawa-ruska-union-nationale.fr\/index.php\/wp-json\/wp\/v2\/pages\/1256","targetHints":{"allow":["GET"]}}],"collection":[{"href":"https:\/\/rawa-ruska-union-nationale.fr\/index.php\/wp-json\/wp\/v2\/pages"}],"about":[{"href":"https:\/\/rawa-ruska-union-nationale.fr\/index.php\/wp-json\/wp\/v2\/types\/page"}],"author":[{"embeddable":true,"href":"https:\/\/rawa-ruska-union-nationale.fr\/index.php\/wp-json\/wp\/v2\/users\/1"}],"replies":[{"embeddable":true,"href":"https:\/\/rawa-ruska-union-nationale.fr\/index.php\/wp-json\/wp\/v2\/comments?post=1256"}],"version-history":[{"count":23,"href":"https:\/\/rawa-ruska-union-nationale.fr\/index.php\/wp-json\/wp\/v2\/pages\/1256\/revisions"}],"predecessor-version":[{"id":3263,"href":"https:\/\/rawa-ruska-union-nationale.fr\/index.php\/wp-json\/wp\/v2\/pages\/1256\/revisions\/3263"}],"wp:attachment":[{"href":"https:\/\/rawa-ruska-union-nationale.fr\/index.php\/wp-json\/wp\/v2\/media?parent=1256"}],"curies":[{"name":"wp","href":"https:\/\/api.w.org\/{rel}","templated":true}]}}