{"id":1273,"date":"2020-03-03T15:38:06","date_gmt":"2020-03-03T14:38:06","guid":{"rendered":"http:\/\/rawa-ruska-union-nationale.fr\/?page_id=1273"},"modified":"2026-03-20T19:31:15","modified_gmt":"2026-03-20T18:31:15","slug":"livres-temoignages-des-anciens","status":"publish","type":"page","link":"https:\/\/rawa-ruska-union-nationale.fr\/index.php\/livres-temoignages-des-anciens\/","title":{"rendered":"T\u00e9moignages sur nos &#8220;Anciens&#8221;"},"content":{"rendered":"\r\n<p class=\"has-text-align-center wp-block-paragraph\">Daniel Bilalian, auteur du livre &#8220;Le camp de la goutte d&#8217;eau&#8221;,  est mort le 14 mai 2025 \u00e0 son domicile de Neuilly-sur-Seine (Hauts-de-Seine). Il avait 78 ans.<\/p>\r\n\r\n\r\n\r\n<p class=\"has-text-align-center wp-block-paragraph\">Ci-dessous : interview  datant de 2018 au moment de la r\u00e9\u00e9dition de son livre<br><em>(mis en ligne 3 novembre 2020)<\/em><\/p>\r\n\r\n\r\n\r\n<figure class=\"wp-block-embed is-type-video is-provider-youtube wp-block-embed-youtube wp-embed-aspect-16-9 wp-has-aspect-ratio\"><div class=\"wp-block-embed__wrapper\">\r\n<iframe loading=\"lazy\" title=\"L&#039;invit\u00e9e du 12\/13 Daniel Bilalian  sur RCJ\" width=\"525\" height=\"295\" src=\"https:\/\/www.youtube.com\/embed\/QkWZ3YA516E?feature=oembed\" frameborder=\"0\" allow=\"accelerometer; autoplay; clipboard-write; encrypted-media; gyroscope; picture-in-picture; web-share\" referrerpolicy=\"strict-origin-when-cross-origin\" allowfullscreen><\/iframe>\r\n<\/div><\/figure>\r\n\r\n\r\n<h3 style=\"text-align: center;\">Livres publi\u00e9s sur nos &#8220;Anciens&#8221;<\/h3>\r\n<p>Class\u00e9s par date de r\u00e9ception (les plus r\u00e9cemment re\u00e7us en premiers)<\/p>\r\n<p><strong>DALISSON R\u00e9mi<\/strong><\/p>\r\n\r\n<p><strong>TARDIF Patrick<\/strong><\/p>\r\n<p style=\"text-align: center;\"><\/p>\r\n\r\n<p><strong>HELBERT Jean Pierre<\/strong><\/p>\r\n<a href=\"https:\/\/rawa-ruska-union-nationale.fr\/wp-content\/uploads\/2024\/06\/diapo_Helbert.pdf\" class=\"pdfemb-viewer\" style=\"\" data-width=\"max\" data-height=\"max\" data-toolbar=\"both\" data-toolbar-fixed=\"on\">diapo_Helbert<\/a>\r\n<p><strong>ZACHARIE\u00a0 Albert<\/strong> <img loading=\"lazy\" decoding=\"async\" class=\"size-medium wp-image-8281 aligncenter\" src=\"https:\/\/rawa-ruska-union-nationale.fr\/wp-content\/uploads\/2024\/01\/Zacharie-couverture-196x300.jpg\" alt=\"\" width=\"196\" height=\"300\" srcset=\"https:\/\/rawa-ruska-union-nationale.fr\/wp-content\/uploads\/2024\/01\/Zacharie-couverture-196x300.jpg 196w, https:\/\/rawa-ruska-union-nationale.fr\/wp-content\/uploads\/2024\/01\/Zacharie-couverture-668x1024.jpg 668w, https:\/\/rawa-ruska-union-nationale.fr\/wp-content\/uploads\/2024\/01\/Zacharie-couverture-768x1177.jpg 768w, https:\/\/rawa-ruska-union-nationale.fr\/wp-content\/uploads\/2024\/01\/Zacharie-couverture-1002x1536.jpg 1002w, https:\/\/rawa-ruska-union-nationale.fr\/wp-content\/uploads\/2024\/01\/Zacharie-couverture-1336x2048.jpg 1336w, https:\/\/rawa-ruska-union-nationale.fr\/wp-content\/uploads\/2024\/01\/Zacharie-couverture-392x600.jpg 392w, https:\/\/rawa-ruska-union-nationale.fr\/wp-content\/uploads\/2024\/01\/Zacharie-couverture-scaled.jpg 1671w\" sizes=\"auto, (max-width: 196px) 100vw, 196px\" \/><\/p>\r\n<p><strong>FRISON Danielle<\/strong><\/p>\r\n<p style=\"text-align: center;\"><a href=\"https:\/\/rawa-ruska-union-nationale.fr\/wp-content\/uploads\/2020\/04\/Daniele_Frison.pdf\" class=\"pdfemb-viewer\" style=\"\" data-width=\"max\" data-height=\"max\" data-toolbar=\"both\" data-toolbar-fixed=\"on\">Daniele_Frison<\/a><\/p>\r\n<p><strong>VINCENT Catherine<\/strong><\/p>\r\n<p style=\"text-align: center;\"><a href=\"https:\/\/rawa-ruska-union-nationale.fr\/wp-content\/uploads\/2020\/12\/ma_guerre.pdf\" class=\"pdfemb-viewer\" style=\"\" data-width=\"max\" data-height=\"max\" data-toolbar=\"both\" data-toolbar-fixed=\"on\">ma_guerre<\/a><\/p>\r\n<p><strong>LIMOUSIN Bruno<\/strong><\/p>\r\n<a href=\"https:\/\/rawa-ruska-union-nationale.fr\/wp-content\/uploads\/2021\/10\/Bruno-Limousin.pdf\" class=\"pdfemb-viewer\" style=\"\" data-width=\"max\" data-height=\"max\" data-toolbar=\"both\" data-toolbar-fixed=\"on\">Bruno Limousin<\/a>\r\n<p style=\"text-align: center;\"><\/p>","protected":false},"excerpt":{"rendered":"<p>Daniel Bilalian, auteur du livre &#8220;Le camp de la goutte d&#8217;eau&#8221;, est mort le 14 mai 2025 \u00e0 son domicile de Neuilly-sur-Seine (Hauts-de-Seine). Il avait 78 ans. Ci-dessous : interview datant de 2018 au moment de la r\u00e9\u00e9dition de son livre(mis en ligne 3 novembre 2020) Livres publi\u00e9s sur nos &#8220;Anciens&#8221; Class\u00e9s par date de &hellip; <\/p>\n<p class=\"link-more\"><a href=\"https:\/\/rawa-ruska-union-nationale.fr\/index.php\/livres-temoignages-des-anciens\/\" class=\"more-link\">Continuer la lecture<span class=\"screen-reader-text\"> de &laquo;&nbsp;T\u00e9moignages sur nos &#8220;Anciens&#8221;&nbsp;&raquo;<\/span><\/a><\/p>\n","protected":false},"author":1,"featured_media":0,"parent":0,"menu_order":31,"comment_status":"closed","ping_status":"closed","template":"","meta":{"_bbp_topic_count":0,"_bbp_reply_count":0,"_bbp_total_topic_count":0,"_bbp_total_reply_count":0,"_bbp_voice_count":0,"_bbp_anonymous_reply_count":0,"_bbp_topic_count_hidden":0,"_bbp_reply_count_hidden":0,"_bbp_forum_subforum_count":0,"_crdt_document":"","two_page_speed":[],"footnotes":""},"class_list":["post-1273","page","type-page","status-publish","hentry"],"_links":{"self":[{"href":"https:\/\/rawa-ruska-union-nationale.fr\/index.php\/wp-json\/wp\/v2\/pages\/1273","targetHints":{"allow":["GET"]}}],"collection":[{"href":"https:\/\/rawa-ruska-union-nationale.fr\/index.php\/wp-json\/wp\/v2\/pages"}],"about":[{"href":"https:\/\/rawa-ruska-union-nationale.fr\/index.php\/wp-json\/wp\/v2\/types\/page"}],"author":[{"embeddable":true,"href":"https:\/\/rawa-ruska-union-nationale.fr\/index.php\/wp-json\/wp\/v2\/users\/1"}],"replies":[{"embeddable":true,"href":"https:\/\/rawa-ruska-union-nationale.fr\/index.php\/wp-json\/wp\/v2\/comments?post=1273"}],"version-history":[{"count":75,"href":"https:\/\/rawa-ruska-union-nationale.fr\/index.php\/wp-json\/wp\/v2\/pages\/1273\/revisions"}],"predecessor-version":[{"id":10328,"href":"https:\/\/rawa-ruska-union-nationale.fr\/index.php\/wp-json\/wp\/v2\/pages\/1273\/revisions\/10328"}],"wp:attachment":[{"href":"https:\/\/rawa-ruska-union-nationale.fr\/index.php\/wp-json\/wp\/v2\/media?parent=1273"}],"curies":[{"name":"wp","href":"https:\/\/api.w.org\/{rel}","templated":true}]}}