{"id":1299,"date":"2020-03-08T19:04:02","date_gmt":"2020-03-08T18:04:02","guid":{"rendered":"http:\/\/rawa-ruska-union-nationale.fr\/?page_id=1299"},"modified":"2025-08-07T09:07:16","modified_gmt":"2025-08-07T07:07:16","slug":"anciens-existants","status":"publish","type":"page","link":"https:\/\/rawa-ruska-union-nationale.fr\/index.php\/anciens-existants\/","title":{"rendered":"Notre dernier ancien"},"content":{"rendered":"\r\n<h2 class=\"wp-block-heading has-text-align-center\" style=\"text-align: center;\"><strong>\u00a0D\u00e9c\u00e8s d&#8217;Alexandre MONTELLIMARD &#8211; 18 avril 2025<\/strong><\/h2>\r\n<p class=\"wp-block-heading has-text-align-center\" style=\"text-align: left;\"><em>D<\/em><em>e<\/em><em> G\u00e9rard Val\u00e8re<\/em><\/p>\r\n\r\n\r\n\r\n\r\n\r\n<p class=\"is-layout-flow wp-block-quote-is-layout-flow\"> J&#8217;ai le regret de vous informer qu&#8217;Alexandre Montellimard, qui \u00e9tait le seul survivant connu du camp de Rawa-Ruska est d\u00e9c\u00e9d\u00e9 la nuit pass\u00e9e.<br \/>Alexandre qui portait relativement bien ses 106 ans avait accept\u00e9 d&#8217;\u00eatre candidat pour repr\u00e9senter (accompagner par ses fils) le retour des prisonniers de Rawa-Ruska \u00e0 la c\u00e9r\u00e9monie du 8 mai prochain \u00e0 l&#8217;Arc de Triomphe. Sa candidature avait \u00e9t\u00e9 retenue et les contacts pris par le comit\u00e9 d&#8217;organisation pour organiser son transport sp\u00e9cial, son h\u00e9bergement et celui de ses accompagnants. Mais son \u00e9tat de sant\u00e9 qui s&#8217;\u00e9tait brusquement aggrav\u00e9 il y a une quinzaine de jours, avait contraint sa famille \u00e0 renoncer. A ses fils qui m&#8217;ont appel\u00e9, j&#8217;ai pr\u00e9sent\u00e9 les condol\u00e9ances de notre association.<br \/>Je vous invite \u00e0 avoir une pens\u00e9e pour lui pour le symbole qu&#8217;il \u00e9tait devenu pour notre Union Nationale au moment des ses fun\u00e9railles : vendredi 25 avril \u00e0 10h30.<br \/>Association Rh\u00f4ne-Alpes, Ain, Loire<\/p>\r\n<div class=\"wp-block-group\">\r\n<p class=\"wp-block-heading wp-block-paragraph\"><em>D<\/em><em>e<\/em><em> Philippe Cholet<br \/><br \/><\/em>Cette fois ci, c&#8217;est plus qu&#8217;une page qui se tourne mais un chapitre qui se cl\u00f4t, celui des anciens ayant \u00e9t\u00e9 dans ce camp. <br \/>A nous d\u00e9sormais de faire en sorte que le chapitre suivant concernant la m\u00e9moire de cette histoire soit \u00e0 la hauteur de ces hommes, de leurs engagements et de leurs actes.<br \/>Dans ce monde tumultueux o\u00f9 l&#8217;histoire certes ne se r\u00e9p\u00e8te pas mais b\u00e9gaie fortement, la soif de libert\u00e9 et l&#8217;esprit de r\u00e9sistance qui animaient les anciens doivent guider nos pas et nous obligent avec v\u00e9rit\u00e9 et d\u00e9termination.<br \/>Avec toutes les condol\u00e9ances de notre association Bourgogne Franche Comt\u00e9, \u00e0 sa famille.<\/p>\r\n<\/div>\r\n<p class=\"wp-block-heading\"><em>D&#8217;Alain Gimeno<\/em><\/p>\r\n<p>Sinc\u00e8res condol\u00e9ances de notre association Tarn, Tarn et Garonne, Haute-Garonne, Aude et Aveyron.<\/p>\r\n<p><em>De Chantal Martin<\/em><\/p>\r\n<p>Sinc\u00e8res condol\u00e9ances de l&#8217;Aquitaine. C\u2019est en effet une page qui se tourne.\u00a0 Amiti\u00e9s\u00a0<\/p>\r\n<p><em>D&#8217;Alain Delivert<\/em><\/p>\r\n<p>Sinc\u00e8res condol\u00e9ances de l\u2019association Auvergne. Amiti\u00e9s\u00a0<\/p>\r\n<p><em>De Monique Jehan<\/em><\/p>\r\n<div dir=\"auto\">Sinc\u00e8res\u00a0 condol\u00e9ances de notre association Seine-Maritime, Eure, Somme sa famille, ses amis.\u00a0<\/div>\r\n<div dir=\"auto\">Amicalement.\u00a0<\/div>\r\n<div dir=\"auto\">\u00a0<\/div>\r\n<div dir=\"auto\">\r\n<p><em>De Bernard Candelon<\/em><\/p>\r\n<\/div>\r\n<div dir=\"auto\">\r\n<p>Notre association. Lot-et-Garonne P\u00e9rigord Quercy se joint \u00e0 tous les descendants pour adresser ses plus sinc\u00e8res condol\u00e9ances \u00e0 la famille. Nous perdons avec Alexandre le dernier lien qui nous reliait de mani\u00e8re tangible \u00e0 nos Anciens et \u00e0 leur histoire. A nous de continuer \u00e0 porter cet h\u00e9ritage.<\/p>\r\n<\/div>\r\n<div dir=\"auto\">\r\n<p><em>De Karen Villaume<\/em><\/p>\r\n<\/div>\r\n<div dir=\"auto\">\r\n<div>Plus que jamais nous mesurons la perte du d\u00e9part d&#8217;un Ancien. C&#8217;est bien \u00e0 nous qu&#8217;il incombe de tout faire pour que la m\u00e9moire perdure, de transmettre aux plus jeunes g\u00e9n\u00e9rations le tr\u00e9sor irrempla\u00e7able des valeurs qui ont anim\u00e9 la r\u00e9sistance, l&#8217;amour de la vie et de la libert\u00e9.<br \/>Nous offrons toutes nos condol\u00e9ances \u00e0 sa famille, sommes de tout c\u0153ur \u00e0 vos c\u00f4t\u00e9s. Nous pensons \u00e0 vous et penserons particuli\u00e8rement \u00e0 Alexandre.<br \/>Association &#8220;Ceux de Rawa-Ruska &#8211; Paris, IdF&#8221;<\/div>\r\n<\/div>\r\n<h2 class=\"wp-block-table alignleft is-style-stripes\">\u00a0<\/h2>\r\n<figure class=\"wp-block-table alignleft is-style-stripes\">\r\n<table class=\"has-fixed-layout\">\r\n<thead>\r\n<tr>\r\n<th style=\"text-align: center;\">Photo<\/th>\r\n<th style=\"text-align: center;\">Etat civil\u00a0 &#8211; Donn\u00e9es militaires<\/th>\r\n<th style=\"text-align: center;\">Documents\u00a0\u00a0\u00a0\u00a0\u00a0\u00a0\u00a0\u00a0\u00a0\u00a0\u00a0\u00a0\u00a0\u00a0\u00a0\u00a0\u00a0\u00a0<\/th>\r\n<\/tr>\r\n<\/thead>\r\n<tbody>\r\n<tr>\r\n<td><img loading=\"lazy\" decoding=\"async\" class=\"aligncenter\" style=\"width: 120px;\" src=\"http:\/\/rawa-ruska-union-nationale.fr\/wp-content\/uploads\/2020\/03\/Montellimard.jpg\" alt=\"\" width=\"970\" height=\"1214\" \/><\/td>\r\n<td>\r\n<p><strong>MONTELLIMARD Alexandre<\/strong><br \/>n\u00e9 le 24 octobre 1920<br \/>106 ans<br \/>d\u00e9c\u00e9d\u00e9 le 18 avril 2025<br \/><br \/>Lemberg (stalag 328) : 12\/06\/43 &#8211; 28\/06\/43<br \/>Kobierzyn (stalag 369) : 29\/06\/43 &#8211; 6\/08\/44<\/p>\r\n<p>L\u00e9gion d&#8217;honneur<\/p>\r\n<\/td>\r\n<td style=\"text-align: center;\">\r\n<p><a href=\"https:\/\/rawa-ruska-union-nationale.fr\/index.php\/documents-montellimard-alexandre\/\">Lire +<\/a><\/p>\r\n<p><a href=\"http:\/\/rawa-ruska-union-nationale.fr\/index.php\/livres-temoignages-des-anciens\/\">Voir dans t\u00e9moignages d&#8217;anciens : &#8220;Prisonniers du grand Reich&#8221;<\/a><\/p>\r\n<p><a href=\"https:\/\/www.lacommere43.fr\/yssingeaux-les-sucs\/item\/60409-saint-maurice-de-lignon-105-ans-fetes-pour-le-doyen-de-l-ehpad.html\">Photos des 105 ans<\/a><\/p>\r\n<\/td>\r\n<\/tr>\r\n<\/tbody>\r\n<\/table>\r\n<\/figure>\r\n","protected":false},"excerpt":{"rendered":"<p>\u00a0D\u00e9c\u00e8s d&#8217;Alexandre MONTELLIMARD &#8211; 18 avril 2025 De G\u00e9rard Val\u00e8re J&#8217;ai le regret de vous informer qu&#8217;Alexandre Montellimard, qui \u00e9tait le seul survivant connu du camp de Rawa-Ruska est d\u00e9c\u00e9d\u00e9 la nuit pass\u00e9e.Alexandre qui portait relativement bien ses 106 ans avait accept\u00e9 d&#8217;\u00eatre candidat pour repr\u00e9senter (accompagner par ses fils) le retour des prisonniers de &hellip; <\/p>\n<p class=\"link-more\"><a href=\"https:\/\/rawa-ruska-union-nationale.fr\/index.php\/anciens-existants\/\" class=\"more-link\">Continuer la lecture<span class=\"screen-reader-text\"> de &laquo;&nbsp;Notre dernier ancien&nbsp;&raquo;<\/span><\/a><\/p>\n","protected":false},"author":1,"featured_media":0,"parent":0,"menu_order":29,"comment_status":"closed","ping_status":"closed","template":"","meta":{"_bbp_topic_count":0,"_bbp_reply_count":0,"_bbp_total_topic_count":0,"_bbp_total_reply_count":0,"_bbp_voice_count":0,"_bbp_anonymous_reply_count":0,"_bbp_topic_count_hidden":0,"_bbp_reply_count_hidden":0,"_bbp_forum_subforum_count":0,"_crdt_document":"","two_page_speed":[],"footnotes":""},"class_list":["post-1299","page","type-page","status-publish","hentry"],"_links":{"self":[{"href":"https:\/\/rawa-ruska-union-nationale.fr\/index.php\/wp-json\/wp\/v2\/pages\/1299","targetHints":{"allow":["GET"]}}],"collection":[{"href":"https:\/\/rawa-ruska-union-nationale.fr\/index.php\/wp-json\/wp\/v2\/pages"}],"about":[{"href":"https:\/\/rawa-ruska-union-nationale.fr\/index.php\/wp-json\/wp\/v2\/types\/page"}],"author":[{"embeddable":true,"href":"https:\/\/rawa-ruska-union-nationale.fr\/index.php\/wp-json\/wp\/v2\/users\/1"}],"replies":[{"embeddable":true,"href":"https:\/\/rawa-ruska-union-nationale.fr\/index.php\/wp-json\/wp\/v2\/comments?post=1299"}],"version-history":[{"count":225,"href":"https:\/\/rawa-ruska-union-nationale.fr\/index.php\/wp-json\/wp\/v2\/pages\/1299\/revisions"}],"predecessor-version":[{"id":9733,"href":"https:\/\/rawa-ruska-union-nationale.fr\/index.php\/wp-json\/wp\/v2\/pages\/1299\/revisions\/9733"}],"wp:attachment":[{"href":"https:\/\/rawa-ruska-union-nationale.fr\/index.php\/wp-json\/wp\/v2\/media?parent=1299"}],"curies":[{"name":"wp","href":"https:\/\/api.w.org\/{rel}","templated":true}]}}