{"id":147,"date":"2018-12-28T19:24:11","date_gmt":"2018-12-28T18:24:11","guid":{"rendered":"http:\/\/rawa-ruska-union-nationale.fr\/?page_id=147"},"modified":"2023-07-11T11:28:52","modified_gmt":"2023-07-11T09:28:52","slug":"resistance-evasions-fin-du-camp","status":"publish","type":"page","link":"https:\/\/rawa-ruska-union-nationale.fr\/index.php\/resistance-evasions-fin-du-camp\/","title":{"rendered":"R\u00e9sistance, \u00e9vasions &#038; fin du camp"},"content":{"rendered":"<h1><span style=\"color: #3366ff;\"><strong>Persistance de la r\u00e9sistance<\/strong><\/span><\/h1>\n<p>Malgr\u00e9 ce dur r\u00e9gime, les d\u00e9port\u00e9s n\u2019avaient qu\u2019une id\u00e9e : s\u2019\u00e9vader, rejoindre les Alli\u00e9s.<br \/>\nIl y eut de nombreuses tentatives d\u2019\u00e9vasion.<br \/>\nLes hommes savaient pourtant bien qu\u2019ils couraient de grands dangers, qu\u2019ils \u00e9taient dans une ZONE OP\u00c9RATIONNELLE DE GUERRE (Front de l\u2019Est).<\/p>\n<figure id=\"attachment_155\" aria-describedby=\"caption-attachment-155\" style=\"width: 480px\" class=\"wp-caption aligncenter\"><img loading=\"lazy\" decoding=\"async\" class=\"wp-image-155 size-full\" src=\"http:\/\/rawa-ruska-union-nationale.fr\/wp-content\/uploads\/2018\/12\/defile-14juillet.gif\" alt=\"\" width=\"480\" height=\"689\" \/><figcaption id=\"caption-attachment-155\" class=\"wp-caption-text\">Le d\u00e9fil\u00e9 du 14 juillet 1942.<br \/>Dessin de Roger Maire<\/figcaption><\/figure>\n<p>Si quelques-uns ont pu r\u00e9ussir, pouvant gagner le maquis polonais qui s\u2019organisait, rejoindre, sinon la France libre, du moins un pays ami, ceux qui ont \u00e9t\u00e9 repris ont fait l\u2019objet de graves s\u00e9vices allant jusqu\u2019\u00e0 la mort. De nombreux camarades ont \u00e9t\u00e9 abattus au moment de leur \u00e9vasion.<\/p>\n<p>Si certains \u00e9vad\u00e9s ont pu r\u00e9ussir \u00e0 rejoindre la R\u00e9sistance polonaise ou les Partisans russes, si d\u2019autres ont pu arriver en Hongrie ou en Roumanie pour rejoindre ensuite les Arm\u00e9es fran\u00e7aises libres, beaucoup ont disparu sans laisser de trace\u2026<\/p>\n<p>Ces \u00e9vasions ne pouvaient avoir lieu qu\u2019\u00e0 l\u2019occasion de corv\u00e9es \u00e0 l\u2019ext\u00e9rieur du camp proprement dit ou de travail en kommando, en profitant de la moindre inattention d\u2019une sentinelle. Encore faut-il souligner les conditions de sant\u00e9, de temps, de lieu, et vestimentaires dans lesquelles ces \u00e9vasions \u00e9taient tent\u00e9es.<\/p>\n<p>Des \u00e9vad\u00e9s repris ont fait des s\u00e9jours dans les prisons ukrainiennes (sous contr\u00f4le allemand) m\u00e9lang\u00e9s aux autres d\u00e9tenus, notamment des Juifs, risquant d\u2019\u00eatre abattus \u00e0 chaque instant par des gardes volontaires S.S. ukrainiens, lesquels ont d\u00e9pass\u00e9 dans leurs exactions les S.S. eux-m\u00eames.<\/p>\n<h2><span style=\"color: #3366ff;\"><strong><span id=\"Une_forme_de_resistance_les_amicales_de_Rawa-Ruska\">Une forme de r\u00e9sistance : les amicales de Rawa-Ruska<\/span><\/strong><\/span><\/h2>\n<p>&nbsp;<\/p>\n<p>A c\u00f4t\u00e9 des formes de r\u00e9sistance active telles que les actes de sabotage, les tentatives d\u2019\u00e9vasion ou le d\u00e9fil\u00e9 du 14 juillet 1942, le camp de Rawa-Ruska connut l\u2019\u00e9closion spontan\u00e9es d\u2019amicales r\u00e9gionales, semi-clandestines, dont diverses personnes ont \u00e0 ce jour conserv\u00e9 leur carte de membre, r\u00e9alis\u00e9e \u00e0 la main sur un morceau de carton \u2013 souvent le dos d\u2019une photo. Dans l\u2019univers totalitaire de Rawa-Ruska, l\u2019appartenance \u00e0 ces groupements, qui apportait \u00e0 ceux qui en faisaient partie un soutien moral ind\u00e9niable, repr\u00e9sentait une forme \u00e9vidente de r\u00e9sistance passive.<\/p>\n<div id=\"ngg-gallery-447-1\" class=\"ngg-galleryoverview\">\n<div id=\"ngg-image-0\" class=\"ngg-gallery-thumbnail-box\">\n<div class=\"ngg-gallery-thumbnail\"><img loading=\"lazy\" decoding=\"async\" class=\"size-full wp-image-154 aligncenter\" src=\"http:\/\/rawa-ruska-union-nationale.fr\/wp-content\/uploads\/2018\/12\/carte-jean-murrat.jpg\" alt=\"\" width=\"300\" height=\"225\" \/><\/div>\n<div class=\"ngg-gallery-thumbnail\"><img loading=\"lazy\" decoding=\"async\" class=\"size-full wp-image-153 aligncenter\" src=\"http:\/\/rawa-ruska-union-nationale.fr\/wp-content\/uploads\/2018\/12\/carte-leon-jarrige.jpg\" alt=\"\" width=\"300\" height=\"206\" \/><br \/>\n<img loading=\"lazy\" decoding=\"async\" class=\"size-full wp-image-152 aligncenter\" src=\"http:\/\/rawa-ruska-union-nationale.fr\/wp-content\/uploads\/2018\/12\/carte-louis-boutard.jpg\" alt=\"\" width=\"300\" height=\"185\" \/><\/div>\n<div class=\"ngg-gallery-thumbnail\"><img loading=\"lazy\" decoding=\"async\" class=\"size-full wp-image-151 aligncenter\" src=\"http:\/\/rawa-ruska-union-nationale.fr\/wp-content\/uploads\/2018\/12\/carte-roger-aigremont.jpg\" alt=\"\" width=\"300\" height=\"203\" \/><br \/>\n<img loading=\"lazy\" decoding=\"async\" class=\"size-full wp-image-150 aligncenter\" src=\"http:\/\/rawa-ruska-union-nationale.fr\/wp-content\/uploads\/2018\/12\/photo-detenu.jpg\" alt=\"\" width=\"203\" height=\"296\" \/><br \/>\n<img loading=\"lazy\" decoding=\"async\" class=\"size-full wp-image-149 aligncenter\" src=\"http:\/\/rawa-ruska-union-nationale.fr\/wp-content\/uploads\/2018\/12\/carte-robert-daynac.jpg\" alt=\"\" width=\"300\" height=\"185\" \/><\/p>\n<figure id=\"attachment_148\" aria-describedby=\"caption-attachment-148\" style=\"width: 300px\" class=\"wp-caption aligncenter\"><img loading=\"lazy\" decoding=\"async\" class=\"size-full wp-image-148\" src=\"http:\/\/rawa-ruska-union-nationale.fr\/wp-content\/uploads\/2018\/12\/carte-fernand-thoulouze.jpg\" alt=\"\" width=\"300\" height=\"210\" \/><figcaption id=\"caption-attachment-148\" class=\"wp-caption-text\">Cartes &amp; portraits de d\u00e9tenus<\/figcaption><\/figure>\n<h2><span style=\"color: #3366ff;\"><strong><span id=\"Evasions\">\u00c9vasions<\/span><\/strong><\/span><\/h2>\n<p>&nbsp;<\/p>\n<p>Comme d\u00e9j\u00e0 indiqu\u00e9, il \u00e9tait impossible de s\u2019\u00e9vader du camp m\u00eame de Rawa Ruska ou de ses sous-camps ; pourtant, profitant des kommandos de travaux forc\u00e9s \u00e0 l\u2019ext\u00e9rieur, malgr\u00e9 l\u2019extr\u00eame vigilance des gardiens, beaucoup ont essay\u00e9, la plupart h\u00e9las, ont \u00e9t\u00e9 tu\u00e9s sur place, d\u2019autres ont \u00e9t\u00e9 repris et ex\u00e9cut\u00e9s ; un certain nombre, cependant, ont r\u00e9ussi, rejoignant la r\u00e9sistance polonaise ou les maquis ukrainiens, tch\u00e9coslovaques, hongrois ou roumains ; pour ne nommer que quelques-uns d\u2019entre eux, nos camarades : Brugnon, Tutot, Maulini, Massart, Colombet, le docteur Lanuss\u00e9\u00a0<a href=\"http:\/\/v2.rawa-ruska.net\/?page_id=249\" data-slimstat=\"5\">(lire le r\u00e9cit de son \u00e9vasion)<\/a>, Gardon, Inaudi, Espanol, Braun, Bertin, Ganster, les fr\u00e8res maristes Bonetbeltz et Clerc, Salgues, Caillavet, Charignon, Bertras\u00a0<a href=\"http:\/\/v2.rawa-ruska.net\/?page_id=238\" data-slimstat=\"5\">Lire le r\u00e9cit \u00ab\u00a0Les 93 \u00e9vad\u00e9s de ZWIERZYNIEK\u00a0\u00bb<\/a>.<\/p>\n<p>Plusieurs ont m\u00eame r\u00e9ussi, gr\u00e2ce \u00e0 l\u2019entremise de maquis ukrainiens, \u00e0 se faire incorporer dans l\u2019arm\u00e9e r\u00e9guli\u00e8re russe et ainsi, avoir le grand r\u00e9confort de participer avec leur nouvelle unit\u00e9 \u00e0 la bataille de Berlin, citons entre autres : Bertrand Achin (comme chef de char) et Andr\u00e9 Hennart qui fut, lui, h\u00e9las, gri\u00e8vement bless\u00e9 au cours des combats.<\/p>\n<p>D\u2019autres, apr\u00e8s leur transfert dans un autre camp plus au nord, ont pu s\u2019introduire dans des cargos en cours de chargement, en partance pour la Su\u00e8de, dans les ports de la mer Baltique et ainsi pouvoir rapidement rejoindre par avion l\u2019Angleterre, o\u00f9 ils furent incorpor\u00e9s dans les Forces fran\u00e7aises libres, ayant ainsi l\u2019honneur de pouvoir participer au d\u00e9barquement des troupes alli\u00e9es en France ou d\u2019\u00eatre affect\u00e9s, comme, entre autres, Jean Lagaillarde et son camarade d\u2019\u00e9vasion Pourcelot, \u00e0 la division du g\u00e9n\u00e9ral Leclerc.<\/p>\n<p>Plus risqu\u00e9 encore, trois courageuses \u00e9quipes s\u2019empar\u00e8rent de vedettes militaires allemandes et apr\u00e8s moult et dangereuses p\u00e9rip\u00e9ties, malgr\u00e9 la surveillance des hydravions, la travers\u00e9e de champs de mines etc., r\u00e9ussirent \u00e0 atteindre la Su\u00e8de et \u00e0 s\u2019engager, elles aussi, dans les Forces fran\u00e7aises libres pour reprendre le combat, citons entre autres : Gentet, Orain, Tacchi, Magerotte, Martin, Garnier, Chevallier, Brossier, Veschambre, Martineau, Vandenbulk, Hillairet, Gaven, Fr\u00e9bour.\u00a0<a href=\"http:\/\/v2.rawa-ruska.net\/?page_id=242\" data-slimstat=\"5\">Lire le r\u00e9cit de cette \u00e9vasion<\/a>.<br \/>\nSans oublier ceux qui par divers autres moyens ont r\u00e9ussi \u00e0 gagner la France et \u00e0 participer d\u2019abord aux combats de la r\u00e9sistance, tels Charraz et Pollet du maquis des Chartreux et \u00e0 continuer la lutte avec les FFL, en l\u2019occurrence, sous les ordres du G\u00e9n\u00e9ral Gil et cela, jusqu\u2019\u00e0 la victoire finale, en Allemagne m\u00eame, dans le pays qui les avait auparavant si cruellement maltrait\u00e9s. Citons encore, entre autres, le cas de Gilbert Bellegarde, qui r\u00e9ussit son \u00e9vasion en octobre 1943 et passe \u00e0 la R\u00e9sistance en France en janvier 1944, au groupe \u00ab\u00a0Arm\u00e9e secr\u00e8te\u00a0\u00bb avec le commandant Lanthoens, alias Lavergne.<\/p>\n<p>D\u2019autres, h\u00e9las, n\u2019eurent pas cette immense joie et tout le r\u00e9confort que l\u2019on peut imaginer en pareil cas, car ils furent repris avec leurs camarades r\u00e9sistants de l\u2019int\u00e9rieur, emprisonn\u00e9s, tortur\u00e9s et \u00e0 nouveau d\u00e9port\u00e9s, mais cette fois dans des camps civils de concentration en Allemagne, tels Dachau, Buchenwald, etc\u2026<\/p>\n<p><img loading=\"lazy\" decoding=\"async\" class=\"aligncenter size-full wp-image-164\" src=\"http:\/\/rawa-ruska-union-nationale.fr\/wp-content\/uploads\/2018\/12\/evasion.gif\" alt=\"\" width=\"500\" height=\"207\" \/><\/p>\n<p><strong>NOTA :<\/strong>\u00a0C\u2019est \u00e0 un ancien de Rawa-Ruska, J. M. Fr\u00e9bour, \u00e9vad\u00e9 en vedette d\u2019Allemagne en Su\u00e8de et affect\u00e9 d\u00e8s son arriv\u00e9e au \u00ab\u00a0bureau militaire\u00a0\u00bb (Service de renseignements) de la l\u00e9gation de la France libre en Su\u00e8de, que revint l\u2019honneur d\u2019\u00eatre charg\u00e9, avec l\u2019aide d\u00e9vou\u00e9e et efficace des membres de la protection civile su\u00e9doise, comme officier chef du centre de Malm\u00f6e (port du sud de la Su\u00e8de), de l\u2019accueil, des soins \u00e0 faire donner, de la r\u00e9partition des malades dans les h\u00f4pitaux, et du rapatriement de ses camarades civils fran\u00e7ais des camps de d\u00e9portation d\u2019Allemagne (selon un accord entre le prince de Su\u00e8de et l\u2019amiral D\u00f6nitz, chef de l\u2019\u00e9tat allemand \u00e0 la fin de la guerre), entre autres, ceux de Ravensbr\u00fcck, Buchenwald, etc., bien plac\u00e9 ainsi pour t\u00e9moigner devant l\u2019histoire de l\u2019\u00e9tat de d\u00e9tresse de ces derniers.<\/p>\n<h1><span style=\"color: #3366ff;\"><strong><span id=\"Drsquoune_certaine_continuite_dans_la_peine_apres_un_sejour_a_Rawa-Ruska\">D\u2019une certaine continuit\u00e9 dans la peine apr\u00e8s un s\u00e9jour \u00e0 Rawa-Ruska<\/span><\/strong><\/span><\/h1>\n<p>&nbsp;<\/p>\n<p>Une grande partie des d\u00e9port\u00e9s n\u2019ayant pas \u00e9t\u00e9 affect\u00e9s dans des kommandos, a \u00e9t\u00e9 dirig\u00e9e sur la citadelle de Lwow (Lemberg) \u00e0 la fin de l\u2019ann\u00e9e 1942.<\/p>\n<figure id=\"attachment_163\" aria-describedby=\"caption-attachment-163\" style=\"width: 765px\" class=\"wp-caption aligncenter\"><img loading=\"lazy\" decoding=\"async\" class=\"size-full wp-image-163\" src=\"http:\/\/rawa-ruska-union-nationale.fr\/wp-content\/uploads\/2018\/12\/citadelle.jpg\" alt=\"\" width=\"765\" height=\"522\" srcset=\"https:\/\/rawa-ruska-union-nationale.fr\/wp-content\/uploads\/2018\/12\/citadelle.jpg 765w, https:\/\/rawa-ruska-union-nationale.fr\/wp-content\/uploads\/2018\/12\/citadelle-300x205.jpg 300w\" sizes=\"auto, (max-width: 706px) 89vw, (max-width: 767px) 82vw, 740px\" \/><figcaption id=\"caption-attachment-163\" class=\"wp-caption-text\">La citadelle de Lemberg, par Alexandre Poulain<\/figcaption><\/figure>\n<\/div>\n<p>Le r\u00e9gime, dans cette citadelle, \u00e9tait le m\u00eame qu\u2019\u00e0 Rawa-Ruska. Des hommes ont encore \u00e9t\u00e9 affect\u00e9s dans des kommandos au fur et \u00e0 mesure des arriv\u00e9es.<br \/>\nLors de l\u2019avance de l\u2019Arm\u00e9e sovi\u00e9tique, des Fran\u00e7ais s\u2019y trouvaient encore et certains ont particip\u00e9 aux combats de la Lib\u00e9ration du territoire russe. Il en a \u00e9t\u00e9 de m\u00eame dans les kommandos.<\/p>\n<h1><span style=\"color: #3366ff;\"><strong><span id=\"Moralite\">Moralit\u00e9<\/span><\/strong><\/span><\/h1>\n<p>\u00ab\u00a0CEUX DE RAWA-RUSKA\u00a0\u00bb ont ainsi d\u00e9montr\u00e9 qu\u2019une cat\u00e9gorie de soldats fran\u00e7ais, qu\u2019une partie de l\u2019Arm\u00e9e fran\u00e7aise mise hors de combat par un sort malheureux, a opt\u00e9 pour la R\u00e9sistance, a refus\u00e9 d\u2019ob\u00e9ir aux ordres de Vichy, a refus\u00e9 de plier les genoux sous le joug de l\u2019ennemi.<br \/>\nLes responsables nazis ne pouvant s\u00e9vir sur le territoire du Reich contre des prisonniers de guerre, couverts par la Convention de Gen\u00e8ve, sans s\u2019attirer les repr\u00e9sailles des Alli\u00e9s, d\u00e9cid\u00e8rent donc de transf\u00e9rer ces hommes sur un territoire o\u00f9 les clauses de la Convention de Gen\u00e8ve n\u2019avaient pas cours.<br \/>\nLes conditions de vie r\u00e9serv\u00e9es aux hommes transf\u00e9r\u00e9s \u00e0 Rawa-Ruska et dans ses kommandos a constitu\u00e9 une d\u00e9tention qui n\u2019avait plus aucun rapport avec celle des prisonniers de guerre.<br \/>\nCette d\u00e9tention, dans un camp d\u2019un territoire situ\u00e9 hors du contr\u00f4le des missions de la Croix-Rouge Internationale, a bien caract\u00e9ris\u00e9 la volont\u00e9 de l\u2019ennemi de ne pas respecter les clauses de cette Convention de Gen\u00e8ve et de faire subir aux d\u00e9tenus des pr\u00e9judices semblables \u00e0 ceux des prisonniers civils d\u00e9port\u00e9s pour lesquels aucune convention n\u2019existait.<br \/>\nCes d\u00e9tenus ont connu, par la volont\u00e9 expresse des nazis, un r\u00e9gime alimentaire d\u2019une insuffisance effrayante, des conditions sanitaires inhumaines, des privations et s\u00e9vices de tous ordres, les conditions de vie hallucinantes des ghettos, un \u00e9tat de stupeur psychique. Cet ensemble de conditions a cr\u00e9\u00e9 un ensemble de pr\u00e9judices sans comparaison avec ceux qu\u2019ont connus les prisonniers en Allemagne, lesquels ont continu\u00e9 \u00e0 b\u00e9n\u00e9ficier des garanties de la Convention de Gen\u00e8ve.<br \/>\nSi les nazis n\u2019ont pu mener \u00e0 sa fin la mesure d\u2019extermination qu\u2019ils destinaient aux Fran\u00e7ais et Belges transf\u00e9r\u00e9s puis d\u00e9tenus au camp de Rawa-Ruska, comme ils le firent pour les Russes, c\u2019est parce qu\u2019ils en ont \u00e9t\u00e9 emp\u00each\u00e9s :<\/p>\n<ul>\n<li>la cr\u00e9ation du camp avait \u00e9t\u00e9 signal\u00e9e (les autorit\u00e9s allemandes ne l\u2019ont officialis\u00e9e que plusieurs mois apr\u00e8s l\u2019arriv\u00e9e des Fran\u00e7ais), et la Croix-Rouge Internationale avait demand\u00e9 \u00e0 le visiter<\/li>\n<li>l\u2019existence de ce camp a \u00e9t\u00e9 divulgu\u00e9e \u00e0 la radio britannique : en juin 1942, la B.B.C. parle du camp de Rawa-Ruska \u00ab\u00a0camp de la goutte d\u2019eau\u00a0\u00bb et des mesures de repr\u00e9sailles sont annonc\u00e9es<\/li>\n<li>et que la r\u00e9sistance physique des d\u00e9tenus fut exceptionnelle pour les raisons d\u00e9crites pr\u00e9c\u00e9demment.<\/li>\n<\/ul>\n<p>RAWA-RUSKA est un symbole, le symbole de la R\u00e9sistance que des militaires incarn\u00e8rent dans les conditions les plus p\u00e9rilleuses, les plus d\u00e9licates, qu\u2019ils durent payer de la d\u00e9portation.<br \/>\nOn ne peut oublier les pr\u00e9judices qu\u2019ils ont subi dans leur chair, dans leur \u00e2me, dans leur carri\u00e8re.<br \/>\nOn ne peut manquer de fid\u00e9lit\u00e9 \u00e0 la m\u00e9moire des disparus.<\/p>\n<p><img loading=\"lazy\" decoding=\"async\" class=\"aligncenter size-full wp-image-161\" src=\"http:\/\/rawa-ruska-union-nationale.fr\/wp-content\/uploads\/2018\/12\/m\u00e9daille2.gif\" alt=\"\" width=\"216\" height=\"303\" \/><\/p>\n<figure id=\"attachment_162\" aria-describedby=\"caption-attachment-162\" style=\"width: 100px\" class=\"wp-caption aligncenter\"><img loading=\"lazy\" decoding=\"async\" class=\"size-full wp-image-162\" src=\"http:\/\/rawa-ruska-union-nationale.fr\/wp-content\/uploads\/2018\/12\/m\u00e9daille.jpeg\" alt=\"\" width=\"100\" height=\"248\" \/><figcaption id=\"caption-attachment-162\" class=\"wp-caption-text\">La m\u00e9daille de Rawa-Ruska<\/figcaption><\/figure>\n<h1><span style=\"color: #3366ff;\"><strong><span id=\"La_fin_du_camp\">La fin du camp<\/span><\/strong><\/span><\/h1>\n<p>&nbsp;<\/p>\n<p>Du 13 avril 1942 au 19 janvier 1943, le Stalag 325 fut transf\u00e9r\u00e9 du camp de Rawa-Ruska, qui fut alors abandonn\u00e9, \u00e0 la citadelle de Lemberg (Lwow).<br \/>\nDu 20 janvier 1943 au 19 f\u00e9vrier 1944, il fut transf\u00e9r\u00e9 \u00e0 Stryj, ancien sous-camp de Rawa-Ruska.<br \/>\nEn juin 1944, le Stalag 325 \u00e9tait dissous et les effectifs restants (peu nombreux), transf\u00e9r\u00e9s au Stalag 1 A de K\u00f6nigsberg (aujourd\u2019hui Kaliningrad).<\/p>\n<p>Roger d\u2019Aigremont, prisonnier \u00e0 Rawa-Ruska \u00e9crit \u00e0 sa m\u00e8re, sur une carte-lettre exp\u00e9di\u00e9e en France par les soins de la poste sovi\u00e9tique aux arm\u00e9es :<\/p>\n<p><img loading=\"lazy\" decoding=\"async\" class=\"size-full wp-image-160 aligncenter\" src=\"http:\/\/rawa-ruska-union-nationale.fr\/wp-content\/uploads\/2018\/12\/timbre.jpg\" alt=\"\" width=\"106\" height=\"110\" \/><\/p>\n<figure id=\"attachment_159\" aria-describedby=\"caption-attachment-159\" style=\"width: 326px\" class=\"wp-caption aligncenter\"><img loading=\"lazy\" decoding=\"async\" class=\"size-full wp-image-159\" src=\"http:\/\/rawa-ruska-union-nationale.fr\/wp-content\/uploads\/2018\/12\/liberation.jpg\" alt=\"\" width=\"326\" height=\"161\" srcset=\"https:\/\/rawa-ruska-union-nationale.fr\/wp-content\/uploads\/2018\/12\/liberation.jpg 326w, https:\/\/rawa-ruska-union-nationale.fr\/wp-content\/uploads\/2018\/12\/liberation-300x148.jpg 300w\" sizes=\"auto, (max-width: 326px) 100vw, 326px\" \/><figcaption id=\"caption-attachment-159\" class=\"wp-caption-text\">Enfin, c\u2019est avec grande joie que je puis t\u2019\u00e9crire et te dire que je suis lib\u00e9r\u00e9 par les Russes depuis le 6 mars.<\/figcaption><\/figure>\n<p>La lettre fut post\u00e9e le 24 avril 1945 \u00e0 Landsberg (actuellement Gorzow Wielkopolski en Pologne), o\u00f9 les Fran\u00e7ais furent retenus par l\u2019arm\u00e9e russe avant d\u2019\u00eatre conduits jusqu\u2019\u00e0 Starry-Doroghi en Russie, \u00e0 une centaine de kilom\u00e8tres au sud est de Minsk, qu\u2019ils ne quitt\u00e8rent que le 2 juillet 1945. Roger d\u2019Aigremont ne rentra chez lui dans la Manche que le 23 juillet 1945. La lettre n\u2019arriva qu\u2019apr\u00e8s son retour !<\/p>\n<figure id=\"attachment_157\" aria-describedby=\"caption-attachment-157\" style=\"width: 239px\" class=\"wp-caption aligncenter\"><img loading=\"lazy\" decoding=\"async\" class=\"size-full wp-image-157\" src=\"http:\/\/rawa-ruska-union-nationale.fr\/wp-content\/uploads\/2018\/12\/lettre-aigremont1.jpg\" alt=\"\" width=\"239\" height=\"372\" srcset=\"https:\/\/rawa-ruska-union-nationale.fr\/wp-content\/uploads\/2018\/12\/lettre-aigremont1.jpg 239w, https:\/\/rawa-ruska-union-nationale.fr\/wp-content\/uploads\/2018\/12\/lettre-aigremont1-193x300.jpg 193w\" sizes=\"auto, (max-width: 239px) 100vw, 239px\" \/><figcaption id=\"caption-attachment-157\" class=\"wp-caption-text\">La lettre du 24 avril 1945 de Roger d\u2019Aigremont \u00e0 sa m\u00e8re<\/figcaption><\/figure>\n<p><img loading=\"lazy\" decoding=\"async\" class=\"size-full wp-image-158 aligncenter\" src=\"http:\/\/rawa-ruska-union-nationale.fr\/wp-content\/uploads\/2018\/12\/lettre-aigremont.jpg\" alt=\"\" width=\"239\" height=\"372\" srcset=\"https:\/\/rawa-ruska-union-nationale.fr\/wp-content\/uploads\/2018\/12\/lettre-aigremont.jpg 239w, https:\/\/rawa-ruska-union-nationale.fr\/wp-content\/uploads\/2018\/12\/lettre-aigremont-193x300.jpg 193w\" sizes=\"auto, (max-width: 239px) 100vw, 239px\" \/><\/p>\n<\/div>\n<\/div>\n","protected":false},"excerpt":{"rendered":"<p>Persistance de la r\u00e9sistance Malgr\u00e9 ce dur r\u00e9gime, les d\u00e9port\u00e9s n\u2019avaient qu\u2019une id\u00e9e : s\u2019\u00e9vader, rejoindre les Alli\u00e9s. Il y eut de nombreuses tentatives d\u2019\u00e9vasion. Les hommes savaient pourtant bien qu\u2019ils couraient de grands dangers, qu\u2019ils \u00e9taient dans une ZONE OP\u00c9RATIONNELLE DE GUERRE (Front de l\u2019Est). Si quelques-uns ont pu r\u00e9ussir, pouvant gagner le maquis &hellip; <\/p>\n<p class=\"link-more\"><a href=\"https:\/\/rawa-ruska-union-nationale.fr\/index.php\/resistance-evasions-fin-du-camp\/\" class=\"more-link\">Continuer la lecture<span class=\"screen-reader-text\"> de &laquo;&nbsp;R\u00e9sistance, \u00e9vasions &#038; fin du camp&nbsp;&raquo;<\/span><\/a><\/p>\n","protected":false},"author":1,"featured_media":0,"parent":0,"menu_order":66,"comment_status":"closed","ping_status":"closed","template":"","meta":{"_bbp_topic_count":0,"_bbp_reply_count":0,"_bbp_total_topic_count":0,"_bbp_total_reply_count":0,"_bbp_voice_count":0,"_bbp_anonymous_reply_count":0,"_bbp_topic_count_hidden":0,"_bbp_reply_count_hidden":0,"_bbp_forum_subforum_count":0,"_crdt_document":"","two_page_speed":[],"footnotes":""},"class_list":["post-147","page","type-page","status-publish","hentry"],"_links":{"self":[{"href":"https:\/\/rawa-ruska-union-nationale.fr\/index.php\/wp-json\/wp\/v2\/pages\/147","targetHints":{"allow":["GET"]}}],"collection":[{"href":"https:\/\/rawa-ruska-union-nationale.fr\/index.php\/wp-json\/wp\/v2\/pages"}],"about":[{"href":"https:\/\/rawa-ruska-union-nationale.fr\/index.php\/wp-json\/wp\/v2\/types\/page"}],"author":[{"embeddable":true,"href":"https:\/\/rawa-ruska-union-nationale.fr\/index.php\/wp-json\/wp\/v2\/users\/1"}],"replies":[{"embeddable":true,"href":"https:\/\/rawa-ruska-union-nationale.fr\/index.php\/wp-json\/wp\/v2\/comments?post=147"}],"version-history":[{"count":4,"href":"https:\/\/rawa-ruska-union-nationale.fr\/index.php\/wp-json\/wp\/v2\/pages\/147\/revisions"}],"predecessor-version":[{"id":7346,"href":"https:\/\/rawa-ruska-union-nationale.fr\/index.php\/wp-json\/wp\/v2\/pages\/147\/revisions\/7346"}],"wp:attachment":[{"href":"https:\/\/rawa-ruska-union-nationale.fr\/index.php\/wp-json\/wp\/v2\/media?parent=147"}],"curies":[{"name":"wp","href":"https:\/\/api.w.org\/{rel}","templated":true}]}}