{"id":1582,"date":"2020-03-17T09:29:24","date_gmt":"2020-03-17T08:29:24","guid":{"rendered":"http:\/\/rawa-ruska-union-nationale.fr\/?page_id=1582"},"modified":"2020-09-07T22:01:11","modified_gmt":"2020-09-07T20:01:11","slug":"lettres-peyrad","status":"publish","type":"page","link":"https:\/\/rawa-ruska-union-nationale.fr\/index.php\/lettres-peyrad\/","title":{"rendered":"Lettres et documents Peyrard"},"content":{"rendered":"\n<p class=\"wp-block-paragraph\">1- Lettre du 8 mai 1940<br>Il annonce \u00e0 son \u00e9pouse qu\u2019il est prisonnier.<\/p>\n\n\n<a href=\"https:\/\/rawa-ruska-union-nationale.fr\/wp-content\/uploads\/2020\/03\/8_mai_1940_n01-2.pdf\" class=\"pdfemb-viewer\" style=\"\" data-width=\"max\" data-height=\"max\" data-toolbar=\"both\" data-toolbar-fixed=\"on\">8_mai_1940_n01-2<\/a>\n<p class=\"wp-block-pdfemb-pdf-embedder-viewer\"><\/p>\n\n\n\n<p class=\"wp-block-paragraph\">2- Lettre du26 juin 1942 du stalag VI J<br>Il explique qu\u2019il n\u2019a pas eu de chance dans sa derni\u00e8re \u00e9vasion et qu\u2019il va \u00eatre transf\u00e9r\u00e9 de camp. (en d\u00e9part pour Rawa Ruska)<\/p>\n\n\n<a href=\"https:\/\/rawa-ruska-union-nationale.fr\/wp-content\/uploads\/2020\/03\/26_juin_1942_VI-J-1.pdf\" class=\"pdfemb-viewer\" style=\"\" data-width=\"max\" data-height=\"max\" data-toolbar=\"both\" data-toolbar-fixed=\"on\">26_juin_1942_VI-J-1<\/a>\n<p class=\"wp-block-pdfemb-pdf-embedder-viewer\"><\/p>\n\n\n\n<p class=\"wp-block-paragraph\">3- Lettre du 27 juillet 1942 du stalag 325 Rawa-Ruska<br>Il&nbsp; est \u00e0 Rawa-Ruska depuis trois semaines , explique qu\u2019il a rat\u00e9 trois \u00e9vasions, ne connais pas l\u2019adresse du camp et demande qu\u2019on lui \u00e9crive en pr\u00e9cisant uniquement Telepost 08499<\/p>\n\n\n<a href=\"https:\/\/rawa-ruska-union-nationale.fr\/wp-content\/uploads\/2020\/03\/27_juillet_1942.pdf\" class=\"pdfemb-viewer\" style=\"\" data-width=\"max\" data-height=\"max\" data-toolbar=\"both\" data-toolbar-fixed=\"on\">27_juillet_1942<\/a>\n<p class=\"wp-block-pdfemb-pdf-embedder-viewer\"><\/p>\n\n\n\n<p class=\"wp-block-paragraph\">&nbsp;4- Lettre du 11 octobre 1942 du stalag 325 Rawa-Ruska, &nbsp;depuis &nbsp;la visite de la croix rouge le camp a une d\u00e9signation et une adresse . Dans cette lettre il est obnubil\u00e9 par la recherche de nourriture et indique \u00e0 ma m\u00e8re des personnes \u00e0 contacter pour de envois de colis. L\u2019adresse du camp est distinct&nbsp;: Camp 325 Rawa-Ruska General Gouvernement Gal\u00e9zien.<\/p>\n\n\n<a href=\"https:\/\/rawa-ruska-union-nationale.fr\/wp-content\/uploads\/2020\/03\/11_octobre_1942.pdf\" class=\"pdfemb-viewer\" style=\"\" data-width=\"max\" data-height=\"max\" data-toolbar=\"both\" data-toolbar-fixed=\"on\">11_octobre_1942<\/a>\n<p class=\"wp-block-pdfemb-pdf-embedder-viewer\"><\/p>\n\n\n\n<p class=\"wp-block-paragraph\">5- Lettre du 25 juillet 1943 stalag II C<br>Il pr\u00e9cise que cela fait trois ans de captivit\u00e9 et&nbsp;\u00ab&nbsp; surtout on est pas comme on veut vous le faire croire&nbsp;\u00bb. Il travaille au commando &nbsp;\u00ab&nbsp;K 4\/233&nbsp;\u00bb usine d\u2019aviation \u00e0 Prenzlau Allemagne, d\u2019o\u00f9 il s\u2019\u00e9vadera pour la quatri\u00e8me fois .<br>Avec l\u2019aide d\u2019un gardien Allemand il fera le trajet Berlin Paris attach\u00e9 sous le boggie d\u2019un train avec Monsieur &nbsp;PETIT.<\/p>\n\n\n<a href=\"https:\/\/rawa-ruska-union-nationale.fr\/wp-content\/uploads\/2020\/03\/25_juillet_1943.pdf\" class=\"pdfemb-viewer\" style=\"\" data-width=\"max\" data-height=\"max\" data-toolbar=\"both\" data-toolbar-fixed=\"on\">25_juillet_1943<\/a>\n<p class=\"wp-block-pdfemb-pdf-embedder-viewer\"><\/p>\n\n\n\n<p class=\"wp-block-paragraph\">6- Lettre \u00e9crite de l\u2019h\u00f4pital psychiatrique de Champvert de Lyon.<br>Il d\u00e9crit la douleur des \u00e9lectrochocs<\/p>\n\n\n<a href=\"https:\/\/rawa-ruska-union-nationale.fr\/wp-content\/uploads\/2020\/03\/28_octobre_1947_Hopital_Chamvert-1.pdf\" class=\"pdfemb-viewer\" style=\"\" data-width=\"max\" data-height=\"max\" data-toolbar=\"both\" data-toolbar-fixed=\"on\">28_octobre_1947_Hopital_Chamvert-1<\/a>\n<p class=\"wp-block-pdfemb-pdf-embedder-viewer\"><\/p>\n\n\n\n<p class=\"wp-block-paragraph\">7- N\u00e9crologie paru dans le Dauphin\u00e9 Lib\u00e9r\u00e9 lors de son d\u00e9c\u00e8s en juillet 1953 , les journaliste ne savent pas o\u00f9 situer le camp de Rawa Ruska.<\/p>\n\n\n<a href=\"https:\/\/rawa-ruska-union-nationale.fr\/wp-content\/uploads\/2020\/03\/Articles_sur_d\u00e9c\u00e9-1.pdf\" class=\"pdfemb-viewer\" style=\"\" data-width=\"max\" data-height=\"max\" data-toolbar=\"both\" data-toolbar-fixed=\"on\">Articles_sur_d\u00e9c\u00e9-1<\/a>\n<p class=\"wp-block-pdfemb-pdf-embedder-viewer\"><\/p>\n\n\n\n<p class=\"wp-block-paragraph\">8- Photo de juillet 1943 au stalag II C , puis photo \u00e9tabli quelques mois apr\u00e8s son \u00e9vasion fin 1943.<\/p>\n\n\n<a href=\"https:\/\/rawa-ruska-union-nationale.fr\/wp-content\/uploads\/2020\/03\/Photo-de-1943.pdf\" class=\"pdfemb-viewer\" style=\"\" data-width=\"max\" data-height=\"max\" data-toolbar=\"both\" data-toolbar-fixed=\"on\">Photo-de-1943<\/a>\n<p class=\"wp-block-pdfemb-pdf-embedder-viewer\"><\/p>\n\n\n\n<p class=\"wp-block-paragraph\">Attestation de  &#8220;mort en service command\u00e9&#8221;<\/p>\n\n\n<a href=\"https:\/\/rawa-ruska-union-nationale.fr\/wp-content\/uploads\/2020\/09\/Peyrasd_service_commande.pdf\" class=\"pdfemb-viewer\" style=\"\" data-width=\"max\" data-height=\"max\" data-toolbar=\"both\" data-toolbar-fixed=\"on\">Peyrasd_service_commande<\/a>\n<p class=\"wp-block-pdfemb-pdf-embedder-viewer\"><\/p>\n\n\n\n<p class=\"wp-block-paragraph\"><\/p>\n","protected":false},"excerpt":{"rendered":"<p>1- Lettre du 8 mai 1940Il annonce \u00e0 son \u00e9pouse qu\u2019il est prisonnier. 2- Lettre du26 juin 1942 du stalag VI JIl explique qu\u2019il n\u2019a pas eu de chance dans sa derni\u00e8re \u00e9vasion et qu\u2019il va \u00eatre transf\u00e9r\u00e9 de camp. (en d\u00e9part pour Rawa Ruska) 3- Lettre du 27 juillet 1942 du stalag 325 Rawa-RuskaIl&nbsp; &hellip; <\/p>\n<p class=\"link-more\"><a href=\"https:\/\/rawa-ruska-union-nationale.fr\/index.php\/lettres-peyrad\/\" class=\"more-link\">Continuer la lecture<span class=\"screen-reader-text\"> de &laquo;&nbsp;Lettres et documents Peyrard&nbsp;&raquo;<\/span><\/a><\/p>\n","protected":false},"author":1,"featured_media":0,"parent":0,"menu_order":25,"comment_status":"closed","ping_status":"closed","template":"","meta":{"_bbp_topic_count":0,"_bbp_reply_count":0,"_bbp_total_topic_count":0,"_bbp_total_reply_count":0,"_bbp_voice_count":0,"_bbp_anonymous_reply_count":0,"_bbp_topic_count_hidden":0,"_bbp_reply_count_hidden":0,"_bbp_forum_subforum_count":0,"_crdt_document":"","two_page_speed":[],"footnotes":""},"class_list":["post-1582","page","type-page","status-publish","hentry"],"_links":{"self":[{"href":"https:\/\/rawa-ruska-union-nationale.fr\/index.php\/wp-json\/wp\/v2\/pages\/1582","targetHints":{"allow":["GET"]}}],"collection":[{"href":"https:\/\/rawa-ruska-union-nationale.fr\/index.php\/wp-json\/wp\/v2\/pages"}],"about":[{"href":"https:\/\/rawa-ruska-union-nationale.fr\/index.php\/wp-json\/wp\/v2\/types\/page"}],"author":[{"embeddable":true,"href":"https:\/\/rawa-ruska-union-nationale.fr\/index.php\/wp-json\/wp\/v2\/users\/1"}],"replies":[{"embeddable":true,"href":"https:\/\/rawa-ruska-union-nationale.fr\/index.php\/wp-json\/wp\/v2\/comments?post=1582"}],"version-history":[{"count":19,"href":"https:\/\/rawa-ruska-union-nationale.fr\/index.php\/wp-json\/wp\/v2\/pages\/1582\/revisions"}],"predecessor-version":[{"id":2724,"href":"https:\/\/rawa-ruska-union-nationale.fr\/index.php\/wp-json\/wp\/v2\/pages\/1582\/revisions\/2724"}],"wp:attachment":[{"href":"https:\/\/rawa-ruska-union-nationale.fr\/index.php\/wp-json\/wp\/v2\/media?parent=1582"}],"curies":[{"name":"wp","href":"https:\/\/api.w.org\/{rel}","templated":true}]}}