{"id":2045,"date":"2020-04-13T19:20:16","date_gmt":"2020-04-13T17:20:16","guid":{"rendered":"http:\/\/rawa-ruska-union-nationale.fr\/?page_id=2045"},"modified":"2022-03-13T09:37:00","modified_gmt":"2022-03-13T08:37:00","slug":"recherche-historique","status":"publish","type":"page","link":"https:\/\/rawa-ruska-union-nationale.fr\/index.php\/recherche-historique\/","title":{"rendered":"Recherches historiques"},"content":{"rendered":"<p>L&#8217;article suivant (extrait d&#8217;Envols 296 du 1er semestre 2020) donne quelques aper\u00e7us des questions d&#8217;histoire qui peuvent se poser \u00e0 propos du stalag 325. Elles couvrent des th\u00e9matiques bien diff\u00e9rentes : archives, travaux de d\u00e9chiffrement et de d\u00e9nombrement de documents, synth\u00e8ses d&#8217;articles et aussi organisation d&#8217;une th\u00e8se universitaire. Ces diff\u00e9rents travaux participent \u00e0 l&#8217;\u00e9laboration de contenus d&#8217;histoire et, par les questions pos\u00e9es, permettent de donner du sens aux donn\u00e9es disponibles.<\/p>\n<a href=\"https:\/\/rawa-ruska-union-nationale.fr\/wp-content\/uploads\/2020\/04\/recherche_historique_avancement.pdf\" class=\"pdfemb-viewer\" style=\"\" data-width=\"max\" data-height=\"max\" data-toolbar=\"both\" data-toolbar-fixed=\"on\">recherche_historique_avancement<\/a>\n","protected":false},"excerpt":{"rendered":"<p>L&#8217;article suivant (extrait d&#8217;Envols 296 du 1er semestre 2020) donne quelques aper\u00e7us des questions d&#8217;histoire qui peuvent se poser \u00e0 propos du stalag 325. Elles couvrent des th\u00e9matiques bien diff\u00e9rentes : archives, travaux de d\u00e9chiffrement et de d\u00e9nombrement de documents, synth\u00e8ses d&#8217;articles et aussi organisation d&#8217;une th\u00e8se universitaire. Ces diff\u00e9rents travaux participent \u00e0 l&#8217;\u00e9laboration de &hellip; <\/p>\n<p class=\"link-more\"><a href=\"https:\/\/rawa-ruska-union-nationale.fr\/index.php\/recherche-historique\/\" class=\"more-link\">Continuer la lecture<span class=\"screen-reader-text\"> de &laquo;&nbsp;Recherches historiques&nbsp;&raquo;<\/span><\/a><\/p>\n","protected":false},"author":1,"featured_media":0,"parent":0,"menu_order":20,"comment_status":"closed","ping_status":"closed","template":"","meta":{"_bbp_topic_count":0,"_bbp_reply_count":0,"_bbp_total_topic_count":0,"_bbp_total_reply_count":0,"_bbp_voice_count":0,"_bbp_anonymous_reply_count":0,"_bbp_topic_count_hidden":0,"_bbp_reply_count_hidden":0,"_bbp_forum_subforum_count":0,"_crdt_document":"","two_page_speed":[],"footnotes":""},"class_list":["post-2045","page","type-page","status-publish","hentry"],"_links":{"self":[{"href":"https:\/\/rawa-ruska-union-nationale.fr\/index.php\/wp-json\/wp\/v2\/pages\/2045","targetHints":{"allow":["GET"]}}],"collection":[{"href":"https:\/\/rawa-ruska-union-nationale.fr\/index.php\/wp-json\/wp\/v2\/pages"}],"about":[{"href":"https:\/\/rawa-ruska-union-nationale.fr\/index.php\/wp-json\/wp\/v2\/types\/page"}],"author":[{"embeddable":true,"href":"https:\/\/rawa-ruska-union-nationale.fr\/index.php\/wp-json\/wp\/v2\/users\/1"}],"replies":[{"embeddable":true,"href":"https:\/\/rawa-ruska-union-nationale.fr\/index.php\/wp-json\/wp\/v2\/comments?post=2045"}],"version-history":[{"count":10,"href":"https:\/\/rawa-ruska-union-nationale.fr\/index.php\/wp-json\/wp\/v2\/pages\/2045\/revisions"}],"predecessor-version":[{"id":5221,"href":"https:\/\/rawa-ruska-union-nationale.fr\/index.php\/wp-json\/wp\/v2\/pages\/2045\/revisions\/5221"}],"wp:attachment":[{"href":"https:\/\/rawa-ruska-union-nationale.fr\/index.php\/wp-json\/wp\/v2\/media?parent=2045"}],"curies":[{"name":"wp","href":"https:\/\/api.w.org\/{rel}","templated":true}]}}