{"id":210,"date":"2019-01-12T21:09:05","date_gmt":"2019-01-12T20:09:05","guid":{"rendered":"http:\/\/rawa-ruska-union-nationale.fr\/?page_id=210"},"modified":"2023-07-16T10:57:56","modified_gmt":"2023-07-16T08:57:56","slug":"presidents_des_associations","status":"publish","type":"page","link":"https:\/\/rawa-ruska-union-nationale.fr\/index.php\/presidents_des_associations\/","title":{"rendered":"Les associations"},"content":{"rendered":"<h3>Composition des associations locales\u00a0 (article 6 des statuts)<\/h3>\n<p class=\"western\"><span style=\"color: #000000;\"><span style=\"font-family: Arial, sans-serif;\"><span style=\"font-size: medium;\">Les survivants du stalag 325, leurs conjoints, descendants et collat\u00e9raux, les veuves de <\/span><\/span><\/span><span style=\"font-family: Arial, sans-serif;\"><span style=\"font-size: medium;\">disparus, ainsi \u00e9ventuellement que les sympathisants se regroupent en associations locales <\/span><\/span><span style=\"color: #000000;\"><span style=\"font-family: Arial, sans-serif;\"><span style=\"font-size: medium;\">ind\u00e9pendantes.<\/span><\/span><\/span><\/p>\n<h3>Composition de l&#8217;Union Nationale (article 7 des statuts)<\/h3>\n<h3><span style=\"font-family: Arial, sans-serif;\"><span style=\"font-size: medium;\">L&#8217;Union Nationale est la f\u00e9d\u00e9ration nationale :<\/span><\/span><\/h3>\n<p class=\"western\"><span style=\"font-family: Arial, sans-serif;\"><span style=\"font-size: medium;\">&#8211; des associations locales de &#8220;Ceux de Rawa-Ruska&#8221; qui ont adh\u00e9r\u00e9 \u00e0 l&#8217;Union Nationale,<br \/>\n&#8211; des associations (ou f\u00e9d\u00e9rations) sympathisantes qui ont adh\u00e9r\u00e9 \u00e0 l&#8217;Union Nationale.<\/span><\/span><\/p>\n<p class=\"western\" align=\"left\"><span style=\"color: #000000;\"><span style=\"font-family: Arial, sans-serif;\"><span style=\"font-size: medium;\"><span lang=\"fr-FR\">Toute nouvelle adh\u00e9sion est soumise \u00e0 l\u2019approbation pr\u00e9alable du conseil national.<\/span><\/span><\/span><\/span><\/p>\n","protected":false},"excerpt":{"rendered":"<p>Composition des associations locales\u00a0 (article 6 des statuts) Les survivants du stalag 325, leurs conjoints, descendants et collat\u00e9raux, les veuves de disparus, ainsi \u00e9ventuellement que les sympathisants se regroupent en associations locales ind\u00e9pendantes. Composition de l&#8217;Union Nationale (article 7 des statuts) L&#8217;Union Nationale est la f\u00e9d\u00e9ration nationale : &#8211; des associations locales de &#8220;Ceux de &hellip; <\/p>\n<p class=\"link-more\"><a href=\"https:\/\/rawa-ruska-union-nationale.fr\/index.php\/presidents_des_associations\/\" class=\"more-link\">Continuer la lecture<span class=\"screen-reader-text\"> de &laquo;&nbsp;Les associations&nbsp;&raquo;<\/span><\/a><\/p>\n","protected":false},"author":1,"featured_media":0,"parent":0,"menu_order":65,"comment_status":"closed","ping_status":"closed","template":"","meta":{"_bbp_topic_count":0,"_bbp_reply_count":0,"_bbp_total_topic_count":0,"_bbp_total_reply_count":0,"_bbp_voice_count":0,"_bbp_anonymous_reply_count":0,"_bbp_topic_count_hidden":0,"_bbp_reply_count_hidden":0,"_bbp_forum_subforum_count":0,"_crdt_document":"","two_page_speed":[],"footnotes":""},"class_list":["post-210","page","type-page","status-publish","hentry"],"_links":{"self":[{"href":"https:\/\/rawa-ruska-union-nationale.fr\/index.php\/wp-json\/wp\/v2\/pages\/210","targetHints":{"allow":["GET"]}}],"collection":[{"href":"https:\/\/rawa-ruska-union-nationale.fr\/index.php\/wp-json\/wp\/v2\/pages"}],"about":[{"href":"https:\/\/rawa-ruska-union-nationale.fr\/index.php\/wp-json\/wp\/v2\/types\/page"}],"author":[{"embeddable":true,"href":"https:\/\/rawa-ruska-union-nationale.fr\/index.php\/wp-json\/wp\/v2\/users\/1"}],"replies":[{"embeddable":true,"href":"https:\/\/rawa-ruska-union-nationale.fr\/index.php\/wp-json\/wp\/v2\/comments?post=210"}],"version-history":[{"count":16,"href":"https:\/\/rawa-ruska-union-nationale.fr\/index.php\/wp-json\/wp\/v2\/pages\/210\/revisions"}],"predecessor-version":[{"id":7433,"href":"https:\/\/rawa-ruska-union-nationale.fr\/index.php\/wp-json\/wp\/v2\/pages\/210\/revisions\/7433"}],"wp:attachment":[{"href":"https:\/\/rawa-ruska-union-nationale.fr\/index.php\/wp-json\/wp\/v2\/media?parent=210"}],"curies":[{"name":"wp","href":"https:\/\/api.w.org\/{rel}","templated":true}]}}