{"id":2707,"date":"2020-09-05T21:52:27","date_gmt":"2020-09-05T19:52:27","guid":{"rendered":"https:\/\/rawa-ruska-union-nationale.fr\/?page_id=2707"},"modified":"2021-12-06T16:04:20","modified_gmt":"2021-12-06T15:04:20","slug":"nouveautes-du-site","status":"publish","type":"page","link":"https:\/\/rawa-ruska-union-nationale.fr\/index.php\/nouveautes-du-site\/","title":{"rendered":"Nouveaut\u00e9s du site"},"content":{"rendered":"\r\n<p class=\"wp-block-paragraph\">Par p\u00e9riode de trois mois, nous vous informons des nouveaut\u00e9s mises sur le site. Les contenus trop anciens sont archiv\u00e9s. Nous pr\u00e9ciserons plus tard les moyens mis en place pour leur disponibilit\u00e9.<\/p>\r\n<p><strong><em>Septembre 2021<\/em><\/strong><\/p>\r\n<p>Mise \u00e0 jour des <a href=\"https:\/\/rawa-ruska-union-nationale.fr\/index.php\/anciens-decedes-a-rawa\/\">Anciens d\u00e9c\u00e9d\u00e9s \u00e0 Rawa-Ruska<\/a><br \/><a href=\"https:\/\/rawa-ruska-union-nationale.fr\/index.php\/voyage-en-ukraine-printemps-2022\/\">Voyage en Ukraine<\/a> &#8211; printemps 2022<br \/><a href=\"https:\/\/rawa-ruska-union-nationale.fr\/index.php\/congres-2021\/\">Programme du congr\u00e8s 2021<\/a><\/p>\r\n<p><strong><em>Mai 2021<\/em><\/strong><\/p>\r\n<p><a href=\"https:\/\/rawa-ruska-union-nationale.fr\/index.php\/anciens-decedes-a-rawa\/\">Les &#8220;Anciens d\u00e9c\u00e9d\u00e9s \u00e0 Rawa&#8221;<\/a> : mise \u00e0 jour et commentaires<\/p>\r\n<p>&nbsp;<\/p>\r\n<p>&nbsp;<\/p>\r\n<p>&nbsp;<\/p>\r\n<p>\r\n\r\n<\/p>\r\n<p class=\"wp-block-paragraph\">&nbsp;<\/p>\r\n<p>&nbsp;<\/p>\r\n\r\n\r\n\r\n<p class=\"wp-block-paragraph\">&nbsp;<\/p>\r\n","protected":false},"excerpt":{"rendered":"<p>Par p\u00e9riode de trois mois, nous vous informons des nouveaut\u00e9s mises sur le site. Les contenus trop anciens sont archiv\u00e9s. Nous pr\u00e9ciserons plus tard les moyens mis en place pour leur disponibilit\u00e9. Septembre 2021 Mise \u00e0 jour des Anciens d\u00e9c\u00e9d\u00e9s \u00e0 Rawa-RuskaVoyage en Ukraine &#8211; printemps 2022Programme du congr\u00e8s 2021 Mai 2021 Les &#8220;Anciens d\u00e9c\u00e9d\u00e9s &hellip; <\/p>\n<p class=\"link-more\"><a href=\"https:\/\/rawa-ruska-union-nationale.fr\/index.php\/nouveautes-du-site\/\" class=\"more-link\">Continuer la lecture<span class=\"screen-reader-text\"> de &laquo;&nbsp;Nouveaut\u00e9s du site&nbsp;&raquo;<\/span><\/a><\/p>\n","protected":false},"author":1,"featured_media":0,"parent":0,"menu_order":5,"comment_status":"closed","ping_status":"closed","template":"","meta":{"_bbp_topic_count":0,"_bbp_reply_count":0,"_bbp_total_topic_count":0,"_bbp_total_reply_count":0,"_bbp_voice_count":0,"_bbp_anonymous_reply_count":0,"_bbp_topic_count_hidden":0,"_bbp_reply_count_hidden":0,"_bbp_forum_subforum_count":0,"_crdt_document":"","two_page_speed":[],"footnotes":""},"class_list":["post-2707","page","type-page","status-publish","hentry"],"_links":{"self":[{"href":"https:\/\/rawa-ruska-union-nationale.fr\/index.php\/wp-json\/wp\/v2\/pages\/2707","targetHints":{"allow":["GET"]}}],"collection":[{"href":"https:\/\/rawa-ruska-union-nationale.fr\/index.php\/wp-json\/wp\/v2\/pages"}],"about":[{"href":"https:\/\/rawa-ruska-union-nationale.fr\/index.php\/wp-json\/wp\/v2\/types\/page"}],"author":[{"embeddable":true,"href":"https:\/\/rawa-ruska-union-nationale.fr\/index.php\/wp-json\/wp\/v2\/users\/1"}],"replies":[{"embeddable":true,"href":"https:\/\/rawa-ruska-union-nationale.fr\/index.php\/wp-json\/wp\/v2\/comments?post=2707"}],"version-history":[{"count":52,"href":"https:\/\/rawa-ruska-union-nationale.fr\/index.php\/wp-json\/wp\/v2\/pages\/2707\/revisions"}],"predecessor-version":[{"id":4743,"href":"https:\/\/rawa-ruska-union-nationale.fr\/index.php\/wp-json\/wp\/v2\/pages\/2707\/revisions\/4743"}],"wp:attachment":[{"href":"https:\/\/rawa-ruska-union-nationale.fr\/index.php\/wp-json\/wp\/v2\/media?parent=2707"}],"curies":[{"name":"wp","href":"https:\/\/api.w.org\/{rel}","templated":true}]}}