{"id":2974,"date":"2020-11-07T12:24:12","date_gmt":"2020-11-07T11:24:12","guid":{"rendered":"https:\/\/rawa-ruska-union-nationale.fr\/?page_id=2974"},"modified":"2020-11-10T21:47:04","modified_gmt":"2020-11-10T20:47:04","slug":"lettres-et-documents-legwinski","status":"publish","type":"page","link":"https:\/\/rawa-ruska-union-nationale.fr\/index.php\/lettres-et-documents-legwinski\/","title":{"rendered":"Lettres et documents Legwinski"},"content":{"rendered":"<p>1 &#8211; Carte Union nationale des militaires d\u00e9port\u00e9s r\u00e9sistants et familles de disparus &#8211; Ceux de Rawa &#8211; Ruska<\/p>\n\n<p>2 &#8211; Carte de la f\u00e9d\u00e9ration nationale des combattants et des prisonniers de guerre<\/p>\n\n<p>3 &#8211; Demande de la m\u00e9daille des \u00e9vad\u00e9s<\/p>\n\n<p>4 &#8211; Attestation m\u00e9dicale sur l&#8217;\u00e9tat de sant\u00e9 suite \u00e0 la captivit\u00e9<\/p>\n\n<p>5 &#8211; Lettre d&#8217;un ancien de captivit\u00e9 \u00e0 Legwinski<\/p>\n\n<p>&nbsp;<\/p>\n<p>&nbsp;<\/p>\n","protected":false},"excerpt":{"rendered":"<p>1 &#8211; Carte Union nationale des militaires d\u00e9port\u00e9s r\u00e9sistants et familles de disparus &#8211; Ceux de Rawa &#8211; Ruska 2 &#8211; Carte de la f\u00e9d\u00e9ration nationale des combattants et des prisonniers de guerre 3 &#8211; Demande de la m\u00e9daille des \u00e9vad\u00e9s 4 &#8211; Attestation m\u00e9dicale sur l&#8217;\u00e9tat de sant\u00e9 suite \u00e0 la captivit\u00e9 5 &#8211; &hellip; <\/p>\n<p class=\"link-more\"><a href=\"https:\/\/rawa-ruska-union-nationale.fr\/index.php\/lettres-et-documents-legwinski\/\" class=\"more-link\">Continuer la lecture<span class=\"screen-reader-text\"> de &laquo;&nbsp;Lettres et documents Legwinski&nbsp;&raquo;<\/span><\/a><\/p>\n","protected":false},"author":1,"featured_media":0,"parent":0,"menu_order":2,"comment_status":"closed","ping_status":"closed","template":"","meta":{"_bbp_topic_count":0,"_bbp_reply_count":0,"_bbp_total_topic_count":0,"_bbp_total_reply_count":0,"_bbp_voice_count":0,"_bbp_anonymous_reply_count":0,"_bbp_topic_count_hidden":0,"_bbp_reply_count_hidden":0,"_bbp_forum_subforum_count":0,"_crdt_document":"","two_page_speed":[],"footnotes":""},"class_list":["post-2974","page","type-page","status-publish","hentry"],"_links":{"self":[{"href":"https:\/\/rawa-ruska-union-nationale.fr\/index.php\/wp-json\/wp\/v2\/pages\/2974","targetHints":{"allow":["GET"]}}],"collection":[{"href":"https:\/\/rawa-ruska-union-nationale.fr\/index.php\/wp-json\/wp\/v2\/pages"}],"about":[{"href":"https:\/\/rawa-ruska-union-nationale.fr\/index.php\/wp-json\/wp\/v2\/types\/page"}],"author":[{"embeddable":true,"href":"https:\/\/rawa-ruska-union-nationale.fr\/index.php\/wp-json\/wp\/v2\/users\/1"}],"replies":[{"embeddable":true,"href":"https:\/\/rawa-ruska-union-nationale.fr\/index.php\/wp-json\/wp\/v2\/comments?post=2974"}],"version-history":[{"count":5,"href":"https:\/\/rawa-ruska-union-nationale.fr\/index.php\/wp-json\/wp\/v2\/pages\/2974\/revisions"}],"predecessor-version":[{"id":5791,"href":"https:\/\/rawa-ruska-union-nationale.fr\/index.php\/wp-json\/wp\/v2\/pages\/2974\/revisions\/5791"}],"wp:attachment":[{"href":"https:\/\/rawa-ruska-union-nationale.fr\/index.php\/wp-json\/wp\/v2\/media?parent=2974"}],"curies":[{"name":"wp","href":"https:\/\/api.w.org\/{rel}","templated":true}]}}