{"id":3110,"date":"2020-12-06T11:34:31","date_gmt":"2020-12-06T10:34:31","guid":{"rendered":"https:\/\/rawa-ruska-union-nationale.fr\/?page_id=3110"},"modified":"2020-12-06T22:01:20","modified_gmt":"2020-12-06T21:01:20","slug":"pages-dhistoire","status":"publish","type":"page","link":"https:\/\/rawa-ruska-union-nationale.fr\/index.php\/pages-dhistoire\/","title":{"rendered":"Pages d&#8217;Histoire"},"content":{"rendered":"\r\n<p class=\"wp-block-paragraph\">L&#8217;Histoire de Rawa-Ruska s&#8217;inscrit dans le cadre de la Seconde Guerre mondiale. Nos &#8220;Anciens&#8221; ont \u00e9t\u00e9 emport\u00e9s dans tous les \u00e9v\u00e9nements de cette p\u00e9riode. Ils ont notamment \u00e9t\u00e9 tr\u00e8s proches, voir impliqu\u00e9s dans des pages d&#8217;Histoire relatant par exemple le Gouvernement G\u00e9n\u00e9ral de Pologne, les Einzatgruppens, la Shoah et les camps d&#8217;extermination, le proc\u00e8s de Nuremberg&#8230;\u00a0 Nous regroupons ces \u00e9v\u00e9nements et la documentation qui peut int\u00e9resser nos adh\u00e9rents par page sp\u00e9cifique.<\/p>\r\n","protected":false},"excerpt":{"rendered":"<p>L&#8217;Histoire de Rawa-Ruska s&#8217;inscrit dans le cadre de la Seconde Guerre mondiale. Nos &#8220;Anciens&#8221; ont \u00e9t\u00e9 emport\u00e9s dans tous les \u00e9v\u00e9nements de cette p\u00e9riode. Ils ont notamment \u00e9t\u00e9 tr\u00e8s proches, voir impliqu\u00e9s dans des pages d&#8217;Histoire relatant par exemple le Gouvernement G\u00e9n\u00e9ral de Pologne, les Einzatgruppens, la Shoah et les camps d&#8217;extermination, le proc\u00e8s de &hellip; <\/p>\n<p class=\"link-more\"><a href=\"https:\/\/rawa-ruska-union-nationale.fr\/index.php\/pages-dhistoire\/\" class=\"more-link\">Continuer la lecture<span class=\"screen-reader-text\"> de &laquo;&nbsp;Pages d&#8217;Histoire&nbsp;&raquo;<\/span><\/a><\/p>\n","protected":false},"author":1,"featured_media":0,"parent":0,"menu_order":1,"comment_status":"closed","ping_status":"closed","template":"","meta":{"_bbp_topic_count":0,"_bbp_reply_count":0,"_bbp_total_topic_count":0,"_bbp_total_reply_count":0,"_bbp_voice_count":0,"_bbp_anonymous_reply_count":0,"_bbp_topic_count_hidden":0,"_bbp_reply_count_hidden":0,"_bbp_forum_subforum_count":0,"_crdt_document":"","two_page_speed":[],"footnotes":""},"class_list":["post-3110","page","type-page","status-publish","hentry"],"_links":{"self":[{"href":"https:\/\/rawa-ruska-union-nationale.fr\/index.php\/wp-json\/wp\/v2\/pages\/3110","targetHints":{"allow":["GET"]}}],"collection":[{"href":"https:\/\/rawa-ruska-union-nationale.fr\/index.php\/wp-json\/wp\/v2\/pages"}],"about":[{"href":"https:\/\/rawa-ruska-union-nationale.fr\/index.php\/wp-json\/wp\/v2\/types\/page"}],"author":[{"embeddable":true,"href":"https:\/\/rawa-ruska-union-nationale.fr\/index.php\/wp-json\/wp\/v2\/users\/1"}],"replies":[{"embeddable":true,"href":"https:\/\/rawa-ruska-union-nationale.fr\/index.php\/wp-json\/wp\/v2\/comments?post=3110"}],"version-history":[{"count":4,"href":"https:\/\/rawa-ruska-union-nationale.fr\/index.php\/wp-json\/wp\/v2\/pages\/3110\/revisions"}],"predecessor-version":[{"id":3141,"href":"https:\/\/rawa-ruska-union-nationale.fr\/index.php\/wp-json\/wp\/v2\/pages\/3110\/revisions\/3141"}],"wp:attachment":[{"href":"https:\/\/rawa-ruska-union-nationale.fr\/index.php\/wp-json\/wp\/v2\/media?parent=3110"}],"curies":[{"name":"wp","href":"https:\/\/api.w.org\/{rel}","templated":true}]}}