{"id":3485,"date":"2021-03-17T21:50:23","date_gmt":"2021-03-17T20:50:23","guid":{"rendered":"https:\/\/rawa-ruska-union-nationale.fr\/?page_id=3485"},"modified":"2021-08-09T08:12:07","modified_gmt":"2021-08-09T06:12:07","slug":"forum","status":"publish","type":"page","link":"https:\/\/rawa-ruska-union-nationale.fr\/index.php\/forum\/","title":{"rendered":"Forum"},"content":{"rendered":"\r\n<h3 class=\"western\" align=\"left\"><strong><span style=\"color: #222222;\"><span style=\"font-family: Arial, Helvetica, sans-serif;\"><span style=\"font-size: medium;\"><i>Bienvenue sur le Forum.<\/i><\/span><\/span><\/span><\/strong><\/h3>\r\n<p class=\"western\" align=\"left\"><span style=\"color: #222222;\"><span style=\"font-family: Arial, Helvetica, sans-serif;\"><span style=\"font-size: medium;\">Ce Forum a pour but de favoriser les discussions et les \u00e9changes entre tous les adh\u00e9rents de nos associations locales. Ces discussions seront organis\u00e9es autour de quatre grands domaines couvrant les buts de notre Union Nationale :<\/span><\/span><\/span><\/p>\r\n<ul>\r\n<li class=\"western\"><span style=\"font-family: Arial, Helvetica, sans-serif;\"><span style=\"font-size: medium;\"><i><b>Guerre et Prisonniers de Guerre<\/b><\/i><\/span><\/span><\/li>\r\n<li class=\"western\"><i><b><\/b><\/i><span style=\"font-family: Arial, Helvetica, sans-serif;\"><span style=\"font-size: medium;\"><i><b>Stalag 325, Sous-Camps et Kommandos<\/b><\/i><\/span><\/span><\/li>\r\n<li class=\"western\"><span style=\"font-family: Arial, Helvetica, sans-serif;\"><span style=\"font-size: medium;\"><i><b>Anciens de Rawa-Ruska<\/b><\/i><\/span><\/span><\/li>\r\n<li class=\"western\"><span style=\"font-family: Arial, Helvetica, sans-serif;\"><span style=\"font-size: medium;\"><i><b>Union Nationale et Associations<\/b><\/i><\/span><\/span><\/li>\r\n<\/ul>\r\n<p class=\"western\" align=\"left\"><span style=\"color: #222222;\"><span style=\"font-family: Arial, Helvetica, sans-serif;\"><span style=\"font-size: medium;\">A l\u2019int\u00e9rieur de chacun de ces grands domaines, les discussions peuvent porter sur des sujets qui seront propos\u00e9s par vous-m\u00eame. Il vous suffit de cliquer sur le domaine concern\u00e9, puis de rajouter un sujet et de d\u00e9marrer la discussion.<\/span><\/span><\/span><\/p>\r\n<p class=\"western\" align=\"left\"><span style=\"color: #222222;\"><span style=\"font-family: Arial, Helvetica, sans-serif;\"><span style=\"font-size: medium;\">Pour participer \u00e0 une discussion sur un sujet existant, il vous suffit de cliquer dessus et de taper votre texte de commentaire.<\/span><\/span><\/span><\/p>\r\n<p class=\"western\" align=\"left\"><span style=\"color: #222222;\"><span style=\"font-family: Arial, Helvetica, sans-serif;\"><span style=\"font-size: medium;\">Un mod\u00e9rateur est charg\u00e9, pour chacun des grands domaines, d\u2019assurer la coh\u00e9rence des sujets propos\u00e9s et la bonne tenue des discussions. Il a la possibilit\u00e9 d\u2019intervenir dans la discussion pour r\u00e9guler des propos qui ne seraient pas conformes \u00e0 l\u2019\u00e9thique et \u00e0 la biens\u00e9ance<i>.<\/i><\/span><\/span><\/span><\/p>\r\n<p class=\"western\" align=\"left\"><strong><span style=\"color: #222222;\"><span style=\"font-family: Arial, Helvetica, sans-serif;\"><span style=\"font-size: medium;\"><i>A vos claviers\u2026.<\/i><\/span><\/span><\/span><\/strong><\/p>\r\n\r\n\r\n<p style=\"text-align: center;\">\n<div id=\"bbpress-forums\" class=\"bbpress-wrapper\">\n\n\t\n\t<div class=\"bbp-search-form\">\n\t\t<form role=\"search\" method=\"get\" id=\"bbp-search-form\">\n\t\t\t<div>\n\t\t\t\t<label class=\"screen-reader-text hidden\" for=\"bbp_search\">Rechercher<\/label>\n\t\t\t\t<input type=\"hidden\" name=\"action\" value=\"bbp-search-request\" \/>\n\t\t\t\t<input type=\"text\" value=\"\" name=\"bbp_search\" id=\"bbp_search\" \/>\n\t\t\t\t<input class=\"button\" type=\"submit\" id=\"bbp_search_submit\" value=\"Rechercher\" \/>\n\t\t\t<\/div>\n\t\t<\/form>\n\t<\/div>\n\n\n\t<div class=\"bbp-breadcrumb\"><p><a href=\"https:\/\/rawa-ruska-union-nationale.fr\" class=\"bbp-breadcrumb-home\">Accueil<\/a> <span class=\"bbp-breadcrumb-sep\">&rsaquo;<\/span> <span class=\"bbp-breadcrumb-current\">Forums<\/span><\/p><\/div>\n\t\n\t\n\t\n\t\t\n<ul id=\"forums-list-0\" class=\"bbp-forums\">\n\n\t<li class=\"bbp-header\">\n\n\t\t<ul class=\"forum-titles\">\n\t\t\t<li class=\"bbp-forum-info\">Forum<\/li>\n\t\t\t<li class=\"bbp-forum-topic-count\">Sujets<\/li>\n\t\t\t<li class=\"bbp-forum-reply-count\">Messages<\/li>\n\t\t\t<li class=\"bbp-forum-freshness\">Derni\u00e8re publication<\/li>\n\t\t<\/ul>\n\n\t<\/li><!-- .bbp-header -->\n\n\t<li class=\"bbp-body\">\n\n\t\t\n\t\t\t\n<ul id=\"bbp-forum-4118\" class=\"loop-item-0 bbp-forum-status-open bbp-forum-visibility-publish odd  post-4118 forum type-forum status-publish hentry\">\n\t<li class=\"bbp-forum-info\">\n\n\t\t\n\t\t\n\t\t<a class=\"bbp-forum-title\" href=\"https:\/\/rawa-ruska-union-nationale.fr\/index.php\/forums\/forum\/guerre-et-prisonniers-de-guerre\/\">Guerre et Prisonniers de Guerre<\/a>\n\n\t\t\n\t\t\n\t\t<div class=\"bbp-forum-content\"><\/div>\n\n\t\t\n\t\t\n\t\t\n\t\t\n\t\t\n\t<\/li>\n\n\t<li class=\"bbp-forum-topic-count\">1<\/li>\n\n\t<li class=\"bbp-forum-reply-count\">2<\/li>\n\n\t<li class=\"bbp-forum-freshness\">\n\n\t\t\n\t\t<a href=\"https:\/\/rawa-ruska-union-nationale.fr\/index.php\/forums\/topic\/recherche-danciens\/#post-4362\" title=\"R\u00e9pondre \u00e0\u00a0: Recherche d&#8217;anciens\">il y a 4 ann\u00e9es et 6 mois<\/a>\n\t\t\n\t\t<p class=\"bbp-topic-meta\">\n\n\t\t\t\n\t\t\t<span class=\"bbp-topic-freshness-author\"><a href=\"https:\/\/rawa-ruska-union-nationale.fr\/index.php\/forums\/users\/clovis\/\" title=\"Voir le profil de Claude Vanneste\" class=\"bbp-author-link\"><span  class=\"bbp-author-avatar\"><img decoding=\"async\" src=\"https:\/\/rawa-ruska-union-nationale.fr\/wp-content\/plugins\/ultimate-member\/assets\/img\/default_avatar.jpg\" class=\"gravatar avatar avatar-16 um-avatar um-avatar-default\" width=\"16\" height=\"16\" alt=\"Claude Vanneste\" data-default=\"https:\/\/rawa-ruska-union-nationale.fr\/wp-content\/plugins\/ultimate-member\/assets\/img\/default_avatar.jpg\" onerror=\"if ( ! this.getAttribute('data-load-error') ){ this.setAttribute('data-load-error', '1');this.setAttribute('src', this.getAttribute('data-default'));}\" loading=\"lazy\" \/><\/span><span  class=\"bbp-author-name\">Claude Vanneste<\/span><\/a><\/span>\n\n\t\t\t\n\t\t<\/p>\n\t<\/li>\n<\/ul><!-- #bbp-forum-4118 -->\n\n\t\t\n\t\t\t\n<ul id=\"bbp-forum-8133\" class=\"loop-item-1 bbp-forum-status-open bbp-forum-visibility-publish even  post-8133 forum type-forum status-publish hentry\">\n\t<li class=\"bbp-forum-info\">\n\n\t\t\n\t\t\n\t\t<a class=\"bbp-forum-title\" href=\"https:\/\/rawa-ruska-union-nationale.fr\/index.php\/forums\/forum\/lecture-de-these-millet\/\">Lecture de th\u00e8se Millet<\/a>\n\n\t\t\n\t\t\n\t\t<div class=\"bbp-forum-content\">Forum d\u00e9di\u00e9 \u00e0 tous les lecteurs de la th\u00e8se d'Alain Millet.\r\n\r\nDemander l'acc\u00e8s au webmaster<\/div>\n\n\t\t\n\t\t\n\t\t\n\t\t\n\t\t\n\t<\/li>\n\n\t<li class=\"bbp-forum-topic-count\">1<\/li>\n\n\t<li class=\"bbp-forum-reply-count\">1<\/li>\n\n\t<li class=\"bbp-forum-freshness\">\n\n\t\t\n\t\t<a href=\"https:\/\/rawa-ruska-union-nationale.fr\/index.php\/forums\/topic\/questions-de-denomination\/\" title=\"Questions de d\u00e9nomination\">il y a 2 ann\u00e9es et 4 mois<\/a>\n\t\t\n\t\t<p class=\"bbp-topic-meta\">\n\n\t\t\t\n\t\t\t<span class=\"bbp-topic-freshness-author\"><a href=\"https:\/\/rawa-ruska-union-nationale.fr\/index.php\/forums\/users\/admin5859\/\" title=\"Voir le profil de Claude VANNESTE\" class=\"bbp-author-link\"><span  class=\"bbp-author-avatar\"><img decoding=\"async\" src=\"https:\/\/rawa-ruska-union-nationale.fr\/wp-content\/plugins\/ultimate-member\/assets\/img\/default_avatar.jpg\" class=\"gravatar avatar avatar-16 um-avatar um-avatar-default\" width=\"16\" height=\"16\" alt=\"Claude VANNESTE\" data-default=\"https:\/\/rawa-ruska-union-nationale.fr\/wp-content\/plugins\/ultimate-member\/assets\/img\/default_avatar.jpg\" onerror=\"if ( ! this.getAttribute('data-load-error') ){ this.setAttribute('data-load-error', '1');this.setAttribute('src', this.getAttribute('data-default'));}\" loading=\"lazy\" \/><\/span><span  class=\"bbp-author-name\">Claude VANNESTE<\/span><\/a><\/span>\n\n\t\t\t\n\t\t<\/p>\n\t<\/li>\n<\/ul><!-- #bbp-forum-8133 -->\n\n\t\t\n\t\t\t\n<ul id=\"bbp-forum-4120\" class=\"loop-item-2 bbp-forum-status-open bbp-forum-visibility-publish odd  post-4120 forum type-forum status-publish hentry\">\n\t<li class=\"bbp-forum-info\">\n\n\t\t\n\t\t\n\t\t<a class=\"bbp-forum-title\" href=\"https:\/\/rawa-ruska-union-nationale.fr\/index.php\/forums\/forum\/stalag-325-sous-camps-et-kommandos\/\">Stalag 325, sous-camps et kommandos<\/a>\n\n\t\t\n\t\t\n\t\t<div class=\"bbp-forum-content\"><\/div>\n\n\t\t\n\t\t\n\t\t\n\t\t\n\t\t\n\t<\/li>\n\n\t<li class=\"bbp-forum-topic-count\">0<\/li>\n\n\t<li class=\"bbp-forum-reply-count\">0<\/li>\n\n\t<li class=\"bbp-forum-freshness\">\n\n\t\t\n\t\tAucun Sujet\n\t\t\n\t\t<p class=\"bbp-topic-meta\">\n\n\t\t\t\n\t\t\t<span class=\"bbp-topic-freshness-author\"><\/span>\n\n\t\t\t\n\t\t<\/p>\n\t<\/li>\n<\/ul><!-- #bbp-forum-4120 -->\n\n\t\t\n\t\t\t\n<ul id=\"bbp-forum-4122\" class=\"loop-item-3 bbp-forum-status-open bbp-forum-visibility-publish even  post-4122 forum type-forum status-publish hentry\">\n\t<li class=\"bbp-forum-info\">\n\n\t\t\n\t\t\n\t\t<a class=\"bbp-forum-title\" href=\"https:\/\/rawa-ruska-union-nationale.fr\/index.php\/forums\/forum\/anciens-de-rawa-ruska\/\">Anciens de Rawa-Ruska<\/a>\n\n\t\t\n\t\t\n\t\t<div class=\"bbp-forum-content\"><\/div>\n\n\t\t\n\t\t\n\t\t\n\t\t\n\t\t\n\t<\/li>\n\n\t<li class=\"bbp-forum-topic-count\">1<\/li>\n\n\t<li class=\"bbp-forum-reply-count\">1<\/li>\n\n\t<li class=\"bbp-forum-freshness\">\n\n\t\t\n\t\t<a href=\"https:\/\/rawa-ruska-union-nationale.fr\/index.php\/forums\/topic\/anciens-decedes-a-rawa\/\" title=\"Anciens d\u00e9c\u00e9d\u00e9s \u00e0 Rawa\">il y a 4 ann\u00e9es et 5 mois<\/a>\n\t\t\n\t\t<p class=\"bbp-topic-meta\">\n\n\t\t\t\n\t\t\t<span class=\"bbp-topic-freshness-author\"><a href=\"https:\/\/rawa-ruska-union-nationale.fr\/index.php\/forums\/users\/clovis\/\" title=\"Voir le profil de Claude Vanneste\" class=\"bbp-author-link\"><span  class=\"bbp-author-avatar\"><img decoding=\"async\" src=\"https:\/\/rawa-ruska-union-nationale.fr\/wp-content\/plugins\/ultimate-member\/assets\/img\/default_avatar.jpg\" class=\"gravatar avatar avatar-16 um-avatar um-avatar-default\" width=\"16\" height=\"16\" alt=\"Claude Vanneste\" data-default=\"https:\/\/rawa-ruska-union-nationale.fr\/wp-content\/plugins\/ultimate-member\/assets\/img\/default_avatar.jpg\" onerror=\"if ( ! this.getAttribute('data-load-error') ){ this.setAttribute('data-load-error', '1');this.setAttribute('src', this.getAttribute('data-default'));}\" loading=\"lazy\" \/><\/span><span  class=\"bbp-author-name\">Claude Vanneste<\/span><\/a><\/span>\n\n\t\t\t\n\t\t<\/p>\n\t<\/li>\n<\/ul><!-- #bbp-forum-4122 -->\n\n\t\t\n\t\t\t\n<ul id=\"bbp-forum-4124\" class=\"loop-item-4 bbp-forum-status-open bbp-forum-visibility-publish odd  post-4124 forum type-forum status-publish hentry\">\n\t<li class=\"bbp-forum-info\">\n\n\t\t\n\t\t\n\t\t<a class=\"bbp-forum-title\" href=\"https:\/\/rawa-ruska-union-nationale.fr\/index.php\/forums\/forum\/union-nationale-et-associations\/\">Union nationale et associations<\/a>\n\n\t\t\n\t\t\n\t\t<div class=\"bbp-forum-content\"><\/div>\n\n\t\t\n\t\t\n\t\t\n\t\t\n\t\t\n\t<\/li>\n\n\t<li class=\"bbp-forum-topic-count\">1<\/li>\n\n\t<li class=\"bbp-forum-reply-count\">1<\/li>\n\n\t<li class=\"bbp-forum-freshness\">\n\n\t\t\n\t\t<a href=\"https:\/\/rawa-ruska-union-nationale.fr\/index.php\/forums\/topic\/site-internet\/\" title=\"Site Internet\">il y a 4 ann\u00e9es et 10 mois<\/a>\n\t\t\n\t\t<p class=\"bbp-topic-meta\">\n\n\t\t\t\n\t\t\t<span class=\"bbp-topic-freshness-author\"><a href=\"https:\/\/rawa-ruska-union-nationale.fr\/index.php\/forums\/users\/candeb1\/\" title=\"Voir le profil de Bernard Candelon\" class=\"bbp-author-link\"><span  class=\"bbp-author-avatar\"><img decoding=\"async\" src=\"https:\/\/rawa-ruska-union-nationale.fr\/wp-content\/plugins\/ultimate-member\/assets\/img\/default_avatar.jpg\" class=\"gravatar avatar avatar-16 um-avatar um-avatar-default\" width=\"16\" height=\"16\" alt=\"Bernard Candelon\" data-default=\"https:\/\/rawa-ruska-union-nationale.fr\/wp-content\/plugins\/ultimate-member\/assets\/img\/default_avatar.jpg\" onerror=\"if ( ! this.getAttribute('data-load-error') ){ this.setAttribute('data-load-error', '1');this.setAttribute('src', this.getAttribute('data-default'));}\" loading=\"lazy\" \/><\/span><span  class=\"bbp-author-name\">Bernard Candelon<\/span><\/a><\/span>\n\n\t\t\t\n\t\t<\/p>\n\t<\/li>\n<\/ul><!-- #bbp-forum-4124 -->\n\n\t\t\n\t<\/li><!-- .bbp-body -->\n\n\t<li class=\"bbp-footer\">\n\n\t\t<div class=\"tr\">\n\t\t\t<p class=\"td colspan4\">&nbsp;<\/p>\n\t\t<\/div><!-- .tr -->\n\n\t<\/li><!-- .bbp-footer -->\n\n<\/ul><!-- .forums-directory -->\n\n\n\t\n\t\n<\/div>\n<\/p>\n\r\n\r\n\r\n<p class=\"wp-block-paragraph\">&nbsp;<\/p>\r\n","protected":false},"excerpt":{"rendered":"<p>&nbsp;<\/p>\n","protected":false},"author":1,"featured_media":0,"parent":0,"menu_order":0,"comment_status":"closed","ping_status":"closed","template":"","meta":{"_bbp_topic_count":0,"_bbp_reply_count":0,"_bbp_total_topic_count":0,"_bbp_total_reply_count":0,"_bbp_voice_count":0,"_bbp_anonymous_reply_count":0,"_bbp_topic_count_hidden":0,"_bbp_reply_count_hidden":0,"_bbp_forum_subforum_count":0,"_crdt_document":"","two_page_speed":[],"footnotes":""},"class_list":["post-3485","page","type-page","status-publish","hentry"],"_links":{"self":[{"href":"https:\/\/rawa-ruska-union-nationale.fr\/index.php\/wp-json\/wp\/v2\/pages\/3485","targetHints":{"allow":["GET"]}}],"collection":[{"href":"https:\/\/rawa-ruska-union-nationale.fr\/index.php\/wp-json\/wp\/v2\/pages"}],"about":[{"href":"https:\/\/rawa-ruska-union-nationale.fr\/index.php\/wp-json\/wp\/v2\/types\/page"}],"author":[{"embeddable":true,"href":"https:\/\/rawa-ruska-union-nationale.fr\/index.php\/wp-json\/wp\/v2\/users\/1"}],"replies":[{"embeddable":true,"href":"https:\/\/rawa-ruska-union-nationale.fr\/index.php\/wp-json\/wp\/v2\/comments?post=3485"}],"version-history":[{"count":25,"href":"https:\/\/rawa-ruska-union-nationale.fr\/index.php\/wp-json\/wp\/v2\/pages\/3485\/revisions"}],"predecessor-version":[{"id":4264,"href":"https:\/\/rawa-ruska-union-nationale.fr\/index.php\/wp-json\/wp\/v2\/pages\/3485\/revisions\/4264"}],"wp:attachment":[{"href":"https:\/\/rawa-ruska-union-nationale.fr\/index.php\/wp-json\/wp\/v2\/media?parent=3485"}],"curies":[{"name":"wp","href":"https:\/\/api.w.org\/{rel}","templated":true}]}}