{"id":383,"date":"2019-01-17T14:00:06","date_gmt":"2019-01-17T13:00:06","guid":{"rendered":"http:\/\/rawa-ruska-union-nationale.fr\/?page_id=383"},"modified":"2020-05-19T19:20:08","modified_gmt":"2020-05-19T17:20:08","slug":"adhesion","status":"publish","type":"page","link":"https:\/\/rawa-ruska-union-nationale.fr\/index.php\/adhesion\/","title":{"rendered":"Adh\u00e9sion"},"content":{"rendered":"<p>Si vous souhaitez adh\u00e9rer \u00e0 l&#8217;une de nos associations Rawa Ruska, :<\/p>\r\n<p>&#8211; imprimez ce bordereau\u00a0 (voir barre des t\u00e2ches au dessus du document) <br \/>&#8211; envoyez le \u00e0 l&#8217;adresse indiqu\u00e9e.<\/p>\r\n\r\n<p>&nbsp;<\/p>\r\n<p><!-- \/wp:post-content --><\/p>\r\n<p><!-- wp:paragraph \/--><\/p>\r\n<p><!-- wp:pdfemb\/pdf-embedder-viewer {\"pdfID\":2185,\"url\":\"http:\/\/rawa-ruska-union-nationale.fr\/wp-content\/uploads\/2020\/04\/re\u00e7u_fiscla_Viviane_1.doc\"} --><\/p>\r\n<p><!-- \/wp:pdfemb\/pdf-embedder-viewer --><\/p>\r\n<p><!-- wp:pdfemb\/pdf-embedder-viewer {\"pdfID\":2174,\"url\":\"http:\/\/rawa-ruska-union-nationale.fr\/wp-content\/uploads\/2020\/04\/AG-2019_CR_approuve.pdf\"} --><\/p>\r\n<p><!-- \/wp:pdfemb\/pdf-embedder-viewer --><\/p>\r\n<p><!-- wp:pdfemb\/pdf-embedder-viewer {\"pdfID\":1651,\"url\":\"https:\/\/rawa-ruska-union-nationale.fr\/wp-content\/uploads\/2020\/03\/Bulletin_dadh\u00e9sion.pdf\"} --><\/p>\r\n<p><br \/><!-- \/wp:pdfemb\/pdf-embedder-viewer --><\/p>\r\n<!-- wp:pdfemb\/pdf-embedder-viewer {\"pdfID\":1651,\"url\":\"https:\/\/rawa-ruska-union-nationale.fr\/wp-content\/uploads\/2020\/03\/Bulletin_dadh\u00e9sion.pdf\"} -->\r\n<p class=\"wp-block-pdfemb-pdf-embedder-viewer\">\u00a0<\/p>\r\n<!-- \/wp:pdfemb\/pdf-embedder-viewer -->","protected":false},"excerpt":{"rendered":"<p>Si vous souhaitez adh\u00e9rer \u00e0 l&#8217;une de nos associations Rawa Ruska, : &#8211; imprimez ce bordereau\u00a0 (voir barre des t\u00e2ches au dessus du document) &#8211; envoyez le \u00e0 l&#8217;adresse indiqu\u00e9e. &nbsp; \u00a0<\/p>\n","protected":false},"author":1,"featured_media":0,"parent":0,"menu_order":62,"comment_status":"closed","ping_status":"closed","template":"","meta":{"_bbp_topic_count":0,"_bbp_reply_count":0,"_bbp_total_topic_count":0,"_bbp_total_reply_count":0,"_bbp_voice_count":0,"_bbp_anonymous_reply_count":0,"_bbp_topic_count_hidden":0,"_bbp_reply_count_hidden":0,"_bbp_forum_subforum_count":0,"_crdt_document":"","two_page_speed":[],"footnotes":""},"class_list":["post-383","page","type-page","status-publish","hentry"],"_links":{"self":[{"href":"https:\/\/rawa-ruska-union-nationale.fr\/index.php\/wp-json\/wp\/v2\/pages\/383","targetHints":{"allow":["GET"]}}],"collection":[{"href":"https:\/\/rawa-ruska-union-nationale.fr\/index.php\/wp-json\/wp\/v2\/pages"}],"about":[{"href":"https:\/\/rawa-ruska-union-nationale.fr\/index.php\/wp-json\/wp\/v2\/types\/page"}],"author":[{"embeddable":true,"href":"https:\/\/rawa-ruska-union-nationale.fr\/index.php\/wp-json\/wp\/v2\/users\/1"}],"replies":[{"embeddable":true,"href":"https:\/\/rawa-ruska-union-nationale.fr\/index.php\/wp-json\/wp\/v2\/comments?post=383"}],"version-history":[{"count":39,"href":"https:\/\/rawa-ruska-union-nationale.fr\/index.php\/wp-json\/wp\/v2\/pages\/383\/revisions"}],"predecessor-version":[{"id":2417,"href":"https:\/\/rawa-ruska-union-nationale.fr\/index.php\/wp-json\/wp\/v2\/pages\/383\/revisions\/2417"}],"wp:attachment":[{"href":"https:\/\/rawa-ruska-union-nationale.fr\/index.php\/wp-json\/wp\/v2\/media?parent=383"}],"curies":[{"name":"wp","href":"https:\/\/api.w.org\/{rel}","templated":true}]}}