{"id":3887,"date":"2021-04-25T19:17:10","date_gmt":"2021-04-25T17:17:10","guid":{"rendered":"https:\/\/rawa-ruska-union-nationale.fr\/?page_id=3887"},"modified":"2022-05-10T22:12:04","modified_gmt":"2022-05-10T20:12:04","slug":"legende-tableau","status":"publish","type":"page","link":"https:\/\/rawa-ruska-union-nationale.fr\/index.php\/legende-tableau\/","title":{"rendered":"L\u00e9gende du tableau"},"content":{"rendered":"<div>Cette liste r\u00e9pertorie les Anciens d\u00e9c\u00e9d\u00e9s lors leur d\u00e9tention. Elle n\u2019est pas exhaustive et pr\u00e9sente l\u2019\u00e9tat actuel de nos connaissances (issues pour beaucoup des archives du SHDN de Caen). Ce sont essentiellement des prisonniers d\u00e9c\u00e9daient \u00e0 Rawa-Ruska ou dans l\u2019un de ses sous-camps. Pour quelques autres, le d\u00e9c\u00e8s est intervenu apr\u00e8s avoir quitt\u00e9 la Pologne. Mais il est tr\u00e8s li\u00e9 \u00e0 l\u2019internement au Stalag 325 (exemple : Louis Abadie, d\u00e9c\u00e8s \u00e0 Bucarest apr\u00e8s une \u00e9vasion de Tarnopol).<\/div>\n<div><\/div>\n<div>41 autres fran\u00e7ais identifi\u00e9s sont d\u00e9c\u00e9d\u00e9s en zone sovi\u00e9tique et ont \u00e9t\u00e9 enterr\u00e9s dans des fosses communes, d\u00e9c\u00e8s av\u00e9r\u00e9s par un document du Minist\u00e8re des Anciens Combattants de 1971. Comme nous ne sommes pas en mesure d\u2019acc\u00e9der \u00e0 l\u2019identit\u00e9 de ces soldats, ces 41 d\u00e9c\u00e8s ne figurent pas dans le tableau.<\/div>\n<div><\/div>\n<div>Enfin, 3 tombes de soldats inconnus ont \u00e9t\u00e9 trouv\u00e9es dans le cimeti\u00e8re de Rawa-Ruska, les corps ont \u00e9t\u00e9 rapatri\u00e9s en 1970 et ont \u00e9t\u00e9 inhum\u00e9s \u00e0 la n\u00e9cropole nationale de Montauville ; ils sont compt\u00e9s comme d\u00e9c\u00e8s av\u00e9r\u00e9s. Mais selon des t\u00e9moins, cinq autres tombes non identifi\u00e9es se trouvaient dans les sous-camps : deux \u00e0 Lemberg, une \u00e0 Swietoslaw, une \u00e0 Skole et une \u00e0 Stryj. N\u2019ayant trouv\u00e9 \u00e0 ce jour ni preuve mat\u00e9rielle ni document, ces d\u00e9c\u00e8s n\u2019ont pas \u00e9t\u00e9 r\u00e9pertori\u00e9s.<\/div>\n<div><\/div>\n<div>\n<hr \/>\n<\/div>\n<div>Attention, dans ce tableau, les noms en italique sont en fait des liens vers des fiches biographiques. Ce tableau a in\u00e9vitablement la forme d\u2019un inventaire. Il est fortement sugg\u00e9r\u00e9 de consolider les donn\u00e9es pr\u00e9sent\u00e9es avec celles explicit\u00e9es dans les documents joints.<\/div>\n<div><\/div>\n<div>Pour ne pas alourdir la pr\u00e9sentation de ce tableau, quelques abr\u00e9viations sont propos\u00e9es :<\/div>\n<div>&#8211; MdH renvoie au site de la D\u00e9fense Nationale : M\u00e9moire des Hommes ;<\/div>\n<div>&#8211; SHDN : Service Historique de la D\u00e9fense Nationale \u00e0 Caen, c\u2019est le lieu o\u00f9 sont archiv\u00e9s le fichier national et les dossiers des prisonniers de guerre ;<\/div>\n<div>&#8211; les lignes du tableau num\u00e9rot\u00e9es renvoient \u00e0 une fiche ou un dossier \u00e0 Caen et correspondent \u00e0 des d\u00e9c\u00e8s av\u00e9r\u00e9s ;<\/div>\n<hr \/>\n<a class=\"maxbutton-27 maxbutton maxbutton-tableau-decedes-rawa\" href=\"https:\/\/rawa-ruska-union-nationale.fr\/index.php\/anciens-decedes-a-rawa\/\"><span class='mb-text'>&lt; Liste d\u00e9c\u00e9d\u00e9s \u00e0 Rawa<\/span><\/a>\n","protected":false},"excerpt":{"rendered":"<p>Cette liste r\u00e9pertorie les Anciens d\u00e9c\u00e9d\u00e9s lors leur d\u00e9tention. Elle n\u2019est pas exhaustive et pr\u00e9sente l\u2019\u00e9tat actuel de nos connaissances (issues pour beaucoup des archives du SHDN de Caen). Ce sont essentiellement des prisonniers d\u00e9c\u00e9daient \u00e0 Rawa-Ruska ou dans l\u2019un de ses sous-camps. Pour quelques autres, le d\u00e9c\u00e8s est intervenu apr\u00e8s avoir quitt\u00e9 la Pologne. &hellip; <\/p>\n<p class=\"link-more\"><a href=\"https:\/\/rawa-ruska-union-nationale.fr\/index.php\/legende-tableau\/\" class=\"more-link\">Continuer la lecture<span class=\"screen-reader-text\"> de &laquo;&nbsp;L\u00e9gende du tableau&nbsp;&raquo;<\/span><\/a><\/p>\n","protected":false},"author":1,"featured_media":0,"parent":0,"menu_order":0,"comment_status":"closed","ping_status":"closed","template":"","meta":{"_bbp_topic_count":0,"_bbp_reply_count":0,"_bbp_total_topic_count":0,"_bbp_total_reply_count":0,"_bbp_voice_count":0,"_bbp_anonymous_reply_count":0,"_bbp_topic_count_hidden":0,"_bbp_reply_count_hidden":0,"_bbp_forum_subforum_count":0,"_crdt_document":"","two_page_speed":[],"footnotes":""},"class_list":["post-3887","page","type-page","status-publish","hentry"],"_links":{"self":[{"href":"https:\/\/rawa-ruska-union-nationale.fr\/index.php\/wp-json\/wp\/v2\/pages\/3887","targetHints":{"allow":["GET"]}}],"collection":[{"href":"https:\/\/rawa-ruska-union-nationale.fr\/index.php\/wp-json\/wp\/v2\/pages"}],"about":[{"href":"https:\/\/rawa-ruska-union-nationale.fr\/index.php\/wp-json\/wp\/v2\/types\/page"}],"author":[{"embeddable":true,"href":"https:\/\/rawa-ruska-union-nationale.fr\/index.php\/wp-json\/wp\/v2\/users\/1"}],"replies":[{"embeddable":true,"href":"https:\/\/rawa-ruska-union-nationale.fr\/index.php\/wp-json\/wp\/v2\/comments?post=3887"}],"version-history":[{"count":8,"href":"https:\/\/rawa-ruska-union-nationale.fr\/index.php\/wp-json\/wp\/v2\/pages\/3887\/revisions"}],"predecessor-version":[{"id":5870,"href":"https:\/\/rawa-ruska-union-nationale.fr\/index.php\/wp-json\/wp\/v2\/pages\/3887\/revisions\/5870"}],"wp:attachment":[{"href":"https:\/\/rawa-ruska-union-nationale.fr\/index.php\/wp-json\/wp\/v2\/media?parent=3887"}],"curies":[{"name":"wp","href":"https:\/\/api.w.org\/{rel}","templated":true}]}}