{"id":39,"date":"2018-12-04T14:40:34","date_gmt":"2018-12-04T13:40:34","guid":{"rendered":"http:\/\/rawa-ruska-union-nationale.fr\/?page_id=39"},"modified":"2022-06-06T18:49:37","modified_gmt":"2022-06-06T16:49:37","slug":"ukraine-et-galicie","status":"publish","type":"page","link":"https:\/\/rawa-ruska-union-nationale.fr\/index.php\/ukraine-et-galicie\/","title":{"rendered":"Ukraine et Galicie"},"content":{"rendered":"<h2 style=\"text-align: center;\"><span style=\"color: #3366ff;\"><strong><span style=\"font-size: 1.25rem; color: #3366ff;\">Cartographie des prisonniers de guerre fran\u00e7ais en Allemagne<\/span><span style=\"font-size: 1.25rem;\"><br \/>\n<\/span><\/strong><\/span><\/h2>\n<h2 style=\"text-align: right;\"><em>Voir aussi &#8211; plus bas &#8211; la cartographie des camps du stalag 325<\/em><\/h2>\n<p><iframe loading=\"lazy\" src=\"https:\/\/www.google.com\/maps\/d\/embed?mid=1yjJqXNuc5aFdeYdkqoedwBtq4QY&amp;hl=fr&amp;ehbc=2E312F\" width=\"640\" height=\"480\"><\/iframe><\/p>\n<h2><span style=\"color: #3366ff;\"><strong><span style=\"font-size: 1.25rem; color: #3366ff;\">Ukraine et Galicie <em>:<\/em> un peu de g\u00e9ographie et d&#8217;histoire<\/span><span style=\"font-size: 1.25rem;\"><br \/>\n<\/span><\/strong><\/span><\/h2>\n<p>Que recouvrent ces deux noms propres ? Voici quelques br\u00e8ves explications suivi d&#8217;une note sur RAWA-RUSKA et le Stalag 325.<\/p>\n<p>UKRAINE<\/p>\n<p>Avant la premi\u00e8re guerre mondiale, l\u2019Ukraine \u00e9tait une r\u00e9gion de la Russie. Elle comprenait quatre vo\u00efvodies (gouvernements) : ceux de KHARKOV, de KIEV, de POLTAVA et de TCHERNIGOV. A la fin de la premi\u00e8re guerre mondiale et apr\u00e8s une tentative d\u2019instauration d\u2019un \u00e9tat ind\u00e9pendant ukrainien, l\u2019Ukraine devient une des r\u00e9publiques socialistes sovi\u00e9tiques.<\/p>\n<p>GALICIE (ou Galizien)<\/p>\n<p>Cette province a \u00e9t\u00e9 cr\u00e9\u00e9e au XIIIe si\u00e8cle par les ducs de Galicie. En 1412, elle est \u00e9rig\u00e9e en capitale de la Russie rouge polonaise. Puis en 1704, les troupes de Charles XII\u00a0 (Carl de Su\u00e8de) la mettent \u00e0 sac. Elle avait une superficie d\u2019environ 78 500 km2 soit le 1\/7e de la France. Sa capitale est\u00a0 LVOV (ou LWOW ou LEMBERG, aujourd\u2019hui LVIV).<\/p>\n<h2><span style=\"color: #3366ff;\"><strong>Quelques dates importantes pour la Galicie :<\/strong><\/span><\/h2>\n<p>1340 : Casimir le Grand annexe la Galicie \u00e0 la Pologne.<\/p>\n<p>1772 : lors du partage de la Pologne, la Galicie devient autrichienne et le restera jusqu\u2019en 1914.<\/p>\n<p>En septembre 1914 les troupes russes annexent la Galicie.<\/p>\n<p>1915 : les troupes austro-allemandes la reprennent.<\/p>\n<p>1918 : les Polonais en font la conqu\u00eate. Ils se heurtent \u00e0 des formations ukrainiennes. Celles-ci veulent rattacher la Galicie \u00e0 l\u2019\u00e9tat ind\u00e9pendant ukrainien en cours de cr\u00e9ation.<\/p>\n<p>1921 : au trait\u00e9 de Riga, elle est reconnue terre polonaise et le restera jusqu\u2019en 1939.<\/p>\n<p>1939 : apr\u00e8s l\u2019\u00e9crasement de la Pologne, la Galicie est purement et simplement annex\u00e9e par l\u2019U.R.S.S. L&#8217;Allemagne de son c\u00f4t\u00e9 annexe le 8 octobre la partie occidentale de la Pologne et organise les provinces restantes en\u00a0 &#8220;g\u00e9n\u00e9ral gouvernement&#8221; . La Pologne cesse provisoirement d\u2019exister.<\/p>\n<p>En juin 1941,\u00a0 lorsque l\u2019Allemagne ouvre les hostilit\u00e9s contre l\u2019U.R.S.S. les troupes allemandes occupent la Galicie apr\u00e8s de violents combats.<\/p>\n<p>Au d\u00e9but de l\u2019ann\u00e9e 1942, elle est rattach\u00e9e au \u00a0\u00bb g\u00e9n\u00e9ral gouvernement \u00a0\u00bb dont l\u2019administrateur est le sinistre Docteur Franck. De nombreux camps de concentration sont install\u00e9s sur son territoire (LUBLIN, MAJDENECK, CHELMNO, AUSCHWITZ, TREBLINKA, BELZEC, SOBIBOR, etc\u2026).<\/p>\n<p><a href=\"http:\/\/rawa-ruska-union-nationale.fr\/wp-content\/uploads\/2018\/12\/camps.jpeg\"><img loading=\"lazy\" decoding=\"async\" class=\"aligncenter size-full wp-image-34\" src=\"http:\/\/rawa-ruska-union-nationale.fr\/wp-content\/uploads\/2018\/12\/camps.jpeg\" alt=\"\" width=\"300\" height=\"330\" srcset=\"https:\/\/rawa-ruska-union-nationale.fr\/wp-content\/uploads\/2018\/12\/camps.jpeg 300w, https:\/\/rawa-ruska-union-nationale.fr\/wp-content\/uploads\/2018\/12\/camps-273x300.jpeg 273w\" sizes=\"auto, (max-width: 300px) 100vw, 300px\" \/><\/a><\/p>\n<blockquote><p>\u2026 En 1942, la Galicie d\u00e9tient certainement le triste privil\u00e8ge du record de la souffrance dans une Europe soumise \u00e0 la domination allemande. Antagonismes ethniques, extermination raciale, guerre de partisans y s\u00e9vissent \u00e0 un degr\u00e9 rarement atteint. La mort y r\u00f4de sous toutes ses formes&#8230;<br \/>\n\u00ab \u2026\u00a0 avec l\u2019adoption de la \u00ab solution finale \u00bb, la Galicie est englob\u00e9e dans le \u00ab triangle de la mort \u00bb, dont les sommets sont marqu\u00e9s par les camps tragiques de Treblinka, Auschwitz, Belzec \u2026 \u00bb<br \/>\n(d\u2019apr\u00e8s Ph. Masson, <i>Historia magazine<\/i> n\u00b0 51, nov. 1968)<\/p><\/blockquote>\n<p>1944 : l&#8217;Arm\u00e9e Rouge occupe la Galicie. Lvov est reprise le 28 juillet. La R\u00e9publique socialiste sovi\u00e9tique d\u2019Ukraine annexe la Galicie.<\/p>\n<h2><span style=\"color: #3366ff;\"><strong><span style=\"color: #3366ff;\">RAWA-RUSKA<\/span><\/strong> <\/span><\/h2>\n<p>C&#8217;est une petite ville de Galicie situ\u00e9e \u00e0 52 km nord-ouest de Lwow et \u00e0 19 km au sud de Belzec. Sa population au d\u00e9but de 1942 \u00e9tait d\u2019environ 9 000 habitants en majorit\u00e9 juive. Suite aux d\u00e9portations et aux ex\u00e9cutions sur place, la population qui restait fut \u00e0 son tour d\u00e9port\u00e9e le 7 novembre et envoy\u00e9e dans les camps proches surtout celui de Belzec. La population de la ville tombe \u00e0\u00a0 3 000 habitants.<\/p>\n<p>Rawa Ruska \u00e9tait au centre du JUDEN-KREIS (zone juive) qui \u00e9tait enti\u00e8rement contr\u00f4l\u00e9e par l&#8217;office central de la s\u00e9curit\u00e9 d\u2019Etat &#8211; le R.S.H.A. (REISCHSSICHERHEIT-HAUPT-AMPT) .<\/p>\n<h2><span style=\"color: #3366ff;\"><strong>Stalag 325<\/strong> <\/span><\/h2>\n<p>D\u00e8s juillet 1941, les Allemands install\u00e8rent \u00e0 Rawa Ruska un camp pour prisonniers de guerre sovi\u00e9tiques. Il porta le nom de stalag 325. Quinze \u00e0 vingt mille Russes y furent envoy\u00e9s dans un premier temps. Quatre mille par la suite. En mars 1942, juste avant l\u2019arriv\u00e9e des premiers Fran\u00e7ais, seulement quatre cents prisonniers russes subsistaient encore. Les autres \u00e9taient\u00a0 morts de faim, de maladies ou de mauvais traitements.<\/p>\n<p>Les premiers Fran\u00e7ais arriv\u00e8rent le 13 avril 1942. Le 19 janvier 1943, le stalag 325 est dissous. Le restant de ses effectifs est envoy\u00e9 \u00e0 la citadelle de Lwow, o\u00f9 il garde son m\u00eame num\u00e9ro de Stammlager : 325.<\/p>\n<p>Le 26 septembre 1943, le camps\u00a0 est \u00e0 nouveau dissout et transf\u00e9r\u00e9, cette fois, \u00e0 STRYJ, toujours sous le nom de stalag 325. Face \u00e0 l&#8217;avance de l&#8217;Arm\u00e9e Rouge, le camp de STRYJ sera dissout d\u00e9finitivement\u00a0 le 13 janvier 1944. A cette date, il ne restait plus dans les camps que 177 Fran\u00e7ais ou Belges. Encore une pr\u00e9cision : lorsque l\u2019on parle du stalag 325, que ce soit \u00e0 Rawa-Ruska, \u00e0 Lwow ou \u00e0 Stryj, il s\u2019agit toujours du camp-m\u00e8re (STAMMLAGER) dont d\u00e9pendaient des sous-camps ou des kommandos, parfois tr\u00e8s importants et \u00e9loign\u00e9s.<\/p>\n<p><iframe loading=\"lazy\" src=\"https:\/\/www.google.com\/maps\/d\/embed?mid=1isIZE_nWwoaiku4PB2wXEVIbHkKk2f9Y&amp;ehbc=2E312F\" width=\"640\" height=\"480\"><\/iframe><\/p>\n<p style=\"text-align: center;\">\n","protected":false},"excerpt":{"rendered":"<p>Cartographie des prisonniers de guerre fran\u00e7ais en Allemagne Voir aussi &#8211; plus bas &#8211; la cartographie des camps du stalag 325 Ukraine et Galicie : un peu de g\u00e9ographie et d&#8217;histoire Que recouvrent ces deux noms propres ? Voici quelques br\u00e8ves explications suivi d&#8217;une note sur RAWA-RUSKA et le Stalag 325. UKRAINE Avant la premi\u00e8re &hellip; <\/p>\n<p class=\"link-more\"><a href=\"https:\/\/rawa-ruska-union-nationale.fr\/index.php\/ukraine-et-galicie\/\" class=\"more-link\">Continuer la lecture<span class=\"screen-reader-text\"> de &laquo;&nbsp;Ukraine et Galicie&nbsp;&raquo;<\/span><\/a><\/p>\n","protected":false},"author":1,"featured_media":0,"parent":0,"menu_order":72,"comment_status":"closed","ping_status":"closed","template":"","meta":{"_bbp_topic_count":0,"_bbp_reply_count":0,"_bbp_total_topic_count":0,"_bbp_total_reply_count":0,"_bbp_voice_count":0,"_bbp_anonymous_reply_count":0,"_bbp_topic_count_hidden":0,"_bbp_reply_count_hidden":0,"_bbp_forum_subforum_count":0,"_crdt_document":"","two_page_speed":[],"footnotes":""},"class_list":["post-39","page","type-page","status-publish","hentry"],"_links":{"self":[{"href":"https:\/\/rawa-ruska-union-nationale.fr\/index.php\/wp-json\/wp\/v2\/pages\/39","targetHints":{"allow":["GET"]}}],"collection":[{"href":"https:\/\/rawa-ruska-union-nationale.fr\/index.php\/wp-json\/wp\/v2\/pages"}],"about":[{"href":"https:\/\/rawa-ruska-union-nationale.fr\/index.php\/wp-json\/wp\/v2\/types\/page"}],"author":[{"embeddable":true,"href":"https:\/\/rawa-ruska-union-nationale.fr\/index.php\/wp-json\/wp\/v2\/users\/1"}],"replies":[{"embeddable":true,"href":"https:\/\/rawa-ruska-union-nationale.fr\/index.php\/wp-json\/wp\/v2\/comments?post=39"}],"version-history":[{"count":80,"href":"https:\/\/rawa-ruska-union-nationale.fr\/index.php\/wp-json\/wp\/v2\/pages\/39\/revisions"}],"predecessor-version":[{"id":5931,"href":"https:\/\/rawa-ruska-union-nationale.fr\/index.php\/wp-json\/wp\/v2\/pages\/39\/revisions\/5931"}],"wp:attachment":[{"href":"https:\/\/rawa-ruska-union-nationale.fr\/index.php\/wp-json\/wp\/v2\/media?parent=39"}],"curies":[{"name":"wp","href":"https:\/\/api.w.org\/{rel}","templated":true}]}}