{"id":4222,"date":"2021-07-31T17:42:17","date_gmt":"2021-07-31T15:42:17","guid":{"rendered":"https:\/\/rawa-ruska-union-nationale.fr\/?page_id=4222"},"modified":"2022-03-07T21:19:46","modified_gmt":"2022-03-07T20:19:46","slug":"voyage-en-ukraine-printemps-2022","status":"publish","type":"page","link":"https:\/\/rawa-ruska-union-nationale.fr\/index.php\/voyage-en-ukraine-printemps-2022\/","title":{"rendered":"Voyage en Ukraine &#8211; printemps 2022"},"content":{"rendered":"\r\n<h2 class=\"wp-block-heading\" style=\"text-align: center;\"><strong>En raison des \u00e9v\u00e9nements actuels<\/strong><br \/><strong>(24\/02\/2022)<\/strong><br \/><strong>le voyage est\u00a0 annul\u00e9<\/strong><\/h2>\r\n<p><em><strong>Les personnes ayant souscrit ont \u00e9t\u00e9 pr\u00e9venues. Elles devraient \u00eatre inform\u00e9es des modalit\u00e9s de remboursement des frais engag\u00e9s.<\/strong><\/em><\/p>\r\n<h2 id=\"bien-preparer-son-voyage-27-01-2022\">Bien pr\u00e9parer son voyage (27\/01\/2022)<\/h2>\r\n\r\n\r\n\r\n\r\n\r\n\r\n\r\n<p class=\"wp-block-paragraph\">&nbsp;<\/p>\r\n\r\n\r\n\r\n<p class=\"wp-block-paragraph\">&nbsp;<\/p>\r\n","protected":false},"excerpt":{"rendered":"<p>En raison des \u00e9v\u00e9nements actuels(24\/02\/2022)le voyage est\u00a0 annul\u00e9 Les personnes ayant souscrit ont \u00e9t\u00e9 pr\u00e9venues. Elles devraient \u00eatre inform\u00e9es des modalit\u00e9s de remboursement des frais engag\u00e9s. Bien pr\u00e9parer son voyage (27\/01\/2022) &nbsp; &nbsp;<\/p>\n","protected":false},"author":1,"featured_media":0,"parent":0,"menu_order":0,"comment_status":"closed","ping_status":"closed","template":"","meta":{"_bbp_topic_count":0,"_bbp_reply_count":0,"_bbp_total_topic_count":0,"_bbp_total_reply_count":0,"_bbp_voice_count":0,"_bbp_anonymous_reply_count":0,"_bbp_topic_count_hidden":0,"_bbp_reply_count_hidden":0,"_bbp_forum_subforum_count":0,"_crdt_document":"","two_page_speed":[],"footnotes":""},"class_list":["post-4222","page","type-page","status-publish","hentry"],"_links":{"self":[{"href":"https:\/\/rawa-ruska-union-nationale.fr\/index.php\/wp-json\/wp\/v2\/pages\/4222","targetHints":{"allow":["GET"]}}],"collection":[{"href":"https:\/\/rawa-ruska-union-nationale.fr\/index.php\/wp-json\/wp\/v2\/pages"}],"about":[{"href":"https:\/\/rawa-ruska-union-nationale.fr\/index.php\/wp-json\/wp\/v2\/types\/page"}],"author":[{"embeddable":true,"href":"https:\/\/rawa-ruska-union-nationale.fr\/index.php\/wp-json\/wp\/v2\/users\/1"}],"replies":[{"embeddable":true,"href":"https:\/\/rawa-ruska-union-nationale.fr\/index.php\/wp-json\/wp\/v2\/comments?post=4222"}],"version-history":[{"count":19,"href":"https:\/\/rawa-ruska-union-nationale.fr\/index.php\/wp-json\/wp\/v2\/pages\/4222\/revisions"}],"predecessor-version":[{"id":5181,"href":"https:\/\/rawa-ruska-union-nationale.fr\/index.php\/wp-json\/wp\/v2\/pages\/4222\/revisions\/5181"}],"wp:attachment":[{"href":"https:\/\/rawa-ruska-union-nationale.fr\/index.php\/wp-json\/wp\/v2\/media?parent=4222"}],"curies":[{"name":"wp","href":"https:\/\/api.w.org\/{rel}","templated":true}]}}