{"id":4365,"date":"2021-09-30T12:21:10","date_gmt":"2021-09-30T10:21:10","guid":{"rendered":"https:\/\/rawa-ruska-union-nationale.fr\/?page_id=4365"},"modified":"2021-10-30T16:45:51","modified_gmt":"2021-10-30T14:45:51","slug":"congres-2021","status":"publish","type":"page","link":"https:\/\/rawa-ruska-union-nationale.fr\/index.php\/congres-2021\/","title":{"rendered":"Congr\u00e8s 2021"},"content":{"rendered":"\n<h2 class=\"wp-block-heading\" id=\"programme-du-congres\">Programme du congr\u00e8s<\/h2>\n\n\n<a href=\"https:\/\/rawa-ruska-union-nationale.fr\/wp-content\/uploads\/2020\/04\/Congre\u0300s-programme-mairie-20e\u0300me.pdf\" class=\"pdfemb-viewer\" style=\"\" data-width=\"max\" data-height=\"max\" data-toolbar=\"both\" data-toolbar-fixed=\"on\">Congre\u0300s-programme-mairie-20e\u0300me<\/a>\n<p class=\"wp-block-pdfemb-pdf-embedder-viewer\"><\/p>\n\n\n\n<h2 class=\"wp-block-heading\" id=\"animations-du-congres\">Animations du congr\u00e8s<\/h2>\n\n\n\n<figure class=\"wp-block-gallery columns-2 is-cropped wp-block-gallery-1 is-layout-flex wp-block-gallery-is-layout-flex\"><ul class=\"blocks-gallery-grid\"><li class=\"blocks-gallery-item\"><figure><img loading=\"lazy\" decoding=\"async\" width=\"1024\" height=\"621\" src=\"https:\/\/rawa-ruska-union-nationale.fr\/wp-content\/uploads\/2020\/04\/mairie_choeurs-1024x621.jpg\" alt=\"\" data-id=\"4622\" data-full-url=\"https:\/\/rawa-ruska-union-nationale.fr\/wp-content\/uploads\/2020\/04\/mairie_choeurs.jpg\" data-link=\"https:\/\/rawa-ruska-union-nationale.fr\/mairie_choeurs\/\" class=\"wp-image-4622\" srcset=\"https:\/\/rawa-ruska-union-nationale.fr\/wp-content\/uploads\/2020\/04\/mairie_choeurs-1024x621.jpg 1024w, https:\/\/rawa-ruska-union-nationale.fr\/wp-content\/uploads\/2020\/04\/mairie_choeurs-300x182.jpg 300w, https:\/\/rawa-ruska-union-nationale.fr\/wp-content\/uploads\/2020\/04\/mairie_choeurs-768x466.jpg 768w, https:\/\/rawa-ruska-union-nationale.fr\/wp-content\/uploads\/2020\/04\/mairie_choeurs-1536x931.jpg 1536w, https:\/\/rawa-ruska-union-nationale.fr\/wp-content\/uploads\/2020\/04\/mairie_choeurs.jpg 1616w\" sizes=\"auto, (max-width: 767px) 89vw, (max-width: 1000px) 54vw, (max-width: 1071px) 543px, 580px\" \/><figcaption class=\"blocks-gallery-item__caption\">Choeurs et quatuor<\/figcaption><\/figure><\/li><li class=\"blocks-gallery-item\"><figure><img loading=\"lazy\" decoding=\"async\" width=\"1024\" height=\"959\" src=\"https:\/\/rawa-ruska-union-nationale.fr\/wp-content\/uploads\/2020\/04\/mairie_animation-1024x959.jpg\" alt=\"\" data-id=\"4621\" data-full-url=\"https:\/\/rawa-ruska-union-nationale.fr\/wp-content\/uploads\/2020\/04\/mairie_animation-scaled.jpg\" data-link=\"https:\/\/rawa-ruska-union-nationale.fr\/mairie_animation\/\" class=\"wp-image-4621\" srcset=\"https:\/\/rawa-ruska-union-nationale.fr\/wp-content\/uploads\/2020\/04\/mairie_animation-1024x959.jpg 1024w, https:\/\/rawa-ruska-union-nationale.fr\/wp-content\/uploads\/2020\/04\/mairie_animation-300x281.jpg 300w, https:\/\/rawa-ruska-union-nationale.fr\/wp-content\/uploads\/2020\/04\/mairie_animation-768x719.jpg 768w, https:\/\/rawa-ruska-union-nationale.fr\/wp-content\/uploads\/2020\/04\/mairie_animation-1536x1438.jpg 1536w, https:\/\/rawa-ruska-union-nationale.fr\/wp-content\/uploads\/2020\/04\/mairie_animation-2048x1917.jpg 2048w\" sizes=\"auto, (max-width: 767px) 89vw, (max-width: 1000px) 54vw, (max-width: 1071px) 543px, 580px\" \/><figcaption class=\"blocks-gallery-item__caption\">Vue de la salle<\/figcaption><\/figure><\/li><\/ul><\/figure>\n\n\n<a href=\"https:\/\/rawa-ruska-union-nationale.fr\/wp-content\/uploads\/2020\/04\/CHORALE-Biographie.pdf\" class=\"pdfemb-viewer\" style=\"\" data-width=\"max\" data-height=\"max\" data-toolbar=\"both\" data-toolbar-fixed=\"on\">CHORALE-Biographie<\/a>\n<p class=\"wp-block-pdfemb-pdf-embedder-viewer\"><\/p>\n\n\n\n<figure class=\"wp-block-audio\"><audio controls src=\"https:\/\/rawa-ruska-union-nationale.fr\/wp-content\/uploads\/2021\/10\/Marseillaise-1.wav\"><\/audio><figcaption><em><strong>La Marseillaise interpr\u00e9t\u00e9e par Philippe BROCARD<\/strong><\/em><\/figcaption><\/figure>\n\n\n\n<figure class=\"wp-block-audio\"><audio controls src=\"https:\/\/rawa-ruska-union-nationale.fr\/wp-content\/uploads\/2020\/04\/chant_marais.wav\"><\/audio><figcaption><strong><em>Le chant des marais &#8211; Musique : Rudi GOGUEL, Paroles : Johann ESSER remani\u00e9es par Wolfang LANGHOFF <\/em><\/strong><\/figcaption><\/figure>\n\n\n\n<figure class=\"wp-block-audio\"><audio controls src=\"https:\/\/rawa-ruska-union-nationale.fr\/wp-content\/uploads\/2021\/10\/chant_partisans-5.wav\"><\/audio><figcaption><strong><em>Le chant des partisans &#8211; Musique : Anna MARLY, Paroles : Maurice DRUON et Joseph KESSEL<\/em><\/strong><\/figcaption><\/figure>\n\n\n\n<figure class=\"wp-block-audio\"><audio controls src=\"https:\/\/rawa-ruska-union-nationale.fr\/wp-content\/uploads\/2021\/10\/paix_sur_terre.wav\"><\/audio><figcaption><strong><em>Paix sur terre ; Paroles et Musique de Jean FERRAT<\/em><\/strong><\/figcaption><\/figure>\n\n\n\n<figure class=\"wp-block-audio\"><audio controls src=\"https:\/\/rawa-ruska-union-nationale.fr\/wp-content\/uploads\/2021\/10\/Rawa-Ruska.wav\"><\/audio><figcaption><br><\/figcaption><\/figure>\n\n\n\n<h2 class=\"wp-block-heading\" id=\"ceremonie-au-pere-lachaise\">C\u00e9r\u00e9monie au P\u00e8re Lachaise<\/h2>\n\n\n\n<figure class=\"wp-block-gallery columns-3 is-cropped wp-block-gallery-2 is-layout-flex wp-block-gallery-is-layout-flex\"><ul class=\"blocks-gallery-grid\"><li class=\"blocks-gallery-item\"><figure><img loading=\"lazy\" decoding=\"async\" width=\"543\" height=\"1024\" src=\"https:\/\/rawa-ruska-union-nationale.fr\/wp-content\/uploads\/2020\/04\/Pere_Lachaise_2-543x1024.jpg\" alt=\"\" data-id=\"4624\" data-full-url=\"https:\/\/rawa-ruska-union-nationale.fr\/wp-content\/uploads\/2020\/04\/Pere_Lachaise_2.jpg\" data-link=\"https:\/\/rawa-ruska-union-nationale.fr\/pere_lachaise_2\/\" class=\"wp-image-4624\" srcset=\"https:\/\/rawa-ruska-union-nationale.fr\/wp-content\/uploads\/2020\/04\/Pere_Lachaise_2-543x1024.jpg 543w, https:\/\/rawa-ruska-union-nationale.fr\/wp-content\/uploads\/2020\/04\/Pere_Lachaise_2-159x300.jpg 159w, https:\/\/rawa-ruska-union-nationale.fr\/wp-content\/uploads\/2020\/04\/Pere_Lachaise_2-768x1447.jpg 768w, https:\/\/rawa-ruska-union-nationale.fr\/wp-content\/uploads\/2020\/04\/Pere_Lachaise_2-815x1536.jpg 815w, https:\/\/rawa-ruska-union-nationale.fr\/wp-content\/uploads\/2020\/04\/Pere_Lachaise_2.jpg 943w\" sizes=\"auto, (max-width: 543px) 100vw, 543px\" \/><figcaption class=\"blocks-gallery-item__caption\">Moment de recueillement<\/figcaption><\/figure><\/li><li class=\"blocks-gallery-item\"><figure><img loading=\"lazy\" decoding=\"async\" width=\"767\" height=\"1024\" src=\"https:\/\/rawa-ruska-union-nationale.fr\/wp-content\/uploads\/2021\/10\/Pere_Lachaise_3-767x1024.jpg\" alt=\"\" data-id=\"4518\" data-full-url=\"https:\/\/rawa-ruska-union-nationale.fr\/wp-content\/uploads\/2021\/10\/Pere_Lachaise_3-e1635064648567.jpg\" data-link=\"https:\/\/rawa-ruska-union-nationale.fr\/index.php\/congres-2021\/pere_lachaise_3\/\" class=\"wp-image-4518\"\/><figcaption class=\"blocks-gallery-item__caption\">St\u00e8le \u00e0 &#8220;Ceux de Rawa&#8221;<\/figcaption><\/figure><\/li><li class=\"blocks-gallery-item\"><figure><img loading=\"lazy\" decoding=\"async\" width=\"780\" height=\"1024\" src=\"https:\/\/rawa-ruska-union-nationale.fr\/wp-content\/uploads\/2020\/04\/Pere_Lachaise_1-780x1024.jpg\" alt=\"\" data-id=\"4623\" data-full-url=\"https:\/\/rawa-ruska-union-nationale.fr\/wp-content\/uploads\/2020\/04\/Pere_Lachaise_1.jpg\" data-link=\"https:\/\/rawa-ruska-union-nationale.fr\/pere_lachaise_1\/\" class=\"wp-image-4623\" srcset=\"https:\/\/rawa-ruska-union-nationale.fr\/wp-content\/uploads\/2020\/04\/Pere_Lachaise_1-780x1024.jpg 780w, https:\/\/rawa-ruska-union-nationale.fr\/wp-content\/uploads\/2020\/04\/Pere_Lachaise_1-229x300.jpg 229w, https:\/\/rawa-ruska-union-nationale.fr\/wp-content\/uploads\/2020\/04\/Pere_Lachaise_1-768x1008.jpg 768w, https:\/\/rawa-ruska-union-nationale.fr\/wp-content\/uploads\/2020\/04\/Pere_Lachaise_1.jpg 980w\" sizes=\"auto, (max-width: 767px) 89vw, (max-width: 1000px) 54vw, (max-width: 1071px) 543px, 580px\" \/><figcaption class=\"blocks-gallery-item__caption\">Musique, choeur et participants<\/figcaption><\/figure><\/li><\/ul><\/figure>\n\n\n\n<p class=\"wp-block-paragraph\"><\/p>\n","protected":false},"excerpt":{"rendered":"<p>Programme du congr\u00e8s Animations du congr\u00e8s C\u00e9r\u00e9monie au P\u00e8re Lachaise<\/p>\n","protected":false},"author":1,"featured_media":0,"parent":0,"menu_order":0,"comment_status":"closed","ping_status":"closed","template":"","meta":{"_bbp_topic_count":0,"_bbp_reply_count":0,"_bbp_total_topic_count":0,"_bbp_total_reply_count":0,"_bbp_voice_count":0,"_bbp_anonymous_reply_count":0,"_bbp_topic_count_hidden":0,"_bbp_reply_count_hidden":0,"_bbp_forum_subforum_count":0,"_crdt_document":"","two_page_speed":[],"footnotes":""},"class_list":["post-4365","page","type-page","status-publish","hentry"],"_links":{"self":[{"href":"https:\/\/rawa-ruska-union-nationale.fr\/index.php\/wp-json\/wp\/v2\/pages\/4365","targetHints":{"allow":["GET"]}}],"collection":[{"href":"https:\/\/rawa-ruska-union-nationale.fr\/index.php\/wp-json\/wp\/v2\/pages"}],"about":[{"href":"https:\/\/rawa-ruska-union-nationale.fr\/index.php\/wp-json\/wp\/v2\/types\/page"}],"author":[{"embeddable":true,"href":"https:\/\/rawa-ruska-union-nationale.fr\/index.php\/wp-json\/wp\/v2\/users\/1"}],"replies":[{"embeddable":true,"href":"https:\/\/rawa-ruska-union-nationale.fr\/index.php\/wp-json\/wp\/v2\/comments?post=4365"}],"version-history":[{"count":20,"href":"https:\/\/rawa-ruska-union-nationale.fr\/index.php\/wp-json\/wp\/v2\/pages\/4365\/revisions"}],"predecessor-version":[{"id":4628,"href":"https:\/\/rawa-ruska-union-nationale.fr\/index.php\/wp-json\/wp\/v2\/pages\/4365\/revisions\/4628"}],"wp:attachment":[{"href":"https:\/\/rawa-ruska-union-nationale.fr\/index.php\/wp-json\/wp\/v2\/media?parent=4365"}],"curies":[{"name":"wp","href":"https:\/\/api.w.org\/{rel}","templated":true}]}}