{"id":4447,"date":"2022-01-30T21:39:21","date_gmt":"2022-01-30T20:39:21","guid":{"rendered":"https:\/\/rawa-ruska-union-nationale.fr\/?page_id=4447"},"modified":"2025-05-10T21:19:17","modified_gmt":"2025-05-10T19:19:17","slug":"presentation-actualites","status":"publish","type":"page","link":"https:\/\/rawa-ruska-union-nationale.fr\/index.php\/presentation-actualites\/","title":{"rendered":"Actualit\u00e9s"},"content":{"rendered":"\r\n<h3 class=\"wp-block-heading\">Nouvelles d&#8217;UKRAINE &#8211; 8 mai 2025<br \/>Journ\u00e9e du souvenir et de la r\u00e9conciliation pour ceux qui ont perdu la vie pendant la Seconde Guerre mondiale &#8211; Message de Yurli REPETA :<\/h3>\r\n<div>Chers Coll\u00e8gues, chers Amis !<\/div>\r\n<div>J\u2019esp\u00e8re sinc\u00e8rement que vous et vos familles allez tous bien !<\/div>\r\n<div>Je vous \u00e9cris \u00e0 l&#8217;occasion de la <strong>Journ\u00e9e\u00a0du souvenir et de la r\u00e9conciliation pour ceux qui ont perdu la vie pendant la Seconde Guerre mondiale<\/strong>.<\/div>\r\n<div>Cette ann\u00e9e nous marquons les 80 ans depuis la fin de la terrible Seconde Guerre mondiale. Mes condol\u00e9ances pour vos parents et vos amis d\u00e9c\u00e9d\u00e9s. Que leurs \u00e2mes reposent en paix.<\/div>\r\n<div>Je joins les photos de la comm\u00e9moration d&#8217;aujourd&#8217;hui prises \u00e0 Lviv, sur le territoire de l&#8217;ancien camp de concentration \u00abStalag 328\u00bb.<\/div>\r\n<div>Ici, o\u00f9 sont morts des prisonniers de guerre, nous comm\u00e9morons aujourd\u2019hui les millions de victimes de deux r\u00e9gimes totalitaires : le nazi et le sovi\u00e9tique.<\/div>\r\n<div>Aujourd&#8217;hui, nous luttons \u00e0 nouveau. Et \u00e0 nouveau contre le mal qui agit sous la m\u00eame banni\u00e8re d&#8217;agression, de destruction et de m\u00e9pris de la vie humaine.<\/div>\r\n<div>La p\u00e9rennit\u00e9 et l&#8217;ind\u00e9pendance de l&#8217;Ukraine sont et seront notre victoire commune sur ce nazisme moderne. Nous savons que cette victoire viendra. Nos forces sont la v\u00e9rit\u00e9, notre m\u00e9moire et notre choix de vivre librement.<\/div>\r\n<div>\u00a0<\/div>\r\n<div>\u00c0 l&#8217;aube de la quatri\u00e8me ann\u00e9e de notre guerre \u00e0 grande \u00e9chelle, nous repensons une fois de plus l\u2019importance de la m\u00e9moire et de la comm\u00e9moration.<\/div>\r\n<div>\u00abCeux de Rawa Ruska\u00bb\u00a0a toujours \u00e9t\u00e9 un exemple d\u2019institution\u00a0qui \u00abtravaille\u00bb avec la m\u00e9moire et unit \u00abautour\u00bb de cette m\u00e9moire.<\/div>\r\n<div>Merci beaucoup pour votre soutien constant. Merci beaucoup pour vos mots gentils. Ce soutien et ces mots sont vraiment tr\u00e8s importants pour nous.<\/div>\r\n<div>J&#8217;esp\u00e8re vous rencontrer bient\u00f4t dans notre Ukraine paisible et s\u00fbre ! Ce jour viendra forc\u00e9ment !<\/div>\r\n<div>\u00a0<\/div>\r\n<div>Sinc\u00e8res amiti\u00e9s,<br \/>Yuriy Repeta<br \/>D\u00e9l\u00e9gu\u00e9 G\u00e9n\u00e9ral du Souvenir Fran\u00e7ais pour l\u2019Ukraine.<\/div>\r\n<div>\u00a0<\/div>\r\n<div style=\"text-align: right;\"><a href=\"https:\/\/rawa-ruska-union-nationale.fr\/index.php\/archives-actualites-ukrain\/\">Archives Actualit\u00e9s UKRAINE<\/a><\/div>\r\n\r\n\r\n\r\n<h2 class=\"wp-block-heading\">Pi\u00e8ce de th\u00e9\u00e2tre : &#8220;A l&#8217;abri des gouttes de pluie&#8221;<\/h2>\r\n\r\n\r\n\r\n<figure class=\"wp-block-gallery has-nested-images columns-default is-cropped wp-block-gallery-1 is-layout-flex wp-block-gallery-is-layout-flex\">\r\n<figure class=\"wp-block-image size-large\"><img loading=\"lazy\" decoding=\"async\" width=\"751\" height=\"1024\" data-id=\"9193\" class=\"wp-image-9193\" src=\"https:\/\/rawa-ruska-union-nationale.fr\/wp-content\/uploads\/2025\/01\/Affiche-751x1024.jpeg\" alt=\"\" srcset=\"https:\/\/rawa-ruska-union-nationale.fr\/wp-content\/uploads\/2025\/01\/Affiche-751x1024.jpeg 751w, https:\/\/rawa-ruska-union-nationale.fr\/wp-content\/uploads\/2025\/01\/Affiche-220x300.jpeg 220w, https:\/\/rawa-ruska-union-nationale.fr\/wp-content\/uploads\/2025\/01\/Affiche-768x1048.jpeg 768w, https:\/\/rawa-ruska-union-nationale.fr\/wp-content\/uploads\/2025\/01\/Affiche-1126x1536.jpeg 1126w, https:\/\/rawa-ruska-union-nationale.fr\/wp-content\/uploads\/2025\/01\/Affiche-440x600.jpeg 440w, https:\/\/rawa-ruska-union-nationale.fr\/wp-content\/uploads\/2025\/01\/Affiche.jpeg 1416w\" sizes=\"auto, (max-width: 706px) 89vw, (max-width: 767px) 82vw, 740px\" \/><\/figure>\r\n\r\n\r\n\r\n<figure class=\"wp-block-image size-large\"><img loading=\"lazy\" decoding=\"async\" width=\"748\" height=\"1024\" data-id=\"9194\" class=\"wp-image-9194\" src=\"https:\/\/rawa-ruska-union-nationale.fr\/wp-content\/uploads\/2025\/01\/au-theatre-748x1024.jpeg\" alt=\"\" srcset=\"https:\/\/rawa-ruska-union-nationale.fr\/wp-content\/uploads\/2025\/01\/au-theatre-748x1024.jpeg 748w, https:\/\/rawa-ruska-union-nationale.fr\/wp-content\/uploads\/2025\/01\/au-theatre-219x300.jpeg 219w, https:\/\/rawa-ruska-union-nationale.fr\/wp-content\/uploads\/2025\/01\/au-theatre-768x1051.jpeg 768w, https:\/\/rawa-ruska-union-nationale.fr\/wp-content\/uploads\/2025\/01\/au-theatre-1123x1536.jpeg 1123w, https:\/\/rawa-ruska-union-nationale.fr\/wp-content\/uploads\/2025\/01\/au-theatre-1497x2048.jpeg 1497w, https:\/\/rawa-ruska-union-nationale.fr\/wp-content\/uploads\/2025\/01\/au-theatre-439x600.jpeg 439w, https:\/\/rawa-ruska-union-nationale.fr\/wp-content\/uploads\/2025\/01\/au-theatre.jpeg 1613w\" sizes=\"auto, (max-width: 706px) 89vw, (max-width: 767px) 82vw, 740px\" \/><\/figure>\r\n<\/figure>\r\n\r\n\r\n\r\n\r\n\r\n<h2 class=\"wp-block-heading\"><strong>Congr\u00e8s annuel &#8211; Union nationale &#8211; 19 septembre 2024<\/strong><\/h2>\r\n\r\n\r\n\r\n<p class=\"wp-block-paragraph\">Sous r\u00e9serve d&#8217;\u00eatre inscrit, les blocs d&#8217;information suivants sont accessibles via Espace adh\u00e9rents \/ Acc\u00e8s Adh\u00e9rents :<\/p>\r\n\r\n\r\n\r\n<ul class=\"wp-block-list\">\r\n<li>Album photos \u00e0 l&#8217;ouverture du congr\u00e8s (chorales et musique)<\/li>\r\n\r\n\r\n\r\n<li>Conf\u00e9rence Valentin Schneider,<\/li>\r\n\r\n\r\n\r\n<li>Album photos sur la comm\u00e9moration du P\u00e8re-Lachaise.<\/li>\r\n<\/ul>\r\n\r\n\r\n\r\n<p class=\"wp-block-paragraph\">D\u00e8s l&#8217;ouverture de l&#8217;espace priv\u00e9, faire : ressources internes\/Union nationale\/Congr\u00e8s annuel &#8211; 19 septembre 2024.<\/p>\r\n\r\n\r\n\r\n\r\n\r\n<h2 class=\"wp-block-heading\"><strong>Violation du m\u00e9morial de Marcinelle<\/strong> (Charleroi) <br \/>le 11 novembre 2023<\/h2>\r\n\r\n\r\n\r\n<p class=\"has-text-align-center wp-block-paragraph\"><strong><em><a href=\"https:\/\/rawa-ruska-union-nationale.fr\/index.php\/vols-au-memorial-de-marcinelle\/\">Notes de Pascal FAQUE<\/a><\/em><\/strong><\/p>\r\n\r\n\r\n\r\n<h2 class=\"wp-block-heading\"><strong>Congr\u00e8<\/strong><strong>s de l&#8217;Union nationale du 12 et 13 octobre 2023<\/strong><\/h2>\r\n\r\n\r\n<a href=\"https:\/\/rawa-ruska-union-nationale.fr\/wp-content\/uploads\/2024\/01\/Congres-2023.pdf\" class=\"pdfemb-viewer\" style=\"\" data-width=\"max\" data-height=\"max\" data-toolbar=\"both\" data-toolbar-fixed=\"on\">Congres-2023<\/a>\r\n\r\n\r\n<h4 class=\"wp-block-heading has-text-align-center\">Et n&#8217;oubliez pas les <a href=\"https:\/\/rawa-ruska-union-nationale.fr\/index.php\/ukraine-8-mai-2024\/\">Photos \u00e0 voir et revoir<\/a><\/h4>\r\n\r\n\r\n\r\n<h2 class=\"wp-block-heading\"><strong>D\u00e9c\u00e8s :<\/strong><\/h2>\r\n<p class=\"wp-block-heading\">Le 18 avril 2025 est d\u00e9c\u00e9d<strong>\u00e9 <a href=\"https:\/\/rawa-ruska-union-nationale.fr\/index.php\/anciens-existants\/\">Alexandre Montellimard <\/a><\/strong>dernier Ancien connu ayant \u00e9t\u00e9 \u00e0 Rawa-Ruska.<\/p>\r\n\r\n\r\n\r\n<p class=\"wp-block-paragraph\">\u00a0<strong>Danielle\u00a0ARSON, <\/strong> \u00e9pouse d&#8217;Herv\u00e9\u00a0Arson est d\u00e9c\u00e9d\u00e9e le 29 novembre 2023. Ses fun\u00e9railles ont \u00e9t\u00e9 c\u00e9l\u00e9br\u00e9es le 7 d\u00e9cembre 2023. <br \/>Sa longue maladie a ainsi pris fin. Nous savons que quand cela \u00e9tait possible, elle \u00e9tait pr\u00e9sente aux \u00e9v\u00e9nements de l&#8217;Union nationale, ou de son association r\u00e9gionale. Elle manifestait ainsi son int\u00e9r\u00eat pour la vie de nos associations. <br \/>L&#8217;Union nationale par la voix de son Pr\u00e9sident et, Monique JEHAN, Pr\u00e9sidente de Seine-Maritime, Eure, Somme, assurent Herv\u00e9, Chlo\u00e9 sa fille, sa famille, ses amis de toute notre sympathie et de notre soutien.\u00a0<\/p>\r\n\r\n\r\n\r\n<p class=\"wp-block-paragraph\">Le 26 juillet 2023 est mort <strong><a href=\"https:\/\/rawa-ruska-union-nationale.fr\/index.php\/resistance-et-evasions\/\">Pierre ROSFELDER<\/a><\/strong>. \u00c9tant n\u00e9 le 4 septembre 1924, il approchait les 99 ans. C&#8217;\u00e9tait un des &#8220;malgr\u00e9 nous&#8221; adh\u00e9rent \u00e0 notre association. Il a risqu\u00e9 la mort pour d\u00e9fendre nos PG \u00e0 Stryj et Lemberg. <br \/>Il a \u00e9t\u00e9 inhum\u00e9 le 4 ao\u00fbt \u00e0 Colmar.<\/p>\r\n\r\n\r\n\r\n<p class=\"wp-block-paragraph\">Le 01 mars 2023, <strong><a href=\"https:\/\/rawa-ruska-union-nationale.fr\/index.php\/anciens-decedes-recemment\/\">Fernand GiMENEZ<\/a><\/strong> , Ancien de Rawa-Ruska, s&#8217;est \u00e9teint \u00e0 l&#8217;\u00e2ge de 102 ans. Il \u00e9tait l&#8217;un des deux derniers survivants connus du stalag 325. <br \/>Notre association sera pr\u00e9sente aux c\u00e9r\u00e9monies qui se d\u00e9rouleront Lundi 6 mars \u00e0 Casteljaloux et \u00e0 Tonneins (communication de Bernard CANDELON). <br \/>Nous lui rendrons hommage dans le prochain num\u00e9ro d\u2019Envols. \u00a0<\/p>\r\n\r\n\r\n\r\n<p class=\"wp-block-paragraph\">Le 23 janvier 2023 : d\u00e9c\u00e8s de Mme <a href=\"https:\/\/rawa-ruska-union-nationale.fr\/wp-content\/uploads\/2023\/01\/Communique-12.pdf\"><strong>Jeanne MIRABE<\/strong>L<\/a> &#8211; Pr\u00e9sidente de Lorraine Alsace<br \/>\u00e2g\u00e9e de 103 ans.<\/p>\r\n\r\n\r\n\r\n<p class=\"wp-block-paragraph\">&nbsp;<\/p>\r\n\r\n\r\n\r\n<p class=\"wp-block-paragraph\">&nbsp;<\/p>\r\n\r\n<p>&nbsp;<\/p>\r\n\r\n<p class=\"has-text-align-center wp-block-paragraph\">\u00a0<\/p>\r\n\r\n\r\n\r\n<p class=\"wp-block-paragraph\">&nbsp;<\/p>\r\n\r\n\r\n\r\n<div class=\"wp-block-columns alignwide is-layout-flex wp-container-core-columns-is-layout-8f761849 wp-block-columns-is-layout-flex\">\r\n<div class=\"wp-block-column is-layout-flow wp-block-column-is-layout-flow\" style=\"flex-basis: 50%;\">\r\n<p class=\"wp-block-paragraph\">&nbsp;<\/p>\r\n<\/div>\r\n<\/div>\r\n","protected":false},"excerpt":{"rendered":"<p>Nouvelles d&#8217;UKRAINE &#8211; 8 mai 2025Journ\u00e9e du souvenir et de la r\u00e9conciliation pour ceux qui ont perdu la vie pendant la Seconde Guerre mondiale &#8211; Message de Yurli REPETA : Chers Coll\u00e8gues, chers Amis ! J\u2019esp\u00e8re sinc\u00e8rement que vous et vos familles allez tous bien ! Je vous \u00e9cris \u00e0 l&#8217;occasion de la Journ\u00e9e\u00a0du souvenir &hellip; <\/p>\n<p class=\"link-more\"><a href=\"https:\/\/rawa-ruska-union-nationale.fr\/index.php\/presentation-actualites\/\" class=\"more-link\">Continuer la lecture<span class=\"screen-reader-text\"> de &laquo;&nbsp;Actualit\u00e9s&nbsp;&raquo;<\/span><\/a><\/p>\n","protected":false},"author":1,"featured_media":0,"parent":0,"menu_order":0,"comment_status":"closed","ping_status":"closed","template":"","meta":{"_bbp_topic_count":0,"_bbp_reply_count":0,"_bbp_total_topic_count":0,"_bbp_total_reply_count":0,"_bbp_voice_count":0,"_bbp_anonymous_reply_count":0,"_bbp_topic_count_hidden":0,"_bbp_reply_count_hidden":0,"_bbp_forum_subforum_count":0,"_crdt_document":"","two_page_speed":[],"footnotes":""},"class_list":["post-4447","page","type-page","status-publish","hentry"],"_links":{"self":[{"href":"https:\/\/rawa-ruska-union-nationale.fr\/index.php\/wp-json\/wp\/v2\/pages\/4447","targetHints":{"allow":["GET"]}}],"collection":[{"href":"https:\/\/rawa-ruska-union-nationale.fr\/index.php\/wp-json\/wp\/v2\/pages"}],"about":[{"href":"https:\/\/rawa-ruska-union-nationale.fr\/index.php\/wp-json\/wp\/v2\/types\/page"}],"author":[{"embeddable":true,"href":"https:\/\/rawa-ruska-union-nationale.fr\/index.php\/wp-json\/wp\/v2\/users\/1"}],"replies":[{"embeddable":true,"href":"https:\/\/rawa-ruska-union-nationale.fr\/index.php\/wp-json\/wp\/v2\/comments?post=4447"}],"version-history":[{"count":213,"href":"https:\/\/rawa-ruska-union-nationale.fr\/index.php\/wp-json\/wp\/v2\/pages\/4447\/revisions"}],"predecessor-version":[{"id":9517,"href":"https:\/\/rawa-ruska-union-nationale.fr\/index.php\/wp-json\/wp\/v2\/pages\/4447\/revisions\/9517"}],"wp:attachment":[{"href":"https:\/\/rawa-ruska-union-nationale.fr\/index.php\/wp-json\/wp\/v2\/media?parent=4447"}],"curies":[{"name":"wp","href":"https:\/\/api.w.org\/{rel}","templated":true}]}}