{"id":4601,"date":"2021-10-30T14:01:33","date_gmt":"2021-10-30T12:01:33","guid":{"rendered":"https:\/\/rawa-ruska-union-nationale.fr\/?page_id=4601"},"modified":"2025-08-08T19:52:46","modified_gmt":"2025-08-08T17:52:46","slug":"photos-recherches","status":"publish","type":"page","link":"https:\/\/rawa-ruska-union-nationale.fr\/index.php\/photos-recherches\/","title":{"rendered":"Photos : les reconnaissez-vous ?"},"content":{"rendered":"\r\n<h2 style=\"text-align: center;\">Recherches \u00e0 partir de photos<\/h2>\r\n\r\n\r\n\r\n\r\n\r\n\r\n\r\n<p class=\"wp-block-paragraph\">Nombre d\u2019entre nous avons des photos qui ont \u00e9t\u00e9 prises durant la captivit\u00e9 au premier rang desquelles figurent nos Anciens. Ces photos \u00a0gardent une partie de leurs myst\u00e8res car des interrogations subsistent \u00a0: lieu exact, date, autres personnes pr\u00e9sentes\u2026Cette rubrique vise \u00e0 partager ces photos de nos Anciens et \u00e0 rechercher, aupr\u00e8s des autres descendants et internautes, toutes les informations compl\u00e9mentaires concernant ces photos..\u00a0<\/p>\r\n\r\n\r\n\r\n<p class=\"wp-block-paragraph\">Si vous disposez de photos sur lesquelles figure un Ancien de Rawa-Ruska, vous pouvez nous les communiquer \u00e0<\/p>\r\n<p style=\"text-align: center;\">(<a href=\"mailto:rawa.ruska.communication@gmail.com\">rawa.ruska.communication@gmail.com<\/a>) .<\/p>\r\n<p>Avec la photo, merci de fournir le nom de l\u2019Ancien ainsi que toutes les informations en votre possession sur son parcours de prisonnier (Lieux et dates).<\/p>\r\n\r\n\r\n\r\n<p class=\"wp-block-paragraph\">A vos photos\u2026..<\/p>\r\n<h2 style=\"text-align: center;\">BONMARTIN Ren\u00e9<\/h2>\r\n<h3>PHOTO 1<\/h3>\r\n<p><span style=\"font-family: Google Sans, Roboto, RobotoDraft, Helvetica, Arial, sans-serif;\"><span style=\"color: #222222;\">Fournie par Monique Paris, fille de Ren\u00e9 BONMARTIN<\/span><\/span><\/p>\r\n<p><span style=\"font-family: Google Sans, Roboto, RobotoDraft, Helvetica, Arial, sans-serif;\"><span style=\"color: #222222;\">Le lieu de prise de cette photo n\u2019est pas connu pr\u00e9cis\u00e9ment, sachant que Ren\u00e9 est pass\u00e9 par les Stalag VII A et VII B puis le 325.<\/span><\/span><\/p>\r\n\r\n<p>En : 5 Fran\u00e7ois DUMONT (selon Bernard Dautricourt) &#8211; stalag 369, mort en 2006 \u00e0 96 ans<br \/>En 6 : Ren\u00e9 BONMARTIN.<br \/>En 9 : Marcel CARLINET n\u00e9 le 28 mars 1916 selon sa fille Evelyne Godard<\/p>\r\n<h3><span style=\"font-family: Google Sans, Roboto, RobotoDraft, Helvetica, Arial, sans-serif;\"><span style=\"color: #222222;\">.PHOTO 2<br \/><\/span><\/span><\/h3>\r\n<p>Fournie par Monique Paris, fille de Ren\u00e9 BONMARTIN<\/p>\r\n<p>Le lieu de prise de cette photo n\u2019est pas connu pr\u00e9cis\u00e9ment, sachant que Ren\u00e9 est pass\u00e9 par les Stalag VII A et VII B puis le 325.<\/p>\r\n\r\n<p>En B : Ren\u00e9 BONMARTIN<\/p>\r\n<h2 style=\"text-align: center;\">LAPEYRERE Alcide<\/h2>\r\n<h3 style=\"text-align: left;\">PHOTO 3<\/h3>\r\n<p>Fournie par Jacques Lapeyrer, fils de Alcide LAPEYRERE<\/p>\r\n<p>Au dos de la photo figure en manuscrit la mention \u00ab Rawa-Ruska \u00bb. Alcide ne faisait pas partie de l\u2019\u00e9quipe qui a jou\u00e9 le \u00ab fameux \u00bb match de rugby (Voir l\u2019article dans le livre du 80\u00e8me anniversaire).<\/p>\r\n\r\n<p>En 4 : Alcide LAPEYRERE talonneur dans cette \u00e9quipe de rugby<br \/>En 10\u00a0 \u00a0: Jean Baptiste BONETBELTZ &#8211; reconnu par Jean Marie Cousty de Pompadour (Corr\u00e8ze),\u00a0 un de ses anciens \u00e9l\u00e8ves.<br \/>En 13 : Georges PENAUD reconnu par son neveu Thierry Neycensas. Georges est n\u00e9 le 7 avril 1915 \u00e0 P\u00e9rigueux (plutot le 7 mai 1915 selon Yann Perrotte)<span style=\"font-family: Google Sans, Roboto, RobotoDraft, Helvetica, Arial, sans-serif;\"><span style=\"color: #222222;\">. Il appartenait au 134eme r\u00e9giment d&#8217;artillerie de Chalons. Il sera PG du 18 juin 1940 au 5 juin 1945. Pas de pr\u00e9cision sur son s\u00e9jour \u00e0 Rawa suite \u00e0 trois \u00e9vasions de fermes d&#8217;\u00e9tat allemandes.<\/span><\/span><\/p>\r\n<h2 style=\"text-align: center;\">MONTILLAUD Pierre Georges,<br \/>originaire de Castemoron &#8211; Lot (47)<\/h2>\r\n<h3 style=\"text-align: left;\">PHOTO 4<\/h3>\r\n<p>Fournie par Pierrette RODES &#8211; <a href=\"mailto:pierrette.rodes@hotmail.fr\" target=\"_blank\" rel=\"noopener\">pierrette.rodes@hotmail.fr<\/a><\/p>\r\n<p>Lieu probable de la photo : Stalag IV C\u00a0 &#8211; date inconnue<\/p>\r\n\r\n<div>En position 9 : Pierre Georges MONTILLAUD<\/div>\r\n<div>\u00a0<\/div>\r\n<div>\r\n\r\n\r\n\r\n<\/div>\r\n\r\n\r\n\r\n<h2 id=\"ducours-pierre\" class=\"has-text-align-center wp-block-heading\" style=\"text-align: center;\">DUCOURS Pierre<br \/><em>n\u00e9 le 8 f\u00e9vrier 1904 \u00e0 Casteljaloux (47)<\/em><\/h2>\r\n\r\n\r\n\r\n\r\n\r\n<h3>PHOTO 5<\/h3>\r\n<p class=\"wp-block-paragraph\">Fournie par Jacqueline Vergnault &#8211; <a href=\"mailto:jemjel@wanadoo.fr\" target=\"_blank\" rel=\"noreferrer noopener\">jemjel@wanadoo.fr<\/a><\/p>\r\n<p>Prise au stalag VIII A\u00a0 \u00e0 Gorlitz (1940 &#8211; 1942) &#8211; cachet du camp indiqu\u00e9 au verso<\/p>\r\n\r\n<p>En 1 : \u00c9mile PARIS (1909 &#8211; 1974) &#8211; 32 ans sur la photo &#8211; constat\u00e9 par son petit-fils Jean-Pierre Gosper<br \/>En 3 : Pierre DUCOURS &#8211; (constat\u00e9 par Jacqueline Vergnault)<br \/>En 4 : L\u00e9on PARIS (constat\u00e9 par son petit neveu Yann Choveau) n\u00e9 \u00e0 Ecuill\u00e9 le 6 septembre 1920.<\/p>\r\n<h3>PHOTO 6<\/h3>\r\n<p>Fournie par Jacqueline Vergnault &#8211; <a href=\"mailto:jemjel@wanadoo.fr\" target=\"_blank\" rel=\"noreferrer noopener\">jemjel@wanadoo.fr<\/a><\/p>\r\n<p class=\"has-normal-font-size\">Stalag 325 :\u00a0 au verso : cachet du camp et une mention \u00e9crite &#8220;l&#8217;\u00e9quipe des menuisiers&#8221; (1942)<\/p>\r\n\r\n<p>\r\n\r\n<\/p>\r\n<p class=\"wp-block-paragraph\"><br \/>En 2 : Aline Loulier reconna\u00eet son arri\u00e8re grand-p\u00e8re. C&#8217;est Louis ADAM n\u00e9 \u00e0 Jumilhac-le-Grand en Dordogne<br \/>En 10 : Eric COUASNON, menuisier \u00e0 Evran (C\u00f4te d&#8217;Amor)<br \/>En 12 : Marc ROBERT de Brusvily (C\u00f4te d&#8217;Armor).<br \/>En 13 : Pierre DUCOURS<\/p>\r\n<h2 id=\"ducours-pierre\" class=\"has-text-align-center\" style=\"text-align: center;\">PEROU Victor Maurice<br \/><em>n\u00e9 le 15 novembre 1905 \u00e0 Paris XVIIIeme.<br \/><\/em><\/h2>\r\n<p>\r\n\r\n\r\n\r\n<\/p>\r\n<h3>PHOTO 7<\/h3>\r\n<p class=\"wp-block-paragraph\">Fournie par sa fille &#8211;<\/p>\r\n<p>Stalag : aucune information &#8211; \u00e0 pr\u00e9ciser<\/p>\r\n\r\n<p>En 2 : Victor Maurice PEROU<\/p>\r\n<h2 id=\"ducours-pierre\" class=\"has-text-align-center\" style=\"text-align: center;\">GIMENO Pierre<br \/><em>n\u00e9 le <br \/><\/em><\/h2>\r\n<p>\r\n\r\n\r\n\r\n<\/p>\r\n<h3>PHOTO 8<\/h3>\r\n<p class=\"wp-block-paragraph\">Fournie par son fils : Alain GIMENO<\/p>\r\n<p>Stalag : aucune information &#8211; \u00e0 pr\u00e9ciser<\/p>\r\n\r\n<p>En 2 : Pierre GIMENO &#8211; ancien de Rawa-Ruska<\/p>\r\n<p>&nbsp;<\/p>\r\n\r\n\r\n\r\n\r\n\r\n<div class=\"wp-block-media-text alignwide has-media-on-the-right is-stacked-on-mobile\" style=\"grid-template-columns: auto 75%;\">\r\n<figure class=\"wp-block-media-text__media\"><\/figure>\r\n<div class=\"wp-block-media-text__content\">\r\n\r\n<\/div>\r\n<\/div>\r\n\r\n\r\n\r\n<ul>\r\n<li>\u00a0<\/li>\r\n<\/ul>\r\n\r\n\r\n\r\n\r\n\r\n<p class=\"has-text-align-center\" style=\"text-align: center;\">\u00a0<\/p>\r\n<p>&nbsp;<\/p>\r\n","protected":false},"excerpt":{"rendered":"<p>Recherches \u00e0 partir de photos Nombre d\u2019entre nous avons des photos qui ont \u00e9t\u00e9 prises durant la captivit\u00e9 au premier rang desquelles figurent nos Anciens. Ces photos \u00a0gardent une partie de leurs myst\u00e8res car des interrogations subsistent \u00a0: lieu exact, date, autres personnes pr\u00e9sentes\u2026Cette rubrique vise \u00e0 partager ces photos de nos Anciens et \u00e0 &hellip; <\/p>\n<p class=\"link-more\"><a href=\"https:\/\/rawa-ruska-union-nationale.fr\/index.php\/photos-recherches\/\" class=\"more-link\">Continuer la lecture<span class=\"screen-reader-text\"> de &laquo;&nbsp;Photos : les reconnaissez-vous ?&nbsp;&raquo;<\/span><\/a><\/p>\n","protected":false},"author":1,"featured_media":0,"parent":0,"menu_order":0,"comment_status":"closed","ping_status":"closed","template":"","meta":{"_bbp_topic_count":0,"_bbp_reply_count":0,"_bbp_total_topic_count":0,"_bbp_total_reply_count":0,"_bbp_voice_count":0,"_bbp_anonymous_reply_count":0,"_bbp_topic_count_hidden":0,"_bbp_reply_count_hidden":0,"_bbp_forum_subforum_count":0,"_crdt_document":"","two_page_speed":[],"footnotes":""},"class_list":["post-4601","page","type-page","status-publish","hentry"],"_links":{"self":[{"href":"https:\/\/rawa-ruska-union-nationale.fr\/index.php\/wp-json\/wp\/v2\/pages\/4601","targetHints":{"allow":["GET"]}}],"collection":[{"href":"https:\/\/rawa-ruska-union-nationale.fr\/index.php\/wp-json\/wp\/v2\/pages"}],"about":[{"href":"https:\/\/rawa-ruska-union-nationale.fr\/index.php\/wp-json\/wp\/v2\/types\/page"}],"author":[{"embeddable":true,"href":"https:\/\/rawa-ruska-union-nationale.fr\/index.php\/wp-json\/wp\/v2\/users\/1"}],"replies":[{"embeddable":true,"href":"https:\/\/rawa-ruska-union-nationale.fr\/index.php\/wp-json\/wp\/v2\/comments?post=4601"}],"version-history":[{"count":79,"href":"https:\/\/rawa-ruska-union-nationale.fr\/index.php\/wp-json\/wp\/v2\/pages\/4601\/revisions"}],"predecessor-version":[{"id":9734,"href":"https:\/\/rawa-ruska-union-nationale.fr\/index.php\/wp-json\/wp\/v2\/pages\/4601\/revisions\/9734"}],"wp:attachment":[{"href":"https:\/\/rawa-ruska-union-nationale.fr\/index.php\/wp-json\/wp\/v2\/media?parent=4601"}],"curies":[{"name":"wp","href":"https:\/\/api.w.org\/{rel}","templated":true}]}}