{"id":5134,"date":"2022-02-16T13:52:00","date_gmt":"2022-02-16T12:52:00","guid":{"rendered":"https:\/\/rawa-ruska-union-nationale.fr\/?page_id=5134"},"modified":"2023-12-13T19:06:11","modified_gmt":"2023-12-13T18:06:11","slug":"chemins-de-memoire","status":"publish","type":"page","link":"https:\/\/rawa-ruska-union-nationale.fr\/index.php\/chemins-de-memoire\/","title":{"rendered":"Lieux de m\u00e9moire"},"content":{"rendered":"\r\n<p class=\"wp-block-paragraph\">Nous reprenons une d\u00e9finition de Pierre Nora sur ce qu&#8217;est un lieu de m\u00e9moire : \u00ab c est toute entit\u00e9 significative mat\u00e9rielle ou id\u00e9ale que la volont\u00e9 des personnes ou l&#8217;\u0153uvre du temps a transform\u00e9e en une partie symbolique du patrimoine dont se souvient une communaut\u00e9 donn\u00e9e \u00bb.<\/p>\r\n\r\n\r\n\r\n<p class=\"wp-block-paragraph\">Appliqu\u00e9 au strict contexte de &#8220;Ceux de Rawa-Ruska&#8221;, nous avons voulu r\u00e9pertori\u00e9 tous les lieux qui parlent du camp 325 et des prisonniers de guerre qui y ont \u00e9t\u00e9 intern\u00e9s. Ces lieux font partie du patrimoine de l&#8217;Union nationale et des associations r\u00e9gionales. Plus concr\u00e8tement ce sont :<\/p>\r\n\r\n\r\n\r\n<ul class=\"wp-block-list\">\r\n<li>des monuments ou des st\u00e8les d\u00e9di\u00e9s \u00e0 Rawa-Ruska,<\/li>\r\n\r\n\r\n\r\n<li>des monuments ou des st\u00e8les partag\u00e9s avec d&#8217;autres victimes du nazisme,<\/li>\r\n\r\n\r\n\r\n<li>cela peut \u00eatre aussi de simples plaques comm\u00e9moratives : nom de rues, de places&#8230;<\/li>\r\n\r\n\r\n\r\n<li>ou des mus\u00e9es ou autres endroits publics \u00e9voquant l&#8217;histoire des &#8220;anciens&#8221;.<\/li>\r\n<\/ul>\r\n\r\n\r\n\r\n<p class=\"wp-block-paragraph\">Vous trouverez donc ci-dessous l&#8217;essentiel de ces lieux. Chacun de ceux-ci est localis\u00e9 sur une carte interactive qu&#8217;il soit situ\u00e9 en France ou ailleurs essentiellement en Europe. Il s&#8217;agit d&#8217;avoir l&#8217;essentiel des informations \u00e0 des fins de recherche, de localisation ou pourquoi pas de visites. Voil\u00e0 ce que pr\u00e9sente la carte interactive.<\/p>\r\n\r\n\r\n\r\n<p class=\"wp-block-paragraph\">Il est ensuite possible de modifier ou d&#8217;enrichir cette base de lieux. Toute contribution est ainsi possible via le menu &#8220;Proposer un lieu&#8221;.<\/p>\r\n<p>Les lieux de m\u00e9moire situ\u00e9s dans les d\u00e9partements ; 16, 17, 22, 29, 35, 44, 56, 85 et 86 n&#8217;ont pas \u00e0 ce jour fait l&#8217;objet d&#8217;une validation par les associations locales de Bretagne et Vend\u00e9e Vienne Charente. Les donn\u00e9es relatives \u00e0 ces lieux peuvent donc comporter des erreurs et sont incompl\u00e8tes.<\/p>\r\n","protected":false},"excerpt":{"rendered":"<p>Nous reprenons une d\u00e9finition de Pierre Nora sur ce qu&#8217;est un lieu de m\u00e9moire : \u00ab c est toute entit\u00e9 significative mat\u00e9rielle ou id\u00e9ale que la volont\u00e9 des personnes ou l&#8217;\u0153uvre du temps a transform\u00e9e en une partie symbolique du patrimoine dont se souvient une communaut\u00e9 donn\u00e9e \u00bb. Appliqu\u00e9 au strict contexte de &#8220;Ceux de &hellip; <\/p>\n<p class=\"link-more\"><a href=\"https:\/\/rawa-ruska-union-nationale.fr\/index.php\/chemins-de-memoire\/\" class=\"more-link\">Continuer la lecture<span class=\"screen-reader-text\"> de &laquo;&nbsp;Lieux de m\u00e9moire&nbsp;&raquo;<\/span><\/a><\/p>\n","protected":false},"author":1,"featured_media":0,"parent":0,"menu_order":0,"comment_status":"closed","ping_status":"closed","template":"","meta":{"_bbp_topic_count":0,"_bbp_reply_count":0,"_bbp_total_topic_count":0,"_bbp_total_reply_count":0,"_bbp_voice_count":0,"_bbp_anonymous_reply_count":0,"_bbp_topic_count_hidden":0,"_bbp_reply_count_hidden":0,"_bbp_forum_subforum_count":0,"_crdt_document":"","two_page_speed":[],"footnotes":""},"class_list":["post-5134","page","type-page","status-publish","hentry"],"_links":{"self":[{"href":"https:\/\/rawa-ruska-union-nationale.fr\/index.php\/wp-json\/wp\/v2\/pages\/5134","targetHints":{"allow":["GET"]}}],"collection":[{"href":"https:\/\/rawa-ruska-union-nationale.fr\/index.php\/wp-json\/wp\/v2\/pages"}],"about":[{"href":"https:\/\/rawa-ruska-union-nationale.fr\/index.php\/wp-json\/wp\/v2\/types\/page"}],"author":[{"embeddable":true,"href":"https:\/\/rawa-ruska-union-nationale.fr\/index.php\/wp-json\/wp\/v2\/users\/1"}],"replies":[{"embeddable":true,"href":"https:\/\/rawa-ruska-union-nationale.fr\/index.php\/wp-json\/wp\/v2\/comments?post=5134"}],"version-history":[{"count":32,"href":"https:\/\/rawa-ruska-union-nationale.fr\/index.php\/wp-json\/wp\/v2\/pages\/5134\/revisions"}],"predecessor-version":[{"id":8180,"href":"https:\/\/rawa-ruska-union-nationale.fr\/index.php\/wp-json\/wp\/v2\/pages\/5134\/revisions\/8180"}],"wp:attachment":[{"href":"https:\/\/rawa-ruska-union-nationale.fr\/index.php\/wp-json\/wp\/v2\/media?parent=5134"}],"curies":[{"name":"wp","href":"https:\/\/api.w.org\/{rel}","templated":true}]}}