{"id":5233,"date":"2022-03-14T10:55:22","date_gmt":"2022-03-14T09:55:22","guid":{"rendered":"https:\/\/rawa-ruska-union-nationale.fr\/?page_id=5233"},"modified":"2026-03-28T08:14:59","modified_gmt":"2026-03-28T07:14:59","slug":"agenda","status":"publish","type":"page","link":"https:\/\/rawa-ruska-union-nationale.fr\/index.php\/agenda\/","title":{"rendered":"Agenda"},"content":{"rendered":"<h2 style=\"text-align: center;\"><em><strong>Ann\u00e9e 2026<\/strong><\/em><\/h2>\n\n\n<figure class=\"wp-block-table is-style-stripes\"><table><tbody><tr><td><strong><em>11 avril<\/em><\/strong>                  <\/td><td><strong><a href=\"https:\/\/rawa-ruska-union-nationale.fr\/wp-content\/uploads\/2026\/03\/Pere-Lachaise-11042026.pdf\">84eme anniversaire<\/a> de l&#8217;arriv\u00e9e du 1er convoi \u00e0 Rawa-Ruska<\/strong><\/td><\/tr><tr><td><strong><em>18 novembre<\/em><\/strong><\/td><td><strong>10eme anniversaire de l&#8217;inauguration de la st\u00e8le au P\u00e8re Lachaise<\/strong><\/td><\/tr><\/tbody><\/table><\/figure>\n\n\n\n<h2 class=\"wp-block-heading has-text-align-center\"><em><strong>Ann\u00e9e 2025<\/strong><\/em><\/h2>\n\n\n\n<figure class=\"wp-block-table is-style-stripes\"><table><tbody><tr><td><strong><em>12 avril<\/em><\/strong><\/td><td><strong><a href=\"https:\/\/rawa-ruska-union-nationale.fr\/index.php\/infos-12-avril-2025\/\">Comm\u00e9moration du 1er convoi \u00e0 Rawa-Ruska<\/a> (matin)<br>Suivie d&#8217;une conf\u00e9rence FNDIRP (apr\u00e8s midi)<\/strong><\/td><\/tr><tr><td><strong><em>4 juin<\/em><\/strong><\/td><td><strong>Conseil national<\/strong><\/td><\/tr><tr><td><strong><em>du 8 au 12 octobre<\/em><\/strong><\/td><td><strong>Rendez-vous de l&#8217;histoire \u00e0 Blois (th\u00e8me : La France)<\/strong><\/td><\/tr><tr><td><strong><em>du 3 au 8 novembre<\/em><\/strong><\/td><td><strong>A la mairie de Paris (20eme), exposition sur les 80 ans de retour de captivit\u00e9<\/strong> <strong>des PG<\/strong><\/td><\/tr><tr><td><strong><em>5 novembre <\/em><\/strong><\/td><td><strong>Ravivage de la Flamme \u00e0 l\u2019Arc de Triomphe<\/strong><\/td><\/tr><tr><td><strong><em>6 novembre&nbsp;<\/em><\/strong><\/td><td>\n<p><a href=\"https:\/\/rawa-ruska-union-nationale.fr\/wp-content\/uploads\/2025\/07\/presentation-congre.pdf\"><strong>Congr\u00e8s annuel<\/strong><strong>&nbsp;:<\/strong><\/a> <br><strong>Journ\u00e9e comm\u00e9morative du retour des Anciens de Rawa &#8211; <a href=\"https:\/\/rawa-ruska-union-nationale.fr\/wp-content\/uploads\/2025\/07\/bulletin-inscription-061125.pdf\">Bulletin d&#8217;inscription<\/a><\/strong><\/p>\n<\/td><\/tr><tr><td><strong><em>3 d\u00e9cembre<\/em><\/strong><\/td><td><strong>Conseil national<\/strong><\/td><\/tr><\/tbody><\/table><\/figure>\n\n\n\n<h3 class=\"wp-block-heading has-text-align-center has-medium-font-size\"><strong><em>Ann\u00e9e 2024<\/em><\/strong><\/h3>\n\n\n\n<figure class=\"wp-block-table alignleft is-style-stripes\"><table><tbody><tr><td><strong><em>Samedi 13 avril<\/em><\/strong><\/td><td class=\"has-text-align-left\" data-align=\"left\"><a href=\"https:\/\/rawa-ruska-union-nationale.fr\/index.php\/13-avril-2024\/\"><strong>82eme anniversaire<\/strong><\/a><\/td><\/tr><tr><td><strong><em>Lundi 27 mai<\/em><\/strong><\/td><td class=\"has-text-align-left\" data-align=\"left\"><strong>Journ\u00e9e nationale de la R\u00e9sistance\u2003<\/strong>\u2003\u2003\u2003\u2003\u2003\u2003\u2003\u2003\u2003\u2003\u2003<\/td><\/tr><tr><td><strong><em>Jeudi<\/em><\/strong> <strong><em>13 juin<\/em><\/strong><\/td><td class=\"has-text-align-left\" data-align=\"left\"><strong>&nbsp;<a href=\"https:\/\/rawa-ruska-union-nationale.fr\/wp-content\/uploads\/2024\/08\/CR-AG-13-juin-2024.pdf\">Conseil national<\/a><\/strong>\u2003\u2003\u2003\u2003\u2003\u2003\u2003\u2003\u2003\u2003\u2003\u2003\u2003\u2003\u2002<\/td><\/tr><tr><td><strong><em>Samed<\/em><\/strong>i <strong><em>17 ao\u00fbt<\/em><\/strong><\/td><td class=\"has-text-align-left\" data-align=\"left\"><strong> C\u00e9r\u00e9monie de la FNDIRP<\/strong><\/td><\/tr><tr><td><strong><em>Mercredi 18 septembre <\/em><\/strong><\/td><td class=\"has-text-align-left\" data-align=\"left\"><strong>Congr\u00e8s nationa<\/strong>l : Lyc\u00e9e Voltaire &#8211; Pi\u00e8ce de th\u00e9\u00e2tre<\/td><\/tr><tr><td><strong><em>Jeudi 19 septembre<\/em><\/strong><\/td><td class=\"has-text-align-left\" data-align=\"left\"><a href=\"https:\/\/rawa-ruska-union-nationale.fr\/index.php\/congres-annuel-19-septembre-2024\/\"><strong>Congr\u00e8s nationa<\/strong>l<\/a> : Mairie du 20\u00b0<\/td><\/tr><tr><td><strong><em>Du 10 au 13 octobre<\/em><\/strong><\/td><td class=\"has-text-align-left\" data-align=\"left\"><strong>Rendez Vous de l\u2019Histoire \u00e0 Blois<\/strong><\/td><\/tr><tr><td><strong><em>Jeudi<\/em><\/strong> 1<strong><em>2 d\u00e9cembre<\/em><\/strong><\/td><td class=\"has-text-align-left\" data-align=\"left\"><strong><a href=\"https:\/\/rawa-ruska-union-nationale.fr\/wp-content\/uploads\/2025\/02\/CR-Conseil-National-du-12-decembre-2024.pdf\">Conseil National<\/a><\/strong><\/td><\/tr><\/tbody><\/table><\/figure>\n\n\n\n<h3 class=\"wp-block-heading has-text-align-center\">&nbsp;<\/h3>\n\n\n\n<div class=\"wp-block-columns is-layout-flex wp-container-core-columns-is-layout-8f761849 wp-block-columns-is-layout-flex\">\n<div class=\"wp-block-column is-layout-flow wp-block-column-is-layout-flow\">\n<div class=\"wp-block-cover is-light\" style=\"min-height: 302px;aspect-ratio:unset;\"><img loading=\"lazy\" decoding=\"async\" width=\"1024\" height=\"685\" class=\"wp-block-cover__image-background wp-image-1829\" src=\"https:\/\/rawa-ruska-union-nationale.fr\/wp-content\/uploads\/2020\/03\/2_Cere_Montauville-1024x685.jpg\" alt=\"\" data-object-fit=\"cover\" \/>\r\n<div class=\"wp-block-cover__inner-container is-layout-flow wp-block-cover-is-layout-flow\">\n\n<p class=\"has-text-align-center has-white-color has-text-color has-x-large-font-size wp-block-paragraph\">Nous nous rappellons&#8230;<\/p>\n\n<\/div>\r\n<\/div>\n\n\n\n<p class=\"wp-block-paragraph\">&nbsp;&nbsp;Des \u00e9v\u00e8nements des plus r\u00e9cents aux plus anciens&#8230;<\/p>\n\n\n\n<h2 class=\"wp-block-heading has-text-align-center\"><strong><em>Ann\u00e9e 2023<\/em><\/strong><\/h2>\n<\/div>\n<\/div>\n\n\n\n<figure class=\"wp-block-table is-style-stripes\"><table><tbody><tr><td><strong><em>12 et 13 octobre<\/em><\/strong><\/td><td><strong><a href=\"https:\/\/rawa-ruska-union-nationale.fr\/index.php\/atelier-et-congres-de-lunion-nationale\/\" data-type=\"URL\" data-id=\"https:\/\/rawa-ruska-union-nationale.fr\/index.php\/atelier-et-congres-de-lunion-nationale\/\">Atelier et congr\u00e8s de l&#8217;Union nationale<\/a><\/strong><br>Paris : mairie du 20eme, P\u00e8re-Lachaise et Arc de Triomphe)<\/td><\/tr><tr><td><em><strong>28 septembre<\/strong><\/em><\/td><td><strong>Soutenance de th\u00e8se &#8211; Les m\u00e9moires des prisonniers de guerre fran\u00e7ais du Stalag 325 de Rawa-Ruska (1945 &#8211; 2016) &#8211; Alexandre Millet &#8211;<\/strong> Universit\u00e9 d&#8217;Angers<\/td><\/tr><tr><td><em><strong>17 ao\u00fbt<\/strong><\/em><\/td><td><strong>Hommage aux r\u00e9sistants fusill\u00e9s de la rue Leroux<\/strong><br>Paris &#8211; 10 rue Leroux<\/td><\/tr><\/tbody><\/table><\/figure>\n\n\n\n<h3 class=\"wp-block-heading has-text-align-center\"><strong><em>Ann\u00e9e 2022<\/em><\/strong><\/h3>\n\n\n\n<figure class=\"wp-block-table is-style-stripes\"><table><tbody><tr><td><strong><em> 27 mai<\/em><\/strong><\/td><td><a href=\"https:\/\/rawa-ruska-union-nationale.fr\/index.php\/jnr-27-mai-2022\/\"><strong>Journ\u00e9e nationale de la R\u00e9sistance<\/strong><\/a><br>Paris &#8211; mairie du 13\u00b0<\/td><\/tr><tr><td><strong><em> 13 avril<\/em><\/strong><\/td><td><strong><a href=\"https:\/\/rawa-ruska-union-nationale.fr\/index.php\/commemoration-du-80eme-anniversaire-de-larrivee-du-premier-convoi-a-rawa\/\">80eme anniversaire<\/a> de l&#8217;arriv\u00e9e du 1\u00b0 convoi \u00e0 Rawa-Rusk<\/strong>a<br>P\u00e8re-Lachaise \u2013 Paris<\/td><\/tr><\/tbody><\/table><\/figure>\n\n\n\n<h2 class=\"wp-block-heading has-text-align-center\"><strong><em>Ann\u00e9e 2021<\/em><\/strong><\/h2>\n\n\n\n<figure class=\"wp-block-table is-style-stripes\"><table><tbody><tr><td><strong><em> 11 novembr<\/em>e<\/strong><\/td><td><a href=\"https:\/\/rawa-ruska-union-nationale.fr\/index.php\/2020\/05\/06\/actualites-prochaines\/\"><strong>Journ\u00e9e de la d\u00e9portation<\/strong><\/a> FNDIRP<br>Paris &#8211; P\u00e8re-Lachaise<\/td><\/tr><tr><td><strong><em>28 octobre<\/em><\/strong><\/td><td><strong>Congr\u00e8s de l&#8217;Union nationale &#8211; <a href=\"https:\/\/rawa-ruska-union-nationale.fr\/index.php\/2022\/01\/30\/pere-lachaise-octobre-2021\/\" data-type=\"URL\" data-id=\"https:\/\/rawa-ruska-union-nationale.fr\/index.php\/2022\/01\/30\/pere-lachaise-octobre-2021\/\">P\u00e8re-Lachaise<\/a> <\/strong><br>Paris 20\u00b0<\/td><\/tr><tr><td><strong><em> 26 septembre<\/em><\/strong><\/td><td><strong><a href=\"https:\/\/rawa-ruska-union-nationale.fr\/index.php\/2022\/02\/02\/fete-des-drapeaux-a-langres\/\">F\u00eates des drapeaux<\/a><\/strong> <br>Langres<\/td><\/tr><\/tbody><\/table><\/figure>\n\n\n\n<p class=\"wp-block-paragraph\">&nbsp;<\/p>\n\n\n\n<p class=\"wp-block-paragraph\">&nbsp;<\/p>\n","protected":false},"excerpt":{"rendered":"<p>Ann\u00e9e 2026 11 avril 84eme anniversaire de l&#8217;arriv\u00e9e du 1er convoi \u00e0 Rawa-Ruska 18 novembre 10eme anniversaire de l&#8217;inauguration de la st\u00e8le au P\u00e8re Lachaise Ann\u00e9e 2025 12 avril Comm\u00e9moration du 1er convoi \u00e0 Rawa-Ruska (matin)Suivie d&#8217;une conf\u00e9rence FNDIRP (apr\u00e8s midi) 4 juin Conseil national du 8 au 12 octobre Rendez-vous de l&#8217;histoire \u00e0 Blois &hellip; <\/p>\n<p class=\"link-more\"><a href=\"https:\/\/rawa-ruska-union-nationale.fr\/index.php\/agenda\/\" class=\"more-link\">Continuer la lecture<span class=\"screen-reader-text\"> de &laquo;&nbsp;Agenda&nbsp;&raquo;<\/span><\/a><\/p>\n","protected":false},"author":1,"featured_media":0,"parent":0,"menu_order":0,"comment_status":"closed","ping_status":"closed","template":"","meta":{"_bbp_topic_count":0,"_bbp_reply_count":0,"_bbp_total_topic_count":0,"_bbp_total_reply_count":0,"_bbp_voice_count":0,"_bbp_anonymous_reply_count":0,"_bbp_topic_count_hidden":0,"_bbp_reply_count_hidden":0,"_bbp_forum_subforum_count":0,"_crdt_document":"","two_page_speed":[],"footnotes":""},"class_list":["post-5233","page","type-page","status-publish","hentry"],"_links":{"self":[{"href":"https:\/\/rawa-ruska-union-nationale.fr\/index.php\/wp-json\/wp\/v2\/pages\/5233","targetHints":{"allow":["GET"]}}],"collection":[{"href":"https:\/\/rawa-ruska-union-nationale.fr\/index.php\/wp-json\/wp\/v2\/pages"}],"about":[{"href":"https:\/\/rawa-ruska-union-nationale.fr\/index.php\/wp-json\/wp\/v2\/types\/page"}],"author":[{"embeddable":true,"href":"https:\/\/rawa-ruska-union-nationale.fr\/index.php\/wp-json\/wp\/v2\/users\/1"}],"replies":[{"embeddable":true,"href":"https:\/\/rawa-ruska-union-nationale.fr\/index.php\/wp-json\/wp\/v2\/comments?post=5233"}],"version-history":[{"count":127,"href":"https:\/\/rawa-ruska-union-nationale.fr\/index.php\/wp-json\/wp\/v2\/pages\/5233\/revisions"}],"predecessor-version":[{"id":10334,"href":"https:\/\/rawa-ruska-union-nationale.fr\/index.php\/wp-json\/wp\/v2\/pages\/5233\/revisions\/10334"}],"wp:attachment":[{"href":"https:\/\/rawa-ruska-union-nationale.fr\/index.php\/wp-json\/wp\/v2\/media?parent=5233"}],"curies":[{"name":"wp","href":"https:\/\/api.w.org\/{rel}","templated":true}]}}