{"id":5270,"date":"2022-03-15T17:31:35","date_gmt":"2022-03-15T16:31:35","guid":{"rendered":"https:\/\/rawa-ruska-union-nationale.fr\/?page_id=5270"},"modified":"2022-03-15T18:51:46","modified_gmt":"2022-03-15T17:51:46","slug":"rappels-historiques","status":"publish","type":"page","link":"https:\/\/rawa-ruska-union-nationale.fr\/index.php\/rappels-historiques\/","title":{"rendered":"Rappels historiques"},"content":{"rendered":"\r\n<p class=\"wp-block-paragraph\">L&#8217;historique du camp 325 est ici repris et organis\u00e9 selon quelques th\u00e9matiques.<\/p>\r\n\r\n<h4 style=\"text-align: center;\"><a href=\"https:\/\/rawa-ruska-union-nationale.fr\/index.php\/histoire-memoire-3-4-sous-camps-raisons\/\">Pourquoi Rawa-Ruska<\/a><\/h4>\r\n<h4 style=\"text-align: center;\"><a href=\"https:\/\/rawa-ruska-union-nationale.fr\/index.php\/ukraine-et-galicie\/\">Ukraine et Galicie<\/a><\/h4>\r\n<h4 style=\"text-align: center;\"><a href=\"https:\/\/rawa-ruska-union-nationale.fr\/index.php\/histoire-memoire-2-rawa-ruska\/\">Localisation de Rawa-Ruska et chronologie<\/a><\/h4>\r\n<h4 style=\"text-align: center;\"><a href=\"https:\/\/rawa-ruska-union-nationale.fr\/index.php\/description-du-camp\/\">Description du camp<\/a><\/h4>\r\n<h4 style=\"text-align: center;\"><a href=\"https:\/\/rawa-ruska-union-nationale.fr\/index.php\/les-prisonniers-de-rawa-ruska\/\">Les prisonniers du 325<\/a><\/h4>\r\n<h4 style=\"text-align: center;\"><a href=\"https:\/\/rawa-ruska-union-nationale.fr\/index.php\/les-medecins-juifs-de-rawa-ruska\/\">Les m\u00e9decins juifs du camp<\/a><\/h4>\r\n<h4 style=\"text-align: center;\"><a href=\"https:\/\/rawa-ruska-union-nationale.fr\/index.php\/la-croix-rouge-et-rawa-ruska\/\">La Croix Rouge et Rawa-Ruska<\/a><\/h4>\r\n<h4 style=\"text-align: center;\"><a href=\"https:\/\/rawa-ruska-union-nationale.fr\/index.php\/resistance-evasions-fin-du-camp\/\">R\u00e9sistance, \u00e9vasions et fin du camp<\/a><\/h4>","protected":false},"excerpt":{"rendered":"<p>L&#8217;historique du camp 325 est ici repris et organis\u00e9 selon quelques th\u00e9matiques. Pourquoi Rawa-Ruska Ukraine et Galicie Localisation de Rawa-Ruska et chronologie Description du camp Les prisonniers du 325 Les m\u00e9decins juifs du camp La Croix Rouge et Rawa-Ruska R\u00e9sistance, \u00e9vasions et fin du camp<\/p>\n","protected":false},"author":1,"featured_media":0,"parent":0,"menu_order":0,"comment_status":"closed","ping_status":"closed","template":"","meta":{"_bbp_topic_count":0,"_bbp_reply_count":0,"_bbp_total_topic_count":0,"_bbp_total_reply_count":0,"_bbp_voice_count":0,"_bbp_anonymous_reply_count":0,"_bbp_topic_count_hidden":0,"_bbp_reply_count_hidden":0,"_bbp_forum_subforum_count":0,"_crdt_document":"","two_page_speed":[],"footnotes":""},"class_list":["post-5270","page","type-page","status-publish","hentry"],"_links":{"self":[{"href":"https:\/\/rawa-ruska-union-nationale.fr\/index.php\/wp-json\/wp\/v2\/pages\/5270","targetHints":{"allow":["GET"]}}],"collection":[{"href":"https:\/\/rawa-ruska-union-nationale.fr\/index.php\/wp-json\/wp\/v2\/pages"}],"about":[{"href":"https:\/\/rawa-ruska-union-nationale.fr\/index.php\/wp-json\/wp\/v2\/types\/page"}],"author":[{"embeddable":true,"href":"https:\/\/rawa-ruska-union-nationale.fr\/index.php\/wp-json\/wp\/v2\/users\/1"}],"replies":[{"embeddable":true,"href":"https:\/\/rawa-ruska-union-nationale.fr\/index.php\/wp-json\/wp\/v2\/comments?post=5270"}],"version-history":[{"count":23,"href":"https:\/\/rawa-ruska-union-nationale.fr\/index.php\/wp-json\/wp\/v2\/pages\/5270\/revisions"}],"predecessor-version":[{"id":5507,"href":"https:\/\/rawa-ruska-union-nationale.fr\/index.php\/wp-json\/wp\/v2\/pages\/5270\/revisions\/5507"}],"wp:attachment":[{"href":"https:\/\/rawa-ruska-union-nationale.fr\/index.php\/wp-json\/wp\/v2\/media?parent=5270"}],"curies":[{"name":"wp","href":"https:\/\/api.w.org\/{rel}","templated":true}]}}