{"id":5353,"date":"2022-04-01T21:51:34","date_gmt":"2022-04-01T19:51:34","guid":{"rendered":"https:\/\/rawa-ruska-union-nationale.fr\/?page_id=5353"},"modified":"2022-10-31T22:16:14","modified_gmt":"2022-10-31T21:16:14","slug":"presidents-nationaux","status":"publish","type":"page","link":"https:\/\/rawa-ruska-union-nationale.fr\/index.php\/presidents-nationaux\/","title":{"rendered":"Pr\u00e9sidents nationaux"},"content":{"rendered":"\n<div class=\"wp-block-buttons is-content-justification-right is-layout-flex wp-container-core-buttons-is-layout-89b4c9e9 wp-block-buttons-is-layout-flex\">\n<div class=\"wp-block-button\"><a class=\"wp-block-button__link has-vivid-purple-background-color has-background wp-element-button\" href=\"https:\/\/rawa-ruska-union-nationale.fr\/index.php\/parcours-danciens\/\">Retour : Parcours d&#8217;Anciens<\/a><\/div>\n<\/div>\n\n\n<p>\u00a0<\/p>\n<p>Depuis la cr\u00e9ation de la F\u00e9d\u00e9ration Nationale en 1945 (f\u00e9d\u00e9ration qui portera diff\u00e9rents noms), cinq Anciens de Rawa-Ruska en ont assur\u00e9 la pr\u00e9sidence :<\/p>\n<p style=\"text-align: center;\"><a href=\"https:\/\/rawa-ruska-union-nationale.fr\/wp-content\/uploads\/2020\/04\/Leguay-Raymond.pdf\">Raymond LEGUAY<\/a> &#8211; Avril 1945-1946 :<br \/>Pr\u00e9sident de l\u2019Amicale du Stalag disciplinaire 325 \u2013 Ceux de Rawa-Ruska.<\/p>\n<p style=\"text-align: center;\"><a href=\"https:\/\/rawa-ruska-union-nationale.fr\/wp-content\/uploads\/2020\/04\/Justin-PRUVOST.pdf\">Justin PRUVOST<\/a> &#8211; 1946-1961 :<br \/>Pr\u00e9sident de l\u2019Amicale du Stalag disciplinaire 325 \u2013 Ceux de Rawa-Ruska.<\/p>\n<p style=\"text-align: center;\"><a href=\"https:\/\/rawa-ruska-union-nationale.fr\/wp-content\/uploads\/2020\/04\/Oscar-LIEVAIN.pdf\">Oscar LIEVAIN<\/a> &#8211; 1961-1965 :<br \/>Pr\u00e9sident de l\u2019Amicale du Stalag disciplinaire 325 \u2013 Ceux de Rawa-Ruska.<\/p>\n<p style=\"text-align: center;\"><a href=\"https:\/\/rawa-ruska-union-nationale.fr\/wp-content\/uploads\/2020\/04\/Albert-GUERLAIN.pdf\">Albert GUERLAIN<\/a> &#8211; 1965-1997 :<br \/>Pr\u00e9sident de l\u2019Union Nationale des militaires d\u00e9port\u00e9s, r\u00e9sistants, extra-m\u00e9tropolitains et familles de disparus.<\/p>\n<p style=\"text-align: center;\">Jean-Marc <a href=\"https:\/\/rawa-ruska-union-nationale.fr\/index.php\/documents-frebour-jean-maurice-marc\/\">FREBOUR<\/a> &#8211; 1997-2008 :<br \/>Pr\u00e9sident de l\u2019Union Nationale des D\u00e9port\u00e9s de Rawa-Ruska et des ayants droit des disparus \u2013 Ceux de Rawa-Ruska \u2013 U.N.D.R.R<\/p>\n<p>A partir de 2008, la pr\u00e9sidence sera assur\u00e9e par des descendants.<br \/>Les biographies des cinq anciens Pr\u00e9sidents ont \u00e9t\u00e9 r\u00e9alis\u00e9es par Herv\u00e9 Arson<\/p>","protected":false},"excerpt":{"rendered":"<p>\u00a0 Depuis la cr\u00e9ation de la F\u00e9d\u00e9ration Nationale en 1945 (f\u00e9d\u00e9ration qui portera diff\u00e9rents noms), cinq Anciens de Rawa-Ruska en ont assur\u00e9 la pr\u00e9sidence : Raymond LEGUAY &#8211; Avril 1945-1946 :Pr\u00e9sident de l\u2019Amicale du Stalag disciplinaire 325 \u2013 Ceux de Rawa-Ruska. Justin PRUVOST &#8211; 1946-1961 :Pr\u00e9sident de l\u2019Amicale du Stalag disciplinaire 325 \u2013 Ceux de &hellip; <\/p>\n<p class=\"link-more\"><a href=\"https:\/\/rawa-ruska-union-nationale.fr\/index.php\/presidents-nationaux\/\" class=\"more-link\">Continuer la lecture<span class=\"screen-reader-text\"> de &laquo;&nbsp;Pr\u00e9sidents nationaux&nbsp;&raquo;<\/span><\/a><\/p>\n","protected":false},"author":1,"featured_media":0,"parent":0,"menu_order":0,"comment_status":"closed","ping_status":"closed","template":"","meta":{"_bbp_topic_count":0,"_bbp_reply_count":0,"_bbp_total_topic_count":0,"_bbp_total_reply_count":0,"_bbp_voice_count":0,"_bbp_anonymous_reply_count":0,"_bbp_topic_count_hidden":0,"_bbp_reply_count_hidden":0,"_bbp_forum_subforum_count":0,"_crdt_document":"","two_page_speed":[],"footnotes":""},"class_list":["post-5353","page","type-page","status-publish","hentry"],"_links":{"self":[{"href":"https:\/\/rawa-ruska-union-nationale.fr\/index.php\/wp-json\/wp\/v2\/pages\/5353","targetHints":{"allow":["GET"]}}],"collection":[{"href":"https:\/\/rawa-ruska-union-nationale.fr\/index.php\/wp-json\/wp\/v2\/pages"}],"about":[{"href":"https:\/\/rawa-ruska-union-nationale.fr\/index.php\/wp-json\/wp\/v2\/types\/page"}],"author":[{"embeddable":true,"href":"https:\/\/rawa-ruska-union-nationale.fr\/index.php\/wp-json\/wp\/v2\/users\/1"}],"replies":[{"embeddable":true,"href":"https:\/\/rawa-ruska-union-nationale.fr\/index.php\/wp-json\/wp\/v2\/comments?post=5353"}],"version-history":[{"count":13,"href":"https:\/\/rawa-ruska-union-nationale.fr\/index.php\/wp-json\/wp\/v2\/pages\/5353\/revisions"}],"predecessor-version":[{"id":6424,"href":"https:\/\/rawa-ruska-union-nationale.fr\/index.php\/wp-json\/wp\/v2\/pages\/5353\/revisions\/6424"}],"wp:attachment":[{"href":"https:\/\/rawa-ruska-union-nationale.fr\/index.php\/wp-json\/wp\/v2\/media?parent=5353"}],"curies":[{"name":"wp","href":"https:\/\/api.w.org\/{rel}","templated":true}]}}