{"id":543,"date":"2019-01-24T18:30:45","date_gmt":"2019-01-24T17:30:45","guid":{"rendered":"http:\/\/rawa-ruska-union-nationale.fr\/?p=543"},"modified":"2024-10-31T15:23:45","modified_gmt":"2024-10-31T14:23:45","slug":"encadrement-doctorant","status":"publish","type":"page","link":"https:\/\/rawa-ruska-union-nationale.fr\/index.php\/encadrement-doctorant\/","title":{"rendered":"Th\u00e8se TEMOS"},"content":{"rendered":"<div class=\"gs\">\r\n<div class=\"\">\r\n<div id=\":r8\" class=\"ii gt adO\">\r\n<div id=\":r5\" class=\"a3s aiL \">\r\n<p><strong><em>Alexandre Millet <\/em><\/strong>a soutenu le 28 septembre 2023 sa th\u00e8se d&#8217;histoire\u00a0\u00a0 :<\/p>\r\n<p style=\"text-align: center;\"><strong>&#8220;Les m\u00e9moires des prisonniers de guerre fran\u00e7ais<br \/><\/strong><strong>du stalag 325 de Rawa Ruska (1945 &#8211; 2010)&#8221;<\/strong><\/p>\r\n<p>Il a obtenu le titre de <strong><em>Docteur en histoire contemporain.<\/em><\/strong><\/p>\r\n<p>Cette th\u00e8se est consultable via le lien : <a href=\"https:\/\/hal.science\/tel-04263350\">https:\/\/hal.science\/tel-04263350<\/a><\/p>\r\n<h2><span style=\"color: #000000;\"><b>\u00c9quipe de recherche<\/b>\u00a0:<\/span><\/h2>\r\n<div>\u00a0<\/div>\r\n<div><span style=\"color: #000000;\"><u>Doctorant<\/u>\u00a0:<i>\u00a0Mr Alexandre MILLET<\/i><\/span><\/div>\r\n<div><span style=\"color: #000000;\"><u>Encadrement<\/u>\u00a0:\u00a0<i>Mr Yves DENECHERE<\/i>, Professeur d\u2019histoire contemporaine Universit\u00e9 d\u2019Angers-CNRS, directeur du laboratoire TEMOS<\/span><\/div>\r\n<div><span style=\"color: #000000;\"><u>Co-encadrement<\/u>\u00a0:<i> Mr Fabien THEOFILAKIS<\/i>, ma\u00eetre de conf\u00e9rence \u00e0 l\u2019Universit\u00e9 Paris 1 Panth\u00e9on-Sorbonne (CNRS 8058), sp\u00e9cialiste de la captivit\u00e9 de guerre.<\/span><\/div>\r\n<div><span style=\"color: #000000;\"><u>Comit\u00e9 de Suivi Individuel<\/u>\u00a0:\u00a0<i>Mr Laurent DOUZOU<\/i>, Professeur d\u2019Histoire Contemporaine \u00e0 Science-Po Lyon (CNRS 5190), sp\u00e9cialiste des liens entre histoire et m\u00e9moire de le seconde guerre mondiale et\u00a0<i>Mr Patrice MARCILLOUX<\/i>, Professeur d\u2019archivistique \u00e0 l\u2019Universit\u00e9 d\u2019Angers (CNRS 2015) et directeur de l\u2019\u00e9cole doctorale STT et qui apporte son expertise sur le traitement m\u00e9thodologique des sources orales et \u00e9go-archives.<\/span><\/div>\r\n<div>\u00a0<\/div>\r\n<h2><span style=\"color: #000000;\"><b>Partenariats et financements :<\/b><\/span><\/h2>\r\n<div>\u00a0<\/div>\r\n<div><span style=\"color: #000000;\">Cette recherche est financ\u00e9e pour la majeure partie par l\u2019Union Nationale (Fonds propres, leg et dons des membres), ainsi que par deux partenariats :<\/span><\/div>\r\n<div><span style=\"color: #000000;\">&#8211; <em>La Fondation Maginot<\/em><\/span><\/div>\r\n<div><span style=\"color: #000000;\">&#8211; <em>La Fondation pour la M\u00e9moire et la D\u00e9portation<\/em><\/span><\/div>\r\n<\/div>\r\n<\/div>\r\n<div id=\":r8\" class=\"ii gt adO\">\r\n<div id=\":r5\" class=\"a3s aiL \">\r\n<div>\u00a0<\/div>\r\n<div>\u00a0<\/div>\r\n<\/div>\r\n<\/div>\r\n<\/div>\r\n<div>\u00a0<\/div>\r\n<div class=\"\">\r\n<div id=\":r8\" class=\"ii gt adO\">\r\n<div id=\":r5\" class=\"a3s aiL \">\r\n<h2><strong>R\u00e9sum\u00e9 de la th\u00e8se<\/strong><\/h2>\r\n<div>Ce dernier est paru dans la revue Envols n\u00b0 304 du 1er semestre 2024.<\/div>\r\n<div>\u00a0<\/div>\r\n<div><\/div>\r\n<div>\r\n<div>\u00a0<\/div>\r\n<div>\u00a0<\/div>\r\n<\/div>\r\n<\/div>\r\n<\/div>\r\n<div class=\"a3I\">\u00a0<\/div>\r\n<div id=\":sr\" class=\"hq gt a10\">\u00a0<\/div>\r\n<\/div>\r\n<\/div>\r\n<hr class=\"wp-block-separator has-alpha-channel-opacity\" \/>","protected":false},"excerpt":{"rendered":"<p>Alexandre Millet a soutenu le 28 septembre 2023 sa th\u00e8se d&#8217;histoire\u00a0\u00a0 : &#8220;Les m\u00e9moires des prisonniers de guerre fran\u00e7aisdu stalag 325 de Rawa Ruska (1945 &#8211; 2010)&#8221; Il a obtenu le titre de Docteur en histoire contemporain. Cette th\u00e8se est consultable via le lien : https:\/\/hal.science\/tel-04263350 \u00c9quipe de recherche\u00a0: \u00a0 Doctorant\u00a0:\u00a0Mr Alexandre MILLET Encadrement\u00a0:\u00a0Mr Yves &hellip; <\/p>\n<p class=\"link-more\"><a href=\"https:\/\/rawa-ruska-union-nationale.fr\/index.php\/encadrement-doctorant\/\" class=\"more-link\">Continuer la lecture<span class=\"screen-reader-text\"> de &laquo;&nbsp;Th\u00e8se TEMOS&nbsp;&raquo;<\/span><\/a><\/p>\n","protected":false},"author":1,"featured_media":0,"parent":0,"menu_order":1,"comment_status":"closed","ping_status":"closed","template":"","meta":{"_bbp_topic_count":0,"_bbp_reply_count":0,"_bbp_total_topic_count":0,"_bbp_total_reply_count":0,"_bbp_voice_count":0,"_bbp_anonymous_reply_count":0,"_bbp_topic_count_hidden":0,"_bbp_reply_count_hidden":0,"_bbp_forum_subforum_count":0,"_crdt_document":"","two_page_speed":[],"footnotes":""},"class_list":["post-543","page","type-page","status-publish","hentry"],"_links":{"self":[{"href":"https:\/\/rawa-ruska-union-nationale.fr\/index.php\/wp-json\/wp\/v2\/pages\/543","targetHints":{"allow":["GET"]}}],"collection":[{"href":"https:\/\/rawa-ruska-union-nationale.fr\/index.php\/wp-json\/wp\/v2\/pages"}],"about":[{"href":"https:\/\/rawa-ruska-union-nationale.fr\/index.php\/wp-json\/wp\/v2\/types\/page"}],"author":[{"embeddable":true,"href":"https:\/\/rawa-ruska-union-nationale.fr\/index.php\/wp-json\/wp\/v2\/users\/1"}],"replies":[{"embeddable":true,"href":"https:\/\/rawa-ruska-union-nationale.fr\/index.php\/wp-json\/wp\/v2\/comments?post=543"}],"version-history":[{"count":38,"href":"https:\/\/rawa-ruska-union-nationale.fr\/index.php\/wp-json\/wp\/v2\/pages\/543\/revisions"}],"predecessor-version":[{"id":9044,"href":"https:\/\/rawa-ruska-union-nationale.fr\/index.php\/wp-json\/wp\/v2\/pages\/543\/revisions\/9044"}],"wp:attachment":[{"href":"https:\/\/rawa-ruska-union-nationale.fr\/index.php\/wp-json\/wp\/v2\/media?parent=543"}],"curies":[{"name":"wp","href":"https:\/\/api.w.org\/{rel}","templated":true}]}}