{"id":553,"date":"2019-01-24T22:14:45","date_gmt":"2019-01-24T21:14:45","guid":{"rendered":"http:\/\/rawa-ruska-union-nationale.fr\/?page_id=553"},"modified":"2023-11-08T21:46:35","modified_gmt":"2023-11-08T20:46:35","slug":"statuts","status":"publish","type":"page","link":"https:\/\/rawa-ruska-union-nationale.fr\/index.php\/statuts\/","title":{"rendered":"Statuts et r\u00e8glement int\u00e9rieur"},"content":{"rendered":"<p style=\"text-align: center;\"><strong>Statuts de l&#8217;Union Nationale<\/strong><br \/>\napprouv\u00e9s par l&#8217;assembl\u00e9e g\u00e9n\u00e9rale extraordinaire du 30 juin 2022<\/p>\n<p style=\"text-align: center;\">avec, en vis \u00e0 vis,<\/p>\n<p style=\"text-align: center;\"><strong>R\u00e8glement int\u00e9rieur de l&#8217;Union Nationale<\/strong><br \/>\nvot\u00e9 par le conseil national le 30 juin 2023<\/p>\n<p>&nbsp;<\/p>\n\n<p style=\"text-align: right;\">\n","protected":false},"excerpt":{"rendered":"<p>Statuts de l&#8217;Union Nationale approuv\u00e9s par l&#8217;assembl\u00e9e g\u00e9n\u00e9rale extraordinaire du 30 juin 2022 avec, en vis \u00e0 vis, R\u00e8glement int\u00e9rieur de l&#8217;Union Nationale vot\u00e9 par le conseil national le 30 juin 2023 &nbsp;<\/p>\n","protected":false},"author":1,"featured_media":0,"parent":0,"menu_order":58,"comment_status":"closed","ping_status":"closed","template":"","meta":{"_bbp_topic_count":0,"_bbp_reply_count":0,"_bbp_total_topic_count":0,"_bbp_total_reply_count":0,"_bbp_voice_count":0,"_bbp_anonymous_reply_count":0,"_bbp_topic_count_hidden":0,"_bbp_reply_count_hidden":0,"_bbp_forum_subforum_count":0,"_crdt_document":"","two_page_speed":[],"footnotes":""},"class_list":["post-553","page","type-page","status-publish","hentry"],"_links":{"self":[{"href":"https:\/\/rawa-ruska-union-nationale.fr\/index.php\/wp-json\/wp\/v2\/pages\/553","targetHints":{"allow":["GET"]}}],"collection":[{"href":"https:\/\/rawa-ruska-union-nationale.fr\/index.php\/wp-json\/wp\/v2\/pages"}],"about":[{"href":"https:\/\/rawa-ruska-union-nationale.fr\/index.php\/wp-json\/wp\/v2\/types\/page"}],"author":[{"embeddable":true,"href":"https:\/\/rawa-ruska-union-nationale.fr\/index.php\/wp-json\/wp\/v2\/users\/1"}],"replies":[{"embeddable":true,"href":"https:\/\/rawa-ruska-union-nationale.fr\/index.php\/wp-json\/wp\/v2\/comments?post=553"}],"version-history":[{"count":13,"href":"https:\/\/rawa-ruska-union-nationale.fr\/index.php\/wp-json\/wp\/v2\/pages\/553\/revisions"}],"predecessor-version":[{"id":7854,"href":"https:\/\/rawa-ruska-union-nationale.fr\/index.php\/wp-json\/wp\/v2\/pages\/553\/revisions\/7854"}],"wp:attachment":[{"href":"https:\/\/rawa-ruska-union-nationale.fr\/index.php\/wp-json\/wp\/v2\/media?parent=553"}],"curies":[{"name":"wp","href":"https:\/\/api.w.org\/{rel}","templated":true}]}}