{"id":5545,"date":"2022-04-24T19:23:00","date_gmt":"2022-04-24T17:23:00","guid":{"rendered":"https:\/\/rawa-ruska-union-nationale.fr\/?p=5545"},"modified":"2025-12-31T18:08:24","modified_gmt":"2025-12-31T17:08:24","slug":"tarn-tarn-et-garonne-haute-garonne","status":"publish","type":"page","link":"https:\/\/rawa-ruska-union-nationale.fr\/index.php\/tarn-tarn-et-garonne-haute-garonne\/","title":{"rendered":"Tarn, Tarn-et-Garonne, Haute Garonne"},"content":{"rendered":"<h3 style=\"text-align: center;\">C\u00e9l\u00e9bration du 80e anniversaire du premier convoi<\/h3>\n<p><em>Extrait de la D\u00e9p\u00eache du Midi : <\/em><\/p>\n\n","protected":false},"excerpt":{"rendered":"<p>C\u00e9l\u00e9bration du 80e anniversaire du premier convoi Extrait de la D\u00e9p\u00eache du Midi :<\/p>\n","protected":false},"author":1,"featured_media":0,"parent":0,"menu_order":0,"comment_status":"closed","ping_status":"open","template":"","meta":{"_bbp_topic_count":0,"_bbp_reply_count":0,"_bbp_total_topic_count":0,"_bbp_total_reply_count":0,"_bbp_voice_count":0,"_bbp_anonymous_reply_count":0,"_bbp_topic_count_hidden":0,"_bbp_reply_count_hidden":0,"_bbp_forum_subforum_count":0,"_crdt_document":"","two_page_speed":[],"footnotes":""},"class_list":["post-5545","page","type-page","status-publish","hentry"],"_links":{"self":[{"href":"https:\/\/rawa-ruska-union-nationale.fr\/index.php\/wp-json\/wp\/v2\/pages\/5545","targetHints":{"allow":["GET"]}}],"collection":[{"href":"https:\/\/rawa-ruska-union-nationale.fr\/index.php\/wp-json\/wp\/v2\/pages"}],"about":[{"href":"https:\/\/rawa-ruska-union-nationale.fr\/index.php\/wp-json\/wp\/v2\/types\/page"}],"author":[{"embeddable":true,"href":"https:\/\/rawa-ruska-union-nationale.fr\/index.php\/wp-json\/wp\/v2\/users\/1"}],"replies":[{"embeddable":true,"href":"https:\/\/rawa-ruska-union-nationale.fr\/index.php\/wp-json\/wp\/v2\/comments?post=5545"}],"version-history":[{"count":1,"href":"https:\/\/rawa-ruska-union-nationale.fr\/index.php\/wp-json\/wp\/v2\/pages\/5545\/revisions"}],"predecessor-version":[{"id":5547,"href":"https:\/\/rawa-ruska-union-nationale.fr\/index.php\/wp-json\/wp\/v2\/pages\/5545\/revisions\/5547"}],"wp:attachment":[{"href":"https:\/\/rawa-ruska-union-nationale.fr\/index.php\/wp-json\/wp\/v2\/media?parent=5545"}],"curies":[{"name":"wp","href":"https:\/\/api.w.org\/{rel}","templated":true}]}}