{"id":5704,"date":"2022-05-04T21:54:39","date_gmt":"2022-05-04T19:54:39","guid":{"rendered":"https:\/\/rawa-ruska-union-nationale.fr\/?p=5704"},"modified":"2023-01-16T21:27:05","modified_gmt":"2023-01-16T20:27:05","slug":"attestation-etat-sante-caillavet","status":"publish","type":"page","link":"https:\/\/rawa-ruska-union-nationale.fr\/index.php\/attestation-etat-sante-caillavet\/","title":{"rendered":"Attestation, \u00e9tat sant\u00e9 Caillavet"},"content":{"rendered":"<h3>T\u00e9moignage de sa d\u00e9tention<\/h3>\n\n<h3>Etat de sant\u00e9<\/h3>\n\n\n\n","protected":false},"excerpt":{"rendered":"<p>T\u00e9moignage de sa d\u00e9tention Etat de sant\u00e9<\/p>\n","protected":false},"author":1,"featured_media":0,"parent":0,"menu_order":0,"comment_status":"open","ping_status":"open","template":"","meta":{"_bbp_topic_count":0,"_bbp_reply_count":0,"_bbp_total_topic_count":0,"_bbp_total_reply_count":0,"_bbp_voice_count":0,"_bbp_anonymous_reply_count":0,"_bbp_topic_count_hidden":0,"_bbp_reply_count_hidden":0,"_bbp_forum_subforum_count":0,"_crdt_document":"","two_page_speed":[],"footnotes":""},"class_list":["post-5704","page","type-page","status-publish","hentry"],"_links":{"self":[{"href":"https:\/\/rawa-ruska-union-nationale.fr\/index.php\/wp-json\/wp\/v2\/pages\/5704","targetHints":{"allow":["GET"]}}],"collection":[{"href":"https:\/\/rawa-ruska-union-nationale.fr\/index.php\/wp-json\/wp\/v2\/pages"}],"about":[{"href":"https:\/\/rawa-ruska-union-nationale.fr\/index.php\/wp-json\/wp\/v2\/types\/page"}],"author":[{"embeddable":true,"href":"https:\/\/rawa-ruska-union-nationale.fr\/index.php\/wp-json\/wp\/v2\/users\/1"}],"replies":[{"embeddable":true,"href":"https:\/\/rawa-ruska-union-nationale.fr\/index.php\/wp-json\/wp\/v2\/comments?post=5704"}],"version-history":[{"count":2,"href":"https:\/\/rawa-ruska-union-nationale.fr\/index.php\/wp-json\/wp\/v2\/pages\/5704\/revisions"}],"predecessor-version":[{"id":5707,"href":"https:\/\/rawa-ruska-union-nationale.fr\/index.php\/wp-json\/wp\/v2\/pages\/5704\/revisions\/5707"}],"wp:attachment":[{"href":"https:\/\/rawa-ruska-union-nationale.fr\/index.php\/wp-json\/wp\/v2\/media?parent=5704"}],"curies":[{"name":"wp","href":"https:\/\/api.w.org\/{rel}","templated":true}]}}