{"id":5731,"date":"2022-05-07T19:11:45","date_gmt":"2022-05-07T17:11:45","guid":{"rendered":"https:\/\/rawa-ruska-union-nationale.fr\/?page_id=5731"},"modified":"2025-02-06T22:24:23","modified_gmt":"2025-02-06T21:24:23","slug":"parcours-danciens","status":"publish","type":"page","link":"https:\/\/rawa-ruska-union-nationale.fr\/index.php\/parcours-danciens\/","title":{"rendered":"Parcours d&#8217;Anciens"},"content":{"rendered":"<p>Des biographies d&#8217;Anciens sont ici pr\u00e9sent\u00e9es. Elles ont en commun de s&#8217;appuyer avant tout sur des donn\u00e9es trouv\u00e9es dans les archives militaires. Certaines sont enrichies d&#8217;autres documents qui concr\u00e9tisent les donn\u00e9es factuelles.<\/p>\n<p>Vu le nombre de PG pass\u00e9s par le stalag 325,\u00a0 notre travail de recherche s&#8217;est organis\u00e9 autour de quelques th\u00e9matiques permettant de mener une r\u00e9flexion sur :<br \/>&#8211; les principaux pr\u00e9sidents ayant men\u00e9s les associations &#8220;Ceux de Rawa-Ruska&#8221;,<br \/>&#8211; les \u00e9vasions et les actes de r\u00e9sistance men\u00e9s pour les intern\u00e9s dans les camps et les sous-camps,<br \/>&#8211; les hommes de confiance,<br \/>&#8211; les rapatri\u00e9s sanitaires,<br \/>&#8211; et tous les anciens de Rawa d\u00e9c\u00e9d\u00e9s<\/p>\n<p>&nbsp;<\/p>\n\n\n<div class=\"wp-block-cover is-light\" style=\"min-height:150px;aspect-ratio:unset;\"><img loading=\"lazy\" decoding=\"async\" width=\"999\" height=\"260\" class=\"wp-block-cover__image-background wp-image-190\" alt=\"\" src=\"https:\/\/rawa-ruska-union-nationale.fr\/wp-content\/uploads\/2019\/01\/logo_rawa.jpg\" style=\"object-position:50% 48%\" data-object-fit=\"cover\" data-object-position=\"50% 48%\" srcset=\"https:\/\/rawa-ruska-union-nationale.fr\/wp-content\/uploads\/2019\/01\/logo_rawa.jpg 999w, https:\/\/rawa-ruska-union-nationale.fr\/wp-content\/uploads\/2019\/01\/logo_rawa-300x78.jpg 300w, https:\/\/rawa-ruska-union-nationale.fr\/wp-content\/uploads\/2019\/01\/logo_rawa-768x200.jpg 768w\" sizes=\"auto, (max-width: 767px) 89vw, (max-width: 1000px) 54vw, (max-width: 1071px) 543px, 580px\" \/><span aria-hidden=\"true\" class=\"wp-block-cover__background has-background-dim-10 has-background-dim\"><\/span><div class=\"wp-block-cover__inner-container is-layout-flow wp-block-cover-is-layout-flow\">\n<p class=\"has-text-align-center has-vivid-cyan-blue-color has-text-color wp-block-paragraph\" style=\"font-size:30px\"><a href=\"https:\/\/rawa-ruska-union-nationale.fr\/index.php\/presidents-nationaux\/\"><em><strong><mark class=\"has-inline-color has-black-color\" style=\"background-color: rgba(0, 0, 0, 0);\">Pr\u00e9sidents n<\/mark><\/strong><\/em><\/a><em><strong><a href=\"https:\/\/rawa-ruska-union-nationale.fr\/index.php\/presidents-nationaux\/\"><mark class=\"has-inline-color has-black-color\" style=\"background-color: rgba(0, 0, 0, 0);\">ationaux<\/mark><\/a><\/strong><\/em><\/p>\n<\/div><\/div>\n\n\n\n<p class=\"wp-block-paragraph\">&nbsp;<\/p>\n\n\n\n<div class=\"wp-block-cover is-light\" style=\"min-height:150px;aspect-ratio:unset;\"><img loading=\"lazy\" decoding=\"async\" width=\"500\" height=\"207\" class=\"wp-block-cover__image-background wp-image-164\" alt=\"\" src=\"https:\/\/rawa-ruska-union-nationale.fr\/wp-content\/uploads\/2018\/12\/evasion.gif\" style=\"object-position:49% 49%\" data-object-fit=\"cover\" data-object-position=\"49% 49%\"\/><span aria-hidden=\"true\" class=\"wp-block-cover__background has-background-dim-10 has-background-dim\"><\/span><div class=\"wp-block-cover__inner-container is-layout-flow wp-block-cover-is-layout-flow\">\n<p class=\"has-text-align-center has-vivid-purple-color has-text-color wp-block-paragraph\" style=\"font-size:30px\"><strong><em><a href=\"https:\/\/rawa-ruska-union-nationale.fr\/index.php\/resistance-et-evasions\/\">\u00c9vasions et r\u00e9sistance<\/a><\/em><\/strong><\/p>\n<\/div><\/div>\n\n\n\n<p class=\"wp-block-paragraph\">&nbsp;<\/p>\n\n\n\n<div class=\"wp-block-cover is-light\" style=\"min-height:150px;aspect-ratio:unset;\"><img loading=\"lazy\" decoding=\"async\" width=\"2560\" height=\"1707\" class=\"wp-block-cover__image-background wp-image-5733\" alt=\"\" src=\"https:\/\/rawa-ruska-union-nationale.fr\/wp-content\/uploads\/2022\/05\/2019-1108-Pere-Lachaise-RR-Paris-dm-164-scaled.jpg\" style=\"object-position:23% 21%\" data-object-fit=\"cover\" data-object-position=\"23% 21%\" srcset=\"https:\/\/rawa-ruska-union-nationale.fr\/wp-content\/uploads\/2022\/05\/2019-1108-Pere-Lachaise-RR-Paris-dm-164-scaled.jpg 2560w, https:\/\/rawa-ruska-union-nationale.fr\/wp-content\/uploads\/2022\/05\/2019-1108-Pere-Lachaise-RR-Paris-dm-164-300x200.jpg 300w, https:\/\/rawa-ruska-union-nationale.fr\/wp-content\/uploads\/2022\/05\/2019-1108-Pere-Lachaise-RR-Paris-dm-164-1024x683.jpg 1024w, https:\/\/rawa-ruska-union-nationale.fr\/wp-content\/uploads\/2022\/05\/2019-1108-Pere-Lachaise-RR-Paris-dm-164-768x512.jpg 768w, https:\/\/rawa-ruska-union-nationale.fr\/wp-content\/uploads\/2022\/05\/2019-1108-Pere-Lachaise-RR-Paris-dm-164-1536x1024.jpg 1536w, https:\/\/rawa-ruska-union-nationale.fr\/wp-content\/uploads\/2022\/05\/2019-1108-Pere-Lachaise-RR-Paris-dm-164-2048x1365.jpg 2048w\" sizes=\"auto, (max-width: 767px) 89vw, (max-width: 1000px) 54vw, (max-width: 1071px) 543px, 580px\" \/><span aria-hidden=\"true\" class=\"wp-block-cover__background has-background-dim-0 has-background-dim\"><\/span><div class=\"wp-block-cover__inner-container is-layout-flow wp-block-cover-is-layout-flow\">\n<p class=\"has-text-align-center has-vivid-purple-color has-text-color wp-block-paragraph\" style=\"font-size:30px\"><strong><em><a href=\"https:\/\/rawa-ruska-union-nationale.fr\/index.php\/hommes-de-confiance\/\">Hommes de confiance<\/a><\/em><\/strong><\/p>\n<\/div><\/div>\n\n\n\n<p class=\"wp-block-paragraph\">&nbsp;<\/p>\n\n\n\n<div class=\"wp-block-cover is-light\" style=\"min-height:150px;aspect-ratio:unset;\"><img loading=\"lazy\" decoding=\"async\" width=\"2000\" height=\"1201\" class=\"wp-block-cover__image-background wp-image-5466\" alt=\"\" src=\"https:\/\/rawa-ruska-union-nationale.fr\/wp-content\/uploads\/2018\/12\/cropped-convoi.jpg\" style=\"object-position:38% 67%\" data-object-fit=\"cover\" data-object-position=\"38% 67%\" srcset=\"https:\/\/rawa-ruska-union-nationale.fr\/wp-content\/uploads\/2018\/12\/cropped-convoi.jpg 2000w, https:\/\/rawa-ruska-union-nationale.fr\/wp-content\/uploads\/2018\/12\/cropped-convoi-300x180.jpg 300w, https:\/\/rawa-ruska-union-nationale.fr\/wp-content\/uploads\/2018\/12\/cropped-convoi-1024x615.jpg 1024w, https:\/\/rawa-ruska-union-nationale.fr\/wp-content\/uploads\/2018\/12\/cropped-convoi-768x461.jpg 768w, https:\/\/rawa-ruska-union-nationale.fr\/wp-content\/uploads\/2018\/12\/cropped-convoi-1536x922.jpg 1536w\" sizes=\"auto, (max-width: 767px) 89vw, (max-width: 1000px) 54vw, (max-width: 1071px) 543px, 580px\" \/><span aria-hidden=\"true\" class=\"wp-block-cover__background has-background-dim-0 has-background-dim\"><\/span><div class=\"wp-block-cover__inner-container is-layout-flow wp-block-cover-is-layout-flow\">\n<p class=\"has-text-align-center has-vivid-purple-color has-text-color wp-block-paragraph\" style=\"font-size:30px\"><em><a href=\"https:\/\/rawa-ruska-union-nationale.fr\/index.php\/rapatries-sanitaires\/\"><strong><mark class=\"has-inline-color has-black-color\" style=\"background-color: rgba(0, 0, 0, 0);\">Rapatri\u00e9s sanitaire<\/mark><\/strong><\/a><\/em><strong><em><a href=\"https:\/\/rawa-ruska-union-nationale.fr\/index.php\/rapatries-sanitaires\/\"><mark class=\"has-inline-color has-black-color\" style=\"background-color: rgba(0, 0, 0, 0);\">s<\/mark><\/a><\/em><\/strong><\/p>\n<\/div><\/div>\n\n\n\n<p class=\"wp-block-paragraph\">&nbsp;<\/p>\n\n\n\n<div class=\"wp-block-buttons is-content-justification-center is-layout-flex wp-container-core-buttons-is-layout-fe48e5de wp-block-buttons-is-layout-flex\"><\/div>\n\n\n\n<div class=\"wp-block-cover is-light\" style=\"min-height:143px;aspect-ratio:unset;\"><img loading=\"lazy\" decoding=\"async\" width=\"180\" height=\"136\" class=\"wp-block-cover__image-background wp-image-6464\" alt=\"\" src=\"https:\/\/rawa-ruska-union-nationale.fr\/wp-content\/uploads\/2022\/11\/envols_decoupe5.png\" style=\"object-position:77% 98%\" data-object-fit=\"cover\" data-object-position=\"77% 98%\"\/><span aria-hidden=\"true\" class=\"wp-block-cover__background has-background-dim-10 has-background-dim\"><\/span><div class=\"wp-block-cover__inner-container is-layout-flow wp-block-cover-is-layout-flow\">\n<p class=\"has-text-align-center has-large-font-size wp-block-paragraph\"><strong><em><a href=\"https:\/\/rawa-ruska-union-nationale.fr\/index.php\/essai-import-nos-anciens\/\">Nos &#8220;Anciens&#8221;<\/a><\/em><\/strong><\/p>\n<\/div><\/div>\n\n\n<p><!-- \/wp:post-content --><\/p>\n<p><!-- wp:paragraph {\"align\":\"center\"} --><\/p>\n<p class=\"has-text-align-center\">\n<p><!-- \/wp:paragraph --><\/p>","protected":false},"excerpt":{"rendered":"<p>Des biographies d&#8217;Anciens sont ici pr\u00e9sent\u00e9es. Elles ont en commun de s&#8217;appuyer avant tout sur des donn\u00e9es trouv\u00e9es dans les archives militaires. Certaines sont enrichies d&#8217;autres documents qui concr\u00e9tisent les donn\u00e9es factuelles. Vu le nombre de PG pass\u00e9s par le stalag 325,\u00a0 notre travail de recherche s&#8217;est organis\u00e9 autour de quelques th\u00e9matiques permettant de mener &hellip; <\/p>\n<p class=\"link-more\"><a href=\"https:\/\/rawa-ruska-union-nationale.fr\/index.php\/parcours-danciens\/\" class=\"more-link\">Continuer la lecture<span class=\"screen-reader-text\"> de &laquo;&nbsp;Parcours d&#8217;Anciens&nbsp;&raquo;<\/span><\/a><\/p>\n","protected":false},"author":1,"featured_media":0,"parent":0,"menu_order":0,"comment_status":"closed","ping_status":"closed","template":"","meta":{"_bbp_topic_count":0,"_bbp_reply_count":0,"_bbp_total_topic_count":0,"_bbp_total_reply_count":0,"_bbp_voice_count":0,"_bbp_anonymous_reply_count":0,"_bbp_topic_count_hidden":0,"_bbp_reply_count_hidden":0,"_bbp_forum_subforum_count":0,"_crdt_document":"","two_page_speed":[],"footnotes":""},"class_list":["post-5731","page","type-page","status-publish","hentry"],"_links":{"self":[{"href":"https:\/\/rawa-ruska-union-nationale.fr\/index.php\/wp-json\/wp\/v2\/pages\/5731","targetHints":{"allow":["GET"]}}],"collection":[{"href":"https:\/\/rawa-ruska-union-nationale.fr\/index.php\/wp-json\/wp\/v2\/pages"}],"about":[{"href":"https:\/\/rawa-ruska-union-nationale.fr\/index.php\/wp-json\/wp\/v2\/types\/page"}],"author":[{"embeddable":true,"href":"https:\/\/rawa-ruska-union-nationale.fr\/index.php\/wp-json\/wp\/v2\/users\/1"}],"replies":[{"embeddable":true,"href":"https:\/\/rawa-ruska-union-nationale.fr\/index.php\/wp-json\/wp\/v2\/comments?post=5731"}],"version-history":[{"count":63,"href":"https:\/\/rawa-ruska-union-nationale.fr\/index.php\/wp-json\/wp\/v2\/pages\/5731\/revisions"}],"predecessor-version":[{"id":9270,"href":"https:\/\/rawa-ruska-union-nationale.fr\/index.php\/wp-json\/wp\/v2\/pages\/5731\/revisions\/9270"}],"wp:attachment":[{"href":"https:\/\/rawa-ruska-union-nationale.fr\/index.php\/wp-json\/wp\/v2\/media?parent=5731"}],"curies":[{"name":"wp","href":"https:\/\/api.w.org\/{rel}","templated":true}]}}