{"id":5771,"date":"2022-05-07T12:51:37","date_gmt":"2022-05-07T10:51:37","guid":{"rendered":"https:\/\/rawa-ruska-union-nationale.fr\/?page_id=5771"},"modified":"2025-02-05T18:16:41","modified_gmt":"2025-02-05T17:16:41","slug":"rapatries-sanitaires","status":"publish","type":"page","link":"https:\/\/rawa-ruska-union-nationale.fr\/index.php\/rapatries-sanitaires\/","title":{"rendered":"Rapatri\u00e9s sanitaires"},"content":{"rendered":"<h3 style=\"text-align: center;\"><em>PG pass\u00e9s au 325 et rapatri\u00e9s sanitaires<br \/><\/em><\/h3>\r\n\r\n<div class=\"wp-block-buttons is-content-justification-right is-layout-flex wp-container-core-buttons-is-layout-89b4c9e9 wp-block-buttons-is-layout-flex\">\r\n<div class=\"wp-block-button\"><a class=\"wp-block-button__link has-white-color has-vivid-purple-background-color has-text-color has-background\" href=\"https:\/\/rawa-ruska-union-nationale.fr\/index.php\/parcours-danciens\/\">Retour : Parcours d&#8217;Anciens<\/a><\/div>\r\n<\/div>\r\n\r\n\r\n\r\n<p class=\"wp-block-paragraph\">&nbsp;<\/p>\r\n\r\n\r\n\n<table id=\"tablepress-18\" class=\"tablepress tablepress-id-18\">\n<thead>\n<tr class=\"row-1\">\n\t<th class=\"column-1\">Nom<\/th><th class=\"column-2\">Pr\u00e9nom<\/th><th class=\"column-3\">Date de naissance<\/th><th class=\"column-4\">Lieu de naissance<\/th><th class=\"column-5\">Donn\u00e9es de rapatriement<\/th><th class=\"column-6\">Autres  ressources<\/th>\n<\/tr>\n<\/thead>\n<tbody class=\"row-striping row-hover\">\n<tr class=\"row-2\">\n\t<td class=\"column-1\"><a href=\"https:\/\/rawa-ruska-union-nationale.fr\/wp-content\/uploads\/2024\/09\/Allabert-Paul.pdf\"><em>ALLABERT<\/em><\/a><\/td><td class=\"column-2\">Paul<\/td><td class=\"column-3\">04\/05\/1918<\/td><td class=\"column-4\">Villelongue d'Aude (Aude)<\/td><td class=\"column-5\">Rawa par le premier convoi (13\/04\/1942),puis transf\u00e9r\u00e9 le 07\/12\/42 au Stalag 369<\/td><td class=\"column-6\"><\/td>\n<\/tr>\n<tr class=\"row-3\">\n\t<td class=\"column-1\"><a href=\"https:\/\/rawa-ruska-union-nationale.fr\/wp-content\/uploads\/2020\/04\/Augustin-Henri.pdf\"><em>AUGUSTIN<\/em><\/a><\/td><td class=\"column-2\">Henri<\/td><td class=\"column-3\">21\/08\/09<\/td><td class=\"column-4\">Sall\u00e8les d'Aude<\/td><td class=\"column-5\">11\/03\/43 polyarthrite IR<\/td><td class=\"column-6\"><\/td>\n<\/tr>\n<tr class=\"row-4\">\n\t<td class=\"column-1\"><a href=\"https:\/\/rawa-ruska-union-nationale.fr\/wp-content\/uploads\/2025\/02\/Aurengo-Andre.pdf\"><em>AURENGO<\/em><\/a><\/td><td class=\"column-2\">Andr\u00e9 Alexandre Gustave Marie <\/td><td class=\"column-3\">30\/11\/1912<\/td><td class=\"column-4\">P\u00e9lissanne (Bouches du Rh\u00f4ne)<\/td><td class=\"column-5\">Arriv\u00e9 \u00e0 RR le 30\/04\/42 comme m\u00e9decin au Kommando de Fliegerhorst \u00e0 Lemberg, rapatri\u00e9 entre le 1 et le 15\/10\/43,<br \/>\nControverse \u00e0 ce sujet<\/td><td class=\"column-6\"><a href=\"https:\/\/rawa-ruska-union-nationale.fr\/index.php\/documents-aurengo\/\"><em>Lire +<\/em><\/a><\/td>\n<\/tr>\n<tr class=\"row-5\">\n\t<td class=\"column-1\"><a href=\"https:\/\/rawa-ruska-union-nationale.fr\/wp-content\/uploads\/2023\/11\/Barthet-Louis.pdf\"><em>BARTHET<\/em><\/a><\/td><td class=\"column-2\">Louis Jacques Andr\u00e9<\/td><td class=\"column-3\">25\/03\/1918<\/td><td class=\"column-4\">Paris, 10\u00e8me<\/td><td class=\"column-5\">16\/04\/43 par le Centre de Compi\u00e8gne<br \/>\nIR<\/td><td class=\"column-6\"><a href=\"https:\/\/rawa-ruska-union-nationale.fr\/wp-content\/uploads\/2023\/11\/Barthet-attestations.pdf\"><em>T\u00e9moins<\/em><\/a><\/td>\n<\/tr>\n<tr class=\"row-6\">\n\t<td class=\"column-1\"><a href=\"https:\/\/rawa-ruska-union-nationale.fr\/wp-content\/uploads\/2024\/09\/Bascou-Etienne.pdf\"><em>BASCOUX<\/em><\/a><\/td><td class=\"column-2\">\u00c9tienne Pierre Jean <\/td><td class=\"column-3\">06\/03\/1913<\/td><td class=\"column-4\">Bouisse (Aude)<\/td><td class=\"column-5\">Rawa-Ruska le 10 juin 1942, malade il est transf\u00e9r\u00e9 \u00e0 Kobierzyn, puis \u00e0 Lemberg, puis rapatri\u00e9 sanitaire le 11\/03\/1943<br \/>\nIR pour la p\u00e9riode du 10\/06 au 30\/08\/42<\/td><td class=\"column-6\"><a href=\"https:\/\/rawa-ruska-union-nationale.fr\/wp-content\/uploads\/2024\/09\/Bascou-attestations.pdf\"><em>T\u00e9moins<\/em><\/a><\/td>\n<\/tr>\n<tr class=\"row-7\">\n\t<td class=\"column-1\"><a href=\"https:\/\/rawa-ruska-union-nationale.fr\/wp-content\/uploads\/2026\/02\/Blot-Lucien.pdf\"><em>BLOT<\/em><\/a><\/td><td class=\"column-2\">Lucien, Robert<\/td><td class=\"column-3\">24\/08\/1918<\/td><td class=\"column-4\">Elbeuf (Seine-inf\u00e9rieure)<\/td><td class=\"column-5\">Revenu de Rawa le 24\/12\/1942 pour le stalag III A<br \/>\nStalag VI D puis BAB 25<br \/>\nRapatri\u00e9 entrre le 01\/06\/ et le 31\/10\/1944 par le Centre de Bourg-en-Bresse<br \/>\nnon IR<\/td><td class=\"column-6\"><\/td>\n<\/tr>\n<tr class=\"row-8\">\n\t<td class=\"column-1\"><a href=\"https:\/\/rawa-ruska-union-nationale.fr\/wp-content\/uploads\/2023\/03\/Bultey-Pierre.pdf\"><em>BULTEY<\/em><\/a><\/td><td class=\"column-2\">Pierre Eug\u00e8ne<\/td><td class=\"column-3\">17\/10\/10<\/td><td class=\"column-4\">Rouen (Seine inf\u00e9rieure > Seine maritime)<br \/>\nArriv\u00e9 au 325 le 07\/09\/1942<br \/>\npuis 369 et ensuite Autriche<br \/>\n<\/td><td class=\"column-5\">Rapatri\u00e9 sanitaire au 13\/03\/1945<br \/>\nIR<\/td><td class=\"column-6\"><\/td>\n<\/tr>\n<tr class=\"row-9\">\n\t<td class=\"column-1\"><a href=\"https:\/\/rawa-ruska-union-nationale.fr\/wp-content\/uploads\/2023\/11\/Delamotte-Yves.pdf\"><em>DELAMOTTE<\/em><\/a><\/td><td class=\"column-2\">Yves Louis Eug\u00e8ne<\/td><td class=\"column-3\">01\/04\/1913<\/td><td class=\"column-4\">Faverney Haute-Sa\u00f4ne, (arrond. de Vesoul)<\/td><td class=\"column-5\">Rawa, <br \/>\nZwierzyniec<br \/>\nRapatri\u00e9 le 14\/12\/1943<br \/>\nvia Chalon-sur-Sa\u00f4ne (23\/12\/43)<\/td><td class=\"column-6\"><a href=\"https:\/\/rawa-ruska-union-nationale.fr\/wp-content\/uploads\/2023\/11\/Delamotte-attestations-1.pdf\"><em>T\u00e9moins<\/em><\/a><\/td>\n<\/tr>\n<tr class=\"row-10\">\n\t<td class=\"column-1\"><a href=\"https:\/\/rawa-ruska-union-nationale.fr\/wp-content\/uploads\/2023\/08\/Gaboury-Francis-.pdf\"><em>GABOURY<\/em><\/a><\/td><td class=\"column-2\">Francis Ferdinand Jean<\/td><td class=\"column-3\">18\/07\/1914<\/td><td class=\"column-4\">Bais (Ille-et-Vilaine) dans l'arrondissement de Rennes<\/td><td class=\"column-5\">Rawa, Stryj, Lemberg<br \/>\nRapatriement sanitaire le 08\/09\/1943 par train sanitaire (h\u00f4pital de Villemin de Nancy).<\/td><td class=\"column-6\"><a href=\"https:\/\/rawa-ruska-union-nationale.fr\/index.php\/documents-gaboury\/\"><em>Lire +<\/em><\/a><\/td>\n<\/tr>\n<tr class=\"row-11\">\n\t<td class=\"column-1\"><a href=\"https:\/\/rawa-ruska-union-nationale.fr\/wp-content\/uploads\/2024\/04\/Harguindeguy-Etienne.pdf\"><em>HAGUIDEGUY<\/em><\/a><\/td><td class=\"column-2\">Etienne<\/td><td class=\"column-3\">19\/07\/1912<\/td><td class=\"column-4\">Briscous (Basses Pyr\u00e9n\u00e9es > Pyr\u00e9n\u00e9es Atlantiques)<\/td><td class=\"column-5\">Arriv\u00e9 \u00e0 Rawa par le premier convoi le 13\/04\/42<br \/>\nRApatri\u00e9 le 11\/03\/43<br \/>\nIR pour p\u00e9riode 13\/04 au 30\/11\/42<\/td><td class=\"column-6\"><a href=\"https:\/\/rawa-ruska-union-nationale.fr\/wp-content\/uploads\/2024\/04\/Hargundeguy-attestations.pdf\"><em>T\u00e9moins<\/em><\/a><\/td>\n<\/tr>\n<tr class=\"row-12\">\n\t<td class=\"column-1\"><a href=\"https:\/\/rawa-ruska-union-nationale.fr\/wp-content\/uploads\/2020\/04\/Legwinski-Fe\u0301lix.pdf\"><em>LEGWINSKI<\/em><\/a><\/td><td class=\"column-2\">F\u00e9lix<\/td><td class=\"column-3\">13\/02\/15<\/td><td class=\"column-4\">Semmenstadt - Wesphalie - Allemagne<\/td><td class=\"column-5\">Rapatriement sur Lyon le 13\/06\/44 pour tuberculose<br \/>\nIR<\/td><td class=\"column-6\"><a href=\"https:\/\/rawa-ruska-union-nationale.fr\/index.php\/lettres-et-documents-legwinski\/\"><em>Lire +<\/em><\/a><\/td>\n<\/tr>\n<tr class=\"row-13\">\n\t<td class=\"column-1\"><a href=\"https:\/\/rawa-ruska-union-nationale.fr\/wp-content\/uploads\/2023\/11\/Lehrmann-Rene.pdf\"><em>LEHRMANN<\/em><\/a><\/td><td class=\"column-2\">Ren\u00e9 \u00c9mile<\/td><td class=\"column-3\">06\/08\/1912<\/td><td class=\"column-4\">Saint-Nicolas-de-Port (Meurthe-et-Moselle)<\/td><td class=\"column-5\">Rawa, Zwierzyniec, Lemberg, Stryj<br \/>\nInaptitude et rapatriement le 14\/12\/1943, via Ch\u00e2lon-sur-Sa\u00f4ne. <br \/>\nFait ensuite parti de la R\u00e9sistance<br \/>\nIR<\/td><td class=\"column-6\"><a href=\"https:\/\/rawa-ruska-union-nationale.fr\/index.php\/documents-lehrmann\/\"><em>Lire +<\/em><\/a><\/td>\n<\/tr>\n<tr class=\"row-14\">\n\t<td class=\"column-1\"><a href=\"https:\/\/rawa-ruska-union-nationale.fr\/wp-content\/uploads\/2024\/09\/Maurel-Rene.pdf\"><em>MAUREL<\/em><\/a><\/td><td class=\"column-2\">Ren\u00e9 Paul Jean<\/td><td class=\"column-3\">23\/05\/1918<\/td><td class=\"column-4\">Cabrespine (Aude)<\/td><td class=\"column-5\">Rawa le 15\/05\/1942<br \/>\npuis Kobierzyn<br \/>\nrapatri\u00e9 le 11\/03\/1943<br \/>\n<br \/>\nIR attribu\u00e9e le 09\/07\/1957a<\/td><td class=\"column-6\"><a href=\"https:\/\/rawa-ruska-union-nationale.fr\/wp-content\/uploads\/2024\/09\/Maurel-attestations.pdf\"><em>T\u00e9moins<\/em><\/a><\/td>\n<\/tr>\n<tr class=\"row-15\">\n\t<td class=\"column-1\"><a href=\"https:\/\/rawa-ruska-union-nationale.fr\/wp-content\/uploads\/2025\/02\/Mouton-Joseph.pdf\"><em>MOUTON<\/em><\/a><\/td><td class=\"column-2\">Joseph Marie<\/td><td class=\"column-3\">31\/01\/1920<\/td><td class=\"column-4\">La M\u00e9zi\u00e8re (Ille et Vilaine)<\/td><td class=\"column-5\">Rawa le 09\/01\/43, puis Tarnapol<br \/>\nSuite \u00e0 chute dans l'eau glac\u00e9e d'un lac est hospitalis\u00e9 \u00e0 Lemberg, train sanitaire du 26\/06\/1943, invalidit\u00e9, IR pour p\u00e9riode 09\/01 au 22\/06\/43<\/td><td class=\"column-6\"><a href=\"https:\/\/rawa-ruska-union-nationale.fr\/index.php\/documents-mouton\/\"><em>Lire +<\/em><\/a><\/td>\n<\/tr>\n<tr class=\"row-16\">\n\t<td class=\"column-1\"><a href=\"https:\/\/rawa-ruska-union-nationale.fr\/wp-content\/uploads\/2026\/01\/Pajot-Pierre.pdf\"><em>PAJOT<\/em><\/a><\/td><td class=\"column-2\">Pierre Julien Victor<\/td><td class=\"column-3\">18\/12\/1918<\/td><td class=\"column-4\">Moutiers-les-Mauxfaits (Vend\u00e9e)<\/td><td class=\"column-5\">Rawa le 05\/05\/1942<br \/>\nRapatri\u00e9 sanitaire le 12\/06\/1943, <br \/>\nR\u00e9form\u00e9 temporaire le 20\/09\/1943, <br \/>\net d\u00e9mobilis\u00e9 le 10\/10\/1943<\/td><td class=\"column-6\"><a href=\"https:\/\/rawa-ruska-union-nationale.fr\/wp-content\/uploads\/2026\/01\/Pajot-attestations.pdf\"><em>T\u00e9moins<\/em><\/a><br \/>\n<br \/>\n<a href=\"https:\/\/rawa-ruska-union-nationale.fr\/index.php\/documents-pajot\/\"><em>Lire +<\/em><\/a><\/td>\n<\/tr>\n<tr class=\"row-17\">\n\t<td class=\"column-1\"><a href=\"https:\/\/rawa-ruska-union-nationale.fr\/wp-content\/uploads\/2023\/07\/Paysant-Andre.pdf\"><em>PAYSANT<\/em><\/a><\/td><td class=\"column-2\">Andr\u00e9 Jean<\/td><td class=\"column-3\">13\/02\/1914<\/td><td class=\"column-4\">Havre, (Seine-Inf\u00e9rieure > Seine-Maritime) <\/td><td class=\"column-5\">Rapatri\u00e9 par train sanitaire le 20 d\u00e9cembre 1943. Il est conduit \u00e0 l\u2019h\u00f4pital Charras (Courbevoie, Seine)<br \/>\nIR<\/td><td class=\"column-6\"><a href=\"https:\/\/rawa-ruska-union-nationale.fr\/index.php\/documents-pajot\/\"><em>Lire +<\/em><\/a><\/td>\n<\/tr>\n<tr class=\"row-18\">\n\t<td class=\"column-1\"><a href=\"https:\/\/rawa-ruska-union-nationale.fr\/wp-content\/uploads\/2024\/09\/Pistre-Roger.pdf\"><em>PISTRE<\/em><\/a><\/td><td class=\"column-2\">Roger Marc <\/td><td class=\"column-3\">01\/01\/13 <\/td><td class=\"column-4\">Narbonne (Aude)<\/td><td class=\"column-5\">Rawa le 13\/04\/42<br \/>\npuis  \u00e0 Tarnopol et enfin \u00e0 Trembowla <br \/>\nRapatri\u00e9 le 11\/03\/43<br \/>\nIR pour la p\u00e9riode du du 13\/04 au 15\/09\/42 <\/td><td class=\"column-6\"><a href=\"https:\/\/rawa-ruska-union-nationale.fr\/wp-content\/uploads\/2024\/09\/Pistre-attestations.pdf\"><em>T\u00e9moins<\/em><\/a><\/td>\n<\/tr>\n<tr class=\"row-19\">\n\t<td class=\"column-1\"><a href=\"https:\/\/rawa-ruska-union-nationale.fr\/wp-content\/uploads\/2023\/10\/Thominette-Marcel.pdf\"><em>THOMINETTE<\/em><\/a><\/td><td class=\"column-2\">Marcel Hubert<\/td><td class=\"column-3\">06\/12\/1902<\/td><td class=\"column-4\">\u00c9tr\u00e9pagny (Eure)<\/td><td class=\"column-5\">Siedlee, Tarnopol, Lemberg, \u00e9vad\u00e9 de Jezierna puis rapatri\u00e9 sanitaire le 06\/09\/43<\/td><td class=\"column-6\"><a href=\"https:\/\/rawa-ruska-union-nationale.fr\/index.php\/documents-thominette\/\"><em>Lire +<\/em><\/a><\/td>\n<\/tr>\n<tr class=\"row-20\">\n\t<td class=\"column-1\"><a href=\"https:\/\/rawa-ruska-union-nationale.fr\/wp-content\/uploads\/2023\/11\/Verdier-Jean-Louis.pdf\"><em>VERDIER<\/em><\/a><\/td><td class=\"column-2\">Jean Louis<\/td><td class=\"column-3\">22\/12\/1908<\/td><td class=\"column-4\">Tulle (Corr\u00e8ze)<\/td><td class=\"column-5\">Inaptitude et rapatri\u00e9 au Centre de Compi\u00e8gne le 19\/04\/1943<\/td><td class=\"column-6\"><a href=\"https:\/\/rawa-ruska-union-nationale.fr\/wp-content\/uploads\/2023\/11\/Verdier-JL-attestations.pdf\"><em>T\u00e9moins<\/em><\/a><\/td>\n<\/tr>\n<\/tbody>\n<\/table>\n<!-- #tablepress-18 from cache -->\n","protected":false},"excerpt":{"rendered":"<p>PG pass\u00e9s au 325 et rapatri\u00e9s sanitaires &nbsp;<\/p>\n","protected":false},"author":1,"featured_media":0,"parent":0,"menu_order":0,"comment_status":"closed","ping_status":"closed","template":"","meta":{"_bbp_topic_count":0,"_bbp_reply_count":0,"_bbp_total_topic_count":0,"_bbp_total_reply_count":0,"_bbp_voice_count":0,"_bbp_anonymous_reply_count":0,"_bbp_topic_count_hidden":0,"_bbp_reply_count_hidden":0,"_bbp_forum_subforum_count":0,"_crdt_document":"","two_page_speed":[],"footnotes":""},"class_list":["post-5771","page","type-page","status-publish","hentry"],"_links":{"self":[{"href":"https:\/\/rawa-ruska-union-nationale.fr\/index.php\/wp-json\/wp\/v2\/pages\/5771","targetHints":{"allow":["GET"]}}],"collection":[{"href":"https:\/\/rawa-ruska-union-nationale.fr\/index.php\/wp-json\/wp\/v2\/pages"}],"about":[{"href":"https:\/\/rawa-ruska-union-nationale.fr\/index.php\/wp-json\/wp\/v2\/types\/page"}],"author":[{"embeddable":true,"href":"https:\/\/rawa-ruska-union-nationale.fr\/index.php\/wp-json\/wp\/v2\/users\/1"}],"replies":[{"embeddable":true,"href":"https:\/\/rawa-ruska-union-nationale.fr\/index.php\/wp-json\/wp\/v2\/comments?post=5771"}],"version-history":[{"count":12,"href":"https:\/\/rawa-ruska-union-nationale.fr\/index.php\/wp-json\/wp\/v2\/pages\/5771\/revisions"}],"predecessor-version":[{"id":9254,"href":"https:\/\/rawa-ruska-union-nationale.fr\/index.php\/wp-json\/wp\/v2\/pages\/5771\/revisions\/9254"}],"wp:attachment":[{"href":"https:\/\/rawa-ruska-union-nationale.fr\/index.php\/wp-json\/wp\/v2\/media?parent=5771"}],"curies":[{"name":"wp","href":"https:\/\/api.w.org\/{rel}","templated":true}]}}