{"id":5932,"date":"2022-06-07T12:38:23","date_gmt":"2022-06-07T10:38:23","guid":{"rendered":"https:\/\/rawa-ruska-union-nationale.fr\/?page_id=5932"},"modified":"2023-11-13T15:32:17","modified_gmt":"2023-11-13T14:32:17","slug":"ressources-disponibles","status":"publish","type":"page","link":"https:\/\/rawa-ruska-union-nationale.fr\/index.php\/ressources-disponibles\/","title":{"rendered":"Documents de communication"},"content":{"rendered":"<h4 style=\"text-align: center;\">Documents mis \u00e0 disposition des associations<\/h4>\n<p>Les documents\u00a0 suivants sont disponibles sur simple demande au secr\u00e9tariat de l&#8217;Union nationale ou aupr\u00e8s des pr\u00e9sidents de r\u00e9gions.<\/p>\n<p><em>Tryptique<\/em><\/p>\n\n<a href=\"https:\/\/rawa-ruska-union-nationale.fr\/wp-content\/uploads\/2020\/04\/trytique.pdf\" class=\"pdfemb-viewer\" style=\"\" data-width=\"max\" data-height=\"max\" data-toolbar=\"both\" data-toolbar-fixed=\"on\">trytique<\/a>\n<p class=\"wp-block-pdfemb-pdf-embedder-viewer\"><\/p>\n\n\n\n<p class=\"wp-block-paragraph\"><em>Dossier de presse<\/em><\/p>\n\n\n<a href=\"https:\/\/rawa-ruska-union-nationale.fr\/wp-content\/uploads\/2022\/03\/Dossier-de-Presse-80e\u0300me-24_02_2022-1.pdf\" class=\"pdfemb-viewer\" style=\"\" data-width=\"max\" data-height=\"max\" data-toolbar=\"both\" data-toolbar-fixed=\"on\">Dossier-de-Presse-80e\u0300me-24_02_2022-1<\/a>\n<p class=\"wp-block-pdfemb-pdf-embedder-viewer\"><\/p>\n","protected":false},"excerpt":{"rendered":"<p>Documents mis \u00e0 disposition des associations Les documents\u00a0 suivants sont disponibles sur simple demande au secr\u00e9tariat de l&#8217;Union nationale ou aupr\u00e8s des pr\u00e9sidents de r\u00e9gions. Tryptique Dossier de presse<\/p>\n","protected":false},"author":1,"featured_media":0,"parent":0,"menu_order":0,"comment_status":"closed","ping_status":"closed","template":"","meta":{"_bbp_topic_count":0,"_bbp_reply_count":0,"_bbp_total_topic_count":0,"_bbp_total_reply_count":0,"_bbp_voice_count":0,"_bbp_anonymous_reply_count":0,"_bbp_topic_count_hidden":0,"_bbp_reply_count_hidden":0,"_bbp_forum_subforum_count":0,"_crdt_document":"","two_page_speed":[],"footnotes":""},"class_list":["post-5932","page","type-page","status-publish","hentry"],"_links":{"self":[{"href":"https:\/\/rawa-ruska-union-nationale.fr\/index.php\/wp-json\/wp\/v2\/pages\/5932","targetHints":{"allow":["GET"]}}],"collection":[{"href":"https:\/\/rawa-ruska-union-nationale.fr\/index.php\/wp-json\/wp\/v2\/pages"}],"about":[{"href":"https:\/\/rawa-ruska-union-nationale.fr\/index.php\/wp-json\/wp\/v2\/types\/page"}],"author":[{"embeddable":true,"href":"https:\/\/rawa-ruska-union-nationale.fr\/index.php\/wp-json\/wp\/v2\/users\/1"}],"replies":[{"embeddable":true,"href":"https:\/\/rawa-ruska-union-nationale.fr\/index.php\/wp-json\/wp\/v2\/comments?post=5932"}],"version-history":[{"count":6,"href":"https:\/\/rawa-ruska-union-nationale.fr\/index.php\/wp-json\/wp\/v2\/pages\/5932\/revisions"}],"predecessor-version":[{"id":7946,"href":"https:\/\/rawa-ruska-union-nationale.fr\/index.php\/wp-json\/wp\/v2\/pages\/5932\/revisions\/7946"}],"wp:attachment":[{"href":"https:\/\/rawa-ruska-union-nationale.fr\/index.php\/wp-json\/wp\/v2\/media?parent=5932"}],"curies":[{"name":"wp","href":"https:\/\/api.w.org\/{rel}","templated":true}]}}