{"id":608,"date":"2019-02-17T15:54:31","date_gmt":"2019-02-17T14:54:31","guid":{"rendered":"http:\/\/rawa-ruska-union-nationale.fr\/?page_id=608"},"modified":"2021-06-07T07:47:54","modified_gmt":"2021-06-07T05:47:54","slug":"recherches-individuelles","status":"publish","type":"page","link":"https:\/\/rawa-ruska-union-nationale.fr\/index.php\/recherches-individuelles\/","title":{"rendered":"Rechercher des PG"},"content":{"rendered":"<p class=\"western\" style=\"text-align: left;\" align=\"center\"><strong><em>La recherche d&#8217;anciens est une motivation primordiale des adh\u00e9rents. Il n&#8217;est pas facile de savoir o\u00f9 s&#8217;adresser et de conna\u00eetre\u00a0 les informations disponibles. Il est n\u00e9cessaire aussi d&#8217;avoir une m\u00e9thode de recherche (assez proche sur quelques aspects de la g\u00e9n\u00e9alogie). <\/em><\/strong><\/p>\n<p><em><strong>In\u00e9vitablement, il faudra aussi, \u00e0 un moment ou l&#8217;autre, consulter des bases de donn\u00e9es. Dans le cadre de l&#8217;Union nationale des recherches ont \u00e9t\u00e9 faites et ont permis progressivement d&#8217;\u00e9laborer des bases de donn\u00e9es. <\/strong><\/em><em><strong>Celles des &#8220;meldungen&#8221; en est un exemple.<\/strong><\/em><\/p>\n<p><strong><em>Toutes ces informations sont ici pr\u00e9sent\u00e9es<\/em><\/strong><\/p>\n<p align=\"center\">\n","protected":false},"excerpt":{"rendered":"<p>La recherche d&#8217;anciens est une motivation primordiale des adh\u00e9rents. Il n&#8217;est pas facile de savoir o\u00f9 s&#8217;adresser et de conna\u00eetre\u00a0 les informations disponibles. Il est n\u00e9cessaire aussi d&#8217;avoir une m\u00e9thode de recherche (assez proche sur quelques aspects de la g\u00e9n\u00e9alogie). In\u00e9vitablement, il faudra aussi, \u00e0 un moment ou l&#8217;autre, consulter des bases de donn\u00e9es. Dans &hellip; <\/p>\n<p class=\"link-more\"><a href=\"https:\/\/rawa-ruska-union-nationale.fr\/index.php\/recherches-individuelles\/\" class=\"more-link\">Continuer la lecture<span class=\"screen-reader-text\"> de &laquo;&nbsp;Rechercher des PG&nbsp;&raquo;<\/span><\/a><\/p>\n","protected":false},"author":1,"featured_media":0,"parent":0,"menu_order":56,"comment_status":"closed","ping_status":"closed","template":"","meta":{"_bbp_topic_count":0,"_bbp_reply_count":0,"_bbp_total_topic_count":0,"_bbp_total_reply_count":0,"_bbp_voice_count":0,"_bbp_anonymous_reply_count":0,"_bbp_topic_count_hidden":0,"_bbp_reply_count_hidden":0,"_bbp_forum_subforum_count":0,"_crdt_document":"","two_page_speed":[],"footnotes":""},"class_list":["post-608","page","type-page","status-publish","hentry"],"_links":{"self":[{"href":"https:\/\/rawa-ruska-union-nationale.fr\/index.php\/wp-json\/wp\/v2\/pages\/608","targetHints":{"allow":["GET"]}}],"collection":[{"href":"https:\/\/rawa-ruska-union-nationale.fr\/index.php\/wp-json\/wp\/v2\/pages"}],"about":[{"href":"https:\/\/rawa-ruska-union-nationale.fr\/index.php\/wp-json\/wp\/v2\/types\/page"}],"author":[{"embeddable":true,"href":"https:\/\/rawa-ruska-union-nationale.fr\/index.php\/wp-json\/wp\/v2\/users\/1"}],"replies":[{"embeddable":true,"href":"https:\/\/rawa-ruska-union-nationale.fr\/index.php\/wp-json\/wp\/v2\/comments?post=608"}],"version-history":[{"count":31,"href":"https:\/\/rawa-ruska-union-nationale.fr\/index.php\/wp-json\/wp\/v2\/pages\/608\/revisions"}],"predecessor-version":[{"id":4150,"href":"https:\/\/rawa-ruska-union-nationale.fr\/index.php\/wp-json\/wp\/v2\/pages\/608\/revisions\/4150"}],"wp:attachment":[{"href":"https:\/\/rawa-ruska-union-nationale.fr\/index.php\/wp-json\/wp\/v2\/media?parent=608"}],"curies":[{"name":"wp","href":"https:\/\/api.w.org\/{rel}","templated":true}]}}