{"id":6107,"date":"2022-09-15T14:17:51","date_gmt":"2022-09-15T12:17:51","guid":{"rendered":"https:\/\/rawa-ruska-union-nationale.fr\/?page_id=6107"},"modified":"2023-02-23T21:54:02","modified_gmt":"2023-02-23T20:54:02","slug":"manifestations","status":"publish","type":"page","link":"https:\/\/rawa-ruska-union-nationale.fr\/index.php\/manifestations\/","title":{"rendered":"Manifestations"},"content":{"rendered":"\n<h2 class=\"wp-block-heading has-text-align-center\"><strong>\u00c9v\u00e8nements et manifestions du monde combattant<\/strong><\/h2>\n\n\n\n<div class=\"wp-block-columns alignwide is-layout-flex wp-container-core-columns-is-layout-8f761849 wp-block-columns-is-layout-flex\">\n<div class=\"wp-block-column is-layout-flow wp-block-column-is-layout-flow\" style=\"flex-basis:50%\">\n<div class=\"wp-block-cover\" style=\"min-height:229px;aspect-ratio:unset;\"><span aria-hidden=\"true\" class=\"wp-block-cover__background has-background-dim-0 has-background-dim\"><\/span><img loading=\"lazy\" decoding=\"async\" width=\"1131\" height=\"168\" class=\"wp-block-cover__image-background wp-image-5021\" alt=\"\" src=\"https:\/\/rawa-ruska-union-nationale.fr\/wp-content\/uploads\/2022\/01\/JdE_Captivitee-4-fevrier2022_1.jpg\" style=\"object-position:5% 65%\" data-object-fit=\"cover\" data-object-position=\"5% 65%\" srcset=\"https:\/\/rawa-ruska-union-nationale.fr\/wp-content\/uploads\/2022\/01\/JdE_Captivitee-4-fevrier2022_1.jpg 1131w, https:\/\/rawa-ruska-union-nationale.fr\/wp-content\/uploads\/2022\/01\/JdE_Captivitee-4-fevrier2022_1-300x45.jpg 300w, https:\/\/rawa-ruska-union-nationale.fr\/wp-content\/uploads\/2022\/01\/JdE_Captivitee-4-fevrier2022_1-1024x152.jpg 1024w, https:\/\/rawa-ruska-union-nationale.fr\/wp-content\/uploads\/2022\/01\/JdE_Captivitee-4-fevrier2022_1-768x114.jpg 768w\" sizes=\"auto, (max-width: 767px) 89vw, (max-width: 1000px) 54vw, (max-width: 1071px) 543px, 580px\" \/><div class=\"wp-block-cover__inner-container is-layout-flow wp-block-cover-is-layout-flow\">\n<p class=\"has-text-align-center has-large-font-size wp-block-paragraph\">Conf\u00e9rences<\/p>\n<\/div><\/div>\n<\/div>\n\n\n\n<div class=\"wp-block-column is-layout-flow wp-block-column-is-layout-flow\" style=\"flex-basis:50%\">\n<p class=\"wp-block-paragraph\"><strong><em>\u00a04 mars 2023 &#8211; AmRn<\/em><\/strong><br><a href=\"https:\/\/rawa-ruska-union-nationale.fr\/wp-content\/uploads\/2023\/02\/conference_AAMRN_4mars2023.pdf\">Les repr\u00e9sentations d&#8217;Hitler dans les propagandes allemandes et alli\u00e9es de 1933 \u00e0 1945<\/a><\/p>\n\n\n\n<p class=\"wp-block-paragraph\"><strong><em>14 f\u00e9vrier 2023 &#8211; Souvenir fran\u00e7ais<\/em><\/strong><br><a href=\"https:\/\/rawa-ruska-union-nationale.fr\/wp-content\/uploads\/2023\/02\/invitation_souvenir_francais.pdf\">M\u00e9moire partag\u00e9e franco-ukrainienne<\/a><\/p>\n\n\n\n<p class=\"wp-block-paragraph\"><\/p>\n<\/div>\n<\/div>\n\n\n\n<div class=\"wp-block-columns alignwide is-layout-flex wp-container-core-columns-is-layout-8f761849 wp-block-columns-is-layout-flex\">\n<div class=\"wp-block-column is-layout-flow wp-block-column-is-layout-flow\" style=\"flex-basis:50%\">\n<p class=\"has-black-color has-text-color wp-block-paragraph\" style=\"font-size:16px\"><br><\/p>\n\n\n\n<p class=\"wp-block-paragraph\"><\/p>\n\n\n\n<p class=\"has-black-color has-text-color wp-block-paragraph\" style=\"font-size:16px\"><strong><em>Du 16 sept. 2022 au 2 avril 2023<\/em><\/strong> &#8211; <strong><em>AmRn<\/em><\/strong><br><a href=\"https:\/\/rawa-ruska-union-nationale.fr\/wp-content\/uploads\/2022\/09\/invitation_MRN-1.pdf\">Vous n&#8217;irez plus danser ! Les bals clandestins de 1939 &#8211; 1945<\/a><\/p>\n<\/div>\n\n\n\n<div class=\"wp-block-column is-layout-flow wp-block-column-is-layout-flow\" style=\"flex-basis:50%\">\n<div class=\"wp-block-cover is-light\" style=\"min-height:246px;aspect-ratio:unset;\"><span aria-hidden=\"true\" class=\"wp-block-cover__background has-background-dim-30 has-background-dim\"><\/span><img loading=\"lazy\" decoding=\"async\" width=\"587\" height=\"789\" class=\"wp-block-cover__image-background wp-image-5022\" alt=\"\" src=\"https:\/\/rawa-ruska-union-nationale.fr\/wp-content\/uploads\/2022\/01\/salon_photos_page-3.jpg\" style=\"object-position:25% 85%\" data-object-fit=\"cover\" data-object-position=\"25% 85%\" srcset=\"https:\/\/rawa-ruska-union-nationale.fr\/wp-content\/uploads\/2022\/01\/salon_photos_page-3.jpg 587w, https:\/\/rawa-ruska-union-nationale.fr\/wp-content\/uploads\/2022\/01\/salon_photos_page-3-223x300.jpg 223w\" sizes=\"auto, (max-width: 587px) 100vw, 587px\" \/><div class=\"wp-block-cover__inner-container is-layout-flow wp-block-cover-is-layout-flow\">\n<p class=\"has-text-align-center has-white-color has-text-color has-large-font-size wp-block-paragraph\">Expositions<\/p>\n<\/div><\/div>\n<\/div>\n<\/div>\n\n\n\n<h2 class=\"wp-block-heading has-text-align-center\">Archives : Conf\u00e9rences 2022<\/h2>\n\n\n\n<p class=\"wp-block-paragraph\"><br><strong><em>27 mai 2022 &#8211; Paris 13e<\/em><\/strong><br><a href=\"https:\/\/www.defense.gouv.fr\/sga\/actualites\/27-mai-journee-nationale-resistance\" data-type=\"URL\" data-id=\"https:\/\/www.defense.gouv.fr\/sga\/actualites\/27-mai-journee-nationale-resistance\"> Journ\u00e9e nationale de la R\u00e9sistance<\/a><br><br><em><strong>4 f\u00e9vrier 2022 \u00e0 Aubervilliers<\/strong><\/em><br><a href=\"https:\/\/rawa-ruska-union-nationale.fr\/index.php\/2022\/02\/03\/journee-detude-pg-francais\/\">Les PG fran\u00e7ais &#8211; de l&#8217;Histoire \u00e0 la M\u00e9moire<\/a><\/p>\n","protected":false},"excerpt":{"rendered":"<p>\u00c9v\u00e8nements et manifestions du monde combattant \u00a04 mars 2023 &#8211; AmRnLes repr\u00e9sentations d&#8217;Hitler dans les propagandes allemandes et alli\u00e9es de 1933 \u00e0 1945 14 f\u00e9vrier 2023 &#8211; Souvenir fran\u00e7aisM\u00e9moire partag\u00e9e franco-ukrainienne Du 16 sept. 2022 au 2 avril 2023 &#8211; AmRnVous n&#8217;irez plus danser ! Les bals clandestins de 1939 &#8211; 1945 Archives : Conf\u00e9rences &hellip; <\/p>\n<p class=\"link-more\"><a href=\"https:\/\/rawa-ruska-union-nationale.fr\/index.php\/manifestations\/\" class=\"more-link\">Continuer la lecture<span class=\"screen-reader-text\"> de &laquo;&nbsp;Manifestations&nbsp;&raquo;<\/span><\/a><\/p>\n","protected":false},"author":1,"featured_media":0,"parent":0,"menu_order":0,"comment_status":"closed","ping_status":"closed","template":"","meta":{"_bbp_topic_count":0,"_bbp_reply_count":0,"_bbp_total_topic_count":0,"_bbp_total_reply_count":0,"_bbp_voice_count":0,"_bbp_anonymous_reply_count":0,"_bbp_topic_count_hidden":0,"_bbp_reply_count_hidden":0,"_bbp_forum_subforum_count":0,"_crdt_document":"","two_page_speed":[],"footnotes":""},"class_list":["post-6107","page","type-page","status-publish","hentry"],"_links":{"self":[{"href":"https:\/\/rawa-ruska-union-nationale.fr\/index.php\/wp-json\/wp\/v2\/pages\/6107","targetHints":{"allow":["GET"]}}],"collection":[{"href":"https:\/\/rawa-ruska-union-nationale.fr\/index.php\/wp-json\/wp\/v2\/pages"}],"about":[{"href":"https:\/\/rawa-ruska-union-nationale.fr\/index.php\/wp-json\/wp\/v2\/types\/page"}],"author":[{"embeddable":true,"href":"https:\/\/rawa-ruska-union-nationale.fr\/index.php\/wp-json\/wp\/v2\/users\/1"}],"replies":[{"embeddable":true,"href":"https:\/\/rawa-ruska-union-nationale.fr\/index.php\/wp-json\/wp\/v2\/comments?post=6107"}],"version-history":[{"count":16,"href":"https:\/\/rawa-ruska-union-nationale.fr\/index.php\/wp-json\/wp\/v2\/pages\/6107\/revisions"}],"predecessor-version":[{"id":6957,"href":"https:\/\/rawa-ruska-union-nationale.fr\/index.php\/wp-json\/wp\/v2\/pages\/6107\/revisions\/6957"}],"wp:attachment":[{"href":"https:\/\/rawa-ruska-union-nationale.fr\/index.php\/wp-json\/wp\/v2\/media?parent=6107"}],"curies":[{"name":"wp","href":"https:\/\/api.w.org\/{rel}","templated":true}]}}