{"id":6642,"date":"2023-01-24T11:02:05","date_gmt":"2023-01-24T10:02:05","guid":{"rendered":"https:\/\/rawa-ruska-union-nationale.fr\/?page_id=6642"},"modified":"2023-04-06T19:32:16","modified_gmt":"2023-04-06T17:32:16","slug":"proposer-un-lieu","status":"publish","type":"page","link":"https:\/\/rawa-ruska-union-nationale.fr\/index.php\/proposer-un-lieu\/","title":{"rendered":"Proposer un lieu"},"content":{"rendered":"\r\n<p class=\"wp-block-paragraph\">Vous souhaiter proposer un nouveau lieu de m\u00e9moire ou \u00e9ventuellement modifier les donn\u00e9es d&#8217;un lieu existant &#8230;<\/p>\r\n\r\n\r\n\r\n<p class=\"wp-block-paragraph\">Parlez-en \u00e0 votre responsable r\u00e9gional de &#8220;Ceux de Rawa-Ruska&#8221;.<\/p>\r\n\r\n\r\n\r\n<p class=\"wp-block-paragraph\">Le fichier ci-dessous vous donne le sch\u00e9ma des donn\u00e9es n\u00e9cessaires.\u00a0 Vous pouvez imprimer ou t\u00e9l\u00e9charger cette fiche pour vous aider (ic\u00f4nes sur la barre sup\u00e9rieure de la page affich\u00e9e).<\/p>\r\n\r\n\r\n\r\n<p class=\"has-text-align-center wp-block-paragraph\" style=\"text-align: center;\"><strong><em>Envoyer ensuite l&#8217;ensemble de vos donn\u00e9es au webmaster <\/em><\/strong><br \/><strong><em>vannesteclaude@gmail.com<\/em><\/strong><\/p>\r\n\r\n\r\n\r\n<div><\/div>\r\n<div>\u00a0<\/div>\r\n<div style=\"text-align: center;\"><a href=\"https:\/\/rawa-ruska-union-nationale.fr\/wp-content\/uploads\/2023\/01\/fomulaire_lieux_memoire.doc\">Pour \u00e9diter en Word<\/a><\/div>\r\n<div style=\"text-align: center;\">\u00a0<\/div>\r\n","protected":false},"excerpt":{"rendered":"<p>Vous souhaiter proposer un nouveau lieu de m\u00e9moire ou \u00e9ventuellement modifier les donn\u00e9es d&#8217;un lieu existant &#8230; Parlez-en \u00e0 votre responsable r\u00e9gional de &#8220;Ceux de Rawa-Ruska&#8221;. Le fichier ci-dessous vous donne le sch\u00e9ma des donn\u00e9es n\u00e9cessaires.\u00a0 Vous pouvez imprimer ou t\u00e9l\u00e9charger cette fiche pour vous aider (ic\u00f4nes sur la barre sup\u00e9rieure de la page affich\u00e9e). &hellip; <\/p>\n<p class=\"link-more\"><a href=\"https:\/\/rawa-ruska-union-nationale.fr\/index.php\/proposer-un-lieu\/\" class=\"more-link\">Continuer la lecture<span class=\"screen-reader-text\"> de &laquo;&nbsp;Proposer un lieu&nbsp;&raquo;<\/span><\/a><\/p>\n","protected":false},"author":1,"featured_media":0,"parent":0,"menu_order":0,"comment_status":"closed","ping_status":"closed","template":"","meta":{"_bbp_topic_count":0,"_bbp_reply_count":0,"_bbp_total_topic_count":0,"_bbp_total_reply_count":0,"_bbp_voice_count":0,"_bbp_anonymous_reply_count":0,"_bbp_topic_count_hidden":0,"_bbp_reply_count_hidden":0,"_bbp_forum_subforum_count":0,"_crdt_document":"","two_page_speed":[],"footnotes":""},"class_list":["post-6642","page","type-page","status-publish","hentry"],"_links":{"self":[{"href":"https:\/\/rawa-ruska-union-nationale.fr\/index.php\/wp-json\/wp\/v2\/pages\/6642","targetHints":{"allow":["GET"]}}],"collection":[{"href":"https:\/\/rawa-ruska-union-nationale.fr\/index.php\/wp-json\/wp\/v2\/pages"}],"about":[{"href":"https:\/\/rawa-ruska-union-nationale.fr\/index.php\/wp-json\/wp\/v2\/types\/page"}],"author":[{"embeddable":true,"href":"https:\/\/rawa-ruska-union-nationale.fr\/index.php\/wp-json\/wp\/v2\/users\/1"}],"replies":[{"embeddable":true,"href":"https:\/\/rawa-ruska-union-nationale.fr\/index.php\/wp-json\/wp\/v2\/comments?post=6642"}],"version-history":[{"count":29,"href":"https:\/\/rawa-ruska-union-nationale.fr\/index.php\/wp-json\/wp\/v2\/pages\/6642\/revisions"}],"predecessor-version":[{"id":7088,"href":"https:\/\/rawa-ruska-union-nationale.fr\/index.php\/wp-json\/wp\/v2\/pages\/6642\/revisions\/7088"}],"wp:attachment":[{"href":"https:\/\/rawa-ruska-union-nationale.fr\/index.php\/wp-json\/wp\/v2\/media?parent=6642"}],"curies":[{"name":"wp","href":"https:\/\/api.w.org\/{rel}","templated":true}]}}