{"id":714,"date":"2019-04-15T19:37:01","date_gmt":"2019-04-15T17:37:01","guid":{"rendered":"http:\/\/rawa-ruska-union-nationale.fr\/?p=714"},"modified":"2026-04-03T07:24:46","modified_gmt":"2026-04-03T05:24:46","slug":"a-lire","status":"publish","type":"page","link":"https:\/\/rawa-ruska-union-nationale.fr\/index.php\/a-lire\/","title":{"rendered":"Le coin des lecteurs"},"content":{"rendered":"<h2 style=\"text-align: center;\">LIVRES<\/h2>\n<p>Les livres ci-dessous donnent un \u00e9clairage sur les th\u00e8mes pos\u00e9s par l&#8217;histoire de Rawa-Ruska. Ils sont cependant de port\u00e9e g\u00e9n\u00e9rale.<br \/>\n<em>Liste en cours d&#8217;actualisation.<\/em><\/p>\n<p>&nbsp;<\/p>\n","protected":false},"excerpt":{"rendered":"<p>LIVRES Les livres ci-dessous donnent un \u00e9clairage sur les th\u00e8mes pos\u00e9s par l&#8217;histoire de Rawa-Ruska. Ils sont cependant de port\u00e9e g\u00e9n\u00e9rale. Liste en cours d&#8217;actualisation. &nbsp;<\/p>\n","protected":false},"author":1,"featured_media":0,"parent":0,"menu_order":53,"comment_status":"closed","ping_status":"closed","template":"","meta":{"_bbp_topic_count":0,"_bbp_reply_count":0,"_bbp_total_topic_count":0,"_bbp_total_reply_count":0,"_bbp_voice_count":0,"_bbp_anonymous_reply_count":0,"_bbp_topic_count_hidden":0,"_bbp_reply_count_hidden":0,"_bbp_forum_subforum_count":0,"_crdt_document":"","two_page_speed":[],"footnotes":""},"class_list":["post-714","page","type-page","status-publish","hentry"],"_links":{"self":[{"href":"https:\/\/rawa-ruska-union-nationale.fr\/index.php\/wp-json\/wp\/v2\/pages\/714","targetHints":{"allow":["GET"]}}],"collection":[{"href":"https:\/\/rawa-ruska-union-nationale.fr\/index.php\/wp-json\/wp\/v2\/pages"}],"about":[{"href":"https:\/\/rawa-ruska-union-nationale.fr\/index.php\/wp-json\/wp\/v2\/types\/page"}],"author":[{"embeddable":true,"href":"https:\/\/rawa-ruska-union-nationale.fr\/index.php\/wp-json\/wp\/v2\/users\/1"}],"replies":[{"embeddable":true,"href":"https:\/\/rawa-ruska-union-nationale.fr\/index.php\/wp-json\/wp\/v2\/comments?post=714"}],"version-history":[{"count":30,"href":"https:\/\/rawa-ruska-union-nationale.fr\/index.php\/wp-json\/wp\/v2\/pages\/714\/revisions"}],"predecessor-version":[{"id":10342,"href":"https:\/\/rawa-ruska-union-nationale.fr\/index.php\/wp-json\/wp\/v2\/pages\/714\/revisions\/10342"}],"wp:attachment":[{"href":"https:\/\/rawa-ruska-union-nationale.fr\/index.php\/wp-json\/wp\/v2\/media?parent=714"}],"curies":[{"name":"wp","href":"https:\/\/api.w.org\/{rel}","templated":true}]}}