{"id":7286,"date":"2023-07-05T16:32:34","date_gmt":"2023-07-05T14:32:34","guid":{"rendered":"https:\/\/rawa-ruska-union-nationale.fr\/?page_id=7286"},"modified":"2025-01-18T21:46:06","modified_gmt":"2025-01-18T20:46:06","slug":"atelier-et-congres-de-lunion-nationale","status":"publish","type":"page","link":"https:\/\/rawa-ruska-union-nationale.fr\/index.php\/atelier-et-congres-de-lunion-nationale\/","title":{"rendered":"Autour du congr\u00e8s"},"content":{"rendered":"\n<h2 class=\"wp-block-heading\"><em><strong><mark style=\"background-color:rgba(0, 0, 0, 0)\" class=\"has-inline-color has-vivid-cyan-blue-color\">Jeudi 12 octobre :  Atelier<\/mark><\/strong><\/em><br><\/h2>\n\n\n\n<p class=\"wp-block-paragraph\"><br>Le texte suivant sera remis aux participants et facilitera ainsi les \u00e9changes lors de l&#8217;Atelier<\/p>\n\n\n\n<blockquote class=\"wp-block-quote has-text-align-center is-layout-flow wp-block-quote-is-layout-flow\">\n<p class=\"wp-block-paragraph\"><\/p>\n<cite><a href=\"https:\/\/rawa-ruska-union-nationale.fr\/wp-content\/uploads\/2023\/07\/les-rawa-dieppois.pdf\" data-type=\"URL\" data-id=\"https:\/\/rawa-ruska-union-nationale.fr\/wp-content\/uploads\/2023\/07\/les-rawa-dieppois.pdf\">Des anciens de Rawa et de Kobierzyn <\/a><br><a href=\"https:\/\/rawa-ruska-union-nationale.fr\/wp-content\/uploads\/2023\/07\/les-rawa-dieppois.pdf\" data-type=\"URL\" data-id=\"https:\/\/rawa-ruska-union-nationale.fr\/wp-content\/uploads\/2023\/07\/les-rawa-dieppois.pdf\">lib\u00e9r\u00e9s par anticipation en 1943<\/a><br><a href=\"https:\/\/rawa-ruska-union-nationale.fr\/wp-content\/uploads\/2023\/07\/les-rawa-dieppois.pdf\" data-type=\"URL\" data-id=\"https:\/\/rawa-ruska-union-nationale.fr\/wp-content\/uploads\/2023\/07\/les-rawa-dieppois.pdf\"> en qualit\u00e9 de dieppois<\/a><\/cite><\/blockquote>\n\n\n\n<div class=\"wp-block-buttons is-content-justification-center is-layout-flex wp-container-core-buttons-is-layout-fe48e5de wp-block-buttons-is-layout-flex\"><\/div>\n\n\n\n<h2 class=\"wp-block-heading has-text-align-left\"><strong><em><mark style=\"background-color:rgba(0, 0, 0, 0)\" class=\"has-inline-color has-vivid-cyan-blue-color\">Vendredi 13 octobre : Congr\u00e8s<\/mark><\/em><\/strong><\/h2>\n\n\n\n<blockquote class=\"wp-block-quote is-layout-flow wp-block-quote-is-layout-flow\">\n<p class=\"wp-block-paragraph\"><strong><em>Mairie du XX\u00b0<\/em><\/strong><\/p>\n<\/blockquote>\n\n\n\n<p class=\"wp-block-paragraph\">9 h<strong> <em>Accueil des congressistes<\/em><\/strong><\/p>\n\n\n\n<p class=\"wp-block-paragraph\">9 h 15 Ouverture en musique avec les \u00e9l\u00e8ves du coll\u00e8ge Robert Doisneau et ceux de l\u2019\u00e9cole 103 avenue Gambetta dirig\u00e9s par leur professeur de musique Laurent Jochum,  Musique des gardiens de la Paix.<\/p>\n\n\n\n<p class=\"wp-block-paragraph\">9 h 45<strong><em> Conf\u00e9rence :<\/em><\/strong> <\/p>\n\n\n\n<p class=\"has-text-align-center wp-block-paragraph\"><strong>&#8220;Travail de M\u00e9moire et Transmission&#8221;<\/strong><br>par <strong><a href=\"https:\/\/rawa-ruska-union-nationale.fr\/wp-content\/uploads\/2023\/07\/Haim-Korsia.pdf\" data-type=\"URL\" data-id=\"https:\/\/rawa-ruska-union-nationale.fr\/wp-content\/uploads\/2023\/07\/Haim-Korsia.pdf\">Ha\u00efm Korsia<\/a><\/strong> Grand Rabbin de France, Secr\u00e9taire G\u00e9n\u00e9ral du Souvenir Fran\u00e7ais<\/p>\n\n\n\n<p class=\"wp-block-paragraph\">12 h 30 \u2013 14 h <em><strong>D\u00e9jeuner<\/strong><\/em><\/p>\n\n\n\n<p class=\"wp-block-paragraph\">15 h C\u00e9r\u00e9monie devant la st\u00e8le au <strong><em>cimeti\u00e8re du P\u00e8re-Lachaise<\/em><\/strong> avec les enfants d&#8217;\u00e9coles et la musique des gardiens de la paix<\/p>\n\n\n\n<p class=\"wp-block-paragraph\">18 h<strong><em> C\u00e9r\u00e9monie \u00e0 l\u2019Arc de Triomphe<\/em><\/strong><\/p>\n\n\n\n<p class=\"wp-block-paragraph\">Chorale des enfants sous la conduite de Laurent Jochum et la musique des gardiens de la paix<\/p>\n\n\n\n<p class=\"wp-block-paragraph\"><\/p>\n","protected":false},"excerpt":{"rendered":"<p>Jeudi 12 octobre : Atelier Le texte suivant sera remis aux participants et facilitera ainsi les \u00e9changes lors de l&#8217;Atelier Des anciens de Rawa et de Kobierzyn lib\u00e9r\u00e9s par anticipation en 1943 en qualit\u00e9 de dieppois Vendredi 13 octobre : Congr\u00e8s Mairie du XX\u00b0 9 h Accueil des congressistes 9 h 15 Ouverture en musique &hellip; <\/p>\n<p class=\"link-more\"><a href=\"https:\/\/rawa-ruska-union-nationale.fr\/index.php\/atelier-et-congres-de-lunion-nationale\/\" class=\"more-link\">Continuer la lecture<span class=\"screen-reader-text\"> de &laquo;&nbsp;Autour du congr\u00e8s&nbsp;&raquo;<\/span><\/a><\/p>\n","protected":false},"author":1,"featured_media":0,"parent":0,"menu_order":0,"comment_status":"closed","ping_status":"closed","template":"","meta":{"_bbp_topic_count":0,"_bbp_reply_count":0,"_bbp_total_topic_count":0,"_bbp_total_reply_count":0,"_bbp_voice_count":0,"_bbp_anonymous_reply_count":0,"_bbp_topic_count_hidden":0,"_bbp_reply_count_hidden":0,"_bbp_forum_subforum_count":0,"_crdt_document":"","two_page_speed":[],"footnotes":""},"class_list":["post-7286","page","type-page","status-publish","hentry"],"_links":{"self":[{"href":"https:\/\/rawa-ruska-union-nationale.fr\/index.php\/wp-json\/wp\/v2\/pages\/7286","targetHints":{"allow":["GET"]}}],"collection":[{"href":"https:\/\/rawa-ruska-union-nationale.fr\/index.php\/wp-json\/wp\/v2\/pages"}],"about":[{"href":"https:\/\/rawa-ruska-union-nationale.fr\/index.php\/wp-json\/wp\/v2\/types\/page"}],"author":[{"embeddable":true,"href":"https:\/\/rawa-ruska-union-nationale.fr\/index.php\/wp-json\/wp\/v2\/users\/1"}],"replies":[{"embeddable":true,"href":"https:\/\/rawa-ruska-union-nationale.fr\/index.php\/wp-json\/wp\/v2\/comments?post=7286"}],"version-history":[{"count":16,"href":"https:\/\/rawa-ruska-union-nationale.fr\/index.php\/wp-json\/wp\/v2\/pages\/7286\/revisions"}],"predecessor-version":[{"id":9162,"href":"https:\/\/rawa-ruska-union-nationale.fr\/index.php\/wp-json\/wp\/v2\/pages\/7286\/revisions\/9162"}],"wp:attachment":[{"href":"https:\/\/rawa-ruska-union-nationale.fr\/index.php\/wp-json\/wp\/v2\/media?parent=7286"}],"curies":[{"name":"wp","href":"https:\/\/api.w.org\/{rel}","templated":true}]}}