{"id":7327,"date":"2023-07-08T11:46:57","date_gmt":"2023-07-08T09:46:57","guid":{"rendered":"https:\/\/rawa-ruska-union-nationale.fr\/?page_id=7327"},"modified":"2023-07-08T11:46:58","modified_gmt":"2023-07-08T09:46:58","slug":"documents-denturck","status":"publish","type":"page","link":"https:\/\/rawa-ruska-union-nationale.fr\/index.php\/documents-denturck\/","title":{"rendered":"Documents Denturck"},"content":{"rendered":"\n<p class=\"wp-block-paragraph\">T\u00e9moignage des compagnons de captivit\u00e9 de Andr\u00e9 DENTUCK (fr\u00e8re L\u00e9andre DENTURCK en religion)<\/p>\n","protected":false},"excerpt":{"rendered":"<p>T\u00e9moignage des compagnons de captivit\u00e9 de Andr\u00e9 DENTUCK (fr\u00e8re L\u00e9andre DENTURCK en religion)<\/p>\n","protected":false},"author":1,"featured_media":0,"parent":0,"menu_order":0,"comment_status":"closed","ping_status":"closed","template":"","meta":{"_bbp_topic_count":0,"_bbp_reply_count":0,"_bbp_total_topic_count":0,"_bbp_total_reply_count":0,"_bbp_voice_count":0,"_bbp_anonymous_reply_count":0,"_bbp_topic_count_hidden":0,"_bbp_reply_count_hidden":0,"_bbp_forum_subforum_count":0,"_crdt_document":"","two_page_speed":[],"footnotes":""},"class_list":["post-7327","page","type-page","status-publish","hentry"],"_links":{"self":[{"href":"https:\/\/rawa-ruska-union-nationale.fr\/index.php\/wp-json\/wp\/v2\/pages\/7327","targetHints":{"allow":["GET"]}}],"collection":[{"href":"https:\/\/rawa-ruska-union-nationale.fr\/index.php\/wp-json\/wp\/v2\/pages"}],"about":[{"href":"https:\/\/rawa-ruska-union-nationale.fr\/index.php\/wp-json\/wp\/v2\/types\/page"}],"author":[{"embeddable":true,"href":"https:\/\/rawa-ruska-union-nationale.fr\/index.php\/wp-json\/wp\/v2\/users\/1"}],"replies":[{"embeddable":true,"href":"https:\/\/rawa-ruska-union-nationale.fr\/index.php\/wp-json\/wp\/v2\/comments?post=7327"}],"version-history":[{"count":2,"href":"https:\/\/rawa-ruska-union-nationale.fr\/index.php\/wp-json\/wp\/v2\/pages\/7327\/revisions"}],"predecessor-version":[{"id":7329,"href":"https:\/\/rawa-ruska-union-nationale.fr\/index.php\/wp-json\/wp\/v2\/pages\/7327\/revisions\/7329"}],"wp:attachment":[{"href":"https:\/\/rawa-ruska-union-nationale.fr\/index.php\/wp-json\/wp\/v2\/media?parent=7327"}],"curies":[{"name":"wp","href":"https:\/\/api.w.org\/{rel}","templated":true}]}}