{"id":7410,"date":"2023-07-14T21:40:37","date_gmt":"2023-07-14T19:40:37","guid":{"rendered":"https:\/\/rawa-ruska-union-nationale.fr\/?page_id=7410"},"modified":"2023-07-15T21:18:12","modified_gmt":"2023-07-15T19:18:12","slug":"documents-dunand-raymond","status":"publish","type":"page","link":"https:\/\/rawa-ruska-union-nationale.fr\/index.php\/documents-dunand-raymond\/","title":{"rendered":"Documents Dunand Raymond"},"content":{"rendered":"<div class=\"wp-block-image\">\n<figure class=\"aligncenter size-thumbnail\"><img loading=\"lazy\" decoding=\"async\" width=\"150\" height=\"150\" src=\"https:\/\/rawa-ruska-union-nationale.fr\/wp-content\/uploads\/2023\/07\/Dunand_photo-150x150.jpg\" alt=\"\" class=\"wp-image-7406\" srcset=\"https:\/\/rawa-ruska-union-nationale.fr\/wp-content\/uploads\/2023\/07\/Dunand_photo-150x150.jpg 150w, https:\/\/rawa-ruska-union-nationale.fr\/wp-content\/uploads\/2023\/07\/Dunand_photo-100x100.jpg 100w\" sizes=\"auto, (max-width: 150px) 100vw, 150px\" \/><\/figure>\n<\/div>\n\n\n<div class=\"wp-block-buttons is-layout-flex wp-block-buttons-is-layout-flex\">\n<div class=\"wp-block-button\"><a class=\"wp-block-button__link has-vivid-cyan-blue-background-color has-background wp-element-button\" href=\"https:\/\/rawa-ruska-union-nationale.fr\/wp-content\/uploads\/2023\/07\/Dunand-attestations.pdf\">T\u00e9moins<\/a><\/div>\n<\/div>\n\n\n\n<div class=\"wp-block-buttons is-layout-flex wp-block-buttons-is-layout-flex\">\n<div class=\"wp-block-button\"><a class=\"wp-block-button__link has-vivid-cyan-blue-background-color has-background wp-element-button\" href=\"https:\/\/rawa-ruska-union-nationale.fr\/wp-content\/uploads\/2023\/07\/Dunand_Envols.pdf\">T\u00e9moignage Envols<\/a><\/div>\n<\/div>\n\n\n\n<div class=\"wp-block-buttons is-layout-flex wp-block-buttons-is-layout-flex\">\n<div class=\"wp-block-button\"><a class=\"wp-block-button__link has-vivid-cyan-blue-background-color has-background wp-element-button\" href=\"https:\/\/rawa-ruska-union-nationale.fr\/wp-content\/uploads\/2023\/07\/Dunand_CG_Hte_Savoie.pdf\">T\u00e9moignage Conseil G\u00e9n\u00e9ral Hte Savoie<\/a><\/div>\n<\/div>\n","protected":false},"excerpt":{"rendered":"","protected":false},"author":1,"featured_media":0,"parent":0,"menu_order":0,"comment_status":"closed","ping_status":"closed","template":"","meta":{"_bbp_topic_count":0,"_bbp_reply_count":0,"_bbp_total_topic_count":0,"_bbp_total_reply_count":0,"_bbp_voice_count":0,"_bbp_anonymous_reply_count":0,"_bbp_topic_count_hidden":0,"_bbp_reply_count_hidden":0,"_bbp_forum_subforum_count":0,"_crdt_document":"","two_page_speed":[],"footnotes":""},"class_list":["post-7410","page","type-page","status-publish","hentry"],"_links":{"self":[{"href":"https:\/\/rawa-ruska-union-nationale.fr\/index.php\/wp-json\/wp\/v2\/pages\/7410","targetHints":{"allow":["GET"]}}],"collection":[{"href":"https:\/\/rawa-ruska-union-nationale.fr\/index.php\/wp-json\/wp\/v2\/pages"}],"about":[{"href":"https:\/\/rawa-ruska-union-nationale.fr\/index.php\/wp-json\/wp\/v2\/types\/page"}],"author":[{"embeddable":true,"href":"https:\/\/rawa-ruska-union-nationale.fr\/index.php\/wp-json\/wp\/v2\/users\/1"}],"replies":[{"embeddable":true,"href":"https:\/\/rawa-ruska-union-nationale.fr\/index.php\/wp-json\/wp\/v2\/comments?post=7410"}],"version-history":[{"count":6,"href":"https:\/\/rawa-ruska-union-nationale.fr\/index.php\/wp-json\/wp\/v2\/pages\/7410\/revisions"}],"predecessor-version":[{"id":7421,"href":"https:\/\/rawa-ruska-union-nationale.fr\/index.php\/wp-json\/wp\/v2\/pages\/7410\/revisions\/7421"}],"wp:attachment":[{"href":"https:\/\/rawa-ruska-union-nationale.fr\/index.php\/wp-json\/wp\/v2\/media?parent=7410"}],"curies":[{"name":"wp","href":"https:\/\/api.w.org\/{rel}","templated":true}]}}