{"id":7453,"date":"2023-07-20T22:07:29","date_gmt":"2023-07-20T20:07:29","guid":{"rendered":"https:\/\/rawa-ruska-union-nationale.fr\/?page_id=7453"},"modified":"2023-11-18T16:07:45","modified_gmt":"2023-11-18T15:07:45","slug":"__trashed","status":"publish","type":"page","link":"https:\/\/rawa-ruska-union-nationale.fr\/index.php\/__trashed\/","title":{"rendered":"Documents  Zwierzyniec"},"content":{"rendered":"\r\n<h2 class=\"wp-block-heading\">\u00c9vad\u00e9s bretons : article de presse<\/h2>\r\n\r\n\r\n\r\n\r\n\r\n<h2 class=\"wp-block-heading\">Listes des \u00e9vad\u00e9s<\/h2>\r\n\r\n\r\n\n","protected":false},"excerpt":{"rendered":"<p>\u00c9vad\u00e9s bretons : article de presse Listes des \u00e9vad\u00e9s<\/p>\n","protected":false},"author":1,"featured_media":0,"parent":0,"menu_order":0,"comment_status":"closed","ping_status":"closed","template":"","meta":{"_bbp_topic_count":0,"_bbp_reply_count":0,"_bbp_total_topic_count":0,"_bbp_total_reply_count":0,"_bbp_voice_count":0,"_bbp_anonymous_reply_count":0,"_bbp_topic_count_hidden":0,"_bbp_reply_count_hidden":0,"_bbp_forum_subforum_count":0,"_crdt_document":"","two_page_speed":[],"footnotes":""},"class_list":["post-7453","page","type-page","status-publish","hentry"],"_links":{"self":[{"href":"https:\/\/rawa-ruska-union-nationale.fr\/index.php\/wp-json\/wp\/v2\/pages\/7453","targetHints":{"allow":["GET"]}}],"collection":[{"href":"https:\/\/rawa-ruska-union-nationale.fr\/index.php\/wp-json\/wp\/v2\/pages"}],"about":[{"href":"https:\/\/rawa-ruska-union-nationale.fr\/index.php\/wp-json\/wp\/v2\/types\/page"}],"author":[{"embeddable":true,"href":"https:\/\/rawa-ruska-union-nationale.fr\/index.php\/wp-json\/wp\/v2\/users\/1"}],"replies":[{"embeddable":true,"href":"https:\/\/rawa-ruska-union-nationale.fr\/index.php\/wp-json\/wp\/v2\/comments?post=7453"}],"version-history":[{"count":13,"href":"https:\/\/rawa-ruska-union-nationale.fr\/index.php\/wp-json\/wp\/v2\/pages\/7453\/revisions"}],"predecessor-version":[{"id":8014,"href":"https:\/\/rawa-ruska-union-nationale.fr\/index.php\/wp-json\/wp\/v2\/pages\/7453\/revisions\/8014"}],"wp:attachment":[{"href":"https:\/\/rawa-ruska-union-nationale.fr\/index.php\/wp-json\/wp\/v2\/media?parent=7453"}],"curies":[{"name":"wp","href":"https:\/\/api.w.org\/{rel}","templated":true}]}}