{"id":7687,"date":"2023-08-22T09:45:37","date_gmt":"2023-08-22T07:45:37","guid":{"rendered":"https:\/\/rawa-ruska-union-nationale.fr\/?page_id=7687"},"modified":"2023-08-22T10:13:16","modified_gmt":"2023-08-22T08:13:16","slug":"documents-gaboury","status":"publish","type":"page","link":"https:\/\/rawa-ruska-union-nationale.fr\/index.php\/documents-gaboury\/","title":{"rendered":"Documents Gaboury"},"content":{"rendered":"<div class=\"wp-block-image\">\n<figure class=\"aligncenter size-thumbnail\"><img loading=\"lazy\" decoding=\"async\" width=\"150\" height=\"150\" src=\"https:\/\/rawa-ruska-union-nationale.fr\/wp-content\/uploads\/2020\/03\/Gaboury_legion-150x150.jpg\" alt=\"\" class=\"wp-image-1637\" srcset=\"https:\/\/rawa-ruska-union-nationale.fr\/wp-content\/uploads\/2020\/03\/Gaboury_legion-150x150.jpg 150w, https:\/\/rawa-ruska-union-nationale.fr\/wp-content\/uploads\/2020\/03\/Gaboury_legion-100x100.jpg 100w\" sizes=\"auto, (max-width: 150px) 100vw, 150px\" \/><\/figure>\n<\/div>\n\n\n<div class=\"wp-block-buttons is-layout-flex wp-block-buttons-is-layout-flex\">\n<div class=\"wp-block-button\"><a class=\"wp-block-button__link has-vivid-cyan-blue-background-color has-background wp-element-button\" href=\"https:\/\/rawa-ruska-union-nationale.fr\/wp-content\/uploads\/2023\/08\/Gaboury-attestations.pdf\">T\u00e9moins de captivit\u00e9<\/a><\/div>\n<\/div>\n\n\n\n<h4 class=\"wp-block-heading has-text-align-center\"><strong><em>D\u00e9c\u00e9d\u00e9 le 29 ao\u00fbt 2021 \u2013 108 ans<br><\/em><\/strong>L\u00e9gion d\u2019honneur<br>IR<\/h4>\n\n\n\n<p class=\"wp-block-paragraph\"><em>Extraits de Envols N\u00b0 289 \u2013 Juin 2016<\/em><\/p>\n\n\n\n<p class=\"wp-block-paragraph\">D\u2019un naturel curieux et cherchant toujours \u00e0 comprendre le pourquoi du comment, Francis apprend \u00e0 lire et \u00e0 \u00e9crire, mais ne passe pas le CEP lors de ses \u00e9tudes primaires. Il fr\u00e9quente alors l\u2019\u00e9cole libre&#8230;<\/p>\n\n\n\n<p class=\"wp-block-paragraph\">A 12 ans, Francis quitte l\u2019\u00e9cole et devient domestique de ferme&nbsp;: plus tard il travaille avec son p\u00e8re charron. L\u2019hiver les soir\u00e9es sont longues, Francis n\u2019aime pas fr\u00e9quenter les bistrots, aussi s\u2019adresse-t-il \u00e0 son ancien ma\u00eetre d\u2019\u00e9cole pour prendre des cours du soir. Celui-ci refuse. N\u2019admettant pas de rester sur un \u00e9chec le jeune homme sollicite l\u2019instituteur de l\u2019\u00e9cole la\u00efque qui accepte. C\u2019est ainsi que l\u2019\u2019enseignant de l\u2019\u00e9cole libre, apprenant que Francis va prendre des cours du soir avec l\u2019instituteur de l\u2019\u00e9cole la\u00efque, consent \u00e0 son tour, \u00e0 condition que d\u2019autres camarades participent pour constituer un groupe. C\u2019est de cette mani\u00e8re que, tous les jours de la semaine, Francis profitera des cours du soir donn\u00e9s dans les deux \u00e9tablissements scolaires.<\/p>\n\n\n\n<p class=\"wp-block-paragraph\">Peu de temps apr\u00e8s avoir \u00e9t\u00e9 lib\u00e9r\u00e9 de son service militaire, Francis est rappel\u00e9&nbsp;: \u00e0 la mobilisation, la guerre est d\u00e9clar\u00e9e.<\/p>\n\n\n\n<p class=\"wp-block-paragraph\">En juin 1940, \u00e0 la d\u00e9b\u00e2cle, un gros dictionnaire (7kg) en deux volumes se retrouve sur son chemin, abandonn\u00e9 par une population en exode<s>s<\/s>. Ces volumineux ouvrages, encombrant la route, sont l\u2019objet de coups de pied. Francis, pour qui ces livres renferment le savoir, ne peut s\u2019emp\u00eacher de les r\u00e9cup\u00e9rer. Fait prisonnier, il ne se s\u00e9pare jamais du pr\u00e9cieux dictionnaire, qui devient utile aussi aux autres d\u00e9tenus, pour la r\u00e9daction de leurs courriers.<\/p>\n\n\n\n<p class=\"wp-block-paragraph\">Le 1<sup>er<\/sup> avril 1942 il s\u2019\u00e9vade avec un camarade rencontr\u00e9 pendant la d\u00e9b\u00e2cle. Il est alors contraint d\u2019abandonner son dictionnaire sur place. Repris \u00e0 peine une semaine plus tard, il est arr\u00eat\u00e9 et dirig\u00e9 sur le camp de Rawa Ruska. Il tombe tr\u00e8s malade et croit ne jamais revoir les siens&#8230;<\/p>\n\n\n\n<p class=\"wp-block-paragraph\">Dans le camp se c\u00f4toient toutes les cat\u00e9gories socioprofessionnelles, prisonniers instruits comme illettr\u00e9s. Francis demande \u00e0 un officier fran\u00e7ais qui donne d\u00e9j\u00e0 des cours \u00e0 quatre ou cinq, s\u2019il ne pourrait pas se joindre au groupe. \u00ab&nbsp;Eux ne savent ni lire ni \u00e9crire&nbsp;\u00bb r\u00e9pond le professeur. Mais Francis, d\u00e9termin\u00e9<s>s<\/s>, recrute quelques autres camarades volontaires comme lui. C\u2019est ainsi qu\u2019il b\u00e9n\u00e9ficiera avec eux de cours donn\u00e9s par ce grad\u00e9. En 1943 est organis\u00e9 l\u2019examen de certificat d\u2019\u00e9tudes. Apr\u00e8s un tel parcours, depuis les cours du soir de l\u2019adolescent, jusqu\u2019\u00e0 l\u2019enseignement re\u00e7u pendant sa d\u00e9tention, en passant par le tr\u00e9sor de savoir renferm\u00e9 dans le dictionnaire et prot\u00e9g\u00e9 avec obstination jusqu\u2019au dernier moment, la d\u00e9termination de Francis porte ses fruits&nbsp;: il est re\u00e7u.<\/p>\n\n\n\n<p class=\"wp-block-paragraph\">A la fin de la guerre, de retour dans sa famille, Francis aura l\u2019agr\u00e9able surprise de recevoir son fameux dipl\u00f4me&nbsp;: ce CEP valid\u00e9 par l\u2019inspecteur d\u2019Acad\u00e9mie d\u2019Ille et Vilaine&nbsp;: Monsieur Cou\u00e9, le 15 juin 1945.<\/p>\n\n\n\n<p class=\"wp-block-paragraph\">Autre bonne surprise&nbsp;: les deux gros volumes du dictionnaire sont l\u00e0, adress\u00e9s par le gardien autrichien, un homme bon et g\u00e9n\u00e9reux. Par la suite, les deux hommes se reverront et tisseront de forts liens d\u2019amiti\u00e9<\/p>\n","protected":false},"excerpt":{"rendered":"<p>D\u00e9c\u00e9d\u00e9 le 29 ao\u00fbt 2021 \u2013 108 ansL\u00e9gion d\u2019honneurIR Extraits de Envols N\u00b0 289 \u2013 Juin 2016 D\u2019un naturel curieux et cherchant toujours \u00e0 comprendre le pourquoi du comment, Francis apprend \u00e0 lire et \u00e0 \u00e9crire, mais ne passe pas le CEP lors de ses \u00e9tudes primaires. Il fr\u00e9quente alors l\u2019\u00e9cole libre&#8230; A 12 ans, &hellip; <\/p>\n<p class=\"link-more\"><a href=\"https:\/\/rawa-ruska-union-nationale.fr\/index.php\/documents-gaboury\/\" class=\"more-link\">Continuer la lecture<span class=\"screen-reader-text\"> de &laquo;&nbsp;Documents Gaboury&nbsp;&raquo;<\/span><\/a><\/p>\n","protected":false},"author":1,"featured_media":0,"parent":0,"menu_order":0,"comment_status":"closed","ping_status":"closed","template":"","meta":{"_bbp_topic_count":0,"_bbp_reply_count":0,"_bbp_total_topic_count":0,"_bbp_total_reply_count":0,"_bbp_voice_count":0,"_bbp_anonymous_reply_count":0,"_bbp_topic_count_hidden":0,"_bbp_reply_count_hidden":0,"_bbp_forum_subforum_count":0,"_crdt_document":"","two_page_speed":[],"footnotes":""},"class_list":["post-7687","page","type-page","status-publish","hentry"],"_links":{"self":[{"href":"https:\/\/rawa-ruska-union-nationale.fr\/index.php\/wp-json\/wp\/v2\/pages\/7687","targetHints":{"allow":["GET"]}}],"collection":[{"href":"https:\/\/rawa-ruska-union-nationale.fr\/index.php\/wp-json\/wp\/v2\/pages"}],"about":[{"href":"https:\/\/rawa-ruska-union-nationale.fr\/index.php\/wp-json\/wp\/v2\/types\/page"}],"author":[{"embeddable":true,"href":"https:\/\/rawa-ruska-union-nationale.fr\/index.php\/wp-json\/wp\/v2\/users\/1"}],"replies":[{"embeddable":true,"href":"https:\/\/rawa-ruska-union-nationale.fr\/index.php\/wp-json\/wp\/v2\/comments?post=7687"}],"version-history":[{"count":6,"href":"https:\/\/rawa-ruska-union-nationale.fr\/index.php\/wp-json\/wp\/v2\/pages\/7687\/revisions"}],"predecessor-version":[{"id":7697,"href":"https:\/\/rawa-ruska-union-nationale.fr\/index.php\/wp-json\/wp\/v2\/pages\/7687\/revisions\/7697"}],"wp:attachment":[{"href":"https:\/\/rawa-ruska-union-nationale.fr\/index.php\/wp-json\/wp\/v2\/media?parent=7687"}],"curies":[{"name":"wp","href":"https:\/\/api.w.org\/{rel}","templated":true}]}}