{"id":7864,"date":"2023-11-09T21:50:10","date_gmt":"2023-11-09T20:50:10","guid":{"rendered":"https:\/\/rawa-ruska-union-nationale.fr\/?page_id=7864"},"modified":"2025-01-21T21:30:59","modified_gmt":"2025-01-21T20:30:59","slug":"communiques","status":"publish","type":"page","link":"https:\/\/rawa-ruska-union-nationale.fr\/index.php\/communiques\/","title":{"rendered":"Communiqu\u00e9s"},"content":{"rendered":"\n<p class=\"wp-block-paragraph\">Ne sont affich\u00e9s que les communiqu\u00e9s ayant encore quelques actualit\u00e9s<\/p>\n\n\n\n<div class=\"wp-block-group is-nowrap is-layout-flex wp-container-core-group-is-layout-8f761849 wp-block-group-is-layout-flex\">\n<div class=\"wp-block-group\"><div class=\"wp-block-group__inner-container is-layout-constrained wp-block-group-is-layout-constrained\">\n<div class=\"wp-block-columns is-layout-flex wp-container-core-columns-is-layout-8f761849 wp-block-columns-is-layout-flex\">\n<div class=\"wp-block-column is-layout-flow wp-block-column-is-layout-flow\" style=\"flex-basis:100%\">\n<figure class=\"wp-block-table is-style-regular\"><table class=\"has-cyan-bluish-gray-background-color has-background\"><thead><tr><th class=\"has-text-align-center\" data-align=\"center\">Num\u00e9ro<\/th><th class=\"has-text-align-center\" data-align=\"center\">Date<\/th><th>Libell\u00e9<\/th><\/tr><\/thead><tbody><tr><td class=\"has-text-align-center\" data-align=\"center\">1<\/td><td class=\"has-text-align-center\" data-align=\"center\"><em><strong>18 janvier<\/strong><\/em> <strong>2025<\/strong><\/td><td><strong><a href=\"https:\/\/rawa-ruska-union-nationale.fr\/wp-content\/uploads\/2025\/01\/Communique-1-2025.pdf\">Tarif du livre du 80\u00e8me anniversaire<\/a><\/strong>&nbsp;<\/td><\/tr><tr><td class=\"has-text-align-center\" data-align=\"center\">2<\/td><td class=\"has-text-align-center\" data-align=\"center\"><strong><em>18 janvier<\/em> 2025<\/strong><\/td><td><strong><a href=\"https:\/\/rawa-ruska-union-nationale.fr\/wp-content\/uploads\/2025\/01\/Communique-2-2025.pdf\">Pi\u00e8ce de th\u00e9\u00e2tre &#8220;A l&#8217;abri des gouttes de pluie&#8221;<\/a><\/strong><\/td><\/tr><tr><td class=\"has-text-align-center\" data-align=\"center\">&nbsp;3<\/td><td class=\"has-text-align-center\" data-align=\"center\"><strong><em>18 janvier<\/em> 2025<\/strong><\/td><td><strong><a href=\"https:\/\/rawa-ruska-union-nationale.fr\/wp-content\/uploads\/2025\/01\/Communique-3-2025.pdf\">Projet de fascicule sur le retour des prisonniers<\/a><\/strong><\/td><\/tr><tr><td class=\"has-text-align-center\" data-align=\"center\"><strong>4<\/strong><\/td><td class=\"has-text-align-center\" data-align=\"center\"><strong><em>21 janvier2025<\/em><\/strong><\/td><td><strong><a href=\"https:\/\/rawa-ruska-union-nationale.fr\/wp-content\/uploads\/2025\/01\/Communique-4-2025.pdf\">H\u00e9bergement <\/a>pour comm\u00e9moration du retour des PG<br><\/strong>journ\u00e9e du 5-6 novembre<\/td><\/tr><tr><td class=\"has-text-align-center\" data-align=\"center\">3<\/td><td class=\"has-text-align-center\" data-align=\"center\"><strong><em>4 avril 2022<\/em><\/strong><\/td><td><strong><a href=\"https:\/\/rawa-ruska-union-nationale.fr\/wp-content\/uploads\/2022\/04\/Communique-n\u00b0-3-union-nationale-situation-en-ukraine.pdf\">Situation en Ukraine<\/a><\/strong><br>Actions Croix Rouge<\/td><\/tr><tr><td class=\"has-text-align-center\" data-align=\"center\">1<\/td><td class=\"has-text-align-center\" data-align=\"center\"><strong><em>11 mars 2022<\/em><\/strong><\/td><td>\n<p><strong><a href=\"https:\/\/rawa-ruska-union-nationale.fr\/wp-content\/uploads\/2022\/03\/Communique-1_-Ukraine.pdf\">Situation en Ukraine<\/a><\/strong><br>Condamnation de l&#8217;intervention<\/p>\n<\/td><\/tr><\/tbody><\/table><\/figure>\n<\/div>\n<\/div>\n<\/div><\/div>\n<\/div>\n\n\n\n<p class=\"wp-block-paragraph\"><\/p>\n","protected":false},"excerpt":{"rendered":"<p>Ne sont affich\u00e9s que les communiqu\u00e9s ayant encore quelques actualit\u00e9s Num\u00e9ro Date Libell\u00e9 1 18 janvier 2025 Tarif du livre du 80\u00e8me anniversaire&nbsp; 2 18 janvier 2025 Pi\u00e8ce de th\u00e9\u00e2tre &#8220;A l&#8217;abri des gouttes de pluie&#8221; &nbsp;3 18 janvier 2025 Projet de fascicule sur le retour des prisonniers 4 21 janvier2025 H\u00e9bergement pour comm\u00e9moration du &hellip; <\/p>\n<p class=\"link-more\"><a href=\"https:\/\/rawa-ruska-union-nationale.fr\/index.php\/communiques\/\" class=\"more-link\">Continuer la lecture<span class=\"screen-reader-text\"> de &laquo;&nbsp;Communiqu\u00e9s&nbsp;&raquo;<\/span><\/a><\/p>\n","protected":false},"author":1,"featured_media":0,"parent":0,"menu_order":0,"comment_status":"closed","ping_status":"closed","template":"","meta":{"_bbp_topic_count":0,"_bbp_reply_count":0,"_bbp_total_topic_count":0,"_bbp_total_reply_count":0,"_bbp_voice_count":0,"_bbp_anonymous_reply_count":0,"_bbp_topic_count_hidden":0,"_bbp_reply_count_hidden":0,"_bbp_forum_subforum_count":0,"_crdt_document":"","two_page_speed":[],"footnotes":""},"class_list":["post-7864","page","type-page","status-publish","hentry"],"_links":{"self":[{"href":"https:\/\/rawa-ruska-union-nationale.fr\/index.php\/wp-json\/wp\/v2\/pages\/7864","targetHints":{"allow":["GET"]}}],"collection":[{"href":"https:\/\/rawa-ruska-union-nationale.fr\/index.php\/wp-json\/wp\/v2\/pages"}],"about":[{"href":"https:\/\/rawa-ruska-union-nationale.fr\/index.php\/wp-json\/wp\/v2\/types\/page"}],"author":[{"embeddable":true,"href":"https:\/\/rawa-ruska-union-nationale.fr\/index.php\/wp-json\/wp\/v2\/users\/1"}],"replies":[{"embeddable":true,"href":"https:\/\/rawa-ruska-union-nationale.fr\/index.php\/wp-json\/wp\/v2\/comments?post=7864"}],"version-history":[{"count":40,"href":"https:\/\/rawa-ruska-union-nationale.fr\/index.php\/wp-json\/wp\/v2\/pages\/7864\/revisions"}],"predecessor-version":[{"id":9219,"href":"https:\/\/rawa-ruska-union-nationale.fr\/index.php\/wp-json\/wp\/v2\/pages\/7864\/revisions\/9219"}],"wp:attachment":[{"href":"https:\/\/rawa-ruska-union-nationale.fr\/index.php\/wp-json\/wp\/v2\/media?parent=7864"}],"curies":[{"name":"wp","href":"https:\/\/api.w.org\/{rel}","templated":true}]}}