{"id":8154,"date":"2023-12-11T21:08:46","date_gmt":"2023-12-11T20:08:46","guid":{"rendered":"https:\/\/rawa-ruska-union-nationale.fr\/?page_id=8154"},"modified":"2023-12-11T22:40:19","modified_gmt":"2023-12-11T21:40:19","slug":"vols-au-memorial-de-marcinelle","status":"publish","type":"page","link":"https:\/\/rawa-ruska-union-nationale.fr\/index.php\/vols-au-memorial-de-marcinelle\/","title":{"rendered":"Vols au m\u00e9morial de Marcinelle"},"content":{"rendered":"<div class=\"wp-block-image is-style-default\">\n<figure class=\"aligncenter size-full\"><img loading=\"lazy\" decoding=\"async\" width=\"626\" height=\"817\" src=\"https:\/\/rawa-ruska-union-nationale.fr\/wp-content\/uploads\/2023\/12\/marcinelle_vol.jpg\" alt=\"\" class=\"wp-image-8157\" srcset=\"https:\/\/rawa-ruska-union-nationale.fr\/wp-content\/uploads\/2023\/12\/marcinelle_vol.jpg 626w, https:\/\/rawa-ruska-union-nationale.fr\/wp-content\/uploads\/2023\/12\/marcinelle_vol-230x300.jpg 230w, https:\/\/rawa-ruska-union-nationale.fr\/wp-content\/uploads\/2023\/12\/marcinelle_vol-460x600.jpg 460w\" sizes=\"auto, (max-width: 626px) 100vw, 626px\" \/><\/figure>\n<\/div>\n\n\n<p class=\"has-text-align-center wp-block-paragraph\"><a href=\"https:\/\/rawa-ruska-union-nationale.fr\/wp-content\/uploads\/2023\/12\/consternant.pdf\">Courriel de Pascal FAQUE<\/a><\/p>\n\n\n\n<p class=\"wp-block-paragraph\"><\/p>\n\n\n\n<h2 class=\"wp-block-heading\"><strong>Inscription de la plaque<\/strong><\/h2>\n\n\n\n<blockquote class=\"wp-block-quote is-layout-flow wp-block-quote-is-layout-flow\">\n<p class=\"has-text-align-center wp-block-paragraph\">&#8220;M\u00c9MOIRE \u00c9TERNELLE<br>AUX PATRIOTES<br>FRAN\u00c7AIS ET BELGES<br>TOMB\u00c9S DANS LA LUTTE<br>CONTRE LE NAZISME<br>\u00c0 RAWA RUSKA URSS<br>1942-1944<br><br><strong>\u0412\u0406\u0427\u041d\u0410 \u041f\u0410\u041c\u042f\u0422\u042c<br>\u0424\u0420\u0410\u041d\u0426\u0423\u0417\u042c\u041a\u0418\u041c<br>\u0406 \u0411\u0415\u041b\u042c\u0413\u0406\u0418\u0421\u042c\u041a\u0418\u041c<br>\u041f\u0410\u0422\u0420\u0406\u041e\u0422\u0410\u041c<br>\u0429\u041e \u0412\u041f\u0410\u041b\u0418 \u0412 \u0411\u041e\u0420\u041e\u0422\u042c\u0411\u0406<br>\u041f\u0420\u041e\u0422\u0418 \u041d\u0410\u0426\u0418\u0417\u041c\u0423<br>\u0412 \u0420\u0410\u0412\u0406 \u0420\u0423\u0421\u042c\u041a\u0406\u0418 \u0421\u0421\u0421<\/strong>P<br><br><strong>DON DE NOTRE COMPAGNON<br>ALBERT PETERS&#8221;<\/strong><\/p>\n<\/blockquote>\n\n\n\n<div class=\"wp-block-buttons is-layout-flex wp-block-buttons-is-layout-flex\">\n<div class=\"wp-block-button\"><a class=\"wp-block-button__link has-vivid-cyan-blue-background-color has-background wp-element-button\" href=\"https:\/\/rawa-ruska-union-nationale.fr\/index.php\/carte-interactive\/\">Vers Lieux de m\u00e9moire<\/a><\/div>\n<\/div>\n","protected":false},"excerpt":{"rendered":"<p>Courriel de Pascal FAQUE Inscription de la plaque &#8220;M\u00c9MOIRE \u00c9TERNELLEAUX PATRIOTESFRAN\u00c7AIS ET BELGESTOMB\u00c9S DANS LA LUTTECONTRE LE NAZISME\u00c0 RAWA RUSKA URSS1942-1944 \u0412\u0406\u0427\u041d\u0410 \u041f\u0410\u041c\u042f\u0422\u042c\u0424\u0420\u0410\u041d\u0426\u0423\u0417\u042c\u041a\u0418\u041c\u0406 \u0411\u0415\u041b\u042c\u0413\u0406\u0418\u0421\u042c\u041a\u0418\u041c\u041f\u0410\u0422\u0420\u0406\u041e\u0422\u0410\u041c\u0429\u041e \u0412\u041f\u0410\u041b\u0418 \u0412 \u0411\u041e\u0420\u041e\u0422\u042c\u0411\u0406\u041f\u0420\u041e\u0422\u0418 \u041d\u0410\u0426\u0418\u0417\u041c\u0423\u0412 \u0420\u0410\u0412\u0406 \u0420\u0423\u0421\u042c\u041a\u0406\u0418 \u0421\u0421\u0421P DON DE NOTRE COMPAGNONALBERT PETERS&#8221;<\/p>\n","protected":false},"author":1,"featured_media":0,"parent":0,"menu_order":0,"comment_status":"closed","ping_status":"closed","template":"","meta":{"_bbp_topic_count":0,"_bbp_reply_count":0,"_bbp_total_topic_count":0,"_bbp_total_reply_count":0,"_bbp_voice_count":0,"_bbp_anonymous_reply_count":0,"_bbp_topic_count_hidden":0,"_bbp_reply_count_hidden":0,"_bbp_forum_subforum_count":0,"_crdt_document":"","two_page_speed":[],"footnotes":""},"class_list":["post-8154","page","type-page","status-publish","hentry"],"_links":{"self":[{"href":"https:\/\/rawa-ruska-union-nationale.fr\/index.php\/wp-json\/wp\/v2\/pages\/8154","targetHints":{"allow":["GET"]}}],"collection":[{"href":"https:\/\/rawa-ruska-union-nationale.fr\/index.php\/wp-json\/wp\/v2\/pages"}],"about":[{"href":"https:\/\/rawa-ruska-union-nationale.fr\/index.php\/wp-json\/wp\/v2\/types\/page"}],"author":[{"embeddable":true,"href":"https:\/\/rawa-ruska-union-nationale.fr\/index.php\/wp-json\/wp\/v2\/users\/1"}],"replies":[{"embeddable":true,"href":"https:\/\/rawa-ruska-union-nationale.fr\/index.php\/wp-json\/wp\/v2\/comments?post=8154"}],"version-history":[{"count":9,"href":"https:\/\/rawa-ruska-union-nationale.fr\/index.php\/wp-json\/wp\/v2\/pages\/8154\/revisions"}],"predecessor-version":[{"id":8175,"href":"https:\/\/rawa-ruska-union-nationale.fr\/index.php\/wp-json\/wp\/v2\/pages\/8154\/revisions\/8175"}],"wp:attachment":[{"href":"https:\/\/rawa-ruska-union-nationale.fr\/index.php\/wp-json\/wp\/v2\/media?parent=8154"}],"curies":[{"name":"wp","href":"https:\/\/api.w.org\/{rel}","templated":true}]}}