{"id":822,"date":"2019-06-06T21:43:06","date_gmt":"2019-06-06T19:43:06","guid":{"rendered":"http:\/\/rawa-ruska-union-nationale.fr\/?p=822"},"modified":"2025-12-31T18:13:04","modified_gmt":"2025-12-31T17:13:04","slug":"lot-et-garonne","status":"publish","type":"page","link":"https:\/\/rawa-ruska-union-nationale.fr\/index.php\/lot-et-garonne\/","title":{"rendered":"Lot-et-Garonne, P\u00e9rigord Quercy"},"content":{"rendered":"<h3 style=\"text-align: center;\">C\u00e9l\u00e9bration du 13 avril 2022<br \/>\n80e anniversaire du premier convoi.<\/h3>\n<h4>Extrait de presse &#8211; Sud-Ouest<\/h4>\n\n<h4>Extrait de presse &#8211; La d\u00e9p\u00e8che<\/h4>\n\n<h2 style=\"text-align: center;\">M\u00e9daille d&#8217;or de la m\u00e9daille militaire<br \/>\nGeorges Lavergne &#8211; 01\/03\/2021<\/h2>\n\n<h2 style=\"text-align: center;\"><strong>Inauguration <\/strong><strong>d&#8217;un panneau comm\u00e9moratif<br \/>\nHerv\u00e9 Ducasse &#8211; 17\/02\/2021<\/strong><\/h2>\n\n","protected":false},"excerpt":{"rendered":"<p>C\u00e9l\u00e9bration du 13 avril 2022 80e anniversaire du premier convoi. Extrait de presse &#8211; Sud-Ouest Extrait de presse &#8211; La d\u00e9p\u00e8che M\u00e9daille d&#8217;or de la m\u00e9daille militaire Georges Lavergne &#8211; 01\/03\/2021 Inauguration d&#8217;un panneau comm\u00e9moratif Herv\u00e9 Ducasse &#8211; 17\/02\/2021<\/p>\n","protected":false},"author":1,"featured_media":0,"parent":0,"menu_order":0,"comment_status":"closed","ping_status":"closed","template":"","meta":{"_bbp_topic_count":0,"_bbp_reply_count":0,"_bbp_total_topic_count":0,"_bbp_total_reply_count":0,"_bbp_voice_count":0,"_bbp_anonymous_reply_count":0,"_bbp_topic_count_hidden":0,"_bbp_reply_count_hidden":0,"_bbp_forum_subforum_count":0,"_crdt_document":"","two_page_speed":[],"footnotes":""},"class_list":["post-822","page","type-page","status-publish","hentry"],"_links":{"self":[{"href":"https:\/\/rawa-ruska-union-nationale.fr\/index.php\/wp-json\/wp\/v2\/pages\/822","targetHints":{"allow":["GET"]}}],"collection":[{"href":"https:\/\/rawa-ruska-union-nationale.fr\/index.php\/wp-json\/wp\/v2\/pages"}],"about":[{"href":"https:\/\/rawa-ruska-union-nationale.fr\/index.php\/wp-json\/wp\/v2\/types\/page"}],"author":[{"embeddable":true,"href":"https:\/\/rawa-ruska-union-nationale.fr\/index.php\/wp-json\/wp\/v2\/users\/1"}],"replies":[{"embeddable":true,"href":"https:\/\/rawa-ruska-union-nationale.fr\/index.php\/wp-json\/wp\/v2\/comments?post=822"}],"version-history":[{"count":17,"href":"https:\/\/rawa-ruska-union-nationale.fr\/index.php\/wp-json\/wp\/v2\/pages\/822\/revisions"}],"predecessor-version":[{"id":5543,"href":"https:\/\/rawa-ruska-union-nationale.fr\/index.php\/wp-json\/wp\/v2\/pages\/822\/revisions\/5543"}],"wp:attachment":[{"href":"https:\/\/rawa-ruska-union-nationale.fr\/index.php\/wp-json\/wp\/v2\/media?parent=822"}],"curies":[{"name":"wp","href":"https:\/\/api.w.org\/{rel}","templated":true}]}}