{"id":9,"date":"2018-12-04T14:19:46","date_gmt":"2018-12-04T13:19:46","guid":{"rendered":"http:\/\/rawa-ruska-union-nationale.fr\/?page_id=9"},"modified":"2026-03-05T13:35:20","modified_gmt":"2026-03-05T12:35:20","slug":"accueil","status":"publish","type":"page","link":"https:\/\/rawa-ruska-union-nationale.fr\/","title":{"rendered":"Accueil"},"content":{"rendered":"<p><a href=\"http:\/\/rawa-ruska-union-nationale.fr\/wp-content\/uploads\/2019\/01\/logo_rawa.jpg\"><img loading=\"lazy\" decoding=\"async\" class=\"aligncenter size-full wp-image-190\" src=\"http:\/\/rawa-ruska-union-nationale.fr\/wp-content\/uploads\/2019\/01\/logo_rawa.jpg\" alt=\"\" width=\"999\" height=\"260\" srcset=\"https:\/\/rawa-ruska-union-nationale.fr\/wp-content\/uploads\/2019\/01\/logo_rawa.jpg 999w, https:\/\/rawa-ruska-union-nationale.fr\/wp-content\/uploads\/2019\/01\/logo_rawa-300x78.jpg 300w, https:\/\/rawa-ruska-union-nationale.fr\/wp-content\/uploads\/2019\/01\/logo_rawa-768x200.jpg 768w\" sizes=\"auto, (max-width: 767px) 89vw, (max-width: 1000px) 54vw, (max-width: 1071px) 543px, 580px\" \/><\/a><\/p>\n<p>Les buts de l&#8217;Union Nationale\u00a0 &#8220;Ceux de Rawa-Ruska&#8221;\u00a0 sont (Article 3 des Statuts) :<\/p>\n<ul>\n<li><span style=\"font-family: Arial, sans-serif;\"><span style=\"font-size: medium;\">F\u00e9d\u00e9rer l\u2019ensemble des associations locales cr\u00e9es par les militaires prisonniers insoumis, refusant la d\u00e9faite et le nazisme, r\u00e9sistants, d\u00e9port\u00e9s d&#8217;Allemagne dans le territoire du Gouvernement G\u00e9n\u00e9ral de Pologne pour y \u00eatre intern\u00e9s au Stalags 325 \u00e0 Rawa-Ruska puis Lemberg (aujourd\u2019hui Lviv) et Stryj, ainsi que ses sous-camps et kommandos.<\/span><\/span><\/li>\n<li><span style=\"font-family: Arial, sans-serif;\"><span style=\"font-size: medium;\">Repr\u00e9senter l\u2019ensemble des associations locales au plan national et international. <\/span><\/span><\/li>\n<li><span style=\"font-family: Arial, sans-serif;\"><span style=\"font-size: medium;\">Faire progresser la connaissance historique sur le stalag 325 (ainsi que ses sous-camps et kommandos) et sur les prisonniers de guerre qui y ont \u00e9t\u00e9 d\u00e9port\u00e9s depuis l&#8217;Allemagne et intern\u00e9s, tant pour \u00e9tendre le champ de la connaissance, que pour v\u00e9rifier l\u2019authenticit\u00e9 des faits rapport\u00e9s par la transmission \u00e9crite ou orale.<\/span><\/span><\/li>\n<li><span style=\"font-family: Arial, sans-serif;\"><span style=\"font-size: medium;\">D\u00e9clencher et soutenir des investigations de l&#8217;Histoire sur les motifs et conditions d\u2019internement de \u00ab Ceux de Rawa-Ruska \u00bb et en diffuser les r\u00e9sultats.<\/span><\/span><\/li>\n<li><span style=\"font-family: Arial, sans-serif;\"><span style=\"font-size: medium;\">Veiller \u00e0 la transmission, aupr\u00e8s du public et des jeunes g\u00e9n\u00e9rations, des valeurs qui les ont anim\u00e9s et pour lesquelles ils ont \u00e9t\u00e9 d\u00e9port\u00e9s depuis l&#8217;Allemagne et intern\u00e9s.<\/span><\/span><\/li>\n<li><span style=\"font-family: Arial, sans-serif;\"><span style=\"font-size: medium;\">Impliquer les descendants, notamment les nouvelles g\u00e9n\u00e9rations, de fa\u00e7on \u00e0 mettre en place les relais indispensables \u00e0 la p\u00e9rennit\u00e9 de la m\u00e9moire de leurs a\u00een\u00e9s.<\/span><\/span><\/li>\n<li><span style=\"font-family: Arial, sans-serif;\"><span style=\"font-size: medium;\">Entretenir des liens d\u2019amiti\u00e9 et de solidarit\u00e9 avec les associations n\u00e9es de la R\u00e9sistance, de la D\u00e9portation et de l\u2019Internement.<\/span><\/span><\/li>\n<\/ul>\n<p style=\"text-align: center;\"><strong>Alors : bienvenue \u00e0 tous sur ce site.<\/strong><\/p>\n<p>Avec ce site, nous voulons r\u00e9pondre aux objectifs \u00e9nonc\u00e9s dans nos statuts. C&#8217;est un \u00e9l\u00e9ment de communication ouvert \u00e0 tous et tout particuli\u00e8rement aux adh\u00e9rents de nos associations.\u00a0 Le site permet de communiquer \u00e0 la fois sur des \u00e9v\u00e9nements, des actualit\u00e9s mais aussi sur des questions de fond.<\/p>\n<p>Le journal Envols et le site sont deux moyens de communication compl\u00e9mentaires qui nous permettront de s&#8217;adapter \u00e0 diff\u00e9rents publics via des contenus vari\u00e9s.<\/p>\n<p>Aidez-nous \u00e0 r\u00e9pondre \u00e0 vos attentes. Vous \u00eates notre audience.<\/p>\n","protected":false},"excerpt":{"rendered":"<p>Les buts de l&#8217;Union Nationale\u00a0 &#8220;Ceux de Rawa-Ruska&#8221;\u00a0 sont (Article 3 des Statuts) : F\u00e9d\u00e9rer l\u2019ensemble des associations locales cr\u00e9es par les militaires prisonniers insoumis, refusant la d\u00e9faite et le nazisme, r\u00e9sistants, d\u00e9port\u00e9s d&#8217;Allemagne dans le territoire du Gouvernement G\u00e9n\u00e9ral de Pologne pour y \u00eatre intern\u00e9s au Stalags 325 \u00e0 Rawa-Ruska puis Lemberg (aujourd\u2019hui Lviv) &hellip; <\/p>\n<p class=\"link-more\"><a href=\"https:\/\/rawa-ruska-union-nationale.fr\/\" class=\"more-link\">Continuer la lecture<span class=\"screen-reader-text\"> de &laquo;&nbsp;Accueil&nbsp;&raquo;<\/span><\/a><\/p>\n","protected":false},"author":1,"featured_media":0,"parent":0,"menu_order":74,"comment_status":"closed","ping_status":"closed","template":"","meta":{"_bbp_topic_count":0,"_bbp_reply_count":0,"_bbp_total_topic_count":0,"_bbp_total_reply_count":0,"_bbp_voice_count":0,"_bbp_anonymous_reply_count":0,"_bbp_topic_count_hidden":0,"_bbp_reply_count_hidden":0,"_bbp_forum_subforum_count":0,"_crdt_document":"","two_page_speed":null,"footnotes":""},"class_list":["post-9","page","type-page","status-publish","hentry"],"_links":{"self":[{"href":"https:\/\/rawa-ruska-union-nationale.fr\/index.php\/wp-json\/wp\/v2\/pages\/9","targetHints":{"allow":["GET"]}}],"collection":[{"href":"https:\/\/rawa-ruska-union-nationale.fr\/index.php\/wp-json\/wp\/v2\/pages"}],"about":[{"href":"https:\/\/rawa-ruska-union-nationale.fr\/index.php\/wp-json\/wp\/v2\/types\/page"}],"author":[{"embeddable":true,"href":"https:\/\/rawa-ruska-union-nationale.fr\/index.php\/wp-json\/wp\/v2\/users\/1"}],"replies":[{"embeddable":true,"href":"https:\/\/rawa-ruska-union-nationale.fr\/index.php\/wp-json\/wp\/v2\/comments?post=9"}],"version-history":[{"count":43,"href":"https:\/\/rawa-ruska-union-nationale.fr\/index.php\/wp-json\/wp\/v2\/pages\/9\/revisions"}],"predecessor-version":[{"id":7386,"href":"https:\/\/rawa-ruska-union-nationale.fr\/index.php\/wp-json\/wp\/v2\/pages\/9\/revisions\/7386"}],"wp:attachment":[{"href":"https:\/\/rawa-ruska-union-nationale.fr\/index.php\/wp-json\/wp\/v2\/media?parent=9"}],"curies":[{"name":"wp","href":"https:\/\/api.w.org\/{rel}","templated":true}]}}